{"id":4451,"date":"2025-07-23T13:54:01","date_gmt":"2025-07-23T13:54:01","guid":{"rendered":"https:\/\/booklapland.ngmprojektit.fi\/?post_type=product&#038;p=4451"},"modified":"2025-09-07T09:25:57","modified_gmt":"2025-09-07T09:25:57","slug":"b-65-290789","status":"publish","type":"product","link":"https:\/\/booklapland.ngmprojektit.fi\/de\/produkt\/b-65-290789\/","title":{"rendered":"Hostit Arktische Wohnungen III"},"content":{"rendered":"<p data-start=\"187\" data-end=\"450\">Experience a stylish stay in this centrally located apartment in Rovaniemi. Ideal for up to 5 guests, the space offers 1 private bedroom, 3 beds, and a modern bathroom. Perfect for families, couples, or small groups seeking a convenient and cozy base in the city.<\/p>\n<p data-start=\"452\" data-end=\"805\">Die Wohnung ist komplett ausgestattet mit einer K\u00fcche, Geschirrsp\u00fcler, Smart TV, kostenlosem WLAN, Klimaanlage und Heizung. Genie\u00dfen Sie einen privaten Balkon und alle wesentlichen Annehmlichkeiten wie frische Bettw\u00e4sche, Handt\u00fccher, Shampoo, Kaffee und Kochen Grundlagen. Zur weiteren Ausstattung geh\u00f6ren ein Babybett, ein Kleinkindbett, eine Kleideraufbewahrung und sowohl Stra\u00dfen- als auch geb\u00fchrenpflichtige Parkm\u00f6glichkeiten in der N\u00e4he.<\/p>\n<p data-start=\"807\" data-end=\"1076\">Dieses Apartment liegt nur wenige Gehminuten von den Attraktionen des Stadtzentrums, den Einkaufsm\u00f6glichkeiten und den \u00f6ffentlichen Verkehrsmitteln entfernt und bietet einen einfachen Zugang zu allem, was Rovaniemi zu bieten hat. Kontaktloses Einchecken ist m\u00f6glich, und die Wohnung ist ab einem Mindestaufenthalt von 3 N\u00e4chten sofort buchbar.<\/p>\n<p data-start=\"1078\" data-end=\"1151\">Check-in ist ab 16:00 Uhr und Check-out um 11:00 Uhr. Gr\u00f6\u00dfe der Etage: 36 m\u00b2.<\/p>","protected":false},"excerpt":{"rendered":"<p data-start=\"199\" data-end=\"385\">Moderne und gem\u00fctliche Stadtwohnung im Zentrum von Rovaniemi. Perfekt f\u00fcr Familien oder Gruppen von bis zu 5 Personen, mit 3 Betten, einen privaten Balkon, eine voll ausgestattete K\u00fcche und einfachen Zugang zu lokalen Sehensw\u00fcrdigkeiten.<\/p>","protected":false},"featured_media":4457,"comment_status":"closed","ping_status":"closed","template":"","meta":{"_acf_changed":false,"ub_ctt_via":"","site-sidebar-layout":"default","site-content-layout":"","ast-site-content-layout":"default","site-content-style":"default","site-sidebar-style":"default","ast-global-header-display":"","ast-banner-title-visibility":"","ast-main-header-display":"","ast-hfb-above-header-display":"","ast-hfb-below-header-display":"","ast-hfb-mobile-header-display":"","site-post-title":"","ast-breadcrumbs-content":"","ast-featured-img":"","footer-sml-layout":"","theme-transparent-header-meta":"default","adv-header-id-meta":"","stick-header-meta":"","header-above-stick-meta":"","header-main-stick-meta":"","header-below-stick-meta":"","astra-migrate-meta-layouts":"set","ast-page-background-enabled":"default","ast-page-background-meta":{"desktop":{"background-color":"var(--ast-global-color-4)","background-image":"","background-repeat":"repeat","background-position":"center center","background-size":"auto","background-attachment":"scroll","background-type":"","background-media":"","overlay-type":"","overlay-color":"","overlay-opacity":"","overlay-gradient":""},"tablet":{"background-color":"","background-image":"","background-repeat":"repeat","background-position":"center center","background-size":"auto","background-attachment":"scroll","background-type":"","background-media":"","overlay-type":"","overlay-color":"","overlay-opacity":"","overlay-gradient":""},"mobile":{"background-color":"","background-image":"","background-repeat":"repeat","background-position":"center center","background-size":"auto","background-attachment":"scroll","background-type":"","background-media":"","overlay-type":"","overlay-color":"","overlay-opacity":"","overlay-gradient":""}},"ast-content-background-meta":{"desktop":{"background-color":"var(--ast-global-color-5)","background-image":"","background-repeat":"repeat","background-position":"center center","background-size":"auto","background-attachment":"scroll","background-type":"","background-media":"","overlay-type":"","overlay-color":"","overlay-opacity":"","overlay-gradient":""},"tablet":{"background-color":"var(--ast-global-color-5)","background-image":"","background-repeat":"repeat","background-position":"center center","background-size":"auto","background-attachment":"scroll","background-type":"","background-media":"","overlay-type":"","overlay-color":"","overlay-opacity":"","overlay-gradient":""},"mobile":{"background-color":"var(--ast-global-color-5)","background-image":"","background-repeat":"repeat","background-position":"center center","background-size":"auto","background-attachment":"scroll","background-type":"","background-media":"","overlay-type":"","overlay-color":"","overlay-opacity":"","overlay-gradient":""}},"_joinchat":[]},"badge":[58,59],"bed-type":[72],"capacity":[46],"features":[],"view":[81],"tour-type":[71],"product_brand":[],"product_cat":[37],"product_tag":[],"class_list":{"0":"post-4451","1":"product","2":"type-product","3":"status-publish","4":"has-post-thumbnail","6":"badge-for-families","7":"badge-new","8":"bed-type-72","9":"capacity-5-6","10":"view-city-center","11":"tour-type-city-apartments","12":"product_cat-accommodation","13":"desktop-align-left","14":"tablet-align-left","15":"mobile-align-left","17":"first","18":"instock","19":"shipping-taxable","20":"product-type-external"},"acf":[],"yoast_head":"<!-- This site is optimized with the Yoast SEO Premium plugin v25.9 (Yoast SEO v25.9) - https:\/\/yoast.com\/wordpress\/plugins\/seo\/ -->\n<title>Hostit Arctic Apartments III - Book Lapland<\/title>\n<meta name=\"description\" content=\"Stay at Hostit Arctic Apartments III! Modern, cozy city-center accommodation ideal for Arctic adventures and exploring local attractions.\" \/>\n<meta name=\"robots\" content=\"index, follow, max-snippet:-1, max-image-preview:large, max-video-preview:-1\" \/>\n<link rel=\"canonical\" href=\"https:\/\/booklapland.ngmprojektit.fi\/de\/produkt\/b-65-290789\/\" \/>\n<meta property=\"og:locale\" content=\"de_DE\" \/>\n<meta property=\"og:type\" content=\"article\" \/>\n<meta property=\"og:title\" content=\"Hostit Arctic Apartments III\" \/>\n<meta property=\"og:description\" content=\"Stay at Hostit Arctic Apartments III! Modern, cozy city-center accommodation ideal for Arctic adventures and exploring local attractions.\" \/>\n<meta property=\"og:url\" content=\"https:\/\/booklapland.ngmprojektit.fi\/de\/produkt\/b-65-290789\/\" \/>\n<meta property=\"og:site_name\" content=\"Book Lapland\" \/>\n<meta property=\"article:modified_time\" content=\"2025-09-07T09:25:57+00:00\" \/>\n<meta property=\"og:image\" content=\"https:\/\/booklapland.ngmprojektit.fi\/wp-content\/uploads\/2025\/07\/75211-290789-niBoTBkDCAZ7VyVmzKNUzu0wmlTvZ7xRIPCI3LbSTVg-66bc9381ebf91-small.jpeg\" \/>\n\t<meta property=\"og:image:width\" content=\"600\" \/>\n\t<meta property=\"og:image:height\" content=\"450\" \/>\n\t<meta property=\"og:image:type\" content=\"image\/jpeg\" \/>\n<meta name=\"twitter:card\" content=\"summary_large_image\" \/>\n<meta name=\"twitter:label1\" content=\"Gesch\u00e4tzte Lesezeit\" \/>\n\t<meta name=\"twitter:data1\" content=\"1\u00a0Minute\" \/>\n<script type=\"application\/ld+json\" class=\"yoast-schema-graph\">{\"@context\":\"https:\/\/schema.org\",\"@graph\":[{\"@type\":\"WebPage\",\"@id\":\"https:\/\/booklapland.ngmprojektit.fi\/product\/b-65-290789\/\",\"url\":\"https:\/\/booklapland.ngmprojektit.fi\/product\/b-65-290789\/\",\"name\":\"Hostit Arctic Apartments III - Book Lapland\",\"isPartOf\":{\"@id\":\"https:\/\/booklapland.ngmprojektit.fi\/#website\"},\"primaryImageOfPage\":{\"@id\":\"https:\/\/booklapland.ngmprojektit.fi\/product\/b-65-290789\/#primaryimage\"},\"image\":{\"@id\":\"https:\/\/booklapland.ngmprojektit.fi\/product\/b-65-290789\/#primaryimage\"},\"thumbnailUrl\":\"https:\/\/booklapland.ngmprojektit.fi\/wp-content\/uploads\/2025\/07\/75211-290789-niBoTBkDCAZ7VyVmzKNUzu0wmlTvZ7xRIPCI3LbSTVg-66bc9381ebf91-small.jpeg\",\"datePublished\":\"2025-07-23T13:54:01+00:00\",\"dateModified\":\"2025-09-07T09:25:57+00:00\",\"description\":\"Stay at Hostit Arctic Apartments III! Modern, cozy city-center accommodation ideal for Arctic adventures and exploring local attractions.\",\"breadcrumb\":{\"@id\":\"https:\/\/booklapland.ngmprojektit.fi\/product\/b-65-290789\/#breadcrumb\"},\"inLanguage\":\"de\",\"potentialAction\":[{\"@type\":\"ReadAction\",\"target\":[\"https:\/\/booklapland.ngmprojektit.fi\/product\/b-65-290789\/\"]}]},{\"@type\":\"ImageObject\",\"inLanguage\":\"de\",\"@id\":\"https:\/\/booklapland.ngmprojektit.fi\/product\/b-65-290789\/#primaryimage\",\"url\":\"https:\/\/booklapland.ngmprojektit.fi\/wp-content\/uploads\/2025\/07\/75211-290789-niBoTBkDCAZ7VyVmzKNUzu0wmlTvZ7xRIPCI3LbSTVg-66bc9381ebf91-small.jpeg\",\"contentUrl\":\"https:\/\/booklapland.ngmprojektit.fi\/wp-content\/uploads\/2025\/07\/75211-290789-niBoTBkDCAZ7VyVmzKNUzu0wmlTvZ7xRIPCI3LbSTVg-66bc9381ebf91-small.jpeg\",\"width\":600,\"height\":450},{\"@type\":\"BreadcrumbList\",\"@id\":\"https:\/\/booklapland.ngmprojektit.fi\/product\/b-65-290789\/#breadcrumb\",\"itemListElement\":[{\"@type\":\"ListItem\",\"position\":1,\"name\":\"Home\",\"item\":\"https:\/\/booklapland.ngmprojektit.fi\/\"},{\"@type\":\"ListItem\",\"position\":2,\"name\":\"Apartments\",\"item\":\"https:\/\/booklapland.ngmprojektit.fi\/apartments\/\"},{\"@type\":\"ListItem\",\"position\":3,\"name\":\"Hostit Arctic Apartments III\"}]},{\"@type\":\"WebSite\",\"@id\":\"https:\/\/booklapland.ngmprojektit.fi\/#website\",\"url\":\"https:\/\/booklapland.ngmprojektit.fi\/\",\"name\":\"Book Lapland\",\"description\":\"\",\"potentialAction\":[{\"@type\":\"SearchAction\",\"target\":{\"@type\":\"EntryPoint\",\"urlTemplate\":\"https:\/\/booklapland.ngmprojektit.fi\/?s={search_term_string}\"},\"query-input\":{\"@type\":\"PropertyValueSpecification\",\"valueRequired\":true,\"valueName\":\"search_term_string\"}}],\"inLanguage\":\"de\"}]}<\/script>\n<!-- \/ Yoast SEO Premium plugin. -->","yoast_head_json":{"title":"Hostit Arctic Apartments III - Book Lapland","description":"Stay at Hostit Arctic Apartments III! Modern, cozy city-center accommodation ideal for Arctic adventures and exploring local attractions.","robots":{"index":"index","follow":"follow","max-snippet":"max-snippet:-1","max-image-preview":"max-image-preview:large","max-video-preview":"max-video-preview:-1"},"canonical":"https:\/\/booklapland.ngmprojektit.fi\/de\/produkt\/b-65-290789\/","og_locale":"de_DE","og_type":"article","og_title":"Hostit Arctic Apartments III","og_description":"Stay at Hostit Arctic Apartments III! Modern, cozy city-center accommodation ideal for Arctic adventures and exploring local attractions.","og_url":"https:\/\/booklapland.ngmprojektit.fi\/de\/produkt\/b-65-290789\/","og_site_name":"Book Lapland","article_modified_time":"2025-09-07T09:25:57+00:00","og_image":[{"width":600,"height":450,"url":"https:\/\/booklapland.ngmprojektit.fi\/wp-content\/uploads\/2025\/07\/75211-290789-niBoTBkDCAZ7VyVmzKNUzu0wmlTvZ7xRIPCI3LbSTVg-66bc9381ebf91-small.jpeg","type":"image\/jpeg"}],"twitter_card":"summary_large_image","twitter_misc":{"Gesch\u00e4tzte Lesezeit":"1\u00a0Minute"},"schema":{"@context":"https:\/\/schema.org","@graph":[{"@type":"WebPage","@id":"https:\/\/booklapland.ngmprojektit.fi\/product\/b-65-290789\/","url":"https:\/\/booklapland.ngmprojektit.fi\/product\/b-65-290789\/","name":"Hostit Arctic Apartments III - Book Lapland","isPartOf":{"@id":"https:\/\/booklapland.ngmprojektit.fi\/#website"},"primaryImageOfPage":{"@id":"https:\/\/booklapland.ngmprojektit.fi\/product\/b-65-290789\/#primaryimage"},"image":{"@id":"https:\/\/booklapland.ngmprojektit.fi\/product\/b-65-290789\/#primaryimage"},"thumbnailUrl":"https:\/\/booklapland.ngmprojektit.fi\/wp-content\/uploads\/2025\/07\/75211-290789-niBoTBkDCAZ7VyVmzKNUzu0wmlTvZ7xRIPCI3LbSTVg-66bc9381ebf91-small.jpeg","datePublished":"2025-07-23T13:54:01+00:00","dateModified":"2025-09-07T09:25:57+00:00","description":"Stay at Hostit Arctic Apartments III! Modern, cozy city-center accommodation ideal for Arctic adventures and exploring local attractions.","breadcrumb":{"@id":"https:\/\/booklapland.ngmprojektit.fi\/product\/b-65-290789\/#breadcrumb"},"inLanguage":"de","potentialAction":[{"@type":"ReadAction","target":["https:\/\/booklapland.ngmprojektit.fi\/product\/b-65-290789\/"]}]},{"@type":"ImageObject","inLanguage":"de","@id":"https:\/\/booklapland.ngmprojektit.fi\/product\/b-65-290789\/#primaryimage","url":"https:\/\/booklapland.ngmprojektit.fi\/wp-content\/uploads\/2025\/07\/75211-290789-niBoTBkDCAZ7VyVmzKNUzu0wmlTvZ7xRIPCI3LbSTVg-66bc9381ebf91-small.jpeg","contentUrl":"https:\/\/booklapland.ngmprojektit.fi\/wp-content\/uploads\/2025\/07\/75211-290789-niBoTBkDCAZ7VyVmzKNUzu0wmlTvZ7xRIPCI3LbSTVg-66bc9381ebf91-small.jpeg","width":600,"height":450},{"@type":"BreadcrumbList","@id":"https:\/\/booklapland.ngmprojektit.fi\/product\/b-65-290789\/#breadcrumb","itemListElement":[{"@type":"ListItem","position":1,"name":"Home","item":"https:\/\/booklapland.ngmprojektit.fi\/"},{"@type":"ListItem","position":2,"name":"Apartments","item":"https:\/\/booklapland.ngmprojektit.fi\/apartments\/"},{"@type":"ListItem","position":3,"name":"Hostit Arctic Apartments III"}]},{"@type":"WebSite","@id":"https:\/\/booklapland.ngmprojektit.fi\/#website","url":"https:\/\/booklapland.ngmprojektit.fi\/","name":"Lappland buchen","description":"","potentialAction":[{"@type":"SearchAction","target":{"@type":"EntryPoint","urlTemplate":"https:\/\/booklapland.ngmprojektit.fi\/?s={search_term_string}"},"query-input":{"@type":"PropertyValueSpecification","valueRequired":true,"valueName":"search_term_string"}}],"inLanguage":"de"}]}},"_links":{"self":[{"href":"https:\/\/booklapland.ngmprojektit.fi\/de\/wp-json\/wp\/v2\/product\/4451","targetHints":{"allow":["GET"]}}],"collection":[{"href":"https:\/\/booklapland.ngmprojektit.fi\/de\/wp-json\/wp\/v2\/product"}],"about":[{"href":"https:\/\/booklapland.ngmprojektit.fi\/de\/wp-json\/wp\/v2\/types\/product"}],"replies":[{"embeddable":true,"href":"https:\/\/booklapland.ngmprojektit.fi\/de\/wp-json\/wp\/v2\/comments?post=4451"}],"wp:featuredmedia":[{"embeddable":true,"href":"https:\/\/booklapland.ngmprojektit.fi\/de\/wp-json\/wp\/v2\/media\/4457"}],"wp:attachment":[{"href":"https:\/\/booklapland.ngmprojektit.fi\/de\/wp-json\/wp\/v2\/media?parent=4451"}],"wp:term":[{"taxonomy":"badge","embeddable":true,"href":"https:\/\/booklapland.ngmprojektit.fi\/de\/wp-json\/wp\/v2\/badge?post=4451"},{"taxonomy":"bed-type","embeddable":true,"href":"https:\/\/booklapland.ngmprojektit.fi\/de\/wp-json\/wp\/v2\/bed-type?post=4451"},{"taxonomy":"capacity","embeddable":true,"href":"https:\/\/booklapland.ngmprojektit.fi\/de\/wp-json\/wp\/v2\/capacity?post=4451"},{"taxonomy":"features","embeddable":true,"href":"https:\/\/booklapland.ngmprojektit.fi\/de\/wp-json\/wp\/v2\/features?post=4451"},{"taxonomy":"view","embeddable":true,"href":"https:\/\/booklapland.ngmprojektit.fi\/de\/wp-json\/wp\/v2\/view?post=4451"},{"taxonomy":"tour-type","embeddable":true,"href":"https:\/\/booklapland.ngmprojektit.fi\/de\/wp-json\/wp\/v2\/tour-type?post=4451"},{"taxonomy":"product_brand","embeddable":true,"href":"https:\/\/booklapland.ngmprojektit.fi\/de\/wp-json\/wp\/v2\/product_brand?post=4451"},{"taxonomy":"product_cat","embeddable":true,"href":"https:\/\/booklapland.ngmprojektit.fi\/de\/wp-json\/wp\/v2\/product_cat?post=4451"},{"taxonomy":"product_tag","embeddable":true,"href":"https:\/\/booklapland.ngmprojektit.fi\/de\/wp-json\/wp\/v2\/product_tag?post=4451"}],"curies":[{"name":"wp","href":"https:\/\/api.w.org\/{rel}","templated":true}]}}