{"id":4654,"date":"2025-07-23T18:32:31","date_gmt":"2025-07-23T18:32:31","guid":{"rendered":"https:\/\/booklapland.ngmprojektit.fi\/?post_type=product&#038;p=4654"},"modified":"2025-09-07T10:07:19","modified_gmt":"2025-09-07T10:07:19","slug":"rovaniemi-city-apartment-lapinkavijantie-35-c23-291782","status":"publish","type":"product","link":"https:\/\/booklapland.ngmprojektit.fi\/de\/produkt\/rovaniemi-city-apartment-lapinkavijantie-35-c23-291782\/","title":{"rendered":"Rovaniemi Stadt Wohnung"},"content":{"rendered":"<p data-start=\"281\" data-end=\"686\">Willkommen bei <strong data-start=\"292\" data-end=\"320\">Rovaniemi Stadt Wohnung<\/strong>ein gem\u00fctliches und zentral gelegenes Haus in <strong data-start=\"359\" data-end=\"385\">Lapink\u00e4vij\u00e4ntie 35 C23<\/strong>. Diese voll ausgestattete 1-Schlafzimmer-Wohnung bietet Platz f\u00fcr bis zu <strong data-start=\"450\" data-end=\"462\">4 G\u00e4ste<\/strong> und bietet alles, was man f\u00fcr einen entspannten und komfortablen Aufenthalt braucht. Ganz gleich, ob Sie privat oder gesch\u00e4ftlich unterwegs sind, die zentrale Lage im Stadtzentrum erm\u00f6glicht Ihnen einen schnellen Zugang zu den wichtigsten Attraktionen, Gesch\u00e4ften und Restaurants von Rovaniemi.<\/p>\n<p data-start=\"688\" data-end=\"959\">Die Wohnung umfasst <strong data-start=\"711\" data-end=\"721\">3 Betten<\/strong> verteilt auf ein privates Schlafzimmer und offene Schlafbereiche und ist somit ideal f\u00fcr Paare, Familien oder Freunde. Genie\u00dfen Sie eine warme, heimelige Umgebung mit modernen Annehmlichkeiten wie <strong data-start=\"888\" data-end=\"908\">Klimatisierung<\/strong>, <strong data-start=\"910\" data-end=\"921\">Heizung<\/strong>und <strong data-start=\"927\" data-end=\"958\">Hochgeschwindigkeits-WiFi (100+ Mbps)<\/strong>.<\/p>\n<p data-start=\"961\" data-end=\"1366\">Die <strong data-start=\"965\" data-end=\"991\">voll ausgestattete K\u00fcche<\/strong> umfasst eine <strong data-start=\"1004\" data-end=\"1012\">Ofen<\/strong>, <strong data-start=\"1014\" data-end=\"1027\">Mikrowelle<\/strong>, <strong data-start=\"1029\" data-end=\"1043\">Geschirrsp\u00fcler<\/strong>, <strong data-start=\"1045\" data-end=\"1065\">Kaffee-\/Teekocher<\/strong>und <strong data-start=\"1071\" data-end=\"1093\">Kochgrundlagen<\/strong> damit Sie Ihre Mahlzeiten m\u00fchelos zubereiten k\u00f6nnen. Au\u00dferdem gibt es einen <strong data-start=\"1145\" data-end=\"1160\">Essbereich<\/strong> und eine <strong data-start=\"1167\" data-end=\"1186\">Privatbalkon<\/strong> um die freie Natur zu genie\u00dfen. Weitere Annehmlichkeiten sind ein <strong data-start=\"1235\" data-end=\"1241\">TV<\/strong>, <strong data-start=\"1243\" data-end=\"1257\">Haartrockner<\/strong>, <strong data-start=\"1259\" data-end=\"1270\">Shampoo<\/strong>, <strong data-start=\"1272\" data-end=\"1285\">K\u00f6rperseife<\/strong>, <strong data-start=\"1287\" data-end=\"1307\">Kleideraufbewahrung<\/strong>und <strong data-start=\"1313\" data-end=\"1341\">Ber\u00fchrungsloses Einchecken\/Auschecken<\/strong> f\u00fcr absoluten Seelenfrieden.<\/p>\n<p data-start=\"1368\" data-end=\"1587\">Diese Wohnung ist auch <strong data-start=\"1391\" data-end=\"1410\">familienfreundlich<\/strong>mit kinder- und kleinkindgerechten Annehmlichkeiten. Kostenlose Stra\u00dfenparkpl\u00e4tze sind in der N\u00e4he vorhanden, und Sie haben alles, was Sie brauchen, um sich w\u00e4hrend Ihres Aufenthalts in Rovaniemi wie zu Hause zu f\u00fchlen.<\/p>","protected":false},"excerpt":{"rendered":"<p data-start=\"163\" data-end=\"350\">Modernes 1-Schlafzimmer-Apartment mit privater Sauna, im Zentrum von Rovaniemi gelegen. Perfekt f\u00fcr Paare oder kleine Familien, mit 2 Betten, einer voll ausgestatteten K\u00fcche, Smart TV und kostenlosen Parkpl\u00e4tzen.<\/p>","protected":false},"featured_media":4664,"comment_status":"closed","ping_status":"closed","template":"","meta":{"_acf_changed":false,"ub_ctt_via":"","site-sidebar-layout":"default","site-content-layout":"","ast-site-content-layout":"default","site-content-style":"default","site-sidebar-style":"default","ast-global-header-display":"","ast-banner-title-visibility":"","ast-main-header-display":"","ast-hfb-above-header-display":"","ast-hfb-below-header-display":"","ast-hfb-mobile-header-display":"","site-post-title":"","ast-breadcrumbs-content":"","ast-featured-img":"","footer-sml-layout":"","theme-transparent-header-meta":"default","adv-header-id-meta":"","stick-header-meta":"","header-above-stick-meta":"","header-main-stick-meta":"","header-below-stick-meta":"","astra-migrate-meta-layouts":"set","ast-page-background-enabled":"default","ast-page-background-meta":{"desktop":{"background-color":"var(--ast-global-color-4)","background-image":"","background-repeat":"repeat","background-position":"center center","background-size":"auto","background-attachment":"scroll","background-type":"","background-media":"","overlay-type":"","overlay-color":"","overlay-opacity":"","overlay-gradient":""},"tablet":{"background-color":"","background-image":"","background-repeat":"repeat","background-position":"center center","background-size":"auto","background-attachment":"scroll","background-type":"","background-media":"","overlay-type":"","overlay-color":"","overlay-opacity":"","overlay-gradient":""},"mobile":{"background-color":"","background-image":"","background-repeat":"repeat","background-position":"center center","background-size":"auto","background-attachment":"scroll","background-type":"","background-media":"","overlay-type":"","overlay-color":"","overlay-opacity":"","overlay-gradient":""}},"ast-content-background-meta":{"desktop":{"background-color":"var(--ast-global-color-5)","background-image":"","background-repeat":"repeat","background-position":"center center","background-size":"auto","background-attachment":"scroll","background-type":"","background-media":"","overlay-type":"","overlay-color":"","overlay-opacity":"","overlay-gradient":""},"tablet":{"background-color":"var(--ast-global-color-5)","background-image":"","background-repeat":"repeat","background-position":"center center","background-size":"auto","background-attachment":"scroll","background-type":"","background-media":"","overlay-type":"","overlay-color":"","overlay-opacity":"","overlay-gradient":""},"mobile":{"background-color":"var(--ast-global-color-5)","background-image":"","background-repeat":"repeat","background-position":"center center","background-size":"auto","background-attachment":"scroll","background-type":"","background-media":"","overlay-type":"","overlay-color":"","overlay-opacity":"","overlay-gradient":""}},"_joinchat":[]},"badge":[],"bed-type":[72],"capacity":[45],"features":[],"view":[81],"tour-type":[71],"product_brand":[],"product_cat":[37],"product_tag":[],"class_list":{"0":"post-4654","1":"product","2":"type-product","3":"status-publish","4":"has-post-thumbnail","6":"bed-type-72","7":"capacity-3-4","8":"view-city-center","9":"tour-type-city-apartments","10":"product_cat-accommodation","11":"desktop-align-left","12":"tablet-align-left","13":"mobile-align-left","15":"first","16":"instock","17":"shipping-taxable","18":"product-type-external"},"acf":[],"yoast_head":"<!-- This site is optimized with the Yoast SEO Premium plugin v25.9 (Yoast SEO v25.9) - https:\/\/yoast.com\/wordpress\/plugins\/seo\/ -->\n<title>Rovaniemi City Apartment - Book Lapland<\/title>\n<meta name=\"description\" content=\"Stay at Rovaniemi City Apartment! Modern, cozy city-center accommodation ideal for exploring Arctic attractions and enjoying local adventures.\" \/>\n<meta name=\"robots\" content=\"index, follow, max-snippet:-1, max-image-preview:large, max-video-preview:-1\" \/>\n<link rel=\"canonical\" href=\"https:\/\/booklapland.ngmprojektit.fi\/de\/produkt\/rovaniemi-city-apartment-lapinkavijantie-35-c23-291782\/\" \/>\n<meta property=\"og:locale\" content=\"de_DE\" \/>\n<meta property=\"og:type\" content=\"article\" \/>\n<meta property=\"og:title\" content=\"Rovaniemi City Apartment\" \/>\n<meta property=\"og:description\" content=\"Stay at Rovaniemi City Apartment! Modern, cozy city-center accommodation ideal for exploring Arctic attractions and enjoying local adventures.\" \/>\n<meta property=\"og:url\" content=\"https:\/\/booklapland.ngmprojektit.fi\/de\/produkt\/rovaniemi-city-apartment-lapinkavijantie-35-c23-291782\/\" \/>\n<meta property=\"og:site_name\" content=\"Book Lapland\" \/>\n<meta property=\"article:modified_time\" content=\"2025-09-07T10:07:19+00:00\" \/>\n<meta property=\"og:image\" content=\"https:\/\/booklapland.ngmprojektit.fi\/wp-content\/uploads\/2025\/07\/75211-291782-5CEM5xgpO3XGV7HjPPiXM4b31OSJzKKuYUIwzKuq3ko-67461bfa5b509-small.jpeg\" \/>\n\t<meta property=\"og:image:width\" content=\"600\" \/>\n\t<meta property=\"og:image:height\" content=\"400\" \/>\n\t<meta property=\"og:image:type\" content=\"image\/jpeg\" \/>\n<meta name=\"twitter:card\" content=\"summary_large_image\" \/>\n<meta name=\"twitter:label1\" content=\"Gesch\u00e4tzte Lesezeit\" \/>\n\t<meta name=\"twitter:data1\" content=\"2\u00a0Minuten\" \/>\n<script type=\"application\/ld+json\" class=\"yoast-schema-graph\">{\"@context\":\"https:\/\/schema.org\",\"@graph\":[{\"@type\":\"WebPage\",\"@id\":\"https:\/\/booklapland.ngmprojektit.fi\/product\/rovaniemi-city-apartment-lapinkavijantie-35-c23-291782\/\",\"url\":\"https:\/\/booklapland.ngmprojektit.fi\/product\/rovaniemi-city-apartment-lapinkavijantie-35-c23-291782\/\",\"name\":\"Rovaniemi City Apartment - Book Lapland\",\"isPartOf\":{\"@id\":\"https:\/\/booklapland.ngmprojektit.fi\/#website\"},\"primaryImageOfPage\":{\"@id\":\"https:\/\/booklapland.ngmprojektit.fi\/product\/rovaniemi-city-apartment-lapinkavijantie-35-c23-291782\/#primaryimage\"},\"image\":{\"@id\":\"https:\/\/booklapland.ngmprojektit.fi\/product\/rovaniemi-city-apartment-lapinkavijantie-35-c23-291782\/#primaryimage\"},\"thumbnailUrl\":\"https:\/\/booklapland.ngmprojektit.fi\/wp-content\/uploads\/2025\/07\/75211-291782-5CEM5xgpO3XGV7HjPPiXM4b31OSJzKKuYUIwzKuq3ko-67461bfa5b509-small.jpeg\",\"datePublished\":\"2025-07-23T18:32:31+00:00\",\"dateModified\":\"2025-09-07T10:07:19+00:00\",\"description\":\"Stay at Rovaniemi City Apartment! Modern, cozy city-center accommodation ideal for exploring Arctic attractions and enjoying local adventures.\",\"breadcrumb\":{\"@id\":\"https:\/\/booklapland.ngmprojektit.fi\/product\/rovaniemi-city-apartment-lapinkavijantie-35-c23-291782\/#breadcrumb\"},\"inLanguage\":\"de\",\"potentialAction\":[{\"@type\":\"ReadAction\",\"target\":[\"https:\/\/booklapland.ngmprojektit.fi\/product\/rovaniemi-city-apartment-lapinkavijantie-35-c23-291782\/\"]}]},{\"@type\":\"ImageObject\",\"inLanguage\":\"de\",\"@id\":\"https:\/\/booklapland.ngmprojektit.fi\/product\/rovaniemi-city-apartment-lapinkavijantie-35-c23-291782\/#primaryimage\",\"url\":\"https:\/\/booklapland.ngmprojektit.fi\/wp-content\/uploads\/2025\/07\/75211-291782-5CEM5xgpO3XGV7HjPPiXM4b31OSJzKKuYUIwzKuq3ko-67461bfa5b509-small.jpeg\",\"contentUrl\":\"https:\/\/booklapland.ngmprojektit.fi\/wp-content\/uploads\/2025\/07\/75211-291782-5CEM5xgpO3XGV7HjPPiXM4b31OSJzKKuYUIwzKuq3ko-67461bfa5b509-small.jpeg\",\"width\":600,\"height\":400},{\"@type\":\"BreadcrumbList\",\"@id\":\"https:\/\/booklapland.ngmprojektit.fi\/product\/rovaniemi-city-apartment-lapinkavijantie-35-c23-291782\/#breadcrumb\",\"itemListElement\":[{\"@type\":\"ListItem\",\"position\":1,\"name\":\"Home\",\"item\":\"https:\/\/booklapland.ngmprojektit.fi\/\"},{\"@type\":\"ListItem\",\"position\":2,\"name\":\"Apartments\",\"item\":\"https:\/\/booklapland.ngmprojektit.fi\/apartments\/\"},{\"@type\":\"ListItem\",\"position\":3,\"name\":\"Rovaniemi City Apartment\"}]},{\"@type\":\"WebSite\",\"@id\":\"https:\/\/booklapland.ngmprojektit.fi\/#website\",\"url\":\"https:\/\/booklapland.ngmprojektit.fi\/\",\"name\":\"Book Lapland\",\"description\":\"\",\"potentialAction\":[{\"@type\":\"SearchAction\",\"target\":{\"@type\":\"EntryPoint\",\"urlTemplate\":\"https:\/\/booklapland.ngmprojektit.fi\/?s={search_term_string}\"},\"query-input\":{\"@type\":\"PropertyValueSpecification\",\"valueRequired\":true,\"valueName\":\"search_term_string\"}}],\"inLanguage\":\"de\"}]}<\/script>\n<!-- \/ Yoast SEO Premium plugin. -->","yoast_head_json":{"title":"Rovaniemi City Apartment - Lappland buchen","description":"Stay at Rovaniemi City Apartment! Modern, cozy city-center accommodation ideal for exploring Arctic attractions and enjoying local adventures.","robots":{"index":"index","follow":"follow","max-snippet":"max-snippet:-1","max-image-preview":"max-image-preview:large","max-video-preview":"max-video-preview:-1"},"canonical":"https:\/\/booklapland.ngmprojektit.fi\/de\/produkt\/rovaniemi-city-apartment-lapinkavijantie-35-c23-291782\/","og_locale":"de_DE","og_type":"article","og_title":"Rovaniemi City Apartment","og_description":"Stay at Rovaniemi City Apartment! Modern, cozy city-center accommodation ideal for exploring Arctic attractions and enjoying local adventures.","og_url":"https:\/\/booklapland.ngmprojektit.fi\/de\/produkt\/rovaniemi-city-apartment-lapinkavijantie-35-c23-291782\/","og_site_name":"Book Lapland","article_modified_time":"2025-09-07T10:07:19+00:00","og_image":[{"width":600,"height":400,"url":"https:\/\/booklapland.ngmprojektit.fi\/wp-content\/uploads\/2025\/07\/75211-291782-5CEM5xgpO3XGV7HjPPiXM4b31OSJzKKuYUIwzKuq3ko-67461bfa5b509-small.jpeg","type":"image\/jpeg"}],"twitter_card":"summary_large_image","twitter_misc":{"Gesch\u00e4tzte Lesezeit":"2\u00a0Minuten"},"schema":{"@context":"https:\/\/schema.org","@graph":[{"@type":"WebPage","@id":"https:\/\/booklapland.ngmprojektit.fi\/product\/rovaniemi-city-apartment-lapinkavijantie-35-c23-291782\/","url":"https:\/\/booklapland.ngmprojektit.fi\/product\/rovaniemi-city-apartment-lapinkavijantie-35-c23-291782\/","name":"Rovaniemi City Apartment - Lappland buchen","isPartOf":{"@id":"https:\/\/booklapland.ngmprojektit.fi\/#website"},"primaryImageOfPage":{"@id":"https:\/\/booklapland.ngmprojektit.fi\/product\/rovaniemi-city-apartment-lapinkavijantie-35-c23-291782\/#primaryimage"},"image":{"@id":"https:\/\/booklapland.ngmprojektit.fi\/product\/rovaniemi-city-apartment-lapinkavijantie-35-c23-291782\/#primaryimage"},"thumbnailUrl":"https:\/\/booklapland.ngmprojektit.fi\/wp-content\/uploads\/2025\/07\/75211-291782-5CEM5xgpO3XGV7HjPPiXM4b31OSJzKKuYUIwzKuq3ko-67461bfa5b509-small.jpeg","datePublished":"2025-07-23T18:32:31+00:00","dateModified":"2025-09-07T10:07:19+00:00","description":"Stay at Rovaniemi City Apartment! Modern, cozy city-center accommodation ideal for exploring Arctic attractions and enjoying local adventures.","breadcrumb":{"@id":"https:\/\/booklapland.ngmprojektit.fi\/product\/rovaniemi-city-apartment-lapinkavijantie-35-c23-291782\/#breadcrumb"},"inLanguage":"de","potentialAction":[{"@type":"ReadAction","target":["https:\/\/booklapland.ngmprojektit.fi\/product\/rovaniemi-city-apartment-lapinkavijantie-35-c23-291782\/"]}]},{"@type":"ImageObject","inLanguage":"de","@id":"https:\/\/booklapland.ngmprojektit.fi\/product\/rovaniemi-city-apartment-lapinkavijantie-35-c23-291782\/#primaryimage","url":"https:\/\/booklapland.ngmprojektit.fi\/wp-content\/uploads\/2025\/07\/75211-291782-5CEM5xgpO3XGV7HjPPiXM4b31OSJzKKuYUIwzKuq3ko-67461bfa5b509-small.jpeg","contentUrl":"https:\/\/booklapland.ngmprojektit.fi\/wp-content\/uploads\/2025\/07\/75211-291782-5CEM5xgpO3XGV7HjPPiXM4b31OSJzKKuYUIwzKuq3ko-67461bfa5b509-small.jpeg","width":600,"height":400},{"@type":"BreadcrumbList","@id":"https:\/\/booklapland.ngmprojektit.fi\/product\/rovaniemi-city-apartment-lapinkavijantie-35-c23-291782\/#breadcrumb","itemListElement":[{"@type":"ListItem","position":1,"name":"Home","item":"https:\/\/booklapland.ngmprojektit.fi\/"},{"@type":"ListItem","position":2,"name":"Apartments","item":"https:\/\/booklapland.ngmprojektit.fi\/apartments\/"},{"@type":"ListItem","position":3,"name":"Rovaniemi City Apartment"}]},{"@type":"WebSite","@id":"https:\/\/booklapland.ngmprojektit.fi\/#website","url":"https:\/\/booklapland.ngmprojektit.fi\/","name":"Lappland buchen","description":"","potentialAction":[{"@type":"SearchAction","target":{"@type":"EntryPoint","urlTemplate":"https:\/\/booklapland.ngmprojektit.fi\/?s={search_term_string}"},"query-input":{"@type":"PropertyValueSpecification","valueRequired":true,"valueName":"search_term_string"}}],"inLanguage":"de"}]}},"_links":{"self":[{"href":"https:\/\/booklapland.ngmprojektit.fi\/de\/wp-json\/wp\/v2\/product\/4654","targetHints":{"allow":["GET"]}}],"collection":[{"href":"https:\/\/booklapland.ngmprojektit.fi\/de\/wp-json\/wp\/v2\/product"}],"about":[{"href":"https:\/\/booklapland.ngmprojektit.fi\/de\/wp-json\/wp\/v2\/types\/product"}],"replies":[{"embeddable":true,"href":"https:\/\/booklapland.ngmprojektit.fi\/de\/wp-json\/wp\/v2\/comments?post=4654"}],"wp:featuredmedia":[{"embeddable":true,"href":"https:\/\/booklapland.ngmprojektit.fi\/de\/wp-json\/wp\/v2\/media\/4664"}],"wp:attachment":[{"href":"https:\/\/booklapland.ngmprojektit.fi\/de\/wp-json\/wp\/v2\/media?parent=4654"}],"wp:term":[{"taxonomy":"badge","embeddable":true,"href":"https:\/\/booklapland.ngmprojektit.fi\/de\/wp-json\/wp\/v2\/badge?post=4654"},{"taxonomy":"bed-type","embeddable":true,"href":"https:\/\/booklapland.ngmprojektit.fi\/de\/wp-json\/wp\/v2\/bed-type?post=4654"},{"taxonomy":"capacity","embeddable":true,"href":"https:\/\/booklapland.ngmprojektit.fi\/de\/wp-json\/wp\/v2\/capacity?post=4654"},{"taxonomy":"features","embeddable":true,"href":"https:\/\/booklapland.ngmprojektit.fi\/de\/wp-json\/wp\/v2\/features?post=4654"},{"taxonomy":"view","embeddable":true,"href":"https:\/\/booklapland.ngmprojektit.fi\/de\/wp-json\/wp\/v2\/view?post=4654"},{"taxonomy":"tour-type","embeddable":true,"href":"https:\/\/booklapland.ngmprojektit.fi\/de\/wp-json\/wp\/v2\/tour-type?post=4654"},{"taxonomy":"product_brand","embeddable":true,"href":"https:\/\/booklapland.ngmprojektit.fi\/de\/wp-json\/wp\/v2\/product_brand?post=4654"},{"taxonomy":"product_cat","embeddable":true,"href":"https:\/\/booklapland.ngmprojektit.fi\/de\/wp-json\/wp\/v2\/product_cat?post=4654"},{"taxonomy":"product_tag","embeddable":true,"href":"https:\/\/booklapland.ngmprojektit.fi\/de\/wp-json\/wp\/v2\/product_tag?post=4654"}],"curies":[{"name":"wp","href":"https:\/\/api.w.org\/{rel}","templated":true}]}}