{"id":6010,"date":"2025-07-24T21:57:07","date_gmt":"2025-07-24T21:57:07","guid":{"rendered":"https:\/\/booklapland.ngmprojektit.fi\/?post_type=product&#038;p=6010"},"modified":"2025-09-07T10:13:27","modified_gmt":"2025-09-07T10:13:27","slug":"santas-suites-ii-by-booklapland-matkarinne-2-c-11-326441","status":"publish","type":"product","link":"https:\/\/booklapland.ngmprojektit.fi\/de\/produkt\/santas-suites-ii-by-booklapland-matkarinne-2-c-11-326441\/","title":{"rendered":"Die Suiten des Weihnachtsmanns II von BookLapland"},"content":{"rendered":"<p data-start=\"507\" data-end=\"868\">Beschreibung<\/p>\n<p data-start=\"870\" data-end=\"1273\">Relax in this cozy and modern accommodation, perfectly located between Rovaniemi Airport, Santa Claus Village, and the city center. Enjoy nature\u2019s calm while staying close to all amenities. The apartment includes a fully equipped kitchen, sauna, stylish lounge, and all essentials for a worry-free holiday. Bed linen and towels are included. Ideal for families, business travelers, or peaceful getaways.<\/p>","protected":false},"excerpt":{"rendered":"<p data-start=\"507\" data-end=\"868\">Entspannen Sie sich in dieser modernen und gem\u00fctlichen Unterkunft, die den idealen Rahmen f\u00fcr einen gelungenen Urlaub bietet. Die hervorragende Lage zwischen dem Flughafen, Santa Claus Village und dem Stadtzentrum sorgt f\u00fcr eine reibungslose Anbindung. Eine voll ausgestattete K\u00fcche, eine Sauna und ein stilvoller Wohnbereich machen Ihren Aufenthalt m\u00fchelos. Bettw\u00e4sche und Handt\u00fccher sind im Preis inbegriffen.<\/p>","protected":false},"featured_media":6022,"comment_status":"closed","ping_status":"closed","template":"","meta":{"_acf_changed":false,"ub_ctt_via":"","site-sidebar-layout":"default","site-content-layout":"","ast-site-content-layout":"default","site-content-style":"default","site-sidebar-style":"default","ast-global-header-display":"","ast-banner-title-visibility":"","ast-main-header-display":"","ast-hfb-above-header-display":"","ast-hfb-below-header-display":"","ast-hfb-mobile-header-display":"","site-post-title":"","ast-breadcrumbs-content":"","ast-featured-img":"","footer-sml-layout":"","theme-transparent-header-meta":"default","adv-header-id-meta":"","stick-header-meta":"","header-above-stick-meta":"","header-main-stick-meta":"","header-below-stick-meta":"","astra-migrate-meta-layouts":"set","ast-page-background-enabled":"default","ast-page-background-meta":{"desktop":{"background-color":"var(--ast-global-color-4)","background-image":"","background-repeat":"repeat","background-position":"center center","background-size":"auto","background-attachment":"scroll","background-type":"","background-media":"","overlay-type":"","overlay-color":"","overlay-opacity":"","overlay-gradient":""},"tablet":{"background-color":"","background-image":"","background-repeat":"repeat","background-position":"center center","background-size":"auto","background-attachment":"scroll","background-type":"","background-media":"","overlay-type":"","overlay-color":"","overlay-opacity":"","overlay-gradient":""},"mobile":{"background-color":"","background-image":"","background-repeat":"repeat","background-position":"center center","background-size":"auto","background-attachment":"scroll","background-type":"","background-media":"","overlay-type":"","overlay-color":"","overlay-opacity":"","overlay-gradient":""}},"ast-content-background-meta":{"desktop":{"background-color":"var(--ast-global-color-5)","background-image":"","background-repeat":"repeat","background-position":"center center","background-size":"auto","background-attachment":"scroll","background-type":"","background-media":"","overlay-type":"","overlay-color":"","overlay-opacity":"","overlay-gradient":""},"tablet":{"background-color":"var(--ast-global-color-5)","background-image":"","background-repeat":"repeat","background-position":"center center","background-size":"auto","background-attachment":"scroll","background-type":"","background-media":"","overlay-type":"","overlay-color":"","overlay-opacity":"","overlay-gradient":""},"mobile":{"background-color":"var(--ast-global-color-5)","background-image":"","background-repeat":"repeat","background-position":"center center","background-size":"auto","background-attachment":"scroll","background-type":"","background-media":"","overlay-type":"","overlay-color":"","overlay-opacity":"","overlay-gradient":""}},"_joinchat":[]},"badge":[58],"bed-type":[72],"capacity":[45],"features":[80,49],"view":[84,82],"tour-type":[71],"product_brand":[],"product_cat":[37],"product_tag":[],"class_list":{"0":"post-6010","1":"product","2":"type-product","3":"status-publish","4":"has-post-thumbnail","6":"badge-for-families","7":"bed-type-72","8":"capacity-3-4","9":"features-free-parking","10":"features-sauna","11":"view-near-nature","12":"view-near-santaclaus-village","13":"tour-type-city-apartments","14":"product_cat-accommodation","15":"desktop-align-left","16":"tablet-align-left","17":"mobile-align-left","19":"first","20":"instock","21":"shipping-taxable","22":"product-type-external"},"acf":[],"yoast_head":"<!-- This site is optimized with the Yoast SEO Premium plugin v25.9 (Yoast SEO v25.9) - https:\/\/yoast.com\/wordpress\/plugins\/seo\/ -->\n<title>Santa&#039;s Suites II by BookLapland - Book Lapland<\/title>\n<meta name=\"description\" content=\"Stay at Santa\u2019s Suites II by BookLapland! Comfortable, modern city-center accommodation perfect for Arctic adventures and exploring Rovaniemi.\" \/>\n<meta name=\"robots\" content=\"index, follow, max-snippet:-1, max-image-preview:large, max-video-preview:-1\" \/>\n<link rel=\"canonical\" href=\"https:\/\/booklapland.ngmprojektit.fi\/de\/produkt\/santas-suites-ii-by-booklapland-matkarinne-2-c-11-326441\/\" \/>\n<meta property=\"og:locale\" content=\"de_DE\" \/>\n<meta property=\"og:type\" content=\"article\" \/>\n<meta property=\"og:title\" content=\"Santa&#039;s Suites II by BookLapland\" \/>\n<meta property=\"og:description\" content=\"Stay at Santa\u2019s Suites II by BookLapland! Comfortable, modern city-center accommodation perfect for Arctic adventures and exploring Rovaniemi.\" \/>\n<meta property=\"og:url\" content=\"https:\/\/booklapland.ngmprojektit.fi\/de\/produkt\/santas-suites-ii-by-booklapland-matkarinne-2-c-11-326441\/\" \/>\n<meta property=\"og:site_name\" content=\"Book Lapland\" \/>\n<meta property=\"article:modified_time\" content=\"2025-09-07T10:13:27+00:00\" \/>\n<meta property=\"og:image\" content=\"https:\/\/booklapland.ngmprojektit.fi\/wp-content\/uploads\/2025\/07\/75211-326441-7eMZ7aDfjyy7px9zo6q37J-M5QQz8byEGQWHlCYPlNY-673401af52aed-small-1.jpeg\" \/>\n\t<meta property=\"og:image:width\" content=\"600\" \/>\n\t<meta property=\"og:image:height\" content=\"400\" \/>\n\t<meta property=\"og:image:type\" content=\"image\/jpeg\" \/>\n<meta name=\"twitter:card\" content=\"summary_large_image\" \/>\n<meta name=\"twitter:label1\" content=\"Gesch\u00e4tzte Lesezeit\" \/>\n\t<meta name=\"twitter:data1\" content=\"1\u00a0Minute\" \/>\n<script type=\"application\/ld+json\" class=\"yoast-schema-graph\">{\"@context\":\"https:\/\/schema.org\",\"@graph\":[{\"@type\":\"WebPage\",\"@id\":\"https:\/\/booklapland.ngmprojektit.fi\/product\/santas-suites-ii-by-booklapland-matkarinne-2-c-11-326441\/\",\"url\":\"https:\/\/booklapland.ngmprojektit.fi\/product\/santas-suites-ii-by-booklapland-matkarinne-2-c-11-326441\/\",\"name\":\"Santa's Suites II by BookLapland - Book Lapland\",\"isPartOf\":{\"@id\":\"https:\/\/booklapland.ngmprojektit.fi\/#website\"},\"primaryImageOfPage\":{\"@id\":\"https:\/\/booklapland.ngmprojektit.fi\/product\/santas-suites-ii-by-booklapland-matkarinne-2-c-11-326441\/#primaryimage\"},\"image\":{\"@id\":\"https:\/\/booklapland.ngmprojektit.fi\/product\/santas-suites-ii-by-booklapland-matkarinne-2-c-11-326441\/#primaryimage\"},\"thumbnailUrl\":\"https:\/\/booklapland.ngmprojektit.fi\/wp-content\/uploads\/2025\/07\/75211-326441-7eMZ7aDfjyy7px9zo6q37J-M5QQz8byEGQWHlCYPlNY-673401af52aed-small-1.jpeg\",\"datePublished\":\"2025-07-24T21:57:07+00:00\",\"dateModified\":\"2025-09-07T10:13:27+00:00\",\"description\":\"Stay at Santa\u2019s Suites II by BookLapland! Comfortable, modern city-center accommodation perfect for Arctic adventures and exploring Rovaniemi.\",\"breadcrumb\":{\"@id\":\"https:\/\/booklapland.ngmprojektit.fi\/product\/santas-suites-ii-by-booklapland-matkarinne-2-c-11-326441\/#breadcrumb\"},\"inLanguage\":\"de\",\"potentialAction\":[{\"@type\":\"ReadAction\",\"target\":[\"https:\/\/booklapland.ngmprojektit.fi\/product\/santas-suites-ii-by-booklapland-matkarinne-2-c-11-326441\/\"]}]},{\"@type\":\"ImageObject\",\"inLanguage\":\"de\",\"@id\":\"https:\/\/booklapland.ngmprojektit.fi\/product\/santas-suites-ii-by-booklapland-matkarinne-2-c-11-326441\/#primaryimage\",\"url\":\"https:\/\/booklapland.ngmprojektit.fi\/wp-content\/uploads\/2025\/07\/75211-326441-7eMZ7aDfjyy7px9zo6q37J-M5QQz8byEGQWHlCYPlNY-673401af52aed-small-1.jpeg\",\"contentUrl\":\"https:\/\/booklapland.ngmprojektit.fi\/wp-content\/uploads\/2025\/07\/75211-326441-7eMZ7aDfjyy7px9zo6q37J-M5QQz8byEGQWHlCYPlNY-673401af52aed-small-1.jpeg\",\"width\":600,\"height\":400},{\"@type\":\"BreadcrumbList\",\"@id\":\"https:\/\/booklapland.ngmprojektit.fi\/product\/santas-suites-ii-by-booklapland-matkarinne-2-c-11-326441\/#breadcrumb\",\"itemListElement\":[{\"@type\":\"ListItem\",\"position\":1,\"name\":\"Home\",\"item\":\"https:\/\/booklapland.ngmprojektit.fi\/\"},{\"@type\":\"ListItem\",\"position\":2,\"name\":\"Apartments\",\"item\":\"https:\/\/booklapland.ngmprojektit.fi\/apartments\/\"},{\"@type\":\"ListItem\",\"position\":3,\"name\":\"Santa&#8217;s Suites II by BookLapland\"}]},{\"@type\":\"WebSite\",\"@id\":\"https:\/\/booklapland.ngmprojektit.fi\/#website\",\"url\":\"https:\/\/booklapland.ngmprojektit.fi\/\",\"name\":\"Book Lapland\",\"description\":\"\",\"potentialAction\":[{\"@type\":\"SearchAction\",\"target\":{\"@type\":\"EntryPoint\",\"urlTemplate\":\"https:\/\/booklapland.ngmprojektit.fi\/?s={search_term_string}\"},\"query-input\":{\"@type\":\"PropertyValueSpecification\",\"valueRequired\":true,\"valueName\":\"search_term_string\"}}],\"inLanguage\":\"de\"}]}<\/script>\n<!-- \/ Yoast SEO Premium plugin. -->","yoast_head_json":{"title":"Santa's Suites II by BookLapland - Book Lapland","description":"Stay at Santa\u2019s Suites II by BookLapland! Comfortable, modern city-center accommodation perfect for Arctic adventures and exploring Rovaniemi.","robots":{"index":"index","follow":"follow","max-snippet":"max-snippet:-1","max-image-preview":"max-image-preview:large","max-video-preview":"max-video-preview:-1"},"canonical":"https:\/\/booklapland.ngmprojektit.fi\/de\/produkt\/santas-suites-ii-by-booklapland-matkarinne-2-c-11-326441\/","og_locale":"de_DE","og_type":"article","og_title":"Santa's Suites II by BookLapland","og_description":"Stay at Santa\u2019s Suites II by BookLapland! Comfortable, modern city-center accommodation perfect for Arctic adventures and exploring Rovaniemi.","og_url":"https:\/\/booklapland.ngmprojektit.fi\/de\/produkt\/santas-suites-ii-by-booklapland-matkarinne-2-c-11-326441\/","og_site_name":"Book Lapland","article_modified_time":"2025-09-07T10:13:27+00:00","og_image":[{"width":600,"height":400,"url":"https:\/\/booklapland.ngmprojektit.fi\/wp-content\/uploads\/2025\/07\/75211-326441-7eMZ7aDfjyy7px9zo6q37J-M5QQz8byEGQWHlCYPlNY-673401af52aed-small-1.jpeg","type":"image\/jpeg"}],"twitter_card":"summary_large_image","twitter_misc":{"Gesch\u00e4tzte Lesezeit":"1\u00a0Minute"},"schema":{"@context":"https:\/\/schema.org","@graph":[{"@type":"WebPage","@id":"https:\/\/booklapland.ngmprojektit.fi\/product\/santas-suites-ii-by-booklapland-matkarinne-2-c-11-326441\/","url":"https:\/\/booklapland.ngmprojektit.fi\/product\/santas-suites-ii-by-booklapland-matkarinne-2-c-11-326441\/","name":"Santa's Suites II by BookLapland - Book Lapland","isPartOf":{"@id":"https:\/\/booklapland.ngmprojektit.fi\/#website"},"primaryImageOfPage":{"@id":"https:\/\/booklapland.ngmprojektit.fi\/product\/santas-suites-ii-by-booklapland-matkarinne-2-c-11-326441\/#primaryimage"},"image":{"@id":"https:\/\/booklapland.ngmprojektit.fi\/product\/santas-suites-ii-by-booklapland-matkarinne-2-c-11-326441\/#primaryimage"},"thumbnailUrl":"https:\/\/booklapland.ngmprojektit.fi\/wp-content\/uploads\/2025\/07\/75211-326441-7eMZ7aDfjyy7px9zo6q37J-M5QQz8byEGQWHlCYPlNY-673401af52aed-small-1.jpeg","datePublished":"2025-07-24T21:57:07+00:00","dateModified":"2025-09-07T10:13:27+00:00","description":"Stay at Santa\u2019s Suites II by BookLapland! Comfortable, modern city-center accommodation perfect for Arctic adventures and exploring Rovaniemi.","breadcrumb":{"@id":"https:\/\/booklapland.ngmprojektit.fi\/product\/santas-suites-ii-by-booklapland-matkarinne-2-c-11-326441\/#breadcrumb"},"inLanguage":"de","potentialAction":[{"@type":"ReadAction","target":["https:\/\/booklapland.ngmprojektit.fi\/product\/santas-suites-ii-by-booklapland-matkarinne-2-c-11-326441\/"]}]},{"@type":"ImageObject","inLanguage":"de","@id":"https:\/\/booklapland.ngmprojektit.fi\/product\/santas-suites-ii-by-booklapland-matkarinne-2-c-11-326441\/#primaryimage","url":"https:\/\/booklapland.ngmprojektit.fi\/wp-content\/uploads\/2025\/07\/75211-326441-7eMZ7aDfjyy7px9zo6q37J-M5QQz8byEGQWHlCYPlNY-673401af52aed-small-1.jpeg","contentUrl":"https:\/\/booklapland.ngmprojektit.fi\/wp-content\/uploads\/2025\/07\/75211-326441-7eMZ7aDfjyy7px9zo6q37J-M5QQz8byEGQWHlCYPlNY-673401af52aed-small-1.jpeg","width":600,"height":400},{"@type":"BreadcrumbList","@id":"https:\/\/booklapland.ngmprojektit.fi\/product\/santas-suites-ii-by-booklapland-matkarinne-2-c-11-326441\/#breadcrumb","itemListElement":[{"@type":"ListItem","position":1,"name":"Home","item":"https:\/\/booklapland.ngmprojektit.fi\/"},{"@type":"ListItem","position":2,"name":"Apartments","item":"https:\/\/booklapland.ngmprojektit.fi\/apartments\/"},{"@type":"ListItem","position":3,"name":"Santa&#8217;s Suites II by BookLapland"}]},{"@type":"WebSite","@id":"https:\/\/booklapland.ngmprojektit.fi\/#website","url":"https:\/\/booklapland.ngmprojektit.fi\/","name":"Lappland buchen","description":"","potentialAction":[{"@type":"SearchAction","target":{"@type":"EntryPoint","urlTemplate":"https:\/\/booklapland.ngmprojektit.fi\/?s={search_term_string}"},"query-input":{"@type":"PropertyValueSpecification","valueRequired":true,"valueName":"search_term_string"}}],"inLanguage":"de"}]}},"_links":{"self":[{"href":"https:\/\/booklapland.ngmprojektit.fi\/de\/wp-json\/wp\/v2\/product\/6010","targetHints":{"allow":["GET"]}}],"collection":[{"href":"https:\/\/booklapland.ngmprojektit.fi\/de\/wp-json\/wp\/v2\/product"}],"about":[{"href":"https:\/\/booklapland.ngmprojektit.fi\/de\/wp-json\/wp\/v2\/types\/product"}],"replies":[{"embeddable":true,"href":"https:\/\/booklapland.ngmprojektit.fi\/de\/wp-json\/wp\/v2\/comments?post=6010"}],"wp:featuredmedia":[{"embeddable":true,"href":"https:\/\/booklapland.ngmprojektit.fi\/de\/wp-json\/wp\/v2\/media\/6022"}],"wp:attachment":[{"href":"https:\/\/booklapland.ngmprojektit.fi\/de\/wp-json\/wp\/v2\/media?parent=6010"}],"wp:term":[{"taxonomy":"badge","embeddable":true,"href":"https:\/\/booklapland.ngmprojektit.fi\/de\/wp-json\/wp\/v2\/badge?post=6010"},{"taxonomy":"bed-type","embeddable":true,"href":"https:\/\/booklapland.ngmprojektit.fi\/de\/wp-json\/wp\/v2\/bed-type?post=6010"},{"taxonomy":"capacity","embeddable":true,"href":"https:\/\/booklapland.ngmprojektit.fi\/de\/wp-json\/wp\/v2\/capacity?post=6010"},{"taxonomy":"features","embeddable":true,"href":"https:\/\/booklapland.ngmprojektit.fi\/de\/wp-json\/wp\/v2\/features?post=6010"},{"taxonomy":"view","embeddable":true,"href":"https:\/\/booklapland.ngmprojektit.fi\/de\/wp-json\/wp\/v2\/view?post=6010"},{"taxonomy":"tour-type","embeddable":true,"href":"https:\/\/booklapland.ngmprojektit.fi\/de\/wp-json\/wp\/v2\/tour-type?post=6010"},{"taxonomy":"product_brand","embeddable":true,"href":"https:\/\/booklapland.ngmprojektit.fi\/de\/wp-json\/wp\/v2\/product_brand?post=6010"},{"taxonomy":"product_cat","embeddable":true,"href":"https:\/\/booklapland.ngmprojektit.fi\/de\/wp-json\/wp\/v2\/product_cat?post=6010"},{"taxonomy":"product_tag","embeddable":true,"href":"https:\/\/booklapland.ngmprojektit.fi\/de\/wp-json\/wp\/v2\/product_tag?post=6010"}],"curies":[{"name":"wp","href":"https:\/\/api.w.org\/{rel}","templated":true}]}}