{"id":6095,"date":"2025-07-24T22:27:08","date_gmt":"2025-07-24T22:27:08","guid":{"rendered":"https:\/\/booklapland.ngmprojektit.fi\/?post_type=product&#038;p=6095"},"modified":"2025-09-07T10:10:48","modified_gmt":"2025-09-07T10:10:48","slug":"santas-secret-villa-varpu-varpupolku-25-329253","status":"publish","type":"product","link":"https:\/\/booklapland.ngmprojektit.fi\/de\/produkt\/santas-secret-villa-varpu-varpupolku-25-329253\/","title":{"rendered":"Das Geheimnis des Weihnachtsmanns Villa Varpu"},"content":{"rendered":"<p data-start=\"526\" data-end=\"865\">Beschreibung<\/p>\n<p data-start=\"526\" data-end=\"865\">Enjoy a stylish and comfortable stay in this centrally located apartment. You\u2019ll have quick access to all city attractions, restaurants, and shops. The apartment offers modern amenities including a private sauna, fully equipped kitchen, and cozy living space \u2014 perfect for relaxing after a long day of exploring.<\/p>","protected":false},"excerpt":{"rendered":"<p>Genie\u00dfen Sie einen stilvollen Aufenthalt in dieser zentral gelegenen Unterkunft, von der aus alle st\u00e4dtischen Einrichtungen, Sehensw\u00fcrdigkeiten und gastronomischen Einrichtungen nur einen kurzen Spaziergang entfernt sind. Die Wohnung verf\u00fcgt \u00fcber eine hochwertige Ausstattung, eine private Sauna, eine voll ausgestattete K\u00fcche und einen ruhigen Wohnbereich - der perfekte Ort, um nach einem Tag voller Abenteuer zu entspannen.<\/p>","protected":false},"featured_media":6117,"comment_status":"closed","ping_status":"closed","template":"","meta":{"_acf_changed":false,"ub_ctt_via":"","site-sidebar-layout":"default","site-content-layout":"","ast-site-content-layout":"default","site-content-style":"default","site-sidebar-style":"default","ast-global-header-display":"","ast-banner-title-visibility":"","ast-main-header-display":"","ast-hfb-above-header-display":"","ast-hfb-below-header-display":"","ast-hfb-mobile-header-display":"","site-post-title":"","ast-breadcrumbs-content":"","ast-featured-img":"","footer-sml-layout":"","theme-transparent-header-meta":"default","adv-header-id-meta":"","stick-header-meta":"","header-above-stick-meta":"","header-main-stick-meta":"","header-below-stick-meta":"","astra-migrate-meta-layouts":"set","ast-page-background-enabled":"default","ast-page-background-meta":{"desktop":{"background-color":"var(--ast-global-color-4)","background-image":"","background-repeat":"repeat","background-position":"center center","background-size":"auto","background-attachment":"scroll","background-type":"","background-media":"","overlay-type":"","overlay-color":"","overlay-opacity":"","overlay-gradient":""},"tablet":{"background-color":"","background-image":"","background-repeat":"repeat","background-position":"center center","background-size":"auto","background-attachment":"scroll","background-type":"","background-media":"","overlay-type":"","overlay-color":"","overlay-opacity":"","overlay-gradient":""},"mobile":{"background-color":"","background-image":"","background-repeat":"repeat","background-position":"center center","background-size":"auto","background-attachment":"scroll","background-type":"","background-media":"","overlay-type":"","overlay-color":"","overlay-opacity":"","overlay-gradient":""}},"ast-content-background-meta":{"desktop":{"background-color":"var(--ast-global-color-5)","background-image":"","background-repeat":"repeat","background-position":"center center","background-size":"auto","background-attachment":"scroll","background-type":"","background-media":"","overlay-type":"","overlay-color":"","overlay-opacity":"","overlay-gradient":""},"tablet":{"background-color":"var(--ast-global-color-5)","background-image":"","background-repeat":"repeat","background-position":"center center","background-size":"auto","background-attachment":"scroll","background-type":"","background-media":"","overlay-type":"","overlay-color":"","overlay-opacity":"","overlay-gradient":""},"mobile":{"background-color":"var(--ast-global-color-5)","background-image":"","background-repeat":"repeat","background-position":"center center","background-size":"auto","background-attachment":"scroll","background-type":"","background-media":"","overlay-type":"","overlay-color":"","overlay-opacity":"","overlay-gradient":""}},"_joinchat":[]},"badge":[58],"bed-type":[74],"capacity":[47],"features":[80,49],"view":[84,82],"tour-type":[70],"product_brand":[],"product_cat":[37],"product_tag":[],"class_list":{"0":"post-6095","1":"product","2":"type-product","3":"status-publish","4":"has-post-thumbnail","6":"badge-for-families","7":"bed-type-74","8":"capacity-47","9":"features-free-parking","10":"features-sauna","11":"view-near-nature","12":"view-near-santaclaus-village","13":"tour-type-villas","14":"product_cat-accommodation","15":"desktop-align-left","16":"tablet-align-left","17":"mobile-align-left","19":"first","20":"instock","21":"shipping-taxable","22":"product-type-external"},"acf":[],"yoast_head":"<!-- This site is optimized with the Yoast SEO Premium plugin v25.9 (Yoast SEO v25.9) - https:\/\/yoast.com\/wordpress\/plugins\/seo\/ -->\n<title>Santa&#039;s Secret Villa Varpu - Book Lapland<\/title>\n<meta name=\"description\" content=\"Stay at Santa\u2019s Secret Villa Varpu! Cozy, modern villa offering comfort, privacy, and easy access to Arctic adventures and Northern Lights.\" \/>\n<meta name=\"robots\" content=\"index, follow, max-snippet:-1, max-image-preview:large, max-video-preview:-1\" \/>\n<link rel=\"canonical\" href=\"https:\/\/booklapland.ngmprojektit.fi\/de\/produkt\/santas-secret-villa-varpu-varpupolku-25-329253\/\" \/>\n<meta property=\"og:locale\" content=\"de_DE\" \/>\n<meta property=\"og:type\" content=\"article\" \/>\n<meta property=\"og:title\" content=\"Santa&#039;s Secret Villa Varpu\" \/>\n<meta property=\"og:description\" content=\"Stay at Santa\u2019s Secret Villa Varpu! Cozy, modern villa offering comfort, privacy, and easy access to Arctic adventures and Northern Lights.\" \/>\n<meta property=\"og:url\" content=\"https:\/\/booklapland.ngmprojektit.fi\/de\/produkt\/santas-secret-villa-varpu-varpupolku-25-329253\/\" \/>\n<meta property=\"og:site_name\" content=\"Book Lapland\" \/>\n<meta property=\"article:modified_time\" content=\"2025-09-07T10:10:48+00:00\" \/>\n<meta property=\"og:image\" content=\"https:\/\/booklapland.ngmprojektit.fi\/wp-content\/uploads\/2025\/07\/75211-329253-KN9n6bp-X-CT4kviBJTpfimgKHR-liJdmrw1NYY4E8E-67379252749f9-small-1.jpeg\" \/>\n\t<meta property=\"og:image:width\" content=\"600\" \/>\n\t<meta property=\"og:image:height\" content=\"450\" \/>\n\t<meta property=\"og:image:type\" content=\"image\/jpeg\" \/>\n<meta name=\"twitter:card\" content=\"summary_large_image\" \/>\n<meta name=\"twitter:label1\" content=\"Gesch\u00e4tzte Lesezeit\" \/>\n\t<meta name=\"twitter:data1\" content=\"1\u00a0Minute\" \/>\n<script type=\"application\/ld+json\" class=\"yoast-schema-graph\">{\"@context\":\"https:\/\/schema.org\",\"@graph\":[{\"@type\":\"WebPage\",\"@id\":\"https:\/\/booklapland.ngmprojektit.fi\/product\/santas-secret-villa-varpu-varpupolku-25-329253\/\",\"url\":\"https:\/\/booklapland.ngmprojektit.fi\/product\/santas-secret-villa-varpu-varpupolku-25-329253\/\",\"name\":\"Santa's Secret Villa Varpu - Book Lapland\",\"isPartOf\":{\"@id\":\"https:\/\/booklapland.ngmprojektit.fi\/#website\"},\"primaryImageOfPage\":{\"@id\":\"https:\/\/booklapland.ngmprojektit.fi\/product\/santas-secret-villa-varpu-varpupolku-25-329253\/#primaryimage\"},\"image\":{\"@id\":\"https:\/\/booklapland.ngmprojektit.fi\/product\/santas-secret-villa-varpu-varpupolku-25-329253\/#primaryimage\"},\"thumbnailUrl\":\"https:\/\/booklapland.ngmprojektit.fi\/wp-content\/uploads\/2025\/07\/75211-329253-KN9n6bp-X-CT4kviBJTpfimgKHR-liJdmrw1NYY4E8E-67379252749f9-small-1.jpeg\",\"datePublished\":\"2025-07-24T22:27:08+00:00\",\"dateModified\":\"2025-09-07T10:10:48+00:00\",\"description\":\"Stay at Santa\u2019s Secret Villa Varpu! Cozy, modern villa offering comfort, privacy, and easy access to Arctic adventures and Northern Lights.\",\"breadcrumb\":{\"@id\":\"https:\/\/booklapland.ngmprojektit.fi\/product\/santas-secret-villa-varpu-varpupolku-25-329253\/#breadcrumb\"},\"inLanguage\":\"de\",\"potentialAction\":[{\"@type\":\"ReadAction\",\"target\":[\"https:\/\/booklapland.ngmprojektit.fi\/product\/santas-secret-villa-varpu-varpupolku-25-329253\/\"]}]},{\"@type\":\"ImageObject\",\"inLanguage\":\"de\",\"@id\":\"https:\/\/booklapland.ngmprojektit.fi\/product\/santas-secret-villa-varpu-varpupolku-25-329253\/#primaryimage\",\"url\":\"https:\/\/booklapland.ngmprojektit.fi\/wp-content\/uploads\/2025\/07\/75211-329253-KN9n6bp-X-CT4kviBJTpfimgKHR-liJdmrw1NYY4E8E-67379252749f9-small-1.jpeg\",\"contentUrl\":\"https:\/\/booklapland.ngmprojektit.fi\/wp-content\/uploads\/2025\/07\/75211-329253-KN9n6bp-X-CT4kviBJTpfimgKHR-liJdmrw1NYY4E8E-67379252749f9-small-1.jpeg\",\"width\":600,\"height\":450},{\"@type\":\"BreadcrumbList\",\"@id\":\"https:\/\/booklapland.ngmprojektit.fi\/product\/santas-secret-villa-varpu-varpupolku-25-329253\/#breadcrumb\",\"itemListElement\":[{\"@type\":\"ListItem\",\"position\":1,\"name\":\"Home\",\"item\":\"https:\/\/booklapland.ngmprojektit.fi\/\"},{\"@type\":\"ListItem\",\"position\":2,\"name\":\"Apartments\",\"item\":\"https:\/\/booklapland.ngmprojektit.fi\/apartments\/\"},{\"@type\":\"ListItem\",\"position\":3,\"name\":\"Santa&#8217;s Secret Villa Varpu\"}]},{\"@type\":\"WebSite\",\"@id\":\"https:\/\/booklapland.ngmprojektit.fi\/#website\",\"url\":\"https:\/\/booklapland.ngmprojektit.fi\/\",\"name\":\"Book Lapland\",\"description\":\"\",\"potentialAction\":[{\"@type\":\"SearchAction\",\"target\":{\"@type\":\"EntryPoint\",\"urlTemplate\":\"https:\/\/booklapland.ngmprojektit.fi\/?s={search_term_string}\"},\"query-input\":{\"@type\":\"PropertyValueSpecification\",\"valueRequired\":true,\"valueName\":\"search_term_string\"}}],\"inLanguage\":\"de\"}]}<\/script>\n<!-- \/ Yoast SEO Premium plugin. -->","yoast_head_json":{"title":"Santa's Secret Villa Varpu - Book Lapland","description":"Stay at Santa\u2019s Secret Villa Varpu! Cozy, modern villa offering comfort, privacy, and easy access to Arctic adventures and Northern Lights.","robots":{"index":"index","follow":"follow","max-snippet":"max-snippet:-1","max-image-preview":"max-image-preview:large","max-video-preview":"max-video-preview:-1"},"canonical":"https:\/\/booklapland.ngmprojektit.fi\/de\/produkt\/santas-secret-villa-varpu-varpupolku-25-329253\/","og_locale":"de_DE","og_type":"article","og_title":"Santa's Secret Villa Varpu","og_description":"Stay at Santa\u2019s Secret Villa Varpu! Cozy, modern villa offering comfort, privacy, and easy access to Arctic adventures and Northern Lights.","og_url":"https:\/\/booklapland.ngmprojektit.fi\/de\/produkt\/santas-secret-villa-varpu-varpupolku-25-329253\/","og_site_name":"Book Lapland","article_modified_time":"2025-09-07T10:10:48+00:00","og_image":[{"width":600,"height":450,"url":"https:\/\/booklapland.ngmprojektit.fi\/wp-content\/uploads\/2025\/07\/75211-329253-KN9n6bp-X-CT4kviBJTpfimgKHR-liJdmrw1NYY4E8E-67379252749f9-small-1.jpeg","type":"image\/jpeg"}],"twitter_card":"summary_large_image","twitter_misc":{"Gesch\u00e4tzte Lesezeit":"1\u00a0Minute"},"schema":{"@context":"https:\/\/schema.org","@graph":[{"@type":"WebPage","@id":"https:\/\/booklapland.ngmprojektit.fi\/product\/santas-secret-villa-varpu-varpupolku-25-329253\/","url":"https:\/\/booklapland.ngmprojektit.fi\/product\/santas-secret-villa-varpu-varpupolku-25-329253\/","name":"Santa's Secret Villa Varpu - Book Lapland","isPartOf":{"@id":"https:\/\/booklapland.ngmprojektit.fi\/#website"},"primaryImageOfPage":{"@id":"https:\/\/booklapland.ngmprojektit.fi\/product\/santas-secret-villa-varpu-varpupolku-25-329253\/#primaryimage"},"image":{"@id":"https:\/\/booklapland.ngmprojektit.fi\/product\/santas-secret-villa-varpu-varpupolku-25-329253\/#primaryimage"},"thumbnailUrl":"https:\/\/booklapland.ngmprojektit.fi\/wp-content\/uploads\/2025\/07\/75211-329253-KN9n6bp-X-CT4kviBJTpfimgKHR-liJdmrw1NYY4E8E-67379252749f9-small-1.jpeg","datePublished":"2025-07-24T22:27:08+00:00","dateModified":"2025-09-07T10:10:48+00:00","description":"Stay at Santa\u2019s Secret Villa Varpu! Cozy, modern villa offering comfort, privacy, and easy access to Arctic adventures and Northern Lights.","breadcrumb":{"@id":"https:\/\/booklapland.ngmprojektit.fi\/product\/santas-secret-villa-varpu-varpupolku-25-329253\/#breadcrumb"},"inLanguage":"de","potentialAction":[{"@type":"ReadAction","target":["https:\/\/booklapland.ngmprojektit.fi\/product\/santas-secret-villa-varpu-varpupolku-25-329253\/"]}]},{"@type":"ImageObject","inLanguage":"de","@id":"https:\/\/booklapland.ngmprojektit.fi\/product\/santas-secret-villa-varpu-varpupolku-25-329253\/#primaryimage","url":"https:\/\/booklapland.ngmprojektit.fi\/wp-content\/uploads\/2025\/07\/75211-329253-KN9n6bp-X-CT4kviBJTpfimgKHR-liJdmrw1NYY4E8E-67379252749f9-small-1.jpeg","contentUrl":"https:\/\/booklapland.ngmprojektit.fi\/wp-content\/uploads\/2025\/07\/75211-329253-KN9n6bp-X-CT4kviBJTpfimgKHR-liJdmrw1NYY4E8E-67379252749f9-small-1.jpeg","width":600,"height":450},{"@type":"BreadcrumbList","@id":"https:\/\/booklapland.ngmprojektit.fi\/product\/santas-secret-villa-varpu-varpupolku-25-329253\/#breadcrumb","itemListElement":[{"@type":"ListItem","position":1,"name":"Home","item":"https:\/\/booklapland.ngmprojektit.fi\/"},{"@type":"ListItem","position":2,"name":"Apartments","item":"https:\/\/booklapland.ngmprojektit.fi\/apartments\/"},{"@type":"ListItem","position":3,"name":"Santa&#8217;s Secret Villa Varpu"}]},{"@type":"WebSite","@id":"https:\/\/booklapland.ngmprojektit.fi\/#website","url":"https:\/\/booklapland.ngmprojektit.fi\/","name":"Lappland buchen","description":"","potentialAction":[{"@type":"SearchAction","target":{"@type":"EntryPoint","urlTemplate":"https:\/\/booklapland.ngmprojektit.fi\/?s={search_term_string}"},"query-input":{"@type":"PropertyValueSpecification","valueRequired":true,"valueName":"search_term_string"}}],"inLanguage":"de"}]}},"_links":{"self":[{"href":"https:\/\/booklapland.ngmprojektit.fi\/de\/wp-json\/wp\/v2\/product\/6095","targetHints":{"allow":["GET"]}}],"collection":[{"href":"https:\/\/booklapland.ngmprojektit.fi\/de\/wp-json\/wp\/v2\/product"}],"about":[{"href":"https:\/\/booklapland.ngmprojektit.fi\/de\/wp-json\/wp\/v2\/types\/product"}],"replies":[{"embeddable":true,"href":"https:\/\/booklapland.ngmprojektit.fi\/de\/wp-json\/wp\/v2\/comments?post=6095"}],"wp:featuredmedia":[{"embeddable":true,"href":"https:\/\/booklapland.ngmprojektit.fi\/de\/wp-json\/wp\/v2\/media\/6117"}],"wp:attachment":[{"href":"https:\/\/booklapland.ngmprojektit.fi\/de\/wp-json\/wp\/v2\/media?parent=6095"}],"wp:term":[{"taxonomy":"badge","embeddable":true,"href":"https:\/\/booklapland.ngmprojektit.fi\/de\/wp-json\/wp\/v2\/badge?post=6095"},{"taxonomy":"bed-type","embeddable":true,"href":"https:\/\/booklapland.ngmprojektit.fi\/de\/wp-json\/wp\/v2\/bed-type?post=6095"},{"taxonomy":"capacity","embeddable":true,"href":"https:\/\/booklapland.ngmprojektit.fi\/de\/wp-json\/wp\/v2\/capacity?post=6095"},{"taxonomy":"features","embeddable":true,"href":"https:\/\/booklapland.ngmprojektit.fi\/de\/wp-json\/wp\/v2\/features?post=6095"},{"taxonomy":"view","embeddable":true,"href":"https:\/\/booklapland.ngmprojektit.fi\/de\/wp-json\/wp\/v2\/view?post=6095"},{"taxonomy":"tour-type","embeddable":true,"href":"https:\/\/booklapland.ngmprojektit.fi\/de\/wp-json\/wp\/v2\/tour-type?post=6095"},{"taxonomy":"product_brand","embeddable":true,"href":"https:\/\/booklapland.ngmprojektit.fi\/de\/wp-json\/wp\/v2\/product_brand?post=6095"},{"taxonomy":"product_cat","embeddable":true,"href":"https:\/\/booklapland.ngmprojektit.fi\/de\/wp-json\/wp\/v2\/product_cat?post=6095"},{"taxonomy":"product_tag","embeddable":true,"href":"https:\/\/booklapland.ngmprojektit.fi\/de\/wp-json\/wp\/v2\/product_tag?post=6095"}],"curies":[{"name":"wp","href":"https:\/\/api.w.org\/{rel}","templated":true}]}}