{"id":6118,"date":"2025-07-24T22:34:32","date_gmt":"2025-07-24T22:34:32","guid":{"rendered":"https:\/\/booklapland.ngmprojektit.fi\/?post_type=product&#038;p=6118"},"modified":"2025-09-07T09:01:19","modified_gmt":"2025-09-07T09:01:19","slug":"aurora-city-hideway-by-booklapland-kairatie-50-as-22-329284","status":"publish","type":"product","link":"https:\/\/booklapland.ngmprojektit.fi\/de\/produkt\/aurora-city-hideway-by-booklapland-kairatie-50-as-22-329284\/","title":{"rendered":"Aurora City Hideway von BookLapland"},"content":{"rendered":"<p data-start=\"470\" data-end=\"735\">Beschreibung<\/p>\n<p data-start=\"737\" data-end=\"1102\">Enjoy a stylish and cozy stay at this centrally located apartment in Rovaniemi. Whether you\u2019re in town to visit Santa Claus Village, explore Arctic adventures, or work remotely, this modern space is equipped for comfort. Features include a private sauna, balcony, high-speed WiFi, and a fully equipped kitchen\u2014perfect for couples, solo travelers, or small families.<\/p>","protected":false},"excerpt":{"rendered":"<p data-start=\"470\" data-end=\"735\">Genie\u00dfen Sie einen stilvollen und komfortablen Aufenthalt in dieser zentral gelegenen Wohnung. Modern und funktional, ist es perfekt f\u00fcr Familien und Paare. Gesch\u00e4fte, Caf\u00e9s und wichtige Sehensw\u00fcrdigkeiten sind zu Fu\u00df erreichbar.<\/p>","protected":false},"featured_media":6135,"comment_status":"closed","ping_status":"closed","template":"","meta":{"_acf_changed":false,"ub_ctt_via":"","site-sidebar-layout":"default","site-content-layout":"","ast-site-content-layout":"default","site-content-style":"default","site-sidebar-style":"default","ast-global-header-display":"","ast-banner-title-visibility":"","ast-main-header-display":"","ast-hfb-above-header-display":"","ast-hfb-below-header-display":"","ast-hfb-mobile-header-display":"","site-post-title":"","ast-breadcrumbs-content":"","ast-featured-img":"","footer-sml-layout":"","theme-transparent-header-meta":"default","adv-header-id-meta":"","stick-header-meta":"","header-above-stick-meta":"","header-main-stick-meta":"","header-below-stick-meta":"","astra-migrate-meta-layouts":"set","ast-page-background-enabled":"default","ast-page-background-meta":{"desktop":{"background-color":"var(--ast-global-color-4)","background-image":"","background-repeat":"repeat","background-position":"center center","background-size":"auto","background-attachment":"scroll","background-type":"","background-media":"","overlay-type":"","overlay-color":"","overlay-opacity":"","overlay-gradient":""},"tablet":{"background-color":"","background-image":"","background-repeat":"repeat","background-position":"center center","background-size":"auto","background-attachment":"scroll","background-type":"","background-media":"","overlay-type":"","overlay-color":"","overlay-opacity":"","overlay-gradient":""},"mobile":{"background-color":"","background-image":"","background-repeat":"repeat","background-position":"center center","background-size":"auto","background-attachment":"scroll","background-type":"","background-media":"","overlay-type":"","overlay-color":"","overlay-opacity":"","overlay-gradient":""}},"ast-content-background-meta":{"desktop":{"background-color":"var(--ast-global-color-5)","background-image":"","background-repeat":"repeat","background-position":"center center","background-size":"auto","background-attachment":"scroll","background-type":"","background-media":"","overlay-type":"","overlay-color":"","overlay-opacity":"","overlay-gradient":""},"tablet":{"background-color":"var(--ast-global-color-5)","background-image":"","background-repeat":"repeat","background-position":"center center","background-size":"auto","background-attachment":"scroll","background-type":"","background-media":"","overlay-type":"","overlay-color":"","overlay-opacity":"","overlay-gradient":""},"mobile":{"background-color":"var(--ast-global-color-5)","background-image":"","background-repeat":"repeat","background-position":"center center","background-size":"auto","background-attachment":"scroll","background-type":"","background-media":"","overlay-type":"","overlay-color":"","overlay-opacity":"","overlay-gradient":""}},"_joinchat":[]},"badge":[],"bed-type":[72],"capacity":[45],"features":[80,49],"view":[81],"tour-type":[71],"product_brand":[],"product_cat":[37],"product_tag":[],"class_list":{"0":"post-6118","1":"product","2":"type-product","3":"status-publish","4":"has-post-thumbnail","6":"bed-type-72","7":"capacity-3-4","8":"features-free-parking","9":"features-sauna","10":"view-city-center","11":"tour-type-city-apartments","12":"product_cat-accommodation","13":"desktop-align-left","14":"tablet-align-left","15":"mobile-align-left","17":"first","18":"instock","19":"shipping-taxable","20":"product-type-external"},"acf":[],"yoast_head":"<!-- This site is optimized with the Yoast SEO Premium plugin v25.9 (Yoast SEO v25.9) - https:\/\/yoast.com\/wordpress\/plugins\/seo\/ -->\n<title>Aurora City Hideway by BookLapland - Book Lapland<\/title>\n<meta name=\"description\" content=\"Stay at Aurora City Hideaway by BookLapland! Cozy, modern accommodation in the city center, ideal for exploring Arctic attractions and Northern Lights.\" \/>\n<meta name=\"robots\" content=\"index, follow, max-snippet:-1, max-image-preview:large, max-video-preview:-1\" \/>\n<link rel=\"canonical\" href=\"https:\/\/booklapland.ngmprojektit.fi\/de\/produkt\/aurora-city-hideway-by-booklapland-kairatie-50-as-22-329284\/\" \/>\n<meta property=\"og:locale\" content=\"de_DE\" \/>\n<meta property=\"og:type\" content=\"article\" \/>\n<meta property=\"og:title\" content=\"Aurora City Hideway by BookLapland\" \/>\n<meta property=\"og:description\" content=\"Stay at Aurora City Hideaway by BookLapland! Cozy, modern accommodation in the city center, ideal for exploring Arctic attractions and Northern Lights.\" \/>\n<meta property=\"og:url\" content=\"https:\/\/booklapland.ngmprojektit.fi\/de\/produkt\/aurora-city-hideway-by-booklapland-kairatie-50-as-22-329284\/\" \/>\n<meta property=\"og:site_name\" content=\"Book Lapland\" \/>\n<meta property=\"article:modified_time\" content=\"2025-09-07T09:01:19+00:00\" \/>\n<meta property=\"og:image\" content=\"https:\/\/booklapland.ngmprojektit.fi\/wp-content\/uploads\/2025\/07\/75211-329284-Kxiup1-iz2MZfnufcMMHjtv7OCfSDTznDg5q5I56tNU-675a1245e1339-small-1.jpeg\" \/>\n\t<meta property=\"og:image:width\" content=\"703\" \/>\n\t<meta property=\"og:image:height\" content=\"450\" \/>\n\t<meta property=\"og:image:type\" content=\"image\/jpeg\" \/>\n<meta name=\"twitter:card\" content=\"summary_large_image\" \/>\n<meta name=\"twitter:label1\" content=\"Gesch\u00e4tzte Lesezeit\" \/>\n\t<meta name=\"twitter:data1\" content=\"1\u00a0Minute\" \/>\n<script type=\"application\/ld+json\" class=\"yoast-schema-graph\">{\"@context\":\"https:\/\/schema.org\",\"@graph\":[{\"@type\":\"WebPage\",\"@id\":\"https:\/\/booklapland.ngmprojektit.fi\/product\/aurora-city-hideway-by-booklapland-kairatie-50-as-22-329284\/\",\"url\":\"https:\/\/booklapland.ngmprojektit.fi\/product\/aurora-city-hideway-by-booklapland-kairatie-50-as-22-329284\/\",\"name\":\"Aurora City Hideway by BookLapland - Book Lapland\",\"isPartOf\":{\"@id\":\"https:\/\/booklapland.ngmprojektit.fi\/#website\"},\"primaryImageOfPage\":{\"@id\":\"https:\/\/booklapland.ngmprojektit.fi\/product\/aurora-city-hideway-by-booklapland-kairatie-50-as-22-329284\/#primaryimage\"},\"image\":{\"@id\":\"https:\/\/booklapland.ngmprojektit.fi\/product\/aurora-city-hideway-by-booklapland-kairatie-50-as-22-329284\/#primaryimage\"},\"thumbnailUrl\":\"https:\/\/booklapland.ngmprojektit.fi\/wp-content\/uploads\/2025\/07\/75211-329284-Kxiup1-iz2MZfnufcMMHjtv7OCfSDTznDg5q5I56tNU-675a1245e1339-small-1.jpeg\",\"datePublished\":\"2025-07-24T22:34:32+00:00\",\"dateModified\":\"2025-09-07T09:01:19+00:00\",\"description\":\"Stay at Aurora City Hideaway by BookLapland! Cozy, modern accommodation in the city center, ideal for exploring Arctic attractions and Northern Lights.\",\"breadcrumb\":{\"@id\":\"https:\/\/booklapland.ngmprojektit.fi\/product\/aurora-city-hideway-by-booklapland-kairatie-50-as-22-329284\/#breadcrumb\"},\"inLanguage\":\"de\",\"potentialAction\":[{\"@type\":\"ReadAction\",\"target\":[\"https:\/\/booklapland.ngmprojektit.fi\/product\/aurora-city-hideway-by-booklapland-kairatie-50-as-22-329284\/\"]}]},{\"@type\":\"ImageObject\",\"inLanguage\":\"de\",\"@id\":\"https:\/\/booklapland.ngmprojektit.fi\/product\/aurora-city-hideway-by-booklapland-kairatie-50-as-22-329284\/#primaryimage\",\"url\":\"https:\/\/booklapland.ngmprojektit.fi\/wp-content\/uploads\/2025\/07\/75211-329284-Kxiup1-iz2MZfnufcMMHjtv7OCfSDTznDg5q5I56tNU-675a1245e1339-small-1.jpeg\",\"contentUrl\":\"https:\/\/booklapland.ngmprojektit.fi\/wp-content\/uploads\/2025\/07\/75211-329284-Kxiup1-iz2MZfnufcMMHjtv7OCfSDTznDg5q5I56tNU-675a1245e1339-small-1.jpeg\",\"width\":703,\"height\":450},{\"@type\":\"BreadcrumbList\",\"@id\":\"https:\/\/booklapland.ngmprojektit.fi\/product\/aurora-city-hideway-by-booklapland-kairatie-50-as-22-329284\/#breadcrumb\",\"itemListElement\":[{\"@type\":\"ListItem\",\"position\":1,\"name\":\"Home\",\"item\":\"https:\/\/booklapland.ngmprojektit.fi\/\"},{\"@type\":\"ListItem\",\"position\":2,\"name\":\"Apartments\",\"item\":\"https:\/\/booklapland.ngmprojektit.fi\/apartments\/\"},{\"@type\":\"ListItem\",\"position\":3,\"name\":\"Aurora City Hideway by BookLapland\"}]},{\"@type\":\"WebSite\",\"@id\":\"https:\/\/booklapland.ngmprojektit.fi\/#website\",\"url\":\"https:\/\/booklapland.ngmprojektit.fi\/\",\"name\":\"Book Lapland\",\"description\":\"\",\"potentialAction\":[{\"@type\":\"SearchAction\",\"target\":{\"@type\":\"EntryPoint\",\"urlTemplate\":\"https:\/\/booklapland.ngmprojektit.fi\/?s={search_term_string}\"},\"query-input\":{\"@type\":\"PropertyValueSpecification\",\"valueRequired\":true,\"valueName\":\"search_term_string\"}}],\"inLanguage\":\"de\"}]}<\/script>\n<!-- \/ Yoast SEO Premium plugin. -->","yoast_head_json":{"title":"Aurora City Hideway by BookLapland - Book Lapland","description":"Stay at Aurora City Hideaway by BookLapland! Cozy, modern accommodation in the city center, ideal for exploring Arctic attractions and Northern Lights.","robots":{"index":"index","follow":"follow","max-snippet":"max-snippet:-1","max-image-preview":"max-image-preview:large","max-video-preview":"max-video-preview:-1"},"canonical":"https:\/\/booklapland.ngmprojektit.fi\/de\/produkt\/aurora-city-hideway-by-booklapland-kairatie-50-as-22-329284\/","og_locale":"de_DE","og_type":"article","og_title":"Aurora City Hideway by BookLapland","og_description":"Stay at Aurora City Hideaway by BookLapland! Cozy, modern accommodation in the city center, ideal for exploring Arctic attractions and Northern Lights.","og_url":"https:\/\/booklapland.ngmprojektit.fi\/de\/produkt\/aurora-city-hideway-by-booklapland-kairatie-50-as-22-329284\/","og_site_name":"Book Lapland","article_modified_time":"2025-09-07T09:01:19+00:00","og_image":[{"width":703,"height":450,"url":"https:\/\/booklapland.ngmprojektit.fi\/wp-content\/uploads\/2025\/07\/75211-329284-Kxiup1-iz2MZfnufcMMHjtv7OCfSDTznDg5q5I56tNU-675a1245e1339-small-1.jpeg","type":"image\/jpeg"}],"twitter_card":"summary_large_image","twitter_misc":{"Gesch\u00e4tzte Lesezeit":"1\u00a0Minute"},"schema":{"@context":"https:\/\/schema.org","@graph":[{"@type":"WebPage","@id":"https:\/\/booklapland.ngmprojektit.fi\/product\/aurora-city-hideway-by-booklapland-kairatie-50-as-22-329284\/","url":"https:\/\/booklapland.ngmprojektit.fi\/product\/aurora-city-hideway-by-booklapland-kairatie-50-as-22-329284\/","name":"Aurora City Hideway by BookLapland - Book Lapland","isPartOf":{"@id":"https:\/\/booklapland.ngmprojektit.fi\/#website"},"primaryImageOfPage":{"@id":"https:\/\/booklapland.ngmprojektit.fi\/product\/aurora-city-hideway-by-booklapland-kairatie-50-as-22-329284\/#primaryimage"},"image":{"@id":"https:\/\/booklapland.ngmprojektit.fi\/product\/aurora-city-hideway-by-booklapland-kairatie-50-as-22-329284\/#primaryimage"},"thumbnailUrl":"https:\/\/booklapland.ngmprojektit.fi\/wp-content\/uploads\/2025\/07\/75211-329284-Kxiup1-iz2MZfnufcMMHjtv7OCfSDTznDg5q5I56tNU-675a1245e1339-small-1.jpeg","datePublished":"2025-07-24T22:34:32+00:00","dateModified":"2025-09-07T09:01:19+00:00","description":"Stay at Aurora City Hideaway by BookLapland! Cozy, modern accommodation in the city center, ideal for exploring Arctic attractions and Northern Lights.","breadcrumb":{"@id":"https:\/\/booklapland.ngmprojektit.fi\/product\/aurora-city-hideway-by-booklapland-kairatie-50-as-22-329284\/#breadcrumb"},"inLanguage":"de","potentialAction":[{"@type":"ReadAction","target":["https:\/\/booklapland.ngmprojektit.fi\/product\/aurora-city-hideway-by-booklapland-kairatie-50-as-22-329284\/"]}]},{"@type":"ImageObject","inLanguage":"de","@id":"https:\/\/booklapland.ngmprojektit.fi\/product\/aurora-city-hideway-by-booklapland-kairatie-50-as-22-329284\/#primaryimage","url":"https:\/\/booklapland.ngmprojektit.fi\/wp-content\/uploads\/2025\/07\/75211-329284-Kxiup1-iz2MZfnufcMMHjtv7OCfSDTznDg5q5I56tNU-675a1245e1339-small-1.jpeg","contentUrl":"https:\/\/booklapland.ngmprojektit.fi\/wp-content\/uploads\/2025\/07\/75211-329284-Kxiup1-iz2MZfnufcMMHjtv7OCfSDTznDg5q5I56tNU-675a1245e1339-small-1.jpeg","width":703,"height":450},{"@type":"BreadcrumbList","@id":"https:\/\/booklapland.ngmprojektit.fi\/product\/aurora-city-hideway-by-booklapland-kairatie-50-as-22-329284\/#breadcrumb","itemListElement":[{"@type":"ListItem","position":1,"name":"Home","item":"https:\/\/booklapland.ngmprojektit.fi\/"},{"@type":"ListItem","position":2,"name":"Apartments","item":"https:\/\/booklapland.ngmprojektit.fi\/apartments\/"},{"@type":"ListItem","position":3,"name":"Aurora City Hideway by BookLapland"}]},{"@type":"WebSite","@id":"https:\/\/booklapland.ngmprojektit.fi\/#website","url":"https:\/\/booklapland.ngmprojektit.fi\/","name":"Lappland buchen","description":"","potentialAction":[{"@type":"SearchAction","target":{"@type":"EntryPoint","urlTemplate":"https:\/\/booklapland.ngmprojektit.fi\/?s={search_term_string}"},"query-input":{"@type":"PropertyValueSpecification","valueRequired":true,"valueName":"search_term_string"}}],"inLanguage":"de"}]}},"_links":{"self":[{"href":"https:\/\/booklapland.ngmprojektit.fi\/de\/wp-json\/wp\/v2\/product\/6118","targetHints":{"allow":["GET"]}}],"collection":[{"href":"https:\/\/booklapland.ngmprojektit.fi\/de\/wp-json\/wp\/v2\/product"}],"about":[{"href":"https:\/\/booklapland.ngmprojektit.fi\/de\/wp-json\/wp\/v2\/types\/product"}],"replies":[{"embeddable":true,"href":"https:\/\/booklapland.ngmprojektit.fi\/de\/wp-json\/wp\/v2\/comments?post=6118"}],"wp:featuredmedia":[{"embeddable":true,"href":"https:\/\/booklapland.ngmprojektit.fi\/de\/wp-json\/wp\/v2\/media\/6135"}],"wp:attachment":[{"href":"https:\/\/booklapland.ngmprojektit.fi\/de\/wp-json\/wp\/v2\/media?parent=6118"}],"wp:term":[{"taxonomy":"badge","embeddable":true,"href":"https:\/\/booklapland.ngmprojektit.fi\/de\/wp-json\/wp\/v2\/badge?post=6118"},{"taxonomy":"bed-type","embeddable":true,"href":"https:\/\/booklapland.ngmprojektit.fi\/de\/wp-json\/wp\/v2\/bed-type?post=6118"},{"taxonomy":"capacity","embeddable":true,"href":"https:\/\/booklapland.ngmprojektit.fi\/de\/wp-json\/wp\/v2\/capacity?post=6118"},{"taxonomy":"features","embeddable":true,"href":"https:\/\/booklapland.ngmprojektit.fi\/de\/wp-json\/wp\/v2\/features?post=6118"},{"taxonomy":"view","embeddable":true,"href":"https:\/\/booklapland.ngmprojektit.fi\/de\/wp-json\/wp\/v2\/view?post=6118"},{"taxonomy":"tour-type","embeddable":true,"href":"https:\/\/booklapland.ngmprojektit.fi\/de\/wp-json\/wp\/v2\/tour-type?post=6118"},{"taxonomy":"product_brand","embeddable":true,"href":"https:\/\/booklapland.ngmprojektit.fi\/de\/wp-json\/wp\/v2\/product_brand?post=6118"},{"taxonomy":"product_cat","embeddable":true,"href":"https:\/\/booklapland.ngmprojektit.fi\/de\/wp-json\/wp\/v2\/product_cat?post=6118"},{"taxonomy":"product_tag","embeddable":true,"href":"https:\/\/booklapland.ngmprojektit.fi\/de\/wp-json\/wp\/v2\/product_tag?post=6118"}],"curies":[{"name":"wp","href":"https:\/\/api.w.org\/{rel}","templated":true}]}}