{"id":6136,"date":"2025-07-24T22:40:19","date_gmt":"2025-07-24T22:40:19","guid":{"rendered":"https:\/\/booklapland.ngmprojektit.fi\/?post_type=product&#038;p=6136"},"modified":"2025-09-07T10:08:24","modified_gmt":"2025-09-07T10:08:24","slug":"santas-city-suite-kansankatu-7-c-22-337383","status":"publish","type":"product","link":"https:\/\/booklapland.ngmprojektit.fi\/de\/produkt\/santas-city-suite-kansankatu-7-c-22-337383\/","title":{"rendered":"Santa's City Suite"},"content":{"rendered":"<p data-start=\"423\" data-end=\"674\">Beschreibung<\/p>\n<p data-start=\"676\" data-end=\"1180\">Enjoy your stay in the heart of Rovaniemi at this spacious and beautifully appointed apartment. Perfect for families or groups, Santa\u2019s City Suite combines cozy living with modern comfort. Located near downtown shops, restaurants, and transportation hubs, this centrally located apartment offers a fully equipped kitchen, a private balcony, smart TV, and peaceful views of the city. Whether you&#8217;re chasing the northern lights or just relaxing after a day of Arctic adventures, this home is ready for you.<\/p>","protected":false},"excerpt":{"rendered":"<p data-start=\"423\" data-end=\"674\">Von diesem zentral gelegenen Haus aus hat Ihre gesamte Gruppe leichten Zugang zu allen wichtigen Zielen. Die ger\u00e4umige Wohnung ist ideal f\u00fcr Familien und gr\u00f6\u00dfere Gruppen und bietet allen Komfort f\u00fcr kurze und lange Aufenthalte. Genie\u00dfen Sie Ihren Aufenthalt im Herzen von Rovaniemi in dieser ger\u00e4umigen und sch\u00f6n eingerichteten Wohnung.<\/p>","protected":false},"featured_media":6159,"comment_status":"closed","ping_status":"closed","template":"","meta":{"_acf_changed":false,"ub_ctt_via":"","site-sidebar-layout":"default","site-content-layout":"","ast-site-content-layout":"default","site-content-style":"default","site-sidebar-style":"default","ast-global-header-display":"","ast-banner-title-visibility":"","ast-main-header-display":"","ast-hfb-above-header-display":"","ast-hfb-below-header-display":"","ast-hfb-mobile-header-display":"","site-post-title":"","ast-breadcrumbs-content":"","ast-featured-img":"","footer-sml-layout":"","theme-transparent-header-meta":"default","adv-header-id-meta":"","stick-header-meta":"","header-above-stick-meta":"","header-main-stick-meta":"","header-below-stick-meta":"","astra-migrate-meta-layouts":"set","ast-page-background-enabled":"default","ast-page-background-meta":{"desktop":{"background-color":"var(--ast-global-color-4)","background-image":"","background-repeat":"repeat","background-position":"center center","background-size":"auto","background-attachment":"scroll","background-type":"","background-media":"","overlay-type":"","overlay-color":"","overlay-opacity":"","overlay-gradient":""},"tablet":{"background-color":"","background-image":"","background-repeat":"repeat","background-position":"center center","background-size":"auto","background-attachment":"scroll","background-type":"","background-media":"","overlay-type":"","overlay-color":"","overlay-opacity":"","overlay-gradient":""},"mobile":{"background-color":"","background-image":"","background-repeat":"repeat","background-position":"center center","background-size":"auto","background-attachment":"scroll","background-type":"","background-media":"","overlay-type":"","overlay-color":"","overlay-opacity":"","overlay-gradient":""}},"ast-content-background-meta":{"desktop":{"background-color":"var(--ast-global-color-5)","background-image":"","background-repeat":"repeat","background-position":"center center","background-size":"auto","background-attachment":"scroll","background-type":"","background-media":"","overlay-type":"","overlay-color":"","overlay-opacity":"","overlay-gradient":""},"tablet":{"background-color":"var(--ast-global-color-5)","background-image":"","background-repeat":"repeat","background-position":"center center","background-size":"auto","background-attachment":"scroll","background-type":"","background-media":"","overlay-type":"","overlay-color":"","overlay-opacity":"","overlay-gradient":""},"mobile":{"background-color":"var(--ast-global-color-5)","background-image":"","background-repeat":"repeat","background-position":"center center","background-size":"auto","background-attachment":"scroll","background-type":"","background-media":"","overlay-type":"","overlay-color":"","overlay-opacity":"","overlay-gradient":""}},"_joinchat":[]},"badge":[58],"bed-type":[73],"capacity":[47],"features":[],"view":[81],"tour-type":[71],"product_brand":[],"product_cat":[37],"product_tag":[],"class_list":{"0":"post-6136","1":"product","2":"type-product","3":"status-publish","4":"has-post-thumbnail","6":"badge-for-families","7":"bed-type-73","8":"capacity-47","9":"view-city-center","10":"tour-type-city-apartments","11":"product_cat-accommodation","12":"desktop-align-left","13":"tablet-align-left","14":"mobile-align-left","16":"first","17":"instock","18":"shipping-taxable","19":"product-type-external"},"acf":[],"yoast_head":"<!-- This site is optimized with the Yoast SEO Premium plugin v25.9 (Yoast SEO v25.9) - https:\/\/yoast.com\/wordpress\/plugins\/seo\/ -->\n<title>Santa&#039;s City Suite - Book Lapland<\/title>\n<meta name=\"description\" content=\"Stay at Santa\u2019s City Suite! Modern, cozy city-center accommodation perfect for Arctic adventures and experiencing the magic of Rovaniemi.\" \/>\n<meta name=\"robots\" content=\"index, follow, max-snippet:-1, max-image-preview:large, max-video-preview:-1\" \/>\n<link rel=\"canonical\" href=\"https:\/\/booklapland.ngmprojektit.fi\/de\/produkt\/santas-city-suite-kansankatu-7-c-22-337383\/\" \/>\n<meta property=\"og:locale\" content=\"de_DE\" \/>\n<meta property=\"og:type\" content=\"article\" \/>\n<meta property=\"og:title\" content=\"Santa&#039;s City Suite\" \/>\n<meta property=\"og:description\" content=\"Stay at Santa\u2019s City Suite! Modern, cozy city-center accommodation perfect for Arctic adventures and experiencing the magic of Rovaniemi.\" \/>\n<meta property=\"og:url\" content=\"https:\/\/booklapland.ngmprojektit.fi\/de\/produkt\/santas-city-suite-kansankatu-7-c-22-337383\/\" \/>\n<meta property=\"og:site_name\" content=\"Book Lapland\" \/>\n<meta property=\"article:modified_time\" content=\"2025-09-07T10:08:24+00:00\" \/>\n<meta property=\"og:image\" content=\"https:\/\/booklapland.ngmprojektit.fi\/wp-content\/uploads\/2025\/07\/75211-337383-Pf3ITZdU71EBh-R06f0-oyoMZATr-y9W0bvdzY2UnS4-675ec1e519df2-small-1-1.jpeg\" \/>\n\t<meta property=\"og:image:width\" content=\"675\" \/>\n\t<meta property=\"og:image:height\" content=\"450\" \/>\n\t<meta property=\"og:image:type\" content=\"image\/jpeg\" \/>\n<meta name=\"twitter:card\" content=\"summary_large_image\" \/>\n<meta name=\"twitter:label1\" content=\"Gesch\u00e4tzte Lesezeit\" \/>\n\t<meta name=\"twitter:data1\" content=\"1\u00a0Minute\" \/>\n<script type=\"application\/ld+json\" class=\"yoast-schema-graph\">{\"@context\":\"https:\/\/schema.org\",\"@graph\":[{\"@type\":\"WebPage\",\"@id\":\"https:\/\/booklapland.ngmprojektit.fi\/product\/santas-city-suite-kansankatu-7-c-22-337383\/\",\"url\":\"https:\/\/booklapland.ngmprojektit.fi\/product\/santas-city-suite-kansankatu-7-c-22-337383\/\",\"name\":\"Santa's City Suite - Book Lapland\",\"isPartOf\":{\"@id\":\"https:\/\/booklapland.ngmprojektit.fi\/#website\"},\"primaryImageOfPage\":{\"@id\":\"https:\/\/booklapland.ngmprojektit.fi\/product\/santas-city-suite-kansankatu-7-c-22-337383\/#primaryimage\"},\"image\":{\"@id\":\"https:\/\/booklapland.ngmprojektit.fi\/product\/santas-city-suite-kansankatu-7-c-22-337383\/#primaryimage\"},\"thumbnailUrl\":\"https:\/\/booklapland.ngmprojektit.fi\/wp-content\/uploads\/2025\/07\/75211-337383-Pf3ITZdU71EBh-R06f0-oyoMZATr-y9W0bvdzY2UnS4-675ec1e519df2-small-1-1.jpeg\",\"datePublished\":\"2025-07-24T22:40:19+00:00\",\"dateModified\":\"2025-09-07T10:08:24+00:00\",\"description\":\"Stay at Santa\u2019s City Suite! Modern, cozy city-center accommodation perfect for Arctic adventures and experiencing the magic of Rovaniemi.\",\"breadcrumb\":{\"@id\":\"https:\/\/booklapland.ngmprojektit.fi\/product\/santas-city-suite-kansankatu-7-c-22-337383\/#breadcrumb\"},\"inLanguage\":\"de\",\"potentialAction\":[{\"@type\":\"ReadAction\",\"target\":[\"https:\/\/booklapland.ngmprojektit.fi\/product\/santas-city-suite-kansankatu-7-c-22-337383\/\"]}]},{\"@type\":\"ImageObject\",\"inLanguage\":\"de\",\"@id\":\"https:\/\/booklapland.ngmprojektit.fi\/product\/santas-city-suite-kansankatu-7-c-22-337383\/#primaryimage\",\"url\":\"https:\/\/booklapland.ngmprojektit.fi\/wp-content\/uploads\/2025\/07\/75211-337383-Pf3ITZdU71EBh-R06f0-oyoMZATr-y9W0bvdzY2UnS4-675ec1e519df2-small-1-1.jpeg\",\"contentUrl\":\"https:\/\/booklapland.ngmprojektit.fi\/wp-content\/uploads\/2025\/07\/75211-337383-Pf3ITZdU71EBh-R06f0-oyoMZATr-y9W0bvdzY2UnS4-675ec1e519df2-small-1-1.jpeg\",\"width\":675,\"height\":450},{\"@type\":\"BreadcrumbList\",\"@id\":\"https:\/\/booklapland.ngmprojektit.fi\/product\/santas-city-suite-kansankatu-7-c-22-337383\/#breadcrumb\",\"itemListElement\":[{\"@type\":\"ListItem\",\"position\":1,\"name\":\"Home\",\"item\":\"https:\/\/booklapland.ngmprojektit.fi\/\"},{\"@type\":\"ListItem\",\"position\":2,\"name\":\"Apartments\",\"item\":\"https:\/\/booklapland.ngmprojektit.fi\/apartments\/\"},{\"@type\":\"ListItem\",\"position\":3,\"name\":\"Santa&#8217;s City Suite\"}]},{\"@type\":\"WebSite\",\"@id\":\"https:\/\/booklapland.ngmprojektit.fi\/#website\",\"url\":\"https:\/\/booklapland.ngmprojektit.fi\/\",\"name\":\"Book Lapland\",\"description\":\"\",\"potentialAction\":[{\"@type\":\"SearchAction\",\"target\":{\"@type\":\"EntryPoint\",\"urlTemplate\":\"https:\/\/booklapland.ngmprojektit.fi\/?s={search_term_string}\"},\"query-input\":{\"@type\":\"PropertyValueSpecification\",\"valueRequired\":true,\"valueName\":\"search_term_string\"}}],\"inLanguage\":\"de\"}]}<\/script>\n<!-- \/ Yoast SEO Premium plugin. -->","yoast_head_json":{"title":"Santa's City Suite - Book Lapland","description":"Stay at Santa\u2019s City Suite! Modern, cozy city-center accommodation perfect for Arctic adventures and experiencing the magic of Rovaniemi.","robots":{"index":"index","follow":"follow","max-snippet":"max-snippet:-1","max-image-preview":"max-image-preview:large","max-video-preview":"max-video-preview:-1"},"canonical":"https:\/\/booklapland.ngmprojektit.fi\/de\/produkt\/santas-city-suite-kansankatu-7-c-22-337383\/","og_locale":"de_DE","og_type":"article","og_title":"Santa's City Suite","og_description":"Stay at Santa\u2019s City Suite! Modern, cozy city-center accommodation perfect for Arctic adventures and experiencing the magic of Rovaniemi.","og_url":"https:\/\/booklapland.ngmprojektit.fi\/de\/produkt\/santas-city-suite-kansankatu-7-c-22-337383\/","og_site_name":"Book Lapland","article_modified_time":"2025-09-07T10:08:24+00:00","og_image":[{"width":675,"height":450,"url":"https:\/\/booklapland.ngmprojektit.fi\/wp-content\/uploads\/2025\/07\/75211-337383-Pf3ITZdU71EBh-R06f0-oyoMZATr-y9W0bvdzY2UnS4-675ec1e519df2-small-1-1.jpeg","type":"image\/jpeg"}],"twitter_card":"summary_large_image","twitter_misc":{"Gesch\u00e4tzte Lesezeit":"1\u00a0Minute"},"schema":{"@context":"https:\/\/schema.org","@graph":[{"@type":"WebPage","@id":"https:\/\/booklapland.ngmprojektit.fi\/product\/santas-city-suite-kansankatu-7-c-22-337383\/","url":"https:\/\/booklapland.ngmprojektit.fi\/product\/santas-city-suite-kansankatu-7-c-22-337383\/","name":"Santa's City Suite - Book Lapland","isPartOf":{"@id":"https:\/\/booklapland.ngmprojektit.fi\/#website"},"primaryImageOfPage":{"@id":"https:\/\/booklapland.ngmprojektit.fi\/product\/santas-city-suite-kansankatu-7-c-22-337383\/#primaryimage"},"image":{"@id":"https:\/\/booklapland.ngmprojektit.fi\/product\/santas-city-suite-kansankatu-7-c-22-337383\/#primaryimage"},"thumbnailUrl":"https:\/\/booklapland.ngmprojektit.fi\/wp-content\/uploads\/2025\/07\/75211-337383-Pf3ITZdU71EBh-R06f0-oyoMZATr-y9W0bvdzY2UnS4-675ec1e519df2-small-1-1.jpeg","datePublished":"2025-07-24T22:40:19+00:00","dateModified":"2025-09-07T10:08:24+00:00","description":"Stay at Santa\u2019s City Suite! Modern, cozy city-center accommodation perfect for Arctic adventures and experiencing the magic of Rovaniemi.","breadcrumb":{"@id":"https:\/\/booklapland.ngmprojektit.fi\/product\/santas-city-suite-kansankatu-7-c-22-337383\/#breadcrumb"},"inLanguage":"de","potentialAction":[{"@type":"ReadAction","target":["https:\/\/booklapland.ngmprojektit.fi\/product\/santas-city-suite-kansankatu-7-c-22-337383\/"]}]},{"@type":"ImageObject","inLanguage":"de","@id":"https:\/\/booklapland.ngmprojektit.fi\/product\/santas-city-suite-kansankatu-7-c-22-337383\/#primaryimage","url":"https:\/\/booklapland.ngmprojektit.fi\/wp-content\/uploads\/2025\/07\/75211-337383-Pf3ITZdU71EBh-R06f0-oyoMZATr-y9W0bvdzY2UnS4-675ec1e519df2-small-1-1.jpeg","contentUrl":"https:\/\/booklapland.ngmprojektit.fi\/wp-content\/uploads\/2025\/07\/75211-337383-Pf3ITZdU71EBh-R06f0-oyoMZATr-y9W0bvdzY2UnS4-675ec1e519df2-small-1-1.jpeg","width":675,"height":450},{"@type":"BreadcrumbList","@id":"https:\/\/booklapland.ngmprojektit.fi\/product\/santas-city-suite-kansankatu-7-c-22-337383\/#breadcrumb","itemListElement":[{"@type":"ListItem","position":1,"name":"Home","item":"https:\/\/booklapland.ngmprojektit.fi\/"},{"@type":"ListItem","position":2,"name":"Apartments","item":"https:\/\/booklapland.ngmprojektit.fi\/apartments\/"},{"@type":"ListItem","position":3,"name":"Santa&#8217;s City Suite"}]},{"@type":"WebSite","@id":"https:\/\/booklapland.ngmprojektit.fi\/#website","url":"https:\/\/booklapland.ngmprojektit.fi\/","name":"Lappland buchen","description":"","potentialAction":[{"@type":"SearchAction","target":{"@type":"EntryPoint","urlTemplate":"https:\/\/booklapland.ngmprojektit.fi\/?s={search_term_string}"},"query-input":{"@type":"PropertyValueSpecification","valueRequired":true,"valueName":"search_term_string"}}],"inLanguage":"de"}]}},"_links":{"self":[{"href":"https:\/\/booklapland.ngmprojektit.fi\/de\/wp-json\/wp\/v2\/product\/6136","targetHints":{"allow":["GET"]}}],"collection":[{"href":"https:\/\/booklapland.ngmprojektit.fi\/de\/wp-json\/wp\/v2\/product"}],"about":[{"href":"https:\/\/booklapland.ngmprojektit.fi\/de\/wp-json\/wp\/v2\/types\/product"}],"replies":[{"embeddable":true,"href":"https:\/\/booklapland.ngmprojektit.fi\/de\/wp-json\/wp\/v2\/comments?post=6136"}],"wp:featuredmedia":[{"embeddable":true,"href":"https:\/\/booklapland.ngmprojektit.fi\/de\/wp-json\/wp\/v2\/media\/6159"}],"wp:attachment":[{"href":"https:\/\/booklapland.ngmprojektit.fi\/de\/wp-json\/wp\/v2\/media?parent=6136"}],"wp:term":[{"taxonomy":"badge","embeddable":true,"href":"https:\/\/booklapland.ngmprojektit.fi\/de\/wp-json\/wp\/v2\/badge?post=6136"},{"taxonomy":"bed-type","embeddable":true,"href":"https:\/\/booklapland.ngmprojektit.fi\/de\/wp-json\/wp\/v2\/bed-type?post=6136"},{"taxonomy":"capacity","embeddable":true,"href":"https:\/\/booklapland.ngmprojektit.fi\/de\/wp-json\/wp\/v2\/capacity?post=6136"},{"taxonomy":"features","embeddable":true,"href":"https:\/\/booklapland.ngmprojektit.fi\/de\/wp-json\/wp\/v2\/features?post=6136"},{"taxonomy":"view","embeddable":true,"href":"https:\/\/booklapland.ngmprojektit.fi\/de\/wp-json\/wp\/v2\/view?post=6136"},{"taxonomy":"tour-type","embeddable":true,"href":"https:\/\/booklapland.ngmprojektit.fi\/de\/wp-json\/wp\/v2\/tour-type?post=6136"},{"taxonomy":"product_brand","embeddable":true,"href":"https:\/\/booklapland.ngmprojektit.fi\/de\/wp-json\/wp\/v2\/product_brand?post=6136"},{"taxonomy":"product_cat","embeddable":true,"href":"https:\/\/booklapland.ngmprojektit.fi\/de\/wp-json\/wp\/v2\/product_cat?post=6136"},{"taxonomy":"product_tag","embeddable":true,"href":"https:\/\/booklapland.ngmprojektit.fi\/de\/wp-json\/wp\/v2\/product_tag?post=6136"}],"curies":[{"name":"wp","href":"https:\/\/api.w.org\/{rel}","templated":true}]}}