{"id":6336,"date":"2025-07-24T23:48:15","date_gmt":"2025-07-24T23:48:15","guid":{"rendered":"https:\/\/booklapland.ngmprojektit.fi\/?post_type=product&#038;p=6336"},"modified":"2025-09-07T08:49:29","modified_gmt":"2025-09-07T08:49:29","slug":"arktische-villa-ranka-392285","status":"publish","type":"product","link":"https:\/\/booklapland.ngmprojektit.fi\/de\/produkt\/arktische-villa-ranka-392285\/","title":{"rendered":"Arktische Villa Ranka"},"content":{"rendered":"<p data-start=\"366\" data-end=\"911\">Beschreibung<\/p>\n<p data-start=\"366\" data-end=\"911\">Diese stilvolle und ger\u00e4umige freistehende Villa ist Ihr perfekter Urlaubsort im Herzen Lapplands. Mit 3 gem\u00fctlichen Schlafzimmern bietet die Arctic Villa Ranka bequem Platz f\u00fcr bis zu 8 Personen und ist somit ideal f\u00fcr Familien oder Gruppen. Das Anwesen verf\u00fcgt \u00fcber ein <strong data-start=\"602\" data-end=\"619\">Privatsauna<\/strong>, <strong data-start=\"621\" data-end=\"635\">schnelles Wi-Fi<\/strong>, a <strong data-start=\"639\" data-end=\"665\">voll ausgestattete K\u00fcche<\/strong>und <strong data-start=\"671\" data-end=\"695\">kostenlose Privatparkpl\u00e4tze<\/strong>. Nach einem Tag voller Abenteuer unter den Nordlichtern oder der Erkundung von Rovaniemi k\u00f6nnen Sie sich in der friedlichen Atmosph\u00e4re Ihres eigenen Gartens entspannen oder in der Sauna relaxen. Alles, was Sie f\u00fcr einen erholsamen Aufenthalt brauchen, finden Sie hier.<\/p>","protected":false},"excerpt":{"rendered":"<p data-start=\"366\" data-end=\"911\">Diese stilvolle und ger\u00e4umige freistehende Villa ist Ihr perfekter Urlaubsort im Herzen Lapplands. Mit 3 gem\u00fctlichen Schlafzimmern bietet die Arctic Villa Ranka bequem Platz f\u00fcr bis zu 8 Personen und ist somit ideal f\u00fcr Familien oder Gruppen. Das Haus verf\u00fcgt \u00fcber eine private Sauna, schnelles Wi-Fi, eine voll ausgestattete K\u00fcche und kostenlose Privatparkpl\u00e4tze. Nach einem Tag voller Abenteuer unter den Nordlichtern oder der Erkundung von Rovaniemi k\u00f6nnen Sie sich in der friedlichen Atmosph\u00e4re Ihres eigenen Gartens entspannen oder in der Sauna relaxen. Alles, was Sie f\u00fcr einen erholsamen Aufenthalt brauchen, finden Sie hier.<\/p>","protected":false},"featured_media":6366,"comment_status":"closed","ping_status":"closed","template":"","meta":{"_acf_changed":false,"ub_ctt_via":"","site-sidebar-layout":"default","site-content-layout":"","ast-site-content-layout":"default","site-content-style":"default","site-sidebar-style":"default","ast-global-header-display":"","ast-banner-title-visibility":"","ast-main-header-display":"","ast-hfb-above-header-display":"","ast-hfb-below-header-display":"","ast-hfb-mobile-header-display":"","site-post-title":"","ast-breadcrumbs-content":"","ast-featured-img":"","footer-sml-layout":"","theme-transparent-header-meta":"default","adv-header-id-meta":"","stick-header-meta":"","header-above-stick-meta":"","header-main-stick-meta":"","header-below-stick-meta":"","astra-migrate-meta-layouts":"set","ast-page-background-enabled":"default","ast-page-background-meta":{"desktop":{"background-color":"var(--ast-global-color-4)","background-image":"","background-repeat":"repeat","background-position":"center center","background-size":"auto","background-attachment":"scroll","background-type":"","background-media":"","overlay-type":"","overlay-color":"","overlay-opacity":"","overlay-gradient":""},"tablet":{"background-color":"","background-image":"","background-repeat":"repeat","background-position":"center center","background-size":"auto","background-attachment":"scroll","background-type":"","background-media":"","overlay-type":"","overlay-color":"","overlay-opacity":"","overlay-gradient":""},"mobile":{"background-color":"","background-image":"","background-repeat":"repeat","background-position":"center center","background-size":"auto","background-attachment":"scroll","background-type":"","background-media":"","overlay-type":"","overlay-color":"","overlay-opacity":"","overlay-gradient":""}},"ast-content-background-meta":{"desktop":{"background-color":"var(--ast-global-color-5)","background-image":"","background-repeat":"repeat","background-position":"center center","background-size":"auto","background-attachment":"scroll","background-type":"","background-media":"","overlay-type":"","overlay-color":"","overlay-opacity":"","overlay-gradient":""},"tablet":{"background-color":"var(--ast-global-color-5)","background-image":"","background-repeat":"repeat","background-position":"center center","background-size":"auto","background-attachment":"scroll","background-type":"","background-media":"","overlay-type":"","overlay-color":"","overlay-opacity":"","overlay-gradient":""},"mobile":{"background-color":"var(--ast-global-color-5)","background-image":"","background-repeat":"repeat","background-position":"center center","background-size":"auto","background-attachment":"scroll","background-type":"","background-media":"","overlay-type":"","overlay-color":"","overlay-opacity":"","overlay-gradient":""}},"_joinchat":[]},"badge":[58],"bed-type":[74],"capacity":[47],"features":[80,49],"view":[84],"tour-type":[70],"product_brand":[],"product_cat":[37],"product_tag":[],"class_list":{"0":"post-6336","1":"product","2":"type-product","3":"status-publish","4":"has-post-thumbnail","6":"badge-for-families","7":"bed-type-74","8":"capacity-47","9":"features-free-parking","10":"features-sauna","11":"view-near-nature","12":"tour-type-villas","13":"product_cat-accommodation","14":"desktop-align-left","15":"tablet-align-left","16":"mobile-align-left","18":"first","19":"instock","20":"shipping-taxable","21":"product-type-external"},"acf":[],"yoast_head":"<!-- This site is optimized with the Yoast SEO Premium plugin v25.9 (Yoast SEO v25.9) - https:\/\/yoast.com\/wordpress\/plugins\/seo\/ -->\n<title>Arctic Villa Ranka - Book Lapland<\/title>\n<meta name=\"description\" content=\"Stay at Arctic Villa Ranka! Cozy, modern villa offering comfort, privacy, and easy access to Arctic attractions and nature adventures.\" \/>\n<meta name=\"robots\" content=\"index, follow, max-snippet:-1, max-image-preview:large, max-video-preview:-1\" \/>\n<link rel=\"canonical\" href=\"https:\/\/booklapland.ngmprojektit.fi\/de\/produkt\/arktische-villa-ranka-392285\/\" \/>\n<meta property=\"og:locale\" content=\"de_DE\" \/>\n<meta property=\"og:type\" content=\"article\" \/>\n<meta property=\"og:title\" content=\"Arctic Villa Ranka\" \/>\n<meta property=\"og:description\" content=\"Stay at Arctic Villa Ranka! Cozy, modern villa offering comfort, privacy, and easy access to Arctic attractions and nature adventures.\" \/>\n<meta property=\"og:url\" content=\"https:\/\/booklapland.ngmprojektit.fi\/de\/produkt\/arktische-villa-ranka-392285\/\" \/>\n<meta property=\"og:site_name\" content=\"Book Lapland\" \/>\n<meta property=\"article:modified_time\" content=\"2025-09-07T08:49:29+00:00\" \/>\n<meta property=\"og:image\" content=\"https:\/\/booklapland.ngmprojektit.fi\/wp-content\/uploads\/2025\/07\/75211-392285-F8n-Dhmngg7eGDYhnuFZ9WfKK9bgANWeTieNN6DZiKA-682737633e48c-small-1.jpeg\" \/>\n\t<meta property=\"og:image:width\" content=\"675\" \/>\n\t<meta property=\"og:image:height\" content=\"450\" \/>\n\t<meta property=\"og:image:type\" content=\"image\/jpeg\" \/>\n<meta name=\"twitter:card\" content=\"summary_large_image\" \/>\n<meta name=\"twitter:label1\" content=\"Gesch\u00e4tzte Lesezeit\" \/>\n\t<meta name=\"twitter:data1\" content=\"1\u00a0Minute\" \/>\n<script type=\"application\/ld+json\" class=\"yoast-schema-graph\">{\"@context\":\"https:\/\/schema.org\",\"@graph\":[{\"@type\":\"WebPage\",\"@id\":\"https:\/\/booklapland.ngmprojektit.fi\/product\/arctic-villa-ranka-392285\/\",\"url\":\"https:\/\/booklapland.ngmprojektit.fi\/product\/arctic-villa-ranka-392285\/\",\"name\":\"Arctic Villa Ranka - Book Lapland\",\"isPartOf\":{\"@id\":\"https:\/\/booklapland.ngmprojektit.fi\/#website\"},\"primaryImageOfPage\":{\"@id\":\"https:\/\/booklapland.ngmprojektit.fi\/product\/arctic-villa-ranka-392285\/#primaryimage\"},\"image\":{\"@id\":\"https:\/\/booklapland.ngmprojektit.fi\/product\/arctic-villa-ranka-392285\/#primaryimage\"},\"thumbnailUrl\":\"https:\/\/booklapland.ngmprojektit.fi\/wp-content\/uploads\/2025\/07\/75211-392285-F8n-Dhmngg7eGDYhnuFZ9WfKK9bgANWeTieNN6DZiKA-682737633e48c-small-1.jpeg\",\"datePublished\":\"2025-07-24T23:48:15+00:00\",\"dateModified\":\"2025-09-07T08:49:29+00:00\",\"description\":\"Stay at Arctic Villa Ranka! Cozy, modern villa offering comfort, privacy, and easy access to Arctic attractions and nature adventures.\",\"breadcrumb\":{\"@id\":\"https:\/\/booklapland.ngmprojektit.fi\/product\/arctic-villa-ranka-392285\/#breadcrumb\"},\"inLanguage\":\"de\",\"potentialAction\":[{\"@type\":\"ReadAction\",\"target\":[\"https:\/\/booklapland.ngmprojektit.fi\/product\/arctic-villa-ranka-392285\/\"]}]},{\"@type\":\"ImageObject\",\"inLanguage\":\"de\",\"@id\":\"https:\/\/booklapland.ngmprojektit.fi\/product\/arctic-villa-ranka-392285\/#primaryimage\",\"url\":\"https:\/\/booklapland.ngmprojektit.fi\/wp-content\/uploads\/2025\/07\/75211-392285-F8n-Dhmngg7eGDYhnuFZ9WfKK9bgANWeTieNN6DZiKA-682737633e48c-small-1.jpeg\",\"contentUrl\":\"https:\/\/booklapland.ngmprojektit.fi\/wp-content\/uploads\/2025\/07\/75211-392285-F8n-Dhmngg7eGDYhnuFZ9WfKK9bgANWeTieNN6DZiKA-682737633e48c-small-1.jpeg\",\"width\":675,\"height\":450},{\"@type\":\"BreadcrumbList\",\"@id\":\"https:\/\/booklapland.ngmprojektit.fi\/product\/arctic-villa-ranka-392285\/#breadcrumb\",\"itemListElement\":[{\"@type\":\"ListItem\",\"position\":1,\"name\":\"Home\",\"item\":\"https:\/\/booklapland.ngmprojektit.fi\/\"},{\"@type\":\"ListItem\",\"position\":2,\"name\":\"Apartments\",\"item\":\"https:\/\/booklapland.ngmprojektit.fi\/apartments\/\"},{\"@type\":\"ListItem\",\"position\":3,\"name\":\"Arctic Villa Ranka\"}]},{\"@type\":\"WebSite\",\"@id\":\"https:\/\/booklapland.ngmprojektit.fi\/#website\",\"url\":\"https:\/\/booklapland.ngmprojektit.fi\/\",\"name\":\"Book Lapland\",\"description\":\"\",\"potentialAction\":[{\"@type\":\"SearchAction\",\"target\":{\"@type\":\"EntryPoint\",\"urlTemplate\":\"https:\/\/booklapland.ngmprojektit.fi\/?s={search_term_string}\"},\"query-input\":{\"@type\":\"PropertyValueSpecification\",\"valueRequired\":true,\"valueName\":\"search_term_string\"}}],\"inLanguage\":\"de\"}]}<\/script>\n<!-- \/ Yoast SEO Premium plugin. -->","yoast_head_json":{"title":"Arctic Villa Ranka - Buchen Sie Lappland","description":"Stay at Arctic Villa Ranka! Cozy, modern villa offering comfort, privacy, and easy access to Arctic attractions and nature adventures.","robots":{"index":"index","follow":"follow","max-snippet":"max-snippet:-1","max-image-preview":"max-image-preview:large","max-video-preview":"max-video-preview:-1"},"canonical":"https:\/\/booklapland.ngmprojektit.fi\/de\/produkt\/arktische-villa-ranka-392285\/","og_locale":"de_DE","og_type":"article","og_title":"Arctic Villa Ranka","og_description":"Stay at Arctic Villa Ranka! Cozy, modern villa offering comfort, privacy, and easy access to Arctic attractions and nature adventures.","og_url":"https:\/\/booklapland.ngmprojektit.fi\/de\/produkt\/arktische-villa-ranka-392285\/","og_site_name":"Book Lapland","article_modified_time":"2025-09-07T08:49:29+00:00","og_image":[{"width":675,"height":450,"url":"https:\/\/booklapland.ngmprojektit.fi\/wp-content\/uploads\/2025\/07\/75211-392285-F8n-Dhmngg7eGDYhnuFZ9WfKK9bgANWeTieNN6DZiKA-682737633e48c-small-1.jpeg","type":"image\/jpeg"}],"twitter_card":"summary_large_image","twitter_misc":{"Gesch\u00e4tzte Lesezeit":"1\u00a0Minute"},"schema":{"@context":"https:\/\/schema.org","@graph":[{"@type":"WebPage","@id":"https:\/\/booklapland.ngmprojektit.fi\/product\/arctic-villa-ranka-392285\/","url":"https:\/\/booklapland.ngmprojektit.fi\/product\/arctic-villa-ranka-392285\/","name":"Arctic Villa Ranka - Buchen Sie Lappland","isPartOf":{"@id":"https:\/\/booklapland.ngmprojektit.fi\/#website"},"primaryImageOfPage":{"@id":"https:\/\/booklapland.ngmprojektit.fi\/product\/arctic-villa-ranka-392285\/#primaryimage"},"image":{"@id":"https:\/\/booklapland.ngmprojektit.fi\/product\/arctic-villa-ranka-392285\/#primaryimage"},"thumbnailUrl":"https:\/\/booklapland.ngmprojektit.fi\/wp-content\/uploads\/2025\/07\/75211-392285-F8n-Dhmngg7eGDYhnuFZ9WfKK9bgANWeTieNN6DZiKA-682737633e48c-small-1.jpeg","datePublished":"2025-07-24T23:48:15+00:00","dateModified":"2025-09-07T08:49:29+00:00","description":"Stay at Arctic Villa Ranka! Cozy, modern villa offering comfort, privacy, and easy access to Arctic attractions and nature adventures.","breadcrumb":{"@id":"https:\/\/booklapland.ngmprojektit.fi\/product\/arctic-villa-ranka-392285\/#breadcrumb"},"inLanguage":"de","potentialAction":[{"@type":"ReadAction","target":["https:\/\/booklapland.ngmprojektit.fi\/product\/arctic-villa-ranka-392285\/"]}]},{"@type":"ImageObject","inLanguage":"de","@id":"https:\/\/booklapland.ngmprojektit.fi\/product\/arctic-villa-ranka-392285\/#primaryimage","url":"https:\/\/booklapland.ngmprojektit.fi\/wp-content\/uploads\/2025\/07\/75211-392285-F8n-Dhmngg7eGDYhnuFZ9WfKK9bgANWeTieNN6DZiKA-682737633e48c-small-1.jpeg","contentUrl":"https:\/\/booklapland.ngmprojektit.fi\/wp-content\/uploads\/2025\/07\/75211-392285-F8n-Dhmngg7eGDYhnuFZ9WfKK9bgANWeTieNN6DZiKA-682737633e48c-small-1.jpeg","width":675,"height":450},{"@type":"BreadcrumbList","@id":"https:\/\/booklapland.ngmprojektit.fi\/product\/arctic-villa-ranka-392285\/#breadcrumb","itemListElement":[{"@type":"ListItem","position":1,"name":"Home","item":"https:\/\/booklapland.ngmprojektit.fi\/"},{"@type":"ListItem","position":2,"name":"Apartments","item":"https:\/\/booklapland.ngmprojektit.fi\/apartments\/"},{"@type":"ListItem","position":3,"name":"Arctic Villa Ranka"}]},{"@type":"WebSite","@id":"https:\/\/booklapland.ngmprojektit.fi\/#website","url":"https:\/\/booklapland.ngmprojektit.fi\/","name":"Lappland buchen","description":"","potentialAction":[{"@type":"SearchAction","target":{"@type":"EntryPoint","urlTemplate":"https:\/\/booklapland.ngmprojektit.fi\/?s={search_term_string}"},"query-input":{"@type":"PropertyValueSpecification","valueRequired":true,"valueName":"search_term_string"}}],"inLanguage":"de"}]}},"_links":{"self":[{"href":"https:\/\/booklapland.ngmprojektit.fi\/de\/wp-json\/wp\/v2\/product\/6336","targetHints":{"allow":["GET"]}}],"collection":[{"href":"https:\/\/booklapland.ngmprojektit.fi\/de\/wp-json\/wp\/v2\/product"}],"about":[{"href":"https:\/\/booklapland.ngmprojektit.fi\/de\/wp-json\/wp\/v2\/types\/product"}],"replies":[{"embeddable":true,"href":"https:\/\/booklapland.ngmprojektit.fi\/de\/wp-json\/wp\/v2\/comments?post=6336"}],"wp:featuredmedia":[{"embeddable":true,"href":"https:\/\/booklapland.ngmprojektit.fi\/de\/wp-json\/wp\/v2\/media\/6366"}],"wp:attachment":[{"href":"https:\/\/booklapland.ngmprojektit.fi\/de\/wp-json\/wp\/v2\/media?parent=6336"}],"wp:term":[{"taxonomy":"badge","embeddable":true,"href":"https:\/\/booklapland.ngmprojektit.fi\/de\/wp-json\/wp\/v2\/badge?post=6336"},{"taxonomy":"bed-type","embeddable":true,"href":"https:\/\/booklapland.ngmprojektit.fi\/de\/wp-json\/wp\/v2\/bed-type?post=6336"},{"taxonomy":"capacity","embeddable":true,"href":"https:\/\/booklapland.ngmprojektit.fi\/de\/wp-json\/wp\/v2\/capacity?post=6336"},{"taxonomy":"features","embeddable":true,"href":"https:\/\/booklapland.ngmprojektit.fi\/de\/wp-json\/wp\/v2\/features?post=6336"},{"taxonomy":"view","embeddable":true,"href":"https:\/\/booklapland.ngmprojektit.fi\/de\/wp-json\/wp\/v2\/view?post=6336"},{"taxonomy":"tour-type","embeddable":true,"href":"https:\/\/booklapland.ngmprojektit.fi\/de\/wp-json\/wp\/v2\/tour-type?post=6336"},{"taxonomy":"product_brand","embeddable":true,"href":"https:\/\/booklapland.ngmprojektit.fi\/de\/wp-json\/wp\/v2\/product_brand?post=6336"},{"taxonomy":"product_cat","embeddable":true,"href":"https:\/\/booklapland.ngmprojektit.fi\/de\/wp-json\/wp\/v2\/product_cat?post=6336"},{"taxonomy":"product_tag","embeddable":true,"href":"https:\/\/booklapland.ngmprojektit.fi\/de\/wp-json\/wp\/v2\/product_tag?post=6336"}],"curies":[{"name":"wp","href":"https:\/\/api.w.org\/{rel}","templated":true}]}}