{"id":3533,"date":"2025-06-10T09:13:39","date_gmt":"2025-06-10T09:13:39","guid":{"rendered":"https:\/\/booklapland.ngmprojektit.fi\/?page_id=3533"},"modified":"2025-09-08T11:01:58","modified_gmt":"2025-09-08T11:01:58","slug":"ice-fishing-with-snowmobiles","status":"publish","type":"page","link":"https:\/\/booklapland.ngmprojektit.fi\/es\/ice-fishing-with-snowmobiles\/","title":{"rendered":"Pesca en hielo con motos de nieve"},"content":{"rendered":"<div data-elementor-type=\"wp-page\" data-elementor-id=\"3533\" class=\"elementor elementor-3533\" data-elementor-post-type=\"page\">\n\t\t\t\t\t\t<section class=\"has_eae_slider elementor-section elementor-top-section elementor-element elementor-element-31f9bd18 elementor-section-full_width elementor-section-height-default elementor-section-height-default\" data-eae-slider=\"16623\" data-id=\"31f9bd18\" data-element_type=\"section\" data-settings=\"{&quot;background_background&quot;:&quot;classic&quot;}\">\n\t\t\t\t\t\t\t<div class=\"elementor-background-overlay\"><\/div>\n\t\t\t\t\t\t\t<div class=\"elementor-container elementor-column-gap-default\">\n\t\t\t\t\t<div class=\"has_eae_slider elementor-column elementor-col-100 elementor-top-column elementor-element elementor-element-2686f713\" data-eae-slider=\"7418\" data-id=\"2686f713\" data-element_type=\"column\">\n\t\t\t<div class=\"elementor-widget-wrap\">\n\t\t\t\t\t\t\t<\/div>\n\t\t<\/div>\n\t\t\t\t\t<\/div>\n\t\t<\/section>\n\t\t\t\t<section class=\"has_eae_slider elementor-section elementor-top-section elementor-element elementor-element-bd3765f elementor-section-full_width elementor-section-height-default elementor-section-height-default\" data-eae-slider=\"58387\" data-id=\"bd3765f\" data-element_type=\"section\">\n\t\t\t\t\t\t<div class=\"elementor-container elementor-column-gap-default\">\n\t\t\t\t\t<div class=\"has_eae_slider elementor-column elementor-col-100 elementor-top-column elementor-element elementor-element-4fe6e0f7\" data-eae-slider=\"90683\" data-id=\"4fe6e0f7\" data-element_type=\"column\">\n\t\t\t<div class=\"elementor-widget-wrap elementor-element-populated\">\n\t\t\t\t\t\t<div class=\"elementor-element elementor-element-386d7401 elementor-arrows-position-inside elementor-pagination-position-outside elementor-widget elementor-widget-image-carousel\" data-id=\"386d7401\" data-element_type=\"widget\" data-settings=\"{&quot;slides_to_show&quot;:&quot;3&quot;,&quot;image_spacing_custom&quot;:{&quot;unit&quot;:&quot;px&quot;,&quot;size&quot;:8,&quot;sizes&quot;:[]},&quot;navigation&quot;:&quot;both&quot;,&quot;autoplay&quot;:&quot;yes&quot;,&quot;pause_on_hover&quot;:&quot;yes&quot;,&quot;pause_on_interaction&quot;:&quot;yes&quot;,&quot;autoplay_speed&quot;:5000,&quot;infinite&quot;:&quot;yes&quot;,&quot;speed&quot;:500,&quot;image_spacing_custom_tablet&quot;:{&quot;unit&quot;:&quot;px&quot;,&quot;size&quot;:&quot;&quot;,&quot;sizes&quot;:[]},&quot;image_spacing_custom_mobile&quot;:{&quot;unit&quot;:&quot;px&quot;,&quot;size&quot;:&quot;&quot;,&quot;sizes&quot;:[]}}\" data-widget_type=\"image-carousel.default\">\n\t\t\t\t<div class=\"elementor-widget-container\">\n\t\t\t\t\t\t\t<div class=\"elementor-image-carousel-wrapper swiper\" role=\"region\" aria-roledescription=\"carousel\" aria-label=\"Carrusel de im\u00e1genes\" dir=\"ltr\">\n\t\t\t<div class=\"elementor-image-carousel swiper-wrapper\" aria-live=\"off\">\n\t\t\t\t\t\t\t\t<div class=\"swiper-slide\" role=\"group\" aria-roledescription=\"slide\" aria-label=\"3 \u0a26\u0a3e 1\" data-no-translation-aria-label=\"\"><figure class=\"swiper-slide-inner\"><img decoding=\"async\" class=\"swiper-slide-image\" src=\"https:\/\/booklapland.ngmprojektit.fi\/wp-content\/uploads\/2025\/06\/kuva_2025-06-10_121556125-1024x575.png\" alt=\"kuva_2025-06-10_121556125\" \/><\/figure><\/div><div class=\"swiper-slide\" role=\"group\" aria-roledescription=\"slide\" aria-label=\"3 \u0a26\u0a3e 2\" data-no-translation-aria-label=\"\"><figure class=\"swiper-slide-inner\"><img decoding=\"async\" class=\"swiper-slide-image\" src=\"https:\/\/booklapland.ngmprojektit.fi\/wp-content\/uploads\/2025\/06\/kuva_2025-06-10_121607167-1024x575.png\" alt=\"kuva_2025-06-10_121607167\" \/><\/figure><\/div><div class=\"swiper-slide\" role=\"group\" aria-roledescription=\"slide\" aria-label=\"3 \u0a26\u0a3e 3\" data-no-translation-aria-label=\"\"><figure class=\"swiper-slide-inner\"><img decoding=\"async\" class=\"swiper-slide-image\" src=\"https:\/\/booklapland.ngmprojektit.fi\/wp-content\/uploads\/2025\/06\/kuva_2025-06-10_121616806-1024x575.png\" alt=\"kuva_2025-06-10_121616806\" \/><\/figure><\/div>\t\t\t<\/div>\n\t\t\t\t\t\t\t\t\t\t\t\t<div class=\"elementor-swiper-button elementor-swiper-button-prev\" role=\"button\" tabindex=\"0\">\n\t\t\t\t\t\t<svg aria-hidden=\"true\" class=\"e-font-icon-svg e-eicon-chevron-left\" viewbox=\"0 0 1000 1000\" xmlns=\"http:\/\/www.w3.org\/2000\/svg\"><path d=\"M646 125C629 125 613 133 604 142L308 442C296 454 292 471 292 487 292 504 296 521 308 533L604 854C617 867 629 875 646 875 663 875 679 871 692 858 704 846 713 829 713 812 713 796 708 779 692 767L438 487 692 225C700 217 708 204 708 187 708 171 704 154 692 142 675 129 663 125 646 125Z\"><\/path><\/svg>\t\t\t\t\t<\/div>\n\t\t\t\t\t<div class=\"elementor-swiper-button elementor-swiper-button-next\" role=\"button\" tabindex=\"0\">\n\t\t\t\t\t\t<svg aria-hidden=\"true\" class=\"e-font-icon-svg e-eicon-chevron-right\" viewbox=\"0 0 1000 1000\" xmlns=\"http:\/\/www.w3.org\/2000\/svg\"><path d=\"M696 533C708 521 713 504 713 487 713 471 708 454 696 446L400 146C388 133 375 125 354 125 338 125 325 129 313 142 300 154 292 171 292 187 292 204 296 221 308 233L563 492 304 771C292 783 288 800 288 817 288 833 296 850 308 863 321 871 338 875 354 875 371 875 388 867 400 854L696 533Z\"><\/path><\/svg>\t\t\t\t\t<\/div>\n\t\t\t\t\n\t\t\t\t\t\t\t\t\t<div class=\"swiper-pagination\"><\/div>\n\t\t\t\t\t\t\t\t\t<\/div>\n\t\t\t\t\t\t<\/div>\n\t\t\t\t<\/div>\n\t\t\t\t\t<\/div>\n\t\t<\/div>\n\t\t\t\t\t<\/div>\n\t\t<\/section>\n\t\t\t\t<section class=\"has_eae_slider elementor-section elementor-top-section elementor-element elementor-element-508c68f7 elementor-section-boxed elementor-section-height-default elementor-section-height-default\" data-eae-slider=\"38577\" data-id=\"508c68f7\" data-element_type=\"section\">\n\t\t\t\t\t\t<div class=\"elementor-container elementor-column-gap-default\">\n\t\t\t\t\t<div class=\"has_eae_slider elementor-column elementor-col-50 elementor-top-column elementor-element elementor-element-414104e7\" data-eae-slider=\"74101\" data-id=\"414104e7\" data-element_type=\"column\">\n\t\t\t<div class=\"elementor-widget-wrap elementor-element-populated\">\n\t\t\t\t\t\t<div class=\"elementor-element elementor-element-77591705 elementor-widget elementor-widget-heading\" data-id=\"77591705\" data-element_type=\"widget\" data-widget_type=\"heading.default\">\n\t\t\t\t<div class=\"elementor-widget-container\">\n\t\t\t\t\t<h1 class=\"elementor-heading-title elementor-size-default\">Pesca en hielo con motos de nieve<\/h1>\t\t\t\t<\/div>\n\t\t\t\t<\/div>\n\t\t\t\t<div class=\"elementor-element elementor-element-3da28180 elementor-icon-list--layout-inline elementor-list-item-link-full_width elementor-widget elementor-widget-icon-list\" data-id=\"3da28180\" data-element_type=\"widget\" data-widget_type=\"icon-list.default\">\n\t\t\t\t<div class=\"elementor-widget-container\">\n\t\t\t\t\t\t\t<ul class=\"elementor-icon-list-items elementor-inline-items\">\n\t\t\t\t\t\t\t<li class=\"elementor-icon-list-item elementor-inline-item\">\n\t\t\t\t\t\t\t\t\t\t\t<span class=\"elementor-icon-list-icon\">\n\t\t\t\t\t\t\t<svg aria-hidden=\"true\" class=\"e-font-icon-svg e-far-clock\" viewbox=\"0 0 512 512\" xmlns=\"http:\/\/www.w3.org\/2000\/svg\"><path d=\"M256 8C119 8 8 119 8 256s111 248 248 248 248-111 248-248S393 8 256 8zm0 448c-110.5 0-200-89.5-200-200S145.5 56 256 56s200 89.5 200 200-89.5 200-200 200zm61.8-104.4l-84.9-61.7c-3.1-2.3-4.9-5.9-4.9-9.7V116c0-6.6 5.4-12 12-12h32c6.6 0 12 5.4 12 12v141.7l66.8 48.6c5.4 3.9 6.5 11.4 2.6 16.8L334.6 349c-3.9 5.3-11.4 6.5-16.8 2.6z\"><\/path><\/svg>\t\t\t\t\t\t<\/span>\n\t\t\t\t\t\t\t\t\t\t<span class=\"elementor-icon-list-text\">6 horas<\/span>\n\t\t\t\t\t\t\t\t\t<\/li>\n\t\t\t\t\t\t\t\t<li class=\"elementor-icon-list-item elementor-inline-item\">\n\t\t\t\t\t\t\t\t\t\t\t<span class=\"elementor-icon-list-icon\">\n\t\t\t\t\t\t\t<svg aria-hidden=\"true\" class=\"e-font-icon-svg e-fas-chart-pie\" viewbox=\"0 0 544 512\" xmlns=\"http:\/\/www.w3.org\/2000\/svg\"><path d=\"M527.79 288H290.5l158.03 158.03c6.04 6.04 15.98 6.53 22.19.68 38.7-36.46 65.32-85.61 73.13-140.86 1.34-9.46-6.51-17.85-16.06-17.85zm-15.83-64.8C503.72 103.74 408.26 8.28 288.8.04 279.68-.59 272 7.1 272 16.24V240h223.77c9.14 0 16.82-7.68 16.19-16.8zM224 288V50.71c0-9.55-8.39-17.4-17.84-16.06C86.99 51.49-4.1 155.6.14 280.37 4.5 408.51 114.83 513.59 243.03 511.98c50.4-.63 96.97-16.87 135.26-44.03 7.9-5.6 8.42-17.23 1.57-24.08L224 288z\"><\/path><\/svg>\t\t\t\t\t\t<\/span>\n\t\t\t\t\t\t\t\t\t\t<span class=\"elementor-icon-list-text\">F\u00e1cil<\/span>\n\t\t\t\t\t\t\t\t\t<\/li>\n\t\t\t\t\t\t<\/ul>\n\t\t\t\t\t\t<\/div>\n\t\t\t\t<\/div>\n\t\t\t\t<div class=\"elementor-element elementor-element-4fc35cd5 elementor-widget elementor-widget-text-editor\" data-id=\"4fc35cd5\" data-element_type=\"widget\" data-widget_type=\"text-editor.default\">\n\t\t\t\t<div class=\"elementor-widget-container\">\n\t\t\t\t\t\t\t\t\t<div class=\"sc-uJiQo fXanxD\"><div class=\"DescriptionTitle\" data-testid=\"description\"><div class=\"sc-hTnXLe kduaqK ProductPageTitleWrapper\"><div class=\"sc-ynJRL kuqers ProductPageExcerpt\" data-testid=\"excerpt\"><div class=\"description\" data-testid=\"description\"><div class=\"text\"><p>Ready for a Lapland adventure you&#8217;ll never forget? Let&#8217;s zoom through the frozen wilderness on snowmobiles, then challenge the icy waters with our fishing rods. Imagine the thrill of reeling in a fish from a frozen lake, all while surrounded by the breathtaking Arctic beauty. Our tours offer a high degree of flexibility and customization. We can tailor the experience to suit your specific interests and preferences. For example, we may explore different ice fishing locations or extend the snowmobile journey, depending on your group&#8217;s desires. Book your Lapland adventure today and experience the magic of the Arctic winter!<\/p><\/div><\/div><div class=\"whats-included\"><h3>\u00bfQu\u00e9 incluye?<\/h3><div class=\"text\" data-testid=\"included\"><ul><li>Equipamiento para motos de nieve (moto de nieve, casco y un par de pasamonta\u00f1as)<\/li><li>Instrucciones detalladas sobre el manejo seguro de una moto de nieve<\/li><li>Ice fishing equipment and instructions on how to safely use them<\/li><li>Un gu\u00eda tur\u00edstico en ingl\u00e9s (otros idiomas disponibles previa solicitud: espa\u00f1ol, portugu\u00e9s y fin\u00e9s. TENGA EN CUENTA LA DISPONIBILIDAD LIMITADA DE OTROS IDIOMAS) Si necesita otro idioma. Por favor, env\u00edenos un correo electr\u00f3nico o WhatsApp despu\u00e9s de la reserva).<\/li><li>Ropa de invierno (tallas adulto y ni\u00f1o), monos, botas, guantes, calcetines<\/li><li>Comida y bebida locales junto a la hoguera en Teepee<\/li><li>El precio incluye la recogida y el traslado en un radio de 10 km desde el centro de Rovaniemi.<\/li><li>Fotos tomadas con su propio dispositivo<\/li><li>Coche con aire acondicionado<\/li><\/ul><\/div><\/div><div class=\"attention\"><h3>Atenci\u00f3n<\/h3><div class=\"text\" data-testid=\"attention\"><ul><li>Se necesitan al menos 2 personas para realizar este recorrido los d\u00edas laborables y los s\u00e1bados.<\/li><li>Se necesitan al menos 4 personas para que esta excursi\u00f3n tenga lugar los domingos<\/li><li>Por favor, aseg\u00farese de estar listo 5 minutos antes de la hora de recogida asignada.<\/li><li>Solicitud de recogida en la direcci\u00f3n a menos de 10 km del centro de Rovaniemi.<\/li><li>Producto puede ser reprogramado o cancelado es menor de 2 personas<\/li><li>If the child is 140 cm or taller, they can be seated on the snowmobile paying the adult&#8217;s price<\/li><li>Si el ni\u00f1o mide menos de 140 cm, debe ir sentado en el trineo tirado por la moto de nieve, que conduce nuestro gu\u00eda.<\/li><\/ul><\/div><\/div><div class=\"cancellation-policy\"><h3>Pol\u00edtica de anulaci\u00f3n<\/h3><div class=\"text\"><div><ul><li>Se cobrar\u00e1 una tasa de cancelaci\u00f3n de 100% si la reserva se cancela 1 d\u00eda o menos antes del evento.<\/li><\/ul><\/div><\/div><\/div><\/div><\/div><\/div><\/div>\t\t\t\t\t\t\t\t<\/div>\n\t\t\t\t<\/div>\n\t\t\t\t\t<\/div>\n\t\t<\/div>\n\t\t\t\t<div class=\"has_eae_slider elementor-column elementor-col-50 elementor-top-column elementor-element elementor-element-2ba3371\" data-eae-slider=\"20314\" data-id=\"2ba3371\" data-element_type=\"column\">\n\t\t\t<div class=\"elementor-widget-wrap elementor-element-populated\">\n\t\t\t\t\t\t<div class=\"elementor-element elementor-element-78b7165c elementor-widget elementor-widget-html\" data-id=\"78b7165c\" data-element_type=\"widget\" data-widget_type=\"html.default\">\n\t\t\t\t<div class=\"elementor-widget-container\">\n\t\t\t\t\t<script type=\"text\/javascript\" src=\"https:\/\/widgets.bokun.io\/assets\/javascripts\/apps\/build\/BokunWidgetsLoader.js?bookingChannelUUID=d193708a-eb46-49f1-b653-aa40188933c4\" async><\/script>\r\n     \r\n    <div class=\"bokunWidget\" data-src=\"https:\/\/widgets.bokun.io\/online-sales\/d193708a-eb46-49f1-b653-aa40188933c4\/experience-calendar\/1024917\"><\/div>\r\n    <noscript>Por favor, active javascript en su navegador para reservar<\/noscript>\r\n\t\t\t\t<\/div>\n\t\t\t\t<\/div>\n\t\t\t\t\t<\/div>\n\t\t<\/div>\n\t\t\t\t\t<\/div>\n\t\t<\/section>\n\t\t\t\t<section class=\"has_eae_slider elementor-section elementor-top-section elementor-element elementor-element-34497e3 elementor-reverse-mobile elementor-section-full_width elementor-section-height-default elementor-section-height-default\" data-eae-slider=\"54675\" data-id=\"34497e3\" data-element_type=\"section\" data-settings=\"{&quot;background_background&quot;:&quot;classic&quot;}\">\n\t\t\t\t\t\t\t<div class=\"elementor-background-overlay\"><\/div>\n\t\t\t\t\t\t\t<div class=\"elementor-container elementor-column-gap-default\">\n\t\t\t\t\t<div class=\"has_eae_slider elementor-column elementor-col-100 elementor-top-column elementor-element elementor-element-71df1694\" data-eae-slider=\"18440\" data-id=\"71df1694\" data-element_type=\"column\">\n\t\t\t<div class=\"elementor-widget-wrap elementor-element-populated\">\n\t\t\t\t\t\t<div class=\"elementor-element elementor-element-7490217c elementor-widget elementor-widget-heading\" data-id=\"7490217c\" data-element_type=\"widget\" data-widget_type=\"heading.default\">\n\t\t\t\t<div class=\"elementor-widget-container\">\n\t\t\t\t\t<h2 class=\"elementor-heading-title elementor-size-default\">Lo que dicen nuestros hu\u00e9spedes<\/h2>\t\t\t\t<\/div>\n\t\t\t\t<\/div>\n\t\t\t\t<div class=\"elementor-element elementor-element-65709849 elementor-widget elementor-widget-html\" data-id=\"65709849\" data-element_type=\"widget\" data-widget_type=\"html.default\">\n\t\t\t\t<div class=\"elementor-widget-container\">\n\t\t\t\t\t<script src=\"https:\/\/widget.trustmary.com\/64Z-nqB3b\"><\/script>\t\t\t\t<\/div>\n\t\t\t\t<\/div>\n\t\t\t\t\t<\/div>\n\t\t<\/div>\n\t\t\t\t\t<\/div>\n\t\t<\/section>\n\t\t\t\t<\/div>","protected":false},"excerpt":{"rendered":"<p>Ice Fishing with Snowmobiles 6 hours Easy Ready for a Lapland adventure you&#8217;ll never forget? Let&#8217;s zoom through the frozen [&hellip;]<\/p>","protected":false},"author":6,"featured_media":0,"parent":0,"menu_order":0,"comment_status":"closed","ping_status":"closed","template":"","meta":{"_acf_changed":false,"ub_ctt_via":"","site-sidebar-layout":"no-sidebar","site-content-layout":"","ast-site-content-layout":"full-width-container","site-content-style":"default","site-sidebar-style":"default","ast-global-header-display":"","ast-banner-title-visibility":"","ast-main-header-display":"","ast-hfb-above-header-display":"","ast-hfb-below-header-display":"","ast-hfb-mobile-header-display":"","site-post-title":"disabled","ast-breadcrumbs-content":"","ast-featured-img":"disabled","footer-sml-layout":"","theme-transparent-header-meta":"","adv-header-id-meta":"","stick-header-meta":"","header-above-stick-meta":"","header-main-stick-meta":"","header-below-stick-meta":"","astra-migrate-meta-layouts":"default","ast-page-background-enabled":"default","ast-page-background-meta":{"desktop":{"background-color":"var(--ast-global-color-4)","background-image":"","background-repeat":"repeat","background-position":"center center","background-size":"auto","background-attachment":"scroll","background-type":"","background-media":"","overlay-type":"","overlay-color":"","overlay-opacity":"","overlay-gradient":""},"tablet":{"background-color":"","background-image":"","background-repeat":"repeat","background-position":"center center","background-size":"auto","background-attachment":"scroll","background-type":"","background-media":"","overlay-type":"","overlay-color":"","overlay-opacity":"","overlay-gradient":""},"mobile":{"background-color":"","background-image":"","background-repeat":"repeat","background-position":"center center","background-size":"auto","background-attachment":"scroll","background-type":"","background-media":"","overlay-type":"","overlay-color":"","overlay-opacity":"","overlay-gradient":""}},"ast-content-background-meta":{"desktop":{"background-color":"var(--ast-global-color-5)","background-image":"","background-repeat":"repeat","background-position":"center center","background-size":"auto","background-attachment":"scroll","background-type":"","background-media":"","overlay-type":"","overlay-color":"","overlay-opacity":"","overlay-gradient":""},"tablet":{"background-color":"var(--ast-global-color-5)","background-image":"","background-repeat":"repeat","background-position":"center center","background-size":"auto","background-attachment":"scroll","background-type":"","background-media":"","overlay-type":"","overlay-color":"","overlay-opacity":"","overlay-gradient":""},"mobile":{"background-color":"var(--ast-global-color-5)","background-image":"","background-repeat":"repeat","background-position":"center center","background-size":"auto","background-attachment":"scroll","background-type":"","background-media":"","overlay-type":"","overlay-color":"","overlay-opacity":"","overlay-gradient":""}},"_joinchat":[],"footnotes":""},"class_list":["post-3533","page","type-page","status-publish","hentry"],"acf":[],"featured_image_src":null,"yoast_head":"<!-- This site is optimized with the Yoast SEO Premium plugin v25.9 (Yoast SEO v25.9) - https:\/\/yoast.com\/wordpress\/plugins\/seo\/ -->\n<title>Ice Fishing with Snowmobiles in Lapland \u2013 Arctic Adventure Combo<\/title>\n<meta name=\"description\" content=\"Enjoy ice fishing with snowmobiles in Lapland, combining thrilling rides and peaceful fishing for a unique Arctic adventure experience.\" \/>\n<meta name=\"robots\" content=\"index, follow, max-snippet:-1, max-image-preview:large, max-video-preview:-1\" \/>\n<link rel=\"canonical\" href=\"https:\/\/booklapland.ngmprojektit.fi\/es\/ice-fishing-with-snowmobiles\/\" \/>\n<meta property=\"og:locale\" content=\"es_ES\" \/>\n<meta property=\"og:type\" content=\"article\" \/>\n<meta property=\"og:title\" content=\"Ice Fishing with Snowmobiles\" \/>\n<meta property=\"og:description\" content=\"Enjoy ice fishing with snowmobiles in Lapland, combining thrilling rides and peaceful fishing for a unique Arctic adventure experience.\" \/>\n<meta property=\"og:url\" content=\"https:\/\/booklapland.ngmprojektit.fi\/es\/ice-fishing-with-snowmobiles\/\" \/>\n<meta property=\"og:site_name\" content=\"Book Lapland\" \/>\n<meta property=\"article:modified_time\" content=\"2025-09-08T11:01:58+00:00\" \/>\n<meta property=\"og:image\" content=\"https:\/\/booklapland.ngmprojektit.fi\/wp-content\/uploads\/2025\/06\/kuva_2025-06-10_121556125-1024x575.png\" \/>\n<meta name=\"twitter:card\" content=\"summary_large_image\" \/>\n<meta name=\"twitter:label1\" content=\"Tiempo de lectura\" \/>\n\t<meta name=\"twitter:data1\" content=\"3 minutos\" \/>\n<script type=\"application\/ld+json\" class=\"yoast-schema-graph\">{\"@context\":\"https:\/\/schema.org\",\"@graph\":[{\"@type\":\"WebPage\",\"@id\":\"https:\/\/booklapland.ngmprojektit.fi\/ice-fishing-with-snowmobiles\/\",\"url\":\"https:\/\/booklapland.ngmprojektit.fi\/ice-fishing-with-snowmobiles\/\",\"name\":\"Ice Fishing with Snowmobiles in Lapland \u2013 Arctic Adventure Combo\",\"isPartOf\":{\"@id\":\"https:\/\/booklapland.ngmprojektit.fi\/#website\"},\"primaryImageOfPage\":{\"@id\":\"https:\/\/booklapland.ngmprojektit.fi\/ice-fishing-with-snowmobiles\/#primaryimage\"},\"image\":{\"@id\":\"https:\/\/booklapland.ngmprojektit.fi\/ice-fishing-with-snowmobiles\/#primaryimage\"},\"thumbnailUrl\":\"https:\/\/booklapland.ngmprojektit.fi\/wp-content\/uploads\/2025\/06\/kuva_2025-06-10_121556125-1024x575.png\",\"datePublished\":\"2025-06-10T09:13:39+00:00\",\"dateModified\":\"2025-09-08T11:01:58+00:00\",\"description\":\"Enjoy ice fishing with snowmobiles in Lapland, combining thrilling rides and peaceful fishing for a unique Arctic adventure experience.\",\"breadcrumb\":{\"@id\":\"https:\/\/booklapland.ngmprojektit.fi\/ice-fishing-with-snowmobiles\/#breadcrumb\"},\"inLanguage\":\"es\",\"potentialAction\":[{\"@type\":\"ReadAction\",\"target\":[\"https:\/\/booklapland.ngmprojektit.fi\/ice-fishing-with-snowmobiles\/\"]}]},{\"@type\":\"ImageObject\",\"inLanguage\":\"es\",\"@id\":\"https:\/\/booklapland.ngmprojektit.fi\/ice-fishing-with-snowmobiles\/#primaryimage\",\"url\":\"https:\/\/booklapland.ngmprojektit.fi\/wp-content\/uploads\/2025\/06\/kuva_2025-06-10_121556125-1024x575.png\",\"contentUrl\":\"https:\/\/booklapland.ngmprojektit.fi\/wp-content\/uploads\/2025\/06\/kuva_2025-06-10_121556125-1024x575.png\"},{\"@type\":\"BreadcrumbList\",\"@id\":\"https:\/\/booklapland.ngmprojektit.fi\/ice-fishing-with-snowmobiles\/#breadcrumb\",\"itemListElement\":[{\"@type\":\"ListItem\",\"position\":1,\"name\":\"Home\",\"item\":\"https:\/\/booklapland.ngmprojektit.fi\/\"},{\"@type\":\"ListItem\",\"position\":2,\"name\":\"Ice Fishing with Snowmobiles\"}]},{\"@type\":\"WebSite\",\"@id\":\"https:\/\/booklapland.ngmprojektit.fi\/#website\",\"url\":\"https:\/\/booklapland.ngmprojektit.fi\/\",\"name\":\"Book Lapland\",\"description\":\"\",\"potentialAction\":[{\"@type\":\"SearchAction\",\"target\":{\"@type\":\"EntryPoint\",\"urlTemplate\":\"https:\/\/booklapland.ngmprojektit.fi\/?s={search_term_string}\"},\"query-input\":{\"@type\":\"PropertyValueSpecification\",\"valueRequired\":true,\"valueName\":\"search_term_string\"}}],\"inLanguage\":\"es\"}]}<\/script>\n<!-- \/ Yoast SEO Premium plugin. -->","yoast_head_json":{"title":"Ice Fishing with Snowmobiles in Lapland \u2013 Arctic Adventure Combo","description":"Enjoy ice fishing with snowmobiles in Lapland, combining thrilling rides and peaceful fishing for a unique Arctic adventure experience.","robots":{"index":"index","follow":"follow","max-snippet":"max-snippet:-1","max-image-preview":"max-image-preview:large","max-video-preview":"max-video-preview:-1"},"canonical":"https:\/\/booklapland.ngmprojektit.fi\/es\/ice-fishing-with-snowmobiles\/","og_locale":"es_ES","og_type":"article","og_title":"Ice Fishing with Snowmobiles","og_description":"Enjoy ice fishing with snowmobiles in Lapland, combining thrilling rides and peaceful fishing for a unique Arctic adventure experience.","og_url":"https:\/\/booklapland.ngmprojektit.fi\/es\/ice-fishing-with-snowmobiles\/","og_site_name":"Book Lapland","article_modified_time":"2025-09-08T11:01:58+00:00","og_image":[{"url":"https:\/\/booklapland.ngmprojektit.fi\/wp-content\/uploads\/2025\/06\/kuva_2025-06-10_121556125-1024x575.png","type":"","width":"","height":""}],"twitter_card":"summary_large_image","twitter_misc":{"Tiempo de lectura":"3 minutos"},"schema":{"@context":"https:\/\/schema.org","@graph":[{"@type":"WebPage","@id":"https:\/\/booklapland.ngmprojektit.fi\/ice-fishing-with-snowmobiles\/","url":"https:\/\/booklapland.ngmprojektit.fi\/ice-fishing-with-snowmobiles\/","name":"Ice Fishing with Snowmobiles in Lapland \u2013 Arctic Adventure Combo","isPartOf":{"@id":"https:\/\/booklapland.ngmprojektit.fi\/#website"},"primaryImageOfPage":{"@id":"https:\/\/booklapland.ngmprojektit.fi\/ice-fishing-with-snowmobiles\/#primaryimage"},"image":{"@id":"https:\/\/booklapland.ngmprojektit.fi\/ice-fishing-with-snowmobiles\/#primaryimage"},"thumbnailUrl":"https:\/\/booklapland.ngmprojektit.fi\/wp-content\/uploads\/2025\/06\/kuva_2025-06-10_121556125-1024x575.png","datePublished":"2025-06-10T09:13:39+00:00","dateModified":"2025-09-08T11:01:58+00:00","description":"Enjoy ice fishing with snowmobiles in Lapland, combining thrilling rides and peaceful fishing for a unique Arctic adventure experience.","breadcrumb":{"@id":"https:\/\/booklapland.ngmprojektit.fi\/ice-fishing-with-snowmobiles\/#breadcrumb"},"inLanguage":"es","potentialAction":[{"@type":"ReadAction","target":["https:\/\/booklapland.ngmprojektit.fi\/ice-fishing-with-snowmobiles\/"]}]},{"@type":"ImageObject","inLanguage":"es","@id":"https:\/\/booklapland.ngmprojektit.fi\/ice-fishing-with-snowmobiles\/#primaryimage","url":"https:\/\/booklapland.ngmprojektit.fi\/wp-content\/uploads\/2025\/06\/kuva_2025-06-10_121556125-1024x575.png","contentUrl":"https:\/\/booklapland.ngmprojektit.fi\/wp-content\/uploads\/2025\/06\/kuva_2025-06-10_121556125-1024x575.png"},{"@type":"BreadcrumbList","@id":"https:\/\/booklapland.ngmprojektit.fi\/ice-fishing-with-snowmobiles\/#breadcrumb","itemListElement":[{"@type":"ListItem","position":1,"name":"Home","item":"https:\/\/booklapland.ngmprojektit.fi\/"},{"@type":"ListItem","position":2,"name":"Ice Fishing with Snowmobiles"}]},{"@type":"WebSite","@id":"https:\/\/booklapland.ngmprojektit.fi\/#website","url":"https:\/\/booklapland.ngmprojektit.fi\/","name":"Reservar Laponia","description":"","potentialAction":[{"@type":"SearchAction","target":{"@type":"EntryPoint","urlTemplate":"https:\/\/booklapland.ngmprojektit.fi\/?s={search_term_string}"},"query-input":{"@type":"PropertyValueSpecification","valueRequired":true,"valueName":"search_term_string"}}],"inLanguage":"es"}]}},"_links":{"self":[{"href":"https:\/\/booklapland.ngmprojektit.fi\/es\/wp-json\/wp\/v2\/pages\/3533","targetHints":{"allow":["GET"]}}],"collection":[{"href":"https:\/\/booklapland.ngmprojektit.fi\/es\/wp-json\/wp\/v2\/pages"}],"about":[{"href":"https:\/\/booklapland.ngmprojektit.fi\/es\/wp-json\/wp\/v2\/types\/page"}],"author":[{"embeddable":true,"href":"https:\/\/booklapland.ngmprojektit.fi\/es\/wp-json\/wp\/v2\/users\/6"}],"replies":[{"embeddable":true,"href":"https:\/\/booklapland.ngmprojektit.fi\/es\/wp-json\/wp\/v2\/comments?post=3533"}],"version-history":[{"count":11,"href":"https:\/\/booklapland.ngmprojektit.fi\/es\/wp-json\/wp\/v2\/pages\/3533\/revisions"}],"predecessor-version":[{"id":7634,"href":"https:\/\/booklapland.ngmprojektit.fi\/es\/wp-json\/wp\/v2\/pages\/3533\/revisions\/7634"}],"wp:attachment":[{"href":"https:\/\/booklapland.ngmprojektit.fi\/es\/wp-json\/wp\/v2\/media?parent=3533"}],"curies":[{"name":"wp","href":"https:\/\/api.w.org\/{rel}","templated":true}]}}