{"id":5024,"date":"2025-07-24T15:09:59","date_gmt":"2025-07-24T15:09:59","guid":{"rendered":"https:\/\/booklapland.ngmprojektit.fi\/?post_type=product&#038;p=5024"},"modified":"2025-09-07T08:45:02","modified_gmt":"2025-09-07T08:45:02","slug":"arctic-city-suite-3-by-booklapland-kansankatu-8-a13-alakerran-yksio-305243","status":"publish","type":"product","link":"https:\/\/booklapland.ngmprojektit.fi\/es\/producto\/arctic-city-suite-3-by-booklapland-kansankatu-8-a13-alakerran-yksio-305243\/","title":{"rendered":"Arctic City Suite 3 de BookLapland"},"content":{"rendered":"<p data-start=\"4018\" data-end=\"4329\">Disfrute de una estancia con estilo en este c\u00e9ntrico apartamento, equipado con todo lo necesario para unas vacaciones sin preocupaciones. El espacio cuenta con un dormitorio, un cuarto de ba\u00f1o privado y dos camas, junto con una c\u00f3moda zona de estar y comedor, una cocina totalmente equipada y un balc\u00f3n con vistas a la ciudad. Una opci\u00f3n acogedora y bien equipada, perfecta para familias o viajeros que busquen comodidad moderna en el coraz\u00f3n de Rovaniemi.<\/p>","protected":false},"excerpt":{"rendered":"<p>Disfrute de una estancia con estilo en este c\u00e9ntrico apartamento. La unidad incluye todo lo necesario para unas vacaciones sin preocupaciones.<\/p>","protected":false},"featured_media":5022,"comment_status":"closed","ping_status":"closed","template":"","meta":{"_acf_changed":false,"ub_ctt_via":"","site-sidebar-layout":"default","site-content-layout":"","ast-site-content-layout":"default","site-content-style":"default","site-sidebar-style":"default","ast-global-header-display":"","ast-banner-title-visibility":"","ast-main-header-display":"","ast-hfb-above-header-display":"","ast-hfb-below-header-display":"","ast-hfb-mobile-header-display":"","site-post-title":"","ast-breadcrumbs-content":"","ast-featured-img":"","footer-sml-layout":"","theme-transparent-header-meta":"default","adv-header-id-meta":"","stick-header-meta":"","header-above-stick-meta":"","header-main-stick-meta":"","header-below-stick-meta":"","astra-migrate-meta-layouts":"set","ast-page-background-enabled":"default","ast-page-background-meta":{"desktop":{"background-color":"var(--ast-global-color-4)","background-image":"","background-repeat":"repeat","background-position":"center center","background-size":"auto","background-attachment":"scroll","background-type":"","background-media":"","overlay-type":"","overlay-color":"","overlay-opacity":"","overlay-gradient":""},"tablet":{"background-color":"","background-image":"","background-repeat":"repeat","background-position":"center center","background-size":"auto","background-attachment":"scroll","background-type":"","background-media":"","overlay-type":"","overlay-color":"","overlay-opacity":"","overlay-gradient":""},"mobile":{"background-color":"","background-image":"","background-repeat":"repeat","background-position":"center center","background-size":"auto","background-attachment":"scroll","background-type":"","background-media":"","overlay-type":"","overlay-color":"","overlay-opacity":"","overlay-gradient":""}},"ast-content-background-meta":{"desktop":{"background-color":"var(--ast-global-color-5)","background-image":"","background-repeat":"repeat","background-position":"center center","background-size":"auto","background-attachment":"scroll","background-type":"","background-media":"","overlay-type":"","overlay-color":"","overlay-opacity":"","overlay-gradient":""},"tablet":{"background-color":"var(--ast-global-color-5)","background-image":"","background-repeat":"repeat","background-position":"center center","background-size":"auto","background-attachment":"scroll","background-type":"","background-media":"","overlay-type":"","overlay-color":"","overlay-opacity":"","overlay-gradient":""},"mobile":{"background-color":"var(--ast-global-color-5)","background-image":"","background-repeat":"repeat","background-position":"center center","background-size":"auto","background-attachment":"scroll","background-type":"","background-media":"","overlay-type":"","overlay-color":"","overlay-opacity":"","overlay-gradient":""}},"_joinchat":[]},"badge":[59],"bed-type":[72],"capacity":[45],"features":[],"view":[81],"tour-type":[71],"product_brand":[],"product_cat":[37],"product_tag":[],"class_list":{"0":"post-5024","1":"product","2":"type-product","3":"status-publish","4":"has-post-thumbnail","6":"badge-new","7":"bed-type-72","8":"capacity-3-4","9":"view-city-center","10":"tour-type-city-apartments","11":"product_cat-accommodation","12":"desktop-align-left","13":"tablet-align-left","14":"mobile-align-left","16":"first","17":"instock","18":"shipping-taxable","19":"product-type-external"},"acf":[],"yoast_head":"<!-- This site is optimized with the Yoast SEO Premium plugin v25.9 (Yoast SEO v25.9) - https:\/\/yoast.com\/wordpress\/plugins\/seo\/ -->\n<title>Arctic City Suite 3 by BookLapland - Book Lapland<\/title>\n<meta name=\"description\" content=\"Stay at Arctic City Suite 3 by BookLapland! Stylish, modern accommodation in the city center, perfect for exploring Arctic attractions.\" \/>\n<meta name=\"robots\" content=\"index, follow, max-snippet:-1, max-image-preview:large, max-video-preview:-1\" \/>\n<link rel=\"canonical\" href=\"https:\/\/booklapland.ngmprojektit.fi\/es\/producto\/arctic-city-suite-3-by-booklapland-kansankatu-8-a13-alakerran-yksio-305243\/\" \/>\n<meta property=\"og:locale\" content=\"es_ES\" \/>\n<meta property=\"og:type\" content=\"article\" \/>\n<meta property=\"og:title\" content=\"Arctic City Suite 3 by BookLapland\" \/>\n<meta property=\"og:description\" content=\"Stay at Arctic City Suite 3 by BookLapland! Stylish, modern accommodation in the city center, perfect for exploring Arctic attractions.\" \/>\n<meta property=\"og:url\" content=\"https:\/\/booklapland.ngmprojektit.fi\/es\/producto\/arctic-city-suite-3-by-booklapland-kansankatu-8-a13-alakerran-yksio-305243\/\" \/>\n<meta property=\"og:site_name\" content=\"Book Lapland\" \/>\n<meta property=\"article:modified_time\" content=\"2025-09-07T08:45:02+00:00\" \/>\n<meta property=\"og:image\" content=\"https:\/\/booklapland.ngmprojektit.fi\/wp-content\/uploads\/2025\/07\/75211-305242-N-LoXTk1oQlrFE7ylGBtnD48-1YzzIy65dmEjdEd7eI-66d621e29b87e-small.jpeg\" \/>\n\t<meta property=\"og:image:width\" content=\"600\" \/>\n\t<meta property=\"og:image:height\" content=\"400\" \/>\n\t<meta property=\"og:image:type\" content=\"image\/jpeg\" \/>\n<meta name=\"twitter:card\" content=\"summary_large_image\" \/>\n<meta name=\"twitter:label1\" content=\"Tiempo de lectura\" \/>\n\t<meta name=\"twitter:data1\" content=\"1 minuto\" \/>\n<script type=\"application\/ld+json\" class=\"yoast-schema-graph\">{\"@context\":\"https:\/\/schema.org\",\"@graph\":[{\"@type\":\"WebPage\",\"@id\":\"https:\/\/booklapland.ngmprojektit.fi\/product\/arctic-city-suite-3-by-booklapland-kansankatu-8-a13-alakerran-yksio-305243\/\",\"url\":\"https:\/\/booklapland.ngmprojektit.fi\/product\/arctic-city-suite-3-by-booklapland-kansankatu-8-a13-alakerran-yksio-305243\/\",\"name\":\"Arctic City Suite 3 by BookLapland - Book Lapland\",\"isPartOf\":{\"@id\":\"https:\/\/booklapland.ngmprojektit.fi\/#website\"},\"primaryImageOfPage\":{\"@id\":\"https:\/\/booklapland.ngmprojektit.fi\/product\/arctic-city-suite-3-by-booklapland-kansankatu-8-a13-alakerran-yksio-305243\/#primaryimage\"},\"image\":{\"@id\":\"https:\/\/booklapland.ngmprojektit.fi\/product\/arctic-city-suite-3-by-booklapland-kansankatu-8-a13-alakerran-yksio-305243\/#primaryimage\"},\"thumbnailUrl\":\"https:\/\/booklapland.ngmprojektit.fi\/wp-content\/uploads\/2025\/07\/75211-305242-N-LoXTk1oQlrFE7ylGBtnD48-1YzzIy65dmEjdEd7eI-66d621e29b87e-small.jpeg\",\"datePublished\":\"2025-07-24T15:09:59+00:00\",\"dateModified\":\"2025-09-07T08:45:02+00:00\",\"description\":\"Stay at Arctic City Suite 3 by BookLapland! Stylish, modern accommodation in the city center, perfect for exploring Arctic attractions.\",\"breadcrumb\":{\"@id\":\"https:\/\/booklapland.ngmprojektit.fi\/product\/arctic-city-suite-3-by-booklapland-kansankatu-8-a13-alakerran-yksio-305243\/#breadcrumb\"},\"inLanguage\":\"es\",\"potentialAction\":[{\"@type\":\"ReadAction\",\"target\":[\"https:\/\/booklapland.ngmprojektit.fi\/product\/arctic-city-suite-3-by-booklapland-kansankatu-8-a13-alakerran-yksio-305243\/\"]}]},{\"@type\":\"ImageObject\",\"inLanguage\":\"es\",\"@id\":\"https:\/\/booklapland.ngmprojektit.fi\/product\/arctic-city-suite-3-by-booklapland-kansankatu-8-a13-alakerran-yksio-305243\/#primaryimage\",\"url\":\"https:\/\/booklapland.ngmprojektit.fi\/wp-content\/uploads\/2025\/07\/75211-305242-N-LoXTk1oQlrFE7ylGBtnD48-1YzzIy65dmEjdEd7eI-66d621e29b87e-small.jpeg\",\"contentUrl\":\"https:\/\/booklapland.ngmprojektit.fi\/wp-content\/uploads\/2025\/07\/75211-305242-N-LoXTk1oQlrFE7ylGBtnD48-1YzzIy65dmEjdEd7eI-66d621e29b87e-small.jpeg\",\"width\":600,\"height\":400},{\"@type\":\"BreadcrumbList\",\"@id\":\"https:\/\/booklapland.ngmprojektit.fi\/product\/arctic-city-suite-3-by-booklapland-kansankatu-8-a13-alakerran-yksio-305243\/#breadcrumb\",\"itemListElement\":[{\"@type\":\"ListItem\",\"position\":1,\"name\":\"Home\",\"item\":\"https:\/\/booklapland.ngmprojektit.fi\/\"},{\"@type\":\"ListItem\",\"position\":2,\"name\":\"Apartments\",\"item\":\"https:\/\/booklapland.ngmprojektit.fi\/apartments\/\"},{\"@type\":\"ListItem\",\"position\":3,\"name\":\"Arctic City Suite 3 by BookLapland\"}]},{\"@type\":\"WebSite\",\"@id\":\"https:\/\/booklapland.ngmprojektit.fi\/#website\",\"url\":\"https:\/\/booklapland.ngmprojektit.fi\/\",\"name\":\"Book Lapland\",\"description\":\"\",\"potentialAction\":[{\"@type\":\"SearchAction\",\"target\":{\"@type\":\"EntryPoint\",\"urlTemplate\":\"https:\/\/booklapland.ngmprojektit.fi\/?s={search_term_string}\"},\"query-input\":{\"@type\":\"PropertyValueSpecification\",\"valueRequired\":true,\"valueName\":\"search_term_string\"}}],\"inLanguage\":\"es\"}]}<\/script>\n<!-- \/ Yoast SEO Premium plugin. -->","yoast_head_json":{"title":"Arctic City Suite 3 de BookLapland - Reserve Laponia","description":"Stay at Arctic City Suite 3 by BookLapland! Stylish, modern accommodation in the city center, perfect for exploring Arctic attractions.","robots":{"index":"index","follow":"follow","max-snippet":"max-snippet:-1","max-image-preview":"max-image-preview:large","max-video-preview":"max-video-preview:-1"},"canonical":"https:\/\/booklapland.ngmprojektit.fi\/es\/producto\/arctic-city-suite-3-by-booklapland-kansankatu-8-a13-alakerran-yksio-305243\/","og_locale":"es_ES","og_type":"article","og_title":"Arctic City Suite 3 by BookLapland","og_description":"Stay at Arctic City Suite 3 by BookLapland! Stylish, modern accommodation in the city center, perfect for exploring Arctic attractions.","og_url":"https:\/\/booklapland.ngmprojektit.fi\/es\/producto\/arctic-city-suite-3-by-booklapland-kansankatu-8-a13-alakerran-yksio-305243\/","og_site_name":"Book Lapland","article_modified_time":"2025-09-07T08:45:02+00:00","og_image":[{"width":600,"height":400,"url":"https:\/\/booklapland.ngmprojektit.fi\/wp-content\/uploads\/2025\/07\/75211-305242-N-LoXTk1oQlrFE7ylGBtnD48-1YzzIy65dmEjdEd7eI-66d621e29b87e-small.jpeg","type":"image\/jpeg"}],"twitter_card":"summary_large_image","twitter_misc":{"Tiempo de lectura":"1 minuto"},"schema":{"@context":"https:\/\/schema.org","@graph":[{"@type":"WebPage","@id":"https:\/\/booklapland.ngmprojektit.fi\/product\/arctic-city-suite-3-by-booklapland-kansankatu-8-a13-alakerran-yksio-305243\/","url":"https:\/\/booklapland.ngmprojektit.fi\/product\/arctic-city-suite-3-by-booklapland-kansankatu-8-a13-alakerran-yksio-305243\/","name":"Arctic City Suite 3 de BookLapland - Reserve Laponia","isPartOf":{"@id":"https:\/\/booklapland.ngmprojektit.fi\/#website"},"primaryImageOfPage":{"@id":"https:\/\/booklapland.ngmprojektit.fi\/product\/arctic-city-suite-3-by-booklapland-kansankatu-8-a13-alakerran-yksio-305243\/#primaryimage"},"image":{"@id":"https:\/\/booklapland.ngmprojektit.fi\/product\/arctic-city-suite-3-by-booklapland-kansankatu-8-a13-alakerran-yksio-305243\/#primaryimage"},"thumbnailUrl":"https:\/\/booklapland.ngmprojektit.fi\/wp-content\/uploads\/2025\/07\/75211-305242-N-LoXTk1oQlrFE7ylGBtnD48-1YzzIy65dmEjdEd7eI-66d621e29b87e-small.jpeg","datePublished":"2025-07-24T15:09:59+00:00","dateModified":"2025-09-07T08:45:02+00:00","description":"Stay at Arctic City Suite 3 by BookLapland! Stylish, modern accommodation in the city center, perfect for exploring Arctic attractions.","breadcrumb":{"@id":"https:\/\/booklapland.ngmprojektit.fi\/product\/arctic-city-suite-3-by-booklapland-kansankatu-8-a13-alakerran-yksio-305243\/#breadcrumb"},"inLanguage":"es","potentialAction":[{"@type":"ReadAction","target":["https:\/\/booklapland.ngmprojektit.fi\/product\/arctic-city-suite-3-by-booklapland-kansankatu-8-a13-alakerran-yksio-305243\/"]}]},{"@type":"ImageObject","inLanguage":"es","@id":"https:\/\/booklapland.ngmprojektit.fi\/product\/arctic-city-suite-3-by-booklapland-kansankatu-8-a13-alakerran-yksio-305243\/#primaryimage","url":"https:\/\/booklapland.ngmprojektit.fi\/wp-content\/uploads\/2025\/07\/75211-305242-N-LoXTk1oQlrFE7ylGBtnD48-1YzzIy65dmEjdEd7eI-66d621e29b87e-small.jpeg","contentUrl":"https:\/\/booklapland.ngmprojektit.fi\/wp-content\/uploads\/2025\/07\/75211-305242-N-LoXTk1oQlrFE7ylGBtnD48-1YzzIy65dmEjdEd7eI-66d621e29b87e-small.jpeg","width":600,"height":400},{"@type":"BreadcrumbList","@id":"https:\/\/booklapland.ngmprojektit.fi\/product\/arctic-city-suite-3-by-booklapland-kansankatu-8-a13-alakerran-yksio-305243\/#breadcrumb","itemListElement":[{"@type":"ListItem","position":1,"name":"Home","item":"https:\/\/booklapland.ngmprojektit.fi\/"},{"@type":"ListItem","position":2,"name":"Apartments","item":"https:\/\/booklapland.ngmprojektit.fi\/apartments\/"},{"@type":"ListItem","position":3,"name":"Arctic City Suite 3 by BookLapland"}]},{"@type":"WebSite","@id":"https:\/\/booklapland.ngmprojektit.fi\/#website","url":"https:\/\/booklapland.ngmprojektit.fi\/","name":"Reservar Laponia","description":"","potentialAction":[{"@type":"SearchAction","target":{"@type":"EntryPoint","urlTemplate":"https:\/\/booklapland.ngmprojektit.fi\/?s={search_term_string}"},"query-input":{"@type":"PropertyValueSpecification","valueRequired":true,"valueName":"search_term_string"}}],"inLanguage":"es"}]}},"_links":{"self":[{"href":"https:\/\/booklapland.ngmprojektit.fi\/es\/wp-json\/wp\/v2\/product\/5024","targetHints":{"allow":["GET"]}}],"collection":[{"href":"https:\/\/booklapland.ngmprojektit.fi\/es\/wp-json\/wp\/v2\/product"}],"about":[{"href":"https:\/\/booklapland.ngmprojektit.fi\/es\/wp-json\/wp\/v2\/types\/product"}],"replies":[{"embeddable":true,"href":"https:\/\/booklapland.ngmprojektit.fi\/es\/wp-json\/wp\/v2\/comments?post=5024"}],"wp:featuredmedia":[{"embeddable":true,"href":"https:\/\/booklapland.ngmprojektit.fi\/es\/wp-json\/wp\/v2\/media\/5022"}],"wp:attachment":[{"href":"https:\/\/booklapland.ngmprojektit.fi\/es\/wp-json\/wp\/v2\/media?parent=5024"}],"wp:term":[{"taxonomy":"badge","embeddable":true,"href":"https:\/\/booklapland.ngmprojektit.fi\/es\/wp-json\/wp\/v2\/badge?post=5024"},{"taxonomy":"bed-type","embeddable":true,"href":"https:\/\/booklapland.ngmprojektit.fi\/es\/wp-json\/wp\/v2\/bed-type?post=5024"},{"taxonomy":"capacity","embeddable":true,"href":"https:\/\/booklapland.ngmprojektit.fi\/es\/wp-json\/wp\/v2\/capacity?post=5024"},{"taxonomy":"features","embeddable":true,"href":"https:\/\/booklapland.ngmprojektit.fi\/es\/wp-json\/wp\/v2\/features?post=5024"},{"taxonomy":"view","embeddable":true,"href":"https:\/\/booklapland.ngmprojektit.fi\/es\/wp-json\/wp\/v2\/view?post=5024"},{"taxonomy":"tour-type","embeddable":true,"href":"https:\/\/booklapland.ngmprojektit.fi\/es\/wp-json\/wp\/v2\/tour-type?post=5024"},{"taxonomy":"product_brand","embeddable":true,"href":"https:\/\/booklapland.ngmprojektit.fi\/es\/wp-json\/wp\/v2\/product_brand?post=5024"},{"taxonomy":"product_cat","embeddable":true,"href":"https:\/\/booklapland.ngmprojektit.fi\/es\/wp-json\/wp\/v2\/product_cat?post=5024"},{"taxonomy":"product_tag","embeddable":true,"href":"https:\/\/booklapland.ngmprojektit.fi\/es\/wp-json\/wp\/v2\/product_tag?post=5024"}],"curies":[{"name":"wp","href":"https:\/\/api.w.org\/{rel}","templated":true}]}}