{"id":5874,"date":"2025-07-24T21:23:31","date_gmt":"2025-07-24T21:23:31","guid":{"rendered":"https:\/\/booklapland.ngmprojektit.fi\/?post_type=product&#038;p=5874"},"modified":"2025-09-07T09:46:22","modified_gmt":"2025-09-07T09:46:22","slug":"lapland-city-studio-urheilukatu-4-a5-321542","status":"publish","type":"product","link":"https:\/\/booklapland.ngmprojektit.fi\/es\/producto\/lapland-city-studio-urheilukatu-4-a5-321542\/","title":{"rendered":"Estudio de la ciudad de Laponia"},"content":{"rendered":"<p data-start=\"134\" data-end=\"474\">Descripci\u00f3n<\/p>\n<p data-start=\"711\" data-end=\"1263\">Enjoy not only the modern and stylish decor but also excellent amenities and beautiful views. The location of this apartment offers easy access to local restaurants, shops, and attractions. It\u2019s the perfect choice for travelers looking for a relaxing and luxurious holiday experience. The apartment comes fully equipped with everything you need for a comfortable and enjoyable stay \u2014 high-quality beds, a fully stocked kitchen, fast Wi-Fi, and a warm, inviting ambiance. Whether you\u2019re here for work or leisure, this is the perfect home away from home!<\/p>","protected":false},"excerpt":{"rendered":"<p>Junto a su decoraci\u00f3n moderna y elegante, disfrute de excelentes comodidades e impresionantes vistas. La ubicaci\u00f3n del hotel facilita el acceso a restaurantes, tiendas y atracciones locales. Es la elecci\u00f3n perfecta para los viajeros que buscan unas vacaciones relajantes y lujosas.<\/p>","protected":false},"featured_media":5885,"comment_status":"closed","ping_status":"closed","template":"","meta":{"_acf_changed":false,"ub_ctt_via":"","site-sidebar-layout":"default","site-content-layout":"","ast-site-content-layout":"default","site-content-style":"default","site-sidebar-style":"default","ast-global-header-display":"","ast-banner-title-visibility":"","ast-main-header-display":"","ast-hfb-above-header-display":"","ast-hfb-below-header-display":"","ast-hfb-mobile-header-display":"","site-post-title":"","ast-breadcrumbs-content":"","ast-featured-img":"","footer-sml-layout":"","theme-transparent-header-meta":"default","adv-header-id-meta":"","stick-header-meta":"","header-above-stick-meta":"","header-main-stick-meta":"","header-below-stick-meta":"","astra-migrate-meta-layouts":"set","ast-page-background-enabled":"default","ast-page-background-meta":{"desktop":{"background-color":"var(--ast-global-color-4)","background-image":"","background-repeat":"repeat","background-position":"center center","background-size":"auto","background-attachment":"scroll","background-type":"","background-media":"","overlay-type":"","overlay-color":"","overlay-opacity":"","overlay-gradient":""},"tablet":{"background-color":"","background-image":"","background-repeat":"repeat","background-position":"center center","background-size":"auto","background-attachment":"scroll","background-type":"","background-media":"","overlay-type":"","overlay-color":"","overlay-opacity":"","overlay-gradient":""},"mobile":{"background-color":"","background-image":"","background-repeat":"repeat","background-position":"center center","background-size":"auto","background-attachment":"scroll","background-type":"","background-media":"","overlay-type":"","overlay-color":"","overlay-opacity":"","overlay-gradient":""}},"ast-content-background-meta":{"desktop":{"background-color":"var(--ast-global-color-5)","background-image":"","background-repeat":"repeat","background-position":"center center","background-size":"auto","background-attachment":"scroll","background-type":"","background-media":"","overlay-type":"","overlay-color":"","overlay-opacity":"","overlay-gradient":""},"tablet":{"background-color":"var(--ast-global-color-5)","background-image":"","background-repeat":"repeat","background-position":"center center","background-size":"auto","background-attachment":"scroll","background-type":"","background-media":"","overlay-type":"","overlay-color":"","overlay-opacity":"","overlay-gradient":""},"mobile":{"background-color":"var(--ast-global-color-5)","background-image":"","background-repeat":"repeat","background-position":"center center","background-size":"auto","background-attachment":"scroll","background-type":"","background-media":"","overlay-type":"","overlay-color":"","overlay-opacity":"","overlay-gradient":""}},"_joinchat":[]},"badge":[],"bed-type":[72],"capacity":[45],"features":[],"view":[81],"tour-type":[71],"product_brand":[],"product_cat":[37],"product_tag":[],"class_list":{"0":"post-5874","1":"product","2":"type-product","3":"status-publish","4":"has-post-thumbnail","6":"bed-type-72","7":"capacity-3-4","8":"view-city-center","9":"tour-type-city-apartments","10":"product_cat-accommodation","11":"desktop-align-left","12":"tablet-align-left","13":"mobile-align-left","15":"first","16":"instock","17":"shipping-taxable","18":"product-type-external"},"acf":[],"yoast_head":"<!-- This site is optimized with the Yoast SEO Premium plugin v25.9 (Yoast SEO v25.9) - https:\/\/yoast.com\/wordpress\/plugins\/seo\/ -->\n<title>Lapland City Studio - Book Lapland<\/title>\n<meta name=\"description\" content=\"Stay at Lapland City Studio! Cozy, modern city-center accommodation perfect for Arctic adventures and exploring local attractions.\" \/>\n<meta name=\"robots\" content=\"index, follow, max-snippet:-1, max-image-preview:large, max-video-preview:-1\" \/>\n<link rel=\"canonical\" href=\"https:\/\/booklapland.ngmprojektit.fi\/es\/producto\/lapland-city-studio-urheilukatu-4-a5-321542\/\" \/>\n<meta property=\"og:locale\" content=\"es_ES\" \/>\n<meta property=\"og:type\" content=\"article\" \/>\n<meta property=\"og:title\" content=\"Lapland City Studio\" \/>\n<meta property=\"og:description\" content=\"Stay at Lapland City Studio! Cozy, modern city-center accommodation perfect for Arctic adventures and exploring local attractions.\" \/>\n<meta property=\"og:url\" content=\"https:\/\/booklapland.ngmprojektit.fi\/es\/producto\/lapland-city-studio-urheilukatu-4-a5-321542\/\" \/>\n<meta property=\"og:site_name\" content=\"Book Lapland\" \/>\n<meta property=\"article:modified_time\" content=\"2025-09-07T09:46:22+00:00\" \/>\n<meta property=\"og:image\" content=\"https:\/\/booklapland.ngmprojektit.fi\/wp-content\/uploads\/2025\/07\/75211-321542-cHE9eK3He9fUEwDymLjdHfuVscVwjP4JQIRmivRZ12c-6755a232db949-small.jpeg\" \/>\n\t<meta property=\"og:image:width\" content=\"675\" \/>\n\t<meta property=\"og:image:height\" content=\"450\" \/>\n\t<meta property=\"og:image:type\" content=\"image\/jpeg\" \/>\n<meta name=\"twitter:card\" content=\"summary_large_image\" \/>\n<meta name=\"twitter:label1\" content=\"Tiempo de lectura\" \/>\n\t<meta name=\"twitter:data1\" content=\"1 minuto\" \/>\n<script type=\"application\/ld+json\" class=\"yoast-schema-graph\">{\"@context\":\"https:\/\/schema.org\",\"@graph\":[{\"@type\":\"WebPage\",\"@id\":\"https:\/\/booklapland.ngmprojektit.fi\/product\/lapland-city-studio-urheilukatu-4-a5-321542\/\",\"url\":\"https:\/\/booklapland.ngmprojektit.fi\/product\/lapland-city-studio-urheilukatu-4-a5-321542\/\",\"name\":\"Lapland City Studio - Book Lapland\",\"isPartOf\":{\"@id\":\"https:\/\/booklapland.ngmprojektit.fi\/#website\"},\"primaryImageOfPage\":{\"@id\":\"https:\/\/booklapland.ngmprojektit.fi\/product\/lapland-city-studio-urheilukatu-4-a5-321542\/#primaryimage\"},\"image\":{\"@id\":\"https:\/\/booklapland.ngmprojektit.fi\/product\/lapland-city-studio-urheilukatu-4-a5-321542\/#primaryimage\"},\"thumbnailUrl\":\"https:\/\/booklapland.ngmprojektit.fi\/wp-content\/uploads\/2025\/07\/75211-321542-cHE9eK3He9fUEwDymLjdHfuVscVwjP4JQIRmivRZ12c-6755a232db949-small.jpeg\",\"datePublished\":\"2025-07-24T21:23:31+00:00\",\"dateModified\":\"2025-09-07T09:46:22+00:00\",\"description\":\"Stay at Lapland City Studio! Cozy, modern city-center accommodation perfect for Arctic adventures and exploring local attractions.\",\"breadcrumb\":{\"@id\":\"https:\/\/booklapland.ngmprojektit.fi\/product\/lapland-city-studio-urheilukatu-4-a5-321542\/#breadcrumb\"},\"inLanguage\":\"es\",\"potentialAction\":[{\"@type\":\"ReadAction\",\"target\":[\"https:\/\/booklapland.ngmprojektit.fi\/product\/lapland-city-studio-urheilukatu-4-a5-321542\/\"]}]},{\"@type\":\"ImageObject\",\"inLanguage\":\"es\",\"@id\":\"https:\/\/booklapland.ngmprojektit.fi\/product\/lapland-city-studio-urheilukatu-4-a5-321542\/#primaryimage\",\"url\":\"https:\/\/booklapland.ngmprojektit.fi\/wp-content\/uploads\/2025\/07\/75211-321542-cHE9eK3He9fUEwDymLjdHfuVscVwjP4JQIRmivRZ12c-6755a232db949-small.jpeg\",\"contentUrl\":\"https:\/\/booklapland.ngmprojektit.fi\/wp-content\/uploads\/2025\/07\/75211-321542-cHE9eK3He9fUEwDymLjdHfuVscVwjP4JQIRmivRZ12c-6755a232db949-small.jpeg\",\"width\":675,\"height\":450},{\"@type\":\"BreadcrumbList\",\"@id\":\"https:\/\/booklapland.ngmprojektit.fi\/product\/lapland-city-studio-urheilukatu-4-a5-321542\/#breadcrumb\",\"itemListElement\":[{\"@type\":\"ListItem\",\"position\":1,\"name\":\"Home\",\"item\":\"https:\/\/booklapland.ngmprojektit.fi\/\"},{\"@type\":\"ListItem\",\"position\":2,\"name\":\"Apartments\",\"item\":\"https:\/\/booklapland.ngmprojektit.fi\/apartments\/\"},{\"@type\":\"ListItem\",\"position\":3,\"name\":\"Lapland City Studio\"}]},{\"@type\":\"WebSite\",\"@id\":\"https:\/\/booklapland.ngmprojektit.fi\/#website\",\"url\":\"https:\/\/booklapland.ngmprojektit.fi\/\",\"name\":\"Book Lapland\",\"description\":\"\",\"potentialAction\":[{\"@type\":\"SearchAction\",\"target\":{\"@type\":\"EntryPoint\",\"urlTemplate\":\"https:\/\/booklapland.ngmprojektit.fi\/?s={search_term_string}\"},\"query-input\":{\"@type\":\"PropertyValueSpecification\",\"valueRequired\":true,\"valueName\":\"search_term_string\"}}],\"inLanguage\":\"es\"}]}<\/script>\n<!-- \/ Yoast SEO Premium plugin. -->","yoast_head_json":{"title":"Lapland City Studio - Book Lapland","description":"Stay at Lapland City Studio! Cozy, modern city-center accommodation perfect for Arctic adventures and exploring local attractions.","robots":{"index":"index","follow":"follow","max-snippet":"max-snippet:-1","max-image-preview":"max-image-preview:large","max-video-preview":"max-video-preview:-1"},"canonical":"https:\/\/booklapland.ngmprojektit.fi\/es\/producto\/lapland-city-studio-urheilukatu-4-a5-321542\/","og_locale":"es_ES","og_type":"article","og_title":"Lapland City Studio","og_description":"Stay at Lapland City Studio! Cozy, modern city-center accommodation perfect for Arctic adventures and exploring local attractions.","og_url":"https:\/\/booklapland.ngmprojektit.fi\/es\/producto\/lapland-city-studio-urheilukatu-4-a5-321542\/","og_site_name":"Book Lapland","article_modified_time":"2025-09-07T09:46:22+00:00","og_image":[{"width":675,"height":450,"url":"https:\/\/booklapland.ngmprojektit.fi\/wp-content\/uploads\/2025\/07\/75211-321542-cHE9eK3He9fUEwDymLjdHfuVscVwjP4JQIRmivRZ12c-6755a232db949-small.jpeg","type":"image\/jpeg"}],"twitter_card":"summary_large_image","twitter_misc":{"Tiempo de lectura":"1 minuto"},"schema":{"@context":"https:\/\/schema.org","@graph":[{"@type":"WebPage","@id":"https:\/\/booklapland.ngmprojektit.fi\/product\/lapland-city-studio-urheilukatu-4-a5-321542\/","url":"https:\/\/booklapland.ngmprojektit.fi\/product\/lapland-city-studio-urheilukatu-4-a5-321542\/","name":"Lapland City Studio - Book Lapland","isPartOf":{"@id":"https:\/\/booklapland.ngmprojektit.fi\/#website"},"primaryImageOfPage":{"@id":"https:\/\/booklapland.ngmprojektit.fi\/product\/lapland-city-studio-urheilukatu-4-a5-321542\/#primaryimage"},"image":{"@id":"https:\/\/booklapland.ngmprojektit.fi\/product\/lapland-city-studio-urheilukatu-4-a5-321542\/#primaryimage"},"thumbnailUrl":"https:\/\/booklapland.ngmprojektit.fi\/wp-content\/uploads\/2025\/07\/75211-321542-cHE9eK3He9fUEwDymLjdHfuVscVwjP4JQIRmivRZ12c-6755a232db949-small.jpeg","datePublished":"2025-07-24T21:23:31+00:00","dateModified":"2025-09-07T09:46:22+00:00","description":"Stay at Lapland City Studio! Cozy, modern city-center accommodation perfect for Arctic adventures and exploring local attractions.","breadcrumb":{"@id":"https:\/\/booklapland.ngmprojektit.fi\/product\/lapland-city-studio-urheilukatu-4-a5-321542\/#breadcrumb"},"inLanguage":"es","potentialAction":[{"@type":"ReadAction","target":["https:\/\/booklapland.ngmprojektit.fi\/product\/lapland-city-studio-urheilukatu-4-a5-321542\/"]}]},{"@type":"ImageObject","inLanguage":"es","@id":"https:\/\/booklapland.ngmprojektit.fi\/product\/lapland-city-studio-urheilukatu-4-a5-321542\/#primaryimage","url":"https:\/\/booklapland.ngmprojektit.fi\/wp-content\/uploads\/2025\/07\/75211-321542-cHE9eK3He9fUEwDymLjdHfuVscVwjP4JQIRmivRZ12c-6755a232db949-small.jpeg","contentUrl":"https:\/\/booklapland.ngmprojektit.fi\/wp-content\/uploads\/2025\/07\/75211-321542-cHE9eK3He9fUEwDymLjdHfuVscVwjP4JQIRmivRZ12c-6755a232db949-small.jpeg","width":675,"height":450},{"@type":"BreadcrumbList","@id":"https:\/\/booklapland.ngmprojektit.fi\/product\/lapland-city-studio-urheilukatu-4-a5-321542\/#breadcrumb","itemListElement":[{"@type":"ListItem","position":1,"name":"Home","item":"https:\/\/booklapland.ngmprojektit.fi\/"},{"@type":"ListItem","position":2,"name":"Apartments","item":"https:\/\/booklapland.ngmprojektit.fi\/apartments\/"},{"@type":"ListItem","position":3,"name":"Lapland City Studio"}]},{"@type":"WebSite","@id":"https:\/\/booklapland.ngmprojektit.fi\/#website","url":"https:\/\/booklapland.ngmprojektit.fi\/","name":"Reservar Laponia","description":"","potentialAction":[{"@type":"SearchAction","target":{"@type":"EntryPoint","urlTemplate":"https:\/\/booklapland.ngmprojektit.fi\/?s={search_term_string}"},"query-input":{"@type":"PropertyValueSpecification","valueRequired":true,"valueName":"search_term_string"}}],"inLanguage":"es"}]}},"_links":{"self":[{"href":"https:\/\/booklapland.ngmprojektit.fi\/es\/wp-json\/wp\/v2\/product\/5874","targetHints":{"allow":["GET"]}}],"collection":[{"href":"https:\/\/booklapland.ngmprojektit.fi\/es\/wp-json\/wp\/v2\/product"}],"about":[{"href":"https:\/\/booklapland.ngmprojektit.fi\/es\/wp-json\/wp\/v2\/types\/product"}],"replies":[{"embeddable":true,"href":"https:\/\/booklapland.ngmprojektit.fi\/es\/wp-json\/wp\/v2\/comments?post=5874"}],"wp:featuredmedia":[{"embeddable":true,"href":"https:\/\/booklapland.ngmprojektit.fi\/es\/wp-json\/wp\/v2\/media\/5885"}],"wp:attachment":[{"href":"https:\/\/booklapland.ngmprojektit.fi\/es\/wp-json\/wp\/v2\/media?parent=5874"}],"wp:term":[{"taxonomy":"badge","embeddable":true,"href":"https:\/\/booklapland.ngmprojektit.fi\/es\/wp-json\/wp\/v2\/badge?post=5874"},{"taxonomy":"bed-type","embeddable":true,"href":"https:\/\/booklapland.ngmprojektit.fi\/es\/wp-json\/wp\/v2\/bed-type?post=5874"},{"taxonomy":"capacity","embeddable":true,"href":"https:\/\/booklapland.ngmprojektit.fi\/es\/wp-json\/wp\/v2\/capacity?post=5874"},{"taxonomy":"features","embeddable":true,"href":"https:\/\/booklapland.ngmprojektit.fi\/es\/wp-json\/wp\/v2\/features?post=5874"},{"taxonomy":"view","embeddable":true,"href":"https:\/\/booklapland.ngmprojektit.fi\/es\/wp-json\/wp\/v2\/view?post=5874"},{"taxonomy":"tour-type","embeddable":true,"href":"https:\/\/booklapland.ngmprojektit.fi\/es\/wp-json\/wp\/v2\/tour-type?post=5874"},{"taxonomy":"product_brand","embeddable":true,"href":"https:\/\/booklapland.ngmprojektit.fi\/es\/wp-json\/wp\/v2\/product_brand?post=5874"},{"taxonomy":"product_cat","embeddable":true,"href":"https:\/\/booklapland.ngmprojektit.fi\/es\/wp-json\/wp\/v2\/product_cat?post=5874"},{"taxonomy":"product_tag","embeddable":true,"href":"https:\/\/booklapland.ngmprojektit.fi\/es\/wp-json\/wp\/v2\/product_tag?post=5874"}],"curies":[{"name":"wp","href":"https:\/\/api.w.org\/{rel}","templated":true}]}}