{"id":4266,"date":"2025-07-22T14:19:37","date_gmt":"2025-07-22T14:19:37","guid":{"rendered":"https:\/\/booklapland.ngmprojektit.fi\/?post_type=product&#038;p=4266"},"modified":"2025-09-07T09:32:08","modified_gmt":"2025-09-07T09:32:08","slug":"cozy-city-studio-rovakatu-31a7-288386","status":"publish","type":"product","link":"https:\/\/booklapland.ngmprojektit.fi\/fr\/produit\/cozy-city-studio-rovakatu-31a7-288386\/","title":{"rendered":"Studio urbain confortable"},"content":{"rendered":"<p data-pm-slice=\"1 1 []\">Charmant studio de ville situ\u00e9 au centre de Rovaniemi, pouvant accueillir confortablement jusqu'\u00e0 4 personnes.<\/p>\n<p><strong>A propos de l'appartement :<\/strong> Ce studio urbain confortable offre commodit\u00e9 et confort en plein c\u0153ur de Rovaniemi. Pouvant accueillir jusqu'\u00e0 4 personnes, l'appartement dispose d'une chambre \u00e0 coucher avec deux lits confortables. Sa situation privil\u00e9gi\u00e9e permet d'acc\u00e9der facilement \u00e0 toutes les commodit\u00e9s et attractions locales, ce qui rendra votre s\u00e9jour agr\u00e9able et sans effort.<\/p>","protected":false},"excerpt":{"rendered":"<p data-pm-slice=\"1 1 []\">Charmant studio de ville situ\u00e9 au centre de Rovaniemi, pouvant accueillir confortablement jusqu'\u00e0 4 personnes.<\/p>\n<p><strong>A propos de l'appartement :<\/strong> Ce studio urbain confortable offre commodit\u00e9 et confort en plein c\u0153ur de Rovaniemi. Pouvant accueillir jusqu'\u00e0 4 personnes, l'appartement dispose d'une chambre \u00e0 coucher avec deux lits confortables. Sa situation privil\u00e9gi\u00e9e permet d'acc\u00e9der facilement \u00e0 toutes les commodit\u00e9s et attractions locales, ce qui rendra votre s\u00e9jour agr\u00e9able et sans effort.<\/p>","protected":false},"featured_media":4276,"comment_status":"closed","ping_status":"closed","template":"","meta":{"_acf_changed":false,"ub_ctt_via":"","site-sidebar-layout":"default","site-content-layout":"","ast-site-content-layout":"default","site-content-style":"default","site-sidebar-style":"default","ast-global-header-display":"","ast-banner-title-visibility":"","ast-main-header-display":"","ast-hfb-above-header-display":"","ast-hfb-below-header-display":"","ast-hfb-mobile-header-display":"","site-post-title":"","ast-breadcrumbs-content":"","ast-featured-img":"","footer-sml-layout":"","theme-transparent-header-meta":"default","adv-header-id-meta":"","stick-header-meta":"","header-above-stick-meta":"","header-main-stick-meta":"","header-below-stick-meta":"","astra-migrate-meta-layouts":"set","ast-page-background-enabled":"default","ast-page-background-meta":{"desktop":{"background-color":"var(--ast-global-color-4)","background-image":"","background-repeat":"repeat","background-position":"center center","background-size":"auto","background-attachment":"scroll","background-type":"","background-media":"","overlay-type":"","overlay-color":"","overlay-opacity":"","overlay-gradient":""},"tablet":{"background-color":"","background-image":"","background-repeat":"repeat","background-position":"center center","background-size":"auto","background-attachment":"scroll","background-type":"","background-media":"","overlay-type":"","overlay-color":"","overlay-opacity":"","overlay-gradient":""},"mobile":{"background-color":"","background-image":"","background-repeat":"repeat","background-position":"center center","background-size":"auto","background-attachment":"scroll","background-type":"","background-media":"","overlay-type":"","overlay-color":"","overlay-opacity":"","overlay-gradient":""}},"ast-content-background-meta":{"desktop":{"background-color":"var(--ast-global-color-5)","background-image":"","background-repeat":"repeat","background-position":"center center","background-size":"auto","background-attachment":"scroll","background-type":"","background-media":"","overlay-type":"","overlay-color":"","overlay-opacity":"","overlay-gradient":""},"tablet":{"background-color":"var(--ast-global-color-5)","background-image":"","background-repeat":"repeat","background-position":"center center","background-size":"auto","background-attachment":"scroll","background-type":"","background-media":"","overlay-type":"","overlay-color":"","overlay-opacity":"","overlay-gradient":""},"mobile":{"background-color":"var(--ast-global-color-5)","background-image":"","background-repeat":"repeat","background-position":"center center","background-size":"auto","background-attachment":"scroll","background-type":"","background-media":"","overlay-type":"","overlay-color":"","overlay-opacity":"","overlay-gradient":""}},"_joinchat":[]},"badge":[58,59],"bed-type":[72],"capacity":[45],"features":[],"view":[81],"tour-type":[71],"product_brand":[],"product_cat":[37],"product_tag":[],"class_list":{"0":"post-4266","1":"product","2":"type-product","3":"status-publish","4":"has-post-thumbnail","6":"badge-for-families","7":"badge-new","8":"bed-type-72","9":"capacity-3-4","10":"view-city-center","11":"tour-type-city-apartments","12":"product_cat-accommodation","13":"desktop-align-left","14":"tablet-align-left","15":"mobile-align-left","17":"first","18":"instock","19":"shipping-taxable","20":"product-type-external"},"acf":[],"yoast_head":"<!-- This site is optimized with the Yoast SEO Premium plugin v25.9 (Yoast SEO v25.9) - https:\/\/yoast.com\/wordpress\/plugins\/seo\/ -->\n<title>Cozy city studio - Book Lapland<\/title>\n<meta name=\"description\" content=\"Stay at Cozy City Studio! Modern, comfortable city-center accommodation perfect for exploring local attractions and enjoying Arctic adventures.\" \/>\n<meta name=\"robots\" content=\"index, follow, max-snippet:-1, max-image-preview:large, max-video-preview:-1\" \/>\n<link rel=\"canonical\" href=\"https:\/\/booklapland.ngmprojektit.fi\/fr\/produit\/cozy-city-studio-rovakatu-31a7-288386\/\" \/>\n<meta property=\"og:locale\" content=\"fr_FR\" \/>\n<meta property=\"og:type\" content=\"article\" \/>\n<meta property=\"og:title\" content=\"Cozy city studio\" \/>\n<meta property=\"og:description\" content=\"Stay at Cozy City Studio! Modern, comfortable city-center accommodation perfect for exploring local attractions and enjoying Arctic adventures.\" \/>\n<meta property=\"og:url\" content=\"https:\/\/booklapland.ngmprojektit.fi\/fr\/produit\/cozy-city-studio-rovakatu-31a7-288386\/\" \/>\n<meta property=\"og:site_name\" content=\"Book Lapland\" \/>\n<meta property=\"article:modified_time\" content=\"2025-09-07T09:32:08+00:00\" \/>\n<meta property=\"og:image\" content=\"https:\/\/booklapland.ngmprojektit.fi\/wp-content\/uploads\/2025\/07\/75211-288386-JI-9hOuPvw2Vfl4QbibtTl7oxsF1wF3teufV2-VTR6k-66bae362d9457-small.jpeg\" \/>\n\t<meta property=\"og:image:width\" content=\"337\" \/>\n\t<meta property=\"og:image:height\" content=\"450\" \/>\n\t<meta property=\"og:image:type\" content=\"image\/jpeg\" \/>\n<meta name=\"twitter:card\" content=\"summary_large_image\" \/>\n<meta name=\"twitter:label1\" content=\"Dur\u00e9e de lecture estim\u00e9e\" \/>\n\t<meta name=\"twitter:data1\" content=\"1 minute\" \/>\n<script type=\"application\/ld+json\" class=\"yoast-schema-graph\">{\"@context\":\"https:\/\/schema.org\",\"@graph\":[{\"@type\":\"WebPage\",\"@id\":\"https:\/\/booklapland.ngmprojektit.fi\/product\/cozy-city-studio-rovakatu-31a7-288386\/\",\"url\":\"https:\/\/booklapland.ngmprojektit.fi\/product\/cozy-city-studio-rovakatu-31a7-288386\/\",\"name\":\"Cozy city studio - Book Lapland\",\"isPartOf\":{\"@id\":\"https:\/\/booklapland.ngmprojektit.fi\/#website\"},\"primaryImageOfPage\":{\"@id\":\"https:\/\/booklapland.ngmprojektit.fi\/product\/cozy-city-studio-rovakatu-31a7-288386\/#primaryimage\"},\"image\":{\"@id\":\"https:\/\/booklapland.ngmprojektit.fi\/product\/cozy-city-studio-rovakatu-31a7-288386\/#primaryimage\"},\"thumbnailUrl\":\"https:\/\/booklapland.ngmprojektit.fi\/wp-content\/uploads\/2025\/07\/75211-288386-JI-9hOuPvw2Vfl4QbibtTl7oxsF1wF3teufV2-VTR6k-66bae362d9457-small.jpeg\",\"datePublished\":\"2025-07-22T14:19:37+00:00\",\"dateModified\":\"2025-09-07T09:32:08+00:00\",\"description\":\"Stay at Cozy City Studio! Modern, comfortable city-center accommodation perfect for exploring local attractions and enjoying Arctic adventures.\",\"breadcrumb\":{\"@id\":\"https:\/\/booklapland.ngmprojektit.fi\/product\/cozy-city-studio-rovakatu-31a7-288386\/#breadcrumb\"},\"inLanguage\":\"fr-FR\",\"potentialAction\":[{\"@type\":\"ReadAction\",\"target\":[\"https:\/\/booklapland.ngmprojektit.fi\/product\/cozy-city-studio-rovakatu-31a7-288386\/\"]}]},{\"@type\":\"ImageObject\",\"inLanguage\":\"fr-FR\",\"@id\":\"https:\/\/booklapland.ngmprojektit.fi\/product\/cozy-city-studio-rovakatu-31a7-288386\/#primaryimage\",\"url\":\"https:\/\/booklapland.ngmprojektit.fi\/wp-content\/uploads\/2025\/07\/75211-288386-JI-9hOuPvw2Vfl4QbibtTl7oxsF1wF3teufV2-VTR6k-66bae362d9457-small.jpeg\",\"contentUrl\":\"https:\/\/booklapland.ngmprojektit.fi\/wp-content\/uploads\/2025\/07\/75211-288386-JI-9hOuPvw2Vfl4QbibtTl7oxsF1wF3teufV2-VTR6k-66bae362d9457-small.jpeg\",\"width\":337,\"height\":450},{\"@type\":\"BreadcrumbList\",\"@id\":\"https:\/\/booklapland.ngmprojektit.fi\/product\/cozy-city-studio-rovakatu-31a7-288386\/#breadcrumb\",\"itemListElement\":[{\"@type\":\"ListItem\",\"position\":1,\"name\":\"Home\",\"item\":\"https:\/\/booklapland.ngmprojektit.fi\/\"},{\"@type\":\"ListItem\",\"position\":2,\"name\":\"Apartments\",\"item\":\"https:\/\/booklapland.ngmprojektit.fi\/apartments\/\"},{\"@type\":\"ListItem\",\"position\":3,\"name\":\"Cozy city studio\"}]},{\"@type\":\"WebSite\",\"@id\":\"https:\/\/booklapland.ngmprojektit.fi\/#website\",\"url\":\"https:\/\/booklapland.ngmprojektit.fi\/\",\"name\":\"Book Lapland\",\"description\":\"\",\"potentialAction\":[{\"@type\":\"SearchAction\",\"target\":{\"@type\":\"EntryPoint\",\"urlTemplate\":\"https:\/\/booklapland.ngmprojektit.fi\/?s={search_term_string}\"},\"query-input\":{\"@type\":\"PropertyValueSpecification\",\"valueRequired\":true,\"valueName\":\"search_term_string\"}}],\"inLanguage\":\"fr-FR\"}]}<\/script>\n<!-- \/ Yoast SEO Premium plugin. -->","yoast_head_json":{"title":"Cozy city studio - Book Lapland","description":"Stay at Cozy City Studio! Modern, comfortable city-center accommodation perfect for exploring local attractions and enjoying Arctic adventures.","robots":{"index":"index","follow":"follow","max-snippet":"max-snippet:-1","max-image-preview":"max-image-preview:large","max-video-preview":"max-video-preview:-1"},"canonical":"https:\/\/booklapland.ngmprojektit.fi\/fr\/produit\/cozy-city-studio-rovakatu-31a7-288386\/","og_locale":"fr_FR","og_type":"article","og_title":"Cozy city studio","og_description":"Stay at Cozy City Studio! Modern, comfortable city-center accommodation perfect for exploring local attractions and enjoying Arctic adventures.","og_url":"https:\/\/booklapland.ngmprojektit.fi\/fr\/produit\/cozy-city-studio-rovakatu-31a7-288386\/","og_site_name":"Book Lapland","article_modified_time":"2025-09-07T09:32:08+00:00","og_image":[{"width":337,"height":450,"url":"https:\/\/booklapland.ngmprojektit.fi\/wp-content\/uploads\/2025\/07\/75211-288386-JI-9hOuPvw2Vfl4QbibtTl7oxsF1wF3teufV2-VTR6k-66bae362d9457-small.jpeg","type":"image\/jpeg"}],"twitter_card":"summary_large_image","twitter_misc":{"Dur\u00e9e de lecture estim\u00e9e":"1 minute"},"schema":{"@context":"https:\/\/schema.org","@graph":[{"@type":"WebPage","@id":"https:\/\/booklapland.ngmprojektit.fi\/product\/cozy-city-studio-rovakatu-31a7-288386\/","url":"https:\/\/booklapland.ngmprojektit.fi\/product\/cozy-city-studio-rovakatu-31a7-288386\/","name":"Cozy city studio - Book Lapland","isPartOf":{"@id":"https:\/\/booklapland.ngmprojektit.fi\/#website"},"primaryImageOfPage":{"@id":"https:\/\/booklapland.ngmprojektit.fi\/product\/cozy-city-studio-rovakatu-31a7-288386\/#primaryimage"},"image":{"@id":"https:\/\/booklapland.ngmprojektit.fi\/product\/cozy-city-studio-rovakatu-31a7-288386\/#primaryimage"},"thumbnailUrl":"https:\/\/booklapland.ngmprojektit.fi\/wp-content\/uploads\/2025\/07\/75211-288386-JI-9hOuPvw2Vfl4QbibtTl7oxsF1wF3teufV2-VTR6k-66bae362d9457-small.jpeg","datePublished":"2025-07-22T14:19:37+00:00","dateModified":"2025-09-07T09:32:08+00:00","description":"Stay at Cozy City Studio! Modern, comfortable city-center accommodation perfect for exploring local attractions and enjoying Arctic adventures.","breadcrumb":{"@id":"https:\/\/booklapland.ngmprojektit.fi\/product\/cozy-city-studio-rovakatu-31a7-288386\/#breadcrumb"},"inLanguage":"fr-FR","potentialAction":[{"@type":"ReadAction","target":["https:\/\/booklapland.ngmprojektit.fi\/product\/cozy-city-studio-rovakatu-31a7-288386\/"]}]},{"@type":"ImageObject","inLanguage":"fr-FR","@id":"https:\/\/booklapland.ngmprojektit.fi\/product\/cozy-city-studio-rovakatu-31a7-288386\/#primaryimage","url":"https:\/\/booklapland.ngmprojektit.fi\/wp-content\/uploads\/2025\/07\/75211-288386-JI-9hOuPvw2Vfl4QbibtTl7oxsF1wF3teufV2-VTR6k-66bae362d9457-small.jpeg","contentUrl":"https:\/\/booklapland.ngmprojektit.fi\/wp-content\/uploads\/2025\/07\/75211-288386-JI-9hOuPvw2Vfl4QbibtTl7oxsF1wF3teufV2-VTR6k-66bae362d9457-small.jpeg","width":337,"height":450},{"@type":"BreadcrumbList","@id":"https:\/\/booklapland.ngmprojektit.fi\/product\/cozy-city-studio-rovakatu-31a7-288386\/#breadcrumb","itemListElement":[{"@type":"ListItem","position":1,"name":"Home","item":"https:\/\/booklapland.ngmprojektit.fi\/"},{"@type":"ListItem","position":2,"name":"Apartments","item":"https:\/\/booklapland.ngmprojektit.fi\/apartments\/"},{"@type":"ListItem","position":3,"name":"Cozy city studio"}]},{"@type":"WebSite","@id":"https:\/\/booklapland.ngmprojektit.fi\/#website","url":"https:\/\/booklapland.ngmprojektit.fi\/","name":"R\u00e9server la Laponie","description":"","potentialAction":[{"@type":"SearchAction","target":{"@type":"EntryPoint","urlTemplate":"https:\/\/booklapland.ngmprojektit.fi\/?s={search_term_string}"},"query-input":{"@type":"PropertyValueSpecification","valueRequired":true,"valueName":"search_term_string"}}],"inLanguage":"fr-FR"}]}},"_links":{"self":[{"href":"https:\/\/booklapland.ngmprojektit.fi\/fr\/wp-json\/wp\/v2\/product\/4266","targetHints":{"allow":["GET"]}}],"collection":[{"href":"https:\/\/booklapland.ngmprojektit.fi\/fr\/wp-json\/wp\/v2\/product"}],"about":[{"href":"https:\/\/booklapland.ngmprojektit.fi\/fr\/wp-json\/wp\/v2\/types\/product"}],"replies":[{"embeddable":true,"href":"https:\/\/booklapland.ngmprojektit.fi\/fr\/wp-json\/wp\/v2\/comments?post=4266"}],"wp:featuredmedia":[{"embeddable":true,"href":"https:\/\/booklapland.ngmprojektit.fi\/fr\/wp-json\/wp\/v2\/media\/4276"}],"wp:attachment":[{"href":"https:\/\/booklapland.ngmprojektit.fi\/fr\/wp-json\/wp\/v2\/media?parent=4266"}],"wp:term":[{"taxonomy":"badge","embeddable":true,"href":"https:\/\/booklapland.ngmprojektit.fi\/fr\/wp-json\/wp\/v2\/badge?post=4266"},{"taxonomy":"bed-type","embeddable":true,"href":"https:\/\/booklapland.ngmprojektit.fi\/fr\/wp-json\/wp\/v2\/bed-type?post=4266"},{"taxonomy":"capacity","embeddable":true,"href":"https:\/\/booklapland.ngmprojektit.fi\/fr\/wp-json\/wp\/v2\/capacity?post=4266"},{"taxonomy":"features","embeddable":true,"href":"https:\/\/booklapland.ngmprojektit.fi\/fr\/wp-json\/wp\/v2\/features?post=4266"},{"taxonomy":"view","embeddable":true,"href":"https:\/\/booklapland.ngmprojektit.fi\/fr\/wp-json\/wp\/v2\/view?post=4266"},{"taxonomy":"tour-type","embeddable":true,"href":"https:\/\/booklapland.ngmprojektit.fi\/fr\/wp-json\/wp\/v2\/tour-type?post=4266"},{"taxonomy":"product_brand","embeddable":true,"href":"https:\/\/booklapland.ngmprojektit.fi\/fr\/wp-json\/wp\/v2\/product_brand?post=4266"},{"taxonomy":"product_cat","embeddable":true,"href":"https:\/\/booklapland.ngmprojektit.fi\/fr\/wp-json\/wp\/v2\/product_cat?post=4266"},{"taxonomy":"product_tag","embeddable":true,"href":"https:\/\/booklapland.ngmprojektit.fi\/fr\/wp-json\/wp\/v2\/product_tag?post=4266"}],"curies":[{"name":"wp","href":"https:\/\/api.w.org\/{rel}","templated":true}]}}