{"id":4299,"date":"2025-07-22T18:28:43","date_gmt":"2025-07-22T18:28:43","guid":{"rendered":"https:\/\/booklapland.ngmprojektit.fi\/?post_type=product&#038;p=4299"},"modified":"2025-09-07T08:57:27","modified_gmt":"2025-09-07T08:57:27","slug":"aurora-chalet-etelapihlaja-4a-288387","status":"publish","type":"product","link":"https:\/\/booklapland.ngmprojektit.fi\/fr\/produit\/aurora-chalet-etelapihlaja-4a-288387\/","title":{"rendered":"Chalet Aurora"},"content":{"rendered":"<p data-start=\"2140\" data-end=\"2532\"><strong data-start=\"2140\" data-end=\"2173\">Chalet Aurora Etel\u00e4pihlaja 4A<\/strong> est votre retraite paisible au c\u0153ur de la Laponie. Avec <strong data-start=\"2229\" data-end=\"2262\">int\u00e9rieurs scandinaves modernes<\/strong>, a <strong data-start=\"2266\" data-end=\"2283\">sauna priv\u00e9<\/strong>Ce chalet offre \u00e0 la fois d\u00e9tente et commodit\u00e9. Con\u00e7u pour le confort et dot\u00e9 d'un mobilier \u00e9l\u00e9gant, il constitue un point de d\u00e9part id\u00e9al pour vos aventures \u00e0 Rovaniemi, que vous soyez \u00e0 la recherche d'aurores bor\u00e9ales ou que vous profitiez de nuits tranquilles.<\/p>","protected":false},"excerpt":{"rendered":"<p><strong data-start=\"2140\" data-end=\"2173\">Chalet Aurora Etel\u00e4pihlaja 4A<\/strong> est votre retraite paisible au c\u0153ur de la Laponie. Avec <strong data-start=\"2229\" data-end=\"2262\">int\u00e9rieurs scandinaves modernes<\/strong>, a <strong data-start=\"2266\" data-end=\"2283\">sauna priv\u00e9<\/strong>Ce chalet offre \u00e0 la fois d\u00e9tente et commodit\u00e9. Con\u00e7u pour le confort et dot\u00e9 d'un mobilier \u00e9l\u00e9gant, il constitue un point de d\u00e9part id\u00e9al pour vos aventures \u00e0 Rovaniemi, que vous soyez \u00e0 la recherche d'aurores bor\u00e9ales ou que vous profitiez de nuits tranquilles.<\/p>","protected":false},"featured_media":4297,"comment_status":"closed","ping_status":"closed","template":"","meta":{"_acf_changed":false,"ub_ctt_via":"","site-sidebar-layout":"default","site-content-layout":"","ast-site-content-layout":"default","site-content-style":"default","site-sidebar-style":"default","ast-global-header-display":"","ast-banner-title-visibility":"","ast-main-header-display":"","ast-hfb-above-header-display":"","ast-hfb-below-header-display":"","ast-hfb-mobile-header-display":"","site-post-title":"","ast-breadcrumbs-content":"","ast-featured-img":"","footer-sml-layout":"","theme-transparent-header-meta":"default","adv-header-id-meta":"","stick-header-meta":"","header-above-stick-meta":"","header-main-stick-meta":"","header-below-stick-meta":"","astra-migrate-meta-layouts":"set","ast-page-background-enabled":"default","ast-page-background-meta":{"desktop":{"background-color":"var(--ast-global-color-4)","background-image":"","background-repeat":"repeat","background-position":"center center","background-size":"auto","background-attachment":"scroll","background-type":"","background-media":"","overlay-type":"","overlay-color":"","overlay-opacity":"","overlay-gradient":""},"tablet":{"background-color":"","background-image":"","background-repeat":"repeat","background-position":"center center","background-size":"auto","background-attachment":"scroll","background-type":"","background-media":"","overlay-type":"","overlay-color":"","overlay-opacity":"","overlay-gradient":""},"mobile":{"background-color":"","background-image":"","background-repeat":"repeat","background-position":"center center","background-size":"auto","background-attachment":"scroll","background-type":"","background-media":"","overlay-type":"","overlay-color":"","overlay-opacity":"","overlay-gradient":""}},"ast-content-background-meta":{"desktop":{"background-color":"var(--ast-global-color-5)","background-image":"","background-repeat":"repeat","background-position":"center center","background-size":"auto","background-attachment":"scroll","background-type":"","background-media":"","overlay-type":"","overlay-color":"","overlay-opacity":"","overlay-gradient":""},"tablet":{"background-color":"var(--ast-global-color-5)","background-image":"","background-repeat":"repeat","background-position":"center center","background-size":"auto","background-attachment":"scroll","background-type":"","background-media":"","overlay-type":"","overlay-color":"","overlay-opacity":"","overlay-gradient":""},"mobile":{"background-color":"var(--ast-global-color-5)","background-image":"","background-repeat":"repeat","background-position":"center center","background-size":"auto","background-attachment":"scroll","background-type":"","background-media":"","overlay-type":"","overlay-color":"","overlay-opacity":"","overlay-gradient":""}},"_joinchat":[]},"badge":[58,59],"bed-type":[73],"capacity":[46],"features":[80,49],"view":[84],"tour-type":[71],"product_brand":[],"product_cat":[37],"product_tag":[],"class_list":{"0":"post-4299","1":"product","2":"type-product","3":"status-publish","4":"has-post-thumbnail","6":"badge-for-families","7":"badge-new","8":"bed-type-73","9":"capacity-5-6","10":"features-free-parking","11":"features-sauna","12":"view-near-nature","13":"tour-type-city-apartments","14":"product_cat-accommodation","15":"desktop-align-left","16":"tablet-align-left","17":"mobile-align-left","19":"first","20":"instock","21":"shipping-taxable","22":"product-type-external"},"acf":[],"yoast_head":"<!-- This site is optimized with the Yoast SEO Premium plugin v25.9 (Yoast SEO v25.9) - https:\/\/yoast.com\/wordpress\/plugins\/seo\/ -->\n<title>Aurora Chalet - Book Lapland<\/title>\n<meta name=\"description\" content=\"Stay at Aurora Chalet! Cozy, modern lodging with stunning views, perfect for Arctic adventures and experiencing the Northern Lights.\" \/>\n<meta name=\"robots\" content=\"index, follow, max-snippet:-1, max-image-preview:large, max-video-preview:-1\" \/>\n<link rel=\"canonical\" href=\"https:\/\/booklapland.ngmprojektit.fi\/fr\/produit\/aurora-chalet-etelapihlaja-4a-288387\/\" \/>\n<meta property=\"og:locale\" content=\"fr_FR\" \/>\n<meta property=\"og:type\" content=\"article\" \/>\n<meta property=\"og:title\" content=\"Aurora Chalet\" \/>\n<meta property=\"og:description\" content=\"Stay at Aurora Chalet! Cozy, modern lodging with stunning views, perfect for Arctic adventures and experiencing the Northern Lights.\" \/>\n<meta property=\"og:url\" content=\"https:\/\/booklapland.ngmprojektit.fi\/fr\/produit\/aurora-chalet-etelapihlaja-4a-288387\/\" \/>\n<meta property=\"og:site_name\" content=\"Book Lapland\" \/>\n<meta property=\"article:modified_time\" content=\"2025-09-07T08:57:27+00:00\" \/>\n<meta property=\"og:image\" content=\"https:\/\/booklapland.ngmprojektit.fi\/wp-content\/uploads\/2025\/07\/75211-288387-WDJJs397gCIJj2HowfODN9UPfDaZ8iH6w4d-Evtgh0I-66c4eb754aae5-small.jpeg\" \/>\n\t<meta property=\"og:image:width\" content=\"600\" \/>\n\t<meta property=\"og:image:height\" content=\"450\" \/>\n\t<meta property=\"og:image:type\" content=\"image\/jpeg\" \/>\n<meta name=\"twitter:card\" content=\"summary_large_image\" \/>\n<meta name=\"twitter:label1\" content=\"Dur\u00e9e de lecture estim\u00e9e\" \/>\n\t<meta name=\"twitter:data1\" content=\"1 minute\" \/>\n<script type=\"application\/ld+json\" class=\"yoast-schema-graph\">{\"@context\":\"https:\/\/schema.org\",\"@graph\":[{\"@type\":\"WebPage\",\"@id\":\"https:\/\/booklapland.ngmprojektit.fi\/product\/aurora-chalet-etelapihlaja-4a-288387\/\",\"url\":\"https:\/\/booklapland.ngmprojektit.fi\/product\/aurora-chalet-etelapihlaja-4a-288387\/\",\"name\":\"Aurora Chalet - Book Lapland\",\"isPartOf\":{\"@id\":\"https:\/\/booklapland.ngmprojektit.fi\/#website\"},\"primaryImageOfPage\":{\"@id\":\"https:\/\/booklapland.ngmprojektit.fi\/product\/aurora-chalet-etelapihlaja-4a-288387\/#primaryimage\"},\"image\":{\"@id\":\"https:\/\/booklapland.ngmprojektit.fi\/product\/aurora-chalet-etelapihlaja-4a-288387\/#primaryimage\"},\"thumbnailUrl\":\"https:\/\/booklapland.ngmprojektit.fi\/wp-content\/uploads\/2025\/07\/75211-288387-WDJJs397gCIJj2HowfODN9UPfDaZ8iH6w4d-Evtgh0I-66c4eb754aae5-small.jpeg\",\"datePublished\":\"2025-07-22T18:28:43+00:00\",\"dateModified\":\"2025-09-07T08:57:27+00:00\",\"description\":\"Stay at Aurora Chalet! Cozy, modern lodging with stunning views, perfect for Arctic adventures and experiencing the Northern Lights.\",\"breadcrumb\":{\"@id\":\"https:\/\/booklapland.ngmprojektit.fi\/product\/aurora-chalet-etelapihlaja-4a-288387\/#breadcrumb\"},\"inLanguage\":\"fr-FR\",\"potentialAction\":[{\"@type\":\"ReadAction\",\"target\":[\"https:\/\/booklapland.ngmprojektit.fi\/product\/aurora-chalet-etelapihlaja-4a-288387\/\"]}]},{\"@type\":\"ImageObject\",\"inLanguage\":\"fr-FR\",\"@id\":\"https:\/\/booklapland.ngmprojektit.fi\/product\/aurora-chalet-etelapihlaja-4a-288387\/#primaryimage\",\"url\":\"https:\/\/booklapland.ngmprojektit.fi\/wp-content\/uploads\/2025\/07\/75211-288387-WDJJs397gCIJj2HowfODN9UPfDaZ8iH6w4d-Evtgh0I-66c4eb754aae5-small.jpeg\",\"contentUrl\":\"https:\/\/booklapland.ngmprojektit.fi\/wp-content\/uploads\/2025\/07\/75211-288387-WDJJs397gCIJj2HowfODN9UPfDaZ8iH6w4d-Evtgh0I-66c4eb754aae5-small.jpeg\",\"width\":600,\"height\":450},{\"@type\":\"BreadcrumbList\",\"@id\":\"https:\/\/booklapland.ngmprojektit.fi\/product\/aurora-chalet-etelapihlaja-4a-288387\/#breadcrumb\",\"itemListElement\":[{\"@type\":\"ListItem\",\"position\":1,\"name\":\"Home\",\"item\":\"https:\/\/booklapland.ngmprojektit.fi\/\"},{\"@type\":\"ListItem\",\"position\":2,\"name\":\"Apartments\",\"item\":\"https:\/\/booklapland.ngmprojektit.fi\/apartments\/\"},{\"@type\":\"ListItem\",\"position\":3,\"name\":\"Aurora Chalet\"}]},{\"@type\":\"WebSite\",\"@id\":\"https:\/\/booklapland.ngmprojektit.fi\/#website\",\"url\":\"https:\/\/booklapland.ngmprojektit.fi\/\",\"name\":\"Book Lapland\",\"description\":\"\",\"potentialAction\":[{\"@type\":\"SearchAction\",\"target\":{\"@type\":\"EntryPoint\",\"urlTemplate\":\"https:\/\/booklapland.ngmprojektit.fi\/?s={search_term_string}\"},\"query-input\":{\"@type\":\"PropertyValueSpecification\",\"valueRequired\":true,\"valueName\":\"search_term_string\"}}],\"inLanguage\":\"fr-FR\"}]}<\/script>\n<!-- \/ Yoast SEO Premium plugin. -->","yoast_head_json":{"title":"Aurora Chalet - Book Lapland","description":"Stay at Aurora Chalet! Cozy, modern lodging with stunning views, perfect for Arctic adventures and experiencing the Northern Lights.","robots":{"index":"index","follow":"follow","max-snippet":"max-snippet:-1","max-image-preview":"max-image-preview:large","max-video-preview":"max-video-preview:-1"},"canonical":"https:\/\/booklapland.ngmprojektit.fi\/fr\/produit\/aurora-chalet-etelapihlaja-4a-288387\/","og_locale":"fr_FR","og_type":"article","og_title":"Aurora Chalet","og_description":"Stay at Aurora Chalet! Cozy, modern lodging with stunning views, perfect for Arctic adventures and experiencing the Northern Lights.","og_url":"https:\/\/booklapland.ngmprojektit.fi\/fr\/produit\/aurora-chalet-etelapihlaja-4a-288387\/","og_site_name":"Book Lapland","article_modified_time":"2025-09-07T08:57:27+00:00","og_image":[{"width":600,"height":450,"url":"https:\/\/booklapland.ngmprojektit.fi\/wp-content\/uploads\/2025\/07\/75211-288387-WDJJs397gCIJj2HowfODN9UPfDaZ8iH6w4d-Evtgh0I-66c4eb754aae5-small.jpeg","type":"image\/jpeg"}],"twitter_card":"summary_large_image","twitter_misc":{"Dur\u00e9e de lecture estim\u00e9e":"1 minute"},"schema":{"@context":"https:\/\/schema.org","@graph":[{"@type":"WebPage","@id":"https:\/\/booklapland.ngmprojektit.fi\/product\/aurora-chalet-etelapihlaja-4a-288387\/","url":"https:\/\/booklapland.ngmprojektit.fi\/product\/aurora-chalet-etelapihlaja-4a-288387\/","name":"Aurora Chalet - Book Lapland","isPartOf":{"@id":"https:\/\/booklapland.ngmprojektit.fi\/#website"},"primaryImageOfPage":{"@id":"https:\/\/booklapland.ngmprojektit.fi\/product\/aurora-chalet-etelapihlaja-4a-288387\/#primaryimage"},"image":{"@id":"https:\/\/booklapland.ngmprojektit.fi\/product\/aurora-chalet-etelapihlaja-4a-288387\/#primaryimage"},"thumbnailUrl":"https:\/\/booklapland.ngmprojektit.fi\/wp-content\/uploads\/2025\/07\/75211-288387-WDJJs397gCIJj2HowfODN9UPfDaZ8iH6w4d-Evtgh0I-66c4eb754aae5-small.jpeg","datePublished":"2025-07-22T18:28:43+00:00","dateModified":"2025-09-07T08:57:27+00:00","description":"Stay at Aurora Chalet! Cozy, modern lodging with stunning views, perfect for Arctic adventures and experiencing the Northern Lights.","breadcrumb":{"@id":"https:\/\/booklapland.ngmprojektit.fi\/product\/aurora-chalet-etelapihlaja-4a-288387\/#breadcrumb"},"inLanguage":"fr-FR","potentialAction":[{"@type":"ReadAction","target":["https:\/\/booklapland.ngmprojektit.fi\/product\/aurora-chalet-etelapihlaja-4a-288387\/"]}]},{"@type":"ImageObject","inLanguage":"fr-FR","@id":"https:\/\/booklapland.ngmprojektit.fi\/product\/aurora-chalet-etelapihlaja-4a-288387\/#primaryimage","url":"https:\/\/booklapland.ngmprojektit.fi\/wp-content\/uploads\/2025\/07\/75211-288387-WDJJs397gCIJj2HowfODN9UPfDaZ8iH6w4d-Evtgh0I-66c4eb754aae5-small.jpeg","contentUrl":"https:\/\/booklapland.ngmprojektit.fi\/wp-content\/uploads\/2025\/07\/75211-288387-WDJJs397gCIJj2HowfODN9UPfDaZ8iH6w4d-Evtgh0I-66c4eb754aae5-small.jpeg","width":600,"height":450},{"@type":"BreadcrumbList","@id":"https:\/\/booklapland.ngmprojektit.fi\/product\/aurora-chalet-etelapihlaja-4a-288387\/#breadcrumb","itemListElement":[{"@type":"ListItem","position":1,"name":"Home","item":"https:\/\/booklapland.ngmprojektit.fi\/"},{"@type":"ListItem","position":2,"name":"Apartments","item":"https:\/\/booklapland.ngmprojektit.fi\/apartments\/"},{"@type":"ListItem","position":3,"name":"Aurora Chalet"}]},{"@type":"WebSite","@id":"https:\/\/booklapland.ngmprojektit.fi\/#website","url":"https:\/\/booklapland.ngmprojektit.fi\/","name":"R\u00e9server la Laponie","description":"","potentialAction":[{"@type":"SearchAction","target":{"@type":"EntryPoint","urlTemplate":"https:\/\/booklapland.ngmprojektit.fi\/?s={search_term_string}"},"query-input":{"@type":"PropertyValueSpecification","valueRequired":true,"valueName":"search_term_string"}}],"inLanguage":"fr-FR"}]}},"_links":{"self":[{"href":"https:\/\/booklapland.ngmprojektit.fi\/fr\/wp-json\/wp\/v2\/product\/4299","targetHints":{"allow":["GET"]}}],"collection":[{"href":"https:\/\/booklapland.ngmprojektit.fi\/fr\/wp-json\/wp\/v2\/product"}],"about":[{"href":"https:\/\/booklapland.ngmprojektit.fi\/fr\/wp-json\/wp\/v2\/types\/product"}],"replies":[{"embeddable":true,"href":"https:\/\/booklapland.ngmprojektit.fi\/fr\/wp-json\/wp\/v2\/comments?post=4299"}],"wp:featuredmedia":[{"embeddable":true,"href":"https:\/\/booklapland.ngmprojektit.fi\/fr\/wp-json\/wp\/v2\/media\/4297"}],"wp:attachment":[{"href":"https:\/\/booklapland.ngmprojektit.fi\/fr\/wp-json\/wp\/v2\/media?parent=4299"}],"wp:term":[{"taxonomy":"badge","embeddable":true,"href":"https:\/\/booklapland.ngmprojektit.fi\/fr\/wp-json\/wp\/v2\/badge?post=4299"},{"taxonomy":"bed-type","embeddable":true,"href":"https:\/\/booklapland.ngmprojektit.fi\/fr\/wp-json\/wp\/v2\/bed-type?post=4299"},{"taxonomy":"capacity","embeddable":true,"href":"https:\/\/booklapland.ngmprojektit.fi\/fr\/wp-json\/wp\/v2\/capacity?post=4299"},{"taxonomy":"features","embeddable":true,"href":"https:\/\/booklapland.ngmprojektit.fi\/fr\/wp-json\/wp\/v2\/features?post=4299"},{"taxonomy":"view","embeddable":true,"href":"https:\/\/booklapland.ngmprojektit.fi\/fr\/wp-json\/wp\/v2\/view?post=4299"},{"taxonomy":"tour-type","embeddable":true,"href":"https:\/\/booklapland.ngmprojektit.fi\/fr\/wp-json\/wp\/v2\/tour-type?post=4299"},{"taxonomy":"product_brand","embeddable":true,"href":"https:\/\/booklapland.ngmprojektit.fi\/fr\/wp-json\/wp\/v2\/product_brand?post=4299"},{"taxonomy":"product_cat","embeddable":true,"href":"https:\/\/booklapland.ngmprojektit.fi\/fr\/wp-json\/wp\/v2\/product_cat?post=4299"},{"taxonomy":"product_tag","embeddable":true,"href":"https:\/\/booklapland.ngmprojektit.fi\/fr\/wp-json\/wp\/v2\/product_tag?post=4299"}],"curies":[{"name":"wp","href":"https:\/\/api.w.org\/{rel}","templated":true}]}}