{"id":5991,"date":"2025-07-24T21:49:46","date_gmt":"2025-07-24T21:49:46","guid":{"rendered":"https:\/\/booklapland.ngmprojektit.fi\/?post_type=product&#038;p=5991"},"modified":"2025-09-07T10:12:24","modified_gmt":"2025-09-07T10:12:24","slug":"santas-suites-i-by-booklapland-matkarinne-2-d-18-326440","status":"publish","type":"product","link":"https:\/\/booklapland.ngmprojektit.fi\/fr\/produit\/santas-suites-i-by-booklapland-matkarinne-2-d-18-326440\/","title":{"rendered":"Santa's Suites I par BookLapland"},"content":{"rendered":"<p data-start=\"507\" data-end=\"868\">Description<\/p>\n<p data-start=\"870\" data-end=\"1273\">D\u00e9tendez-vous dans cet h\u00e9bergement confortable et moderne, parfaitement situ\u00e9 entre l'a\u00e9roport de Rovaniemi, le village du P\u00e8re No\u00ebl et le centre-ville. Profitez du calme de la nature tout en restant \u00e0 proximit\u00e9 de toutes les commodit\u00e9s. L'appartement comprend une cuisine enti\u00e8rement \u00e9quip\u00e9e, un sauna, un salon \u00e9l\u00e9gant et tous les \u00e9l\u00e9ments essentiels pour des vacances sans souci. Les draps et les serviettes sont inclus. Id\u00e9al pour les familles, les voyageurs d'affaires ou les escapades paisibles.<\/p>","protected":false},"excerpt":{"rendered":"<p>D\u00e9tendez-vous dans cet \u00e9tablissement moderne et confortable, qui offre un cadre parfait pour vos vacances. Son excellente situation entre l'a\u00e9roport, le village du P\u00e8re No\u00ebl et le centre-ville garantit des liaisons fluides. Une cuisine enti\u00e8rement \u00e9quip\u00e9e, un sauna et un salon \u00e9l\u00e9gant rendent votre s\u00e9jour agr\u00e9able. Le linge de lit et les serviettes sont inclus dans le prix.<\/p>","protected":false},"featured_media":6009,"comment_status":"closed","ping_status":"closed","template":"","meta":{"_acf_changed":false,"ub_ctt_via":"","site-sidebar-layout":"default","site-content-layout":"","ast-site-content-layout":"default","site-content-style":"default","site-sidebar-style":"default","ast-global-header-display":"","ast-banner-title-visibility":"","ast-main-header-display":"","ast-hfb-above-header-display":"","ast-hfb-below-header-display":"","ast-hfb-mobile-header-display":"","site-post-title":"","ast-breadcrumbs-content":"","ast-featured-img":"","footer-sml-layout":"","theme-transparent-header-meta":"default","adv-header-id-meta":"","stick-header-meta":"","header-above-stick-meta":"","header-main-stick-meta":"","header-below-stick-meta":"","astra-migrate-meta-layouts":"set","ast-page-background-enabled":"default","ast-page-background-meta":{"desktop":{"background-color":"var(--ast-global-color-4)","background-image":"","background-repeat":"repeat","background-position":"center center","background-size":"auto","background-attachment":"scroll","background-type":"","background-media":"","overlay-type":"","overlay-color":"","overlay-opacity":"","overlay-gradient":""},"tablet":{"background-color":"","background-image":"","background-repeat":"repeat","background-position":"center center","background-size":"auto","background-attachment":"scroll","background-type":"","background-media":"","overlay-type":"","overlay-color":"","overlay-opacity":"","overlay-gradient":""},"mobile":{"background-color":"","background-image":"","background-repeat":"repeat","background-position":"center center","background-size":"auto","background-attachment":"scroll","background-type":"","background-media":"","overlay-type":"","overlay-color":"","overlay-opacity":"","overlay-gradient":""}},"ast-content-background-meta":{"desktop":{"background-color":"var(--ast-global-color-5)","background-image":"","background-repeat":"repeat","background-position":"center center","background-size":"auto","background-attachment":"scroll","background-type":"","background-media":"","overlay-type":"","overlay-color":"","overlay-opacity":"","overlay-gradient":""},"tablet":{"background-color":"var(--ast-global-color-5)","background-image":"","background-repeat":"repeat","background-position":"center center","background-size":"auto","background-attachment":"scroll","background-type":"","background-media":"","overlay-type":"","overlay-color":"","overlay-opacity":"","overlay-gradient":""},"mobile":{"background-color":"var(--ast-global-color-5)","background-image":"","background-repeat":"repeat","background-position":"center center","background-size":"auto","background-attachment":"scroll","background-type":"","background-media":"","overlay-type":"","overlay-color":"","overlay-opacity":"","overlay-gradient":""}},"_joinchat":[]},"badge":[58],"bed-type":[72],"capacity":[46],"features":[80],"view":[84,82],"tour-type":[71],"product_brand":[],"product_cat":[37],"product_tag":[],"class_list":{"0":"post-5991","1":"product","2":"type-product","3":"status-publish","4":"has-post-thumbnail","6":"badge-for-families","7":"bed-type-72","8":"capacity-5-6","9":"features-free-parking","10":"view-near-nature","11":"view-near-santaclaus-village","12":"tour-type-city-apartments","13":"product_cat-accommodation","14":"desktop-align-left","15":"tablet-align-left","16":"mobile-align-left","18":"first","19":"instock","20":"shipping-taxable","21":"product-type-external"},"acf":[],"yoast_head":"<!-- This site is optimized with the Yoast SEO Premium plugin v25.9 (Yoast SEO v25.9) - https:\/\/yoast.com\/wordpress\/plugins\/seo\/ -->\n<title>Santa&#039;s Suites I by BookLapland - Book Lapland<\/title>\n<meta name=\"description\" content=\"Stay at Santa\u2019s Suites I by BookLapland! Modern, cozy city-center accommodation ideal for exploring Arctic attractions and magical Rovaniemi.\" \/>\n<meta name=\"robots\" content=\"index, follow, max-snippet:-1, max-image-preview:large, max-video-preview:-1\" \/>\n<link rel=\"canonical\" href=\"https:\/\/booklapland.ngmprojektit.fi\/fr\/produit\/santas-suites-i-by-booklapland-matkarinne-2-d-18-326440\/\" \/>\n<meta property=\"og:locale\" content=\"fr_FR\" \/>\n<meta property=\"og:type\" content=\"article\" \/>\n<meta property=\"og:title\" content=\"Santa&#039;s Suites I by BookLapland\" \/>\n<meta property=\"og:description\" content=\"Stay at Santa\u2019s Suites I by BookLapland! Modern, cozy city-center accommodation ideal for exploring Arctic attractions and magical Rovaniemi.\" \/>\n<meta property=\"og:url\" content=\"https:\/\/booklapland.ngmprojektit.fi\/fr\/produit\/santas-suites-i-by-booklapland-matkarinne-2-d-18-326440\/\" \/>\n<meta property=\"og:site_name\" content=\"Book Lapland\" \/>\n<meta property=\"article:modified_time\" content=\"2025-09-07T10:12:24+00:00\" \/>\n<meta property=\"og:image\" content=\"https:\/\/booklapland.ngmprojektit.fi\/wp-content\/uploads\/2025\/07\/75211-326440-wXM7wN-AZrCGF5B4aZt8imBRxFFMpkQwt0Dlq4Tb110-67331542eee9a-small.jpeg\" \/>\n\t<meta property=\"og:image:width\" content=\"600\" \/>\n\t<meta property=\"og:image:height\" content=\"400\" \/>\n\t<meta property=\"og:image:type\" content=\"image\/jpeg\" \/>\n<meta name=\"twitter:card\" content=\"summary_large_image\" \/>\n<meta name=\"twitter:label1\" content=\"Dur\u00e9e de lecture estim\u00e9e\" \/>\n\t<meta name=\"twitter:data1\" content=\"1 minute\" \/>\n<script type=\"application\/ld+json\" class=\"yoast-schema-graph\">{\"@context\":\"https:\/\/schema.org\",\"@graph\":[{\"@type\":\"WebPage\",\"@id\":\"https:\/\/booklapland.ngmprojektit.fi\/product\/santas-suites-i-by-booklapland-matkarinne-2-d-18-326440\/\",\"url\":\"https:\/\/booklapland.ngmprojektit.fi\/product\/santas-suites-i-by-booklapland-matkarinne-2-d-18-326440\/\",\"name\":\"Santa's Suites I by BookLapland - Book Lapland\",\"isPartOf\":{\"@id\":\"https:\/\/booklapland.ngmprojektit.fi\/#website\"},\"primaryImageOfPage\":{\"@id\":\"https:\/\/booklapland.ngmprojektit.fi\/product\/santas-suites-i-by-booklapland-matkarinne-2-d-18-326440\/#primaryimage\"},\"image\":{\"@id\":\"https:\/\/booklapland.ngmprojektit.fi\/product\/santas-suites-i-by-booklapland-matkarinne-2-d-18-326440\/#primaryimage\"},\"thumbnailUrl\":\"https:\/\/booklapland.ngmprojektit.fi\/wp-content\/uploads\/2025\/07\/75211-326440-wXM7wN-AZrCGF5B4aZt8imBRxFFMpkQwt0Dlq4Tb110-67331542eee9a-small.jpeg\",\"datePublished\":\"2025-07-24T21:49:46+00:00\",\"dateModified\":\"2025-09-07T10:12:24+00:00\",\"description\":\"Stay at Santa\u2019s Suites I by BookLapland! Modern, cozy city-center accommodation ideal for exploring Arctic attractions and magical Rovaniemi.\",\"breadcrumb\":{\"@id\":\"https:\/\/booklapland.ngmprojektit.fi\/product\/santas-suites-i-by-booklapland-matkarinne-2-d-18-326440\/#breadcrumb\"},\"inLanguage\":\"fr-FR\",\"potentialAction\":[{\"@type\":\"ReadAction\",\"target\":[\"https:\/\/booklapland.ngmprojektit.fi\/product\/santas-suites-i-by-booklapland-matkarinne-2-d-18-326440\/\"]}]},{\"@type\":\"ImageObject\",\"inLanguage\":\"fr-FR\",\"@id\":\"https:\/\/booklapland.ngmprojektit.fi\/product\/santas-suites-i-by-booklapland-matkarinne-2-d-18-326440\/#primaryimage\",\"url\":\"https:\/\/booklapland.ngmprojektit.fi\/wp-content\/uploads\/2025\/07\/75211-326440-wXM7wN-AZrCGF5B4aZt8imBRxFFMpkQwt0Dlq4Tb110-67331542eee9a-small.jpeg\",\"contentUrl\":\"https:\/\/booklapland.ngmprojektit.fi\/wp-content\/uploads\/2025\/07\/75211-326440-wXM7wN-AZrCGF5B4aZt8imBRxFFMpkQwt0Dlq4Tb110-67331542eee9a-small.jpeg\",\"width\":600,\"height\":400},{\"@type\":\"BreadcrumbList\",\"@id\":\"https:\/\/booklapland.ngmprojektit.fi\/product\/santas-suites-i-by-booklapland-matkarinne-2-d-18-326440\/#breadcrumb\",\"itemListElement\":[{\"@type\":\"ListItem\",\"position\":1,\"name\":\"Home\",\"item\":\"https:\/\/booklapland.ngmprojektit.fi\/\"},{\"@type\":\"ListItem\",\"position\":2,\"name\":\"Apartments\",\"item\":\"https:\/\/booklapland.ngmprojektit.fi\/apartments\/\"},{\"@type\":\"ListItem\",\"position\":3,\"name\":\"Santa&#8217;s Suites I by BookLapland\"}]},{\"@type\":\"WebSite\",\"@id\":\"https:\/\/booklapland.ngmprojektit.fi\/#website\",\"url\":\"https:\/\/booklapland.ngmprojektit.fi\/\",\"name\":\"Book Lapland\",\"description\":\"\",\"potentialAction\":[{\"@type\":\"SearchAction\",\"target\":{\"@type\":\"EntryPoint\",\"urlTemplate\":\"https:\/\/booklapland.ngmprojektit.fi\/?s={search_term_string}\"},\"query-input\":{\"@type\":\"PropertyValueSpecification\",\"valueRequired\":true,\"valueName\":\"search_term_string\"}}],\"inLanguage\":\"fr-FR\"}]}<\/script>\n<!-- \/ Yoast SEO Premium plugin. -->","yoast_head_json":{"title":"Santa's Suites I by BookLapland - Book Lapland","description":"Stay at Santa\u2019s Suites I by BookLapland! Modern, cozy city-center accommodation ideal for exploring Arctic attractions and magical Rovaniemi.","robots":{"index":"index","follow":"follow","max-snippet":"max-snippet:-1","max-image-preview":"max-image-preview:large","max-video-preview":"max-video-preview:-1"},"canonical":"https:\/\/booklapland.ngmprojektit.fi\/fr\/produit\/santas-suites-i-by-booklapland-matkarinne-2-d-18-326440\/","og_locale":"fr_FR","og_type":"article","og_title":"Santa's Suites I by BookLapland","og_description":"Stay at Santa\u2019s Suites I by BookLapland! Modern, cozy city-center accommodation ideal for exploring Arctic attractions and magical Rovaniemi.","og_url":"https:\/\/booklapland.ngmprojektit.fi\/fr\/produit\/santas-suites-i-by-booklapland-matkarinne-2-d-18-326440\/","og_site_name":"Book Lapland","article_modified_time":"2025-09-07T10:12:24+00:00","og_image":[{"width":600,"height":400,"url":"https:\/\/booklapland.ngmprojektit.fi\/wp-content\/uploads\/2025\/07\/75211-326440-wXM7wN-AZrCGF5B4aZt8imBRxFFMpkQwt0Dlq4Tb110-67331542eee9a-small.jpeg","type":"image\/jpeg"}],"twitter_card":"summary_large_image","twitter_misc":{"Dur\u00e9e de lecture estim\u00e9e":"1 minute"},"schema":{"@context":"https:\/\/schema.org","@graph":[{"@type":"WebPage","@id":"https:\/\/booklapland.ngmprojektit.fi\/product\/santas-suites-i-by-booklapland-matkarinne-2-d-18-326440\/","url":"https:\/\/booklapland.ngmprojektit.fi\/product\/santas-suites-i-by-booklapland-matkarinne-2-d-18-326440\/","name":"Santa's Suites I by BookLapland - Book Lapland","isPartOf":{"@id":"https:\/\/booklapland.ngmprojektit.fi\/#website"},"primaryImageOfPage":{"@id":"https:\/\/booklapland.ngmprojektit.fi\/product\/santas-suites-i-by-booklapland-matkarinne-2-d-18-326440\/#primaryimage"},"image":{"@id":"https:\/\/booklapland.ngmprojektit.fi\/product\/santas-suites-i-by-booklapland-matkarinne-2-d-18-326440\/#primaryimage"},"thumbnailUrl":"https:\/\/booklapland.ngmprojektit.fi\/wp-content\/uploads\/2025\/07\/75211-326440-wXM7wN-AZrCGF5B4aZt8imBRxFFMpkQwt0Dlq4Tb110-67331542eee9a-small.jpeg","datePublished":"2025-07-24T21:49:46+00:00","dateModified":"2025-09-07T10:12:24+00:00","description":"Stay at Santa\u2019s Suites I by BookLapland! Modern, cozy city-center accommodation ideal for exploring Arctic attractions and magical Rovaniemi.","breadcrumb":{"@id":"https:\/\/booklapland.ngmprojektit.fi\/product\/santas-suites-i-by-booklapland-matkarinne-2-d-18-326440\/#breadcrumb"},"inLanguage":"fr-FR","potentialAction":[{"@type":"ReadAction","target":["https:\/\/booklapland.ngmprojektit.fi\/product\/santas-suites-i-by-booklapland-matkarinne-2-d-18-326440\/"]}]},{"@type":"ImageObject","inLanguage":"fr-FR","@id":"https:\/\/booklapland.ngmprojektit.fi\/product\/santas-suites-i-by-booklapland-matkarinne-2-d-18-326440\/#primaryimage","url":"https:\/\/booklapland.ngmprojektit.fi\/wp-content\/uploads\/2025\/07\/75211-326440-wXM7wN-AZrCGF5B4aZt8imBRxFFMpkQwt0Dlq4Tb110-67331542eee9a-small.jpeg","contentUrl":"https:\/\/booklapland.ngmprojektit.fi\/wp-content\/uploads\/2025\/07\/75211-326440-wXM7wN-AZrCGF5B4aZt8imBRxFFMpkQwt0Dlq4Tb110-67331542eee9a-small.jpeg","width":600,"height":400},{"@type":"BreadcrumbList","@id":"https:\/\/booklapland.ngmprojektit.fi\/product\/santas-suites-i-by-booklapland-matkarinne-2-d-18-326440\/#breadcrumb","itemListElement":[{"@type":"ListItem","position":1,"name":"Home","item":"https:\/\/booklapland.ngmprojektit.fi\/"},{"@type":"ListItem","position":2,"name":"Apartments","item":"https:\/\/booklapland.ngmprojektit.fi\/apartments\/"},{"@type":"ListItem","position":3,"name":"Santa&#8217;s Suites I by BookLapland"}]},{"@type":"WebSite","@id":"https:\/\/booklapland.ngmprojektit.fi\/#website","url":"https:\/\/booklapland.ngmprojektit.fi\/","name":"R\u00e9server la Laponie","description":"","potentialAction":[{"@type":"SearchAction","target":{"@type":"EntryPoint","urlTemplate":"https:\/\/booklapland.ngmprojektit.fi\/?s={search_term_string}"},"query-input":{"@type":"PropertyValueSpecification","valueRequired":true,"valueName":"search_term_string"}}],"inLanguage":"fr-FR"}]}},"_links":{"self":[{"href":"https:\/\/booklapland.ngmprojektit.fi\/fr\/wp-json\/wp\/v2\/product\/5991","targetHints":{"allow":["GET"]}}],"collection":[{"href":"https:\/\/booklapland.ngmprojektit.fi\/fr\/wp-json\/wp\/v2\/product"}],"about":[{"href":"https:\/\/booklapland.ngmprojektit.fi\/fr\/wp-json\/wp\/v2\/types\/product"}],"replies":[{"embeddable":true,"href":"https:\/\/booklapland.ngmprojektit.fi\/fr\/wp-json\/wp\/v2\/comments?post=5991"}],"wp:featuredmedia":[{"embeddable":true,"href":"https:\/\/booklapland.ngmprojektit.fi\/fr\/wp-json\/wp\/v2\/media\/6009"}],"wp:attachment":[{"href":"https:\/\/booklapland.ngmprojektit.fi\/fr\/wp-json\/wp\/v2\/media?parent=5991"}],"wp:term":[{"taxonomy":"badge","embeddable":true,"href":"https:\/\/booklapland.ngmprojektit.fi\/fr\/wp-json\/wp\/v2\/badge?post=5991"},{"taxonomy":"bed-type","embeddable":true,"href":"https:\/\/booklapland.ngmprojektit.fi\/fr\/wp-json\/wp\/v2\/bed-type?post=5991"},{"taxonomy":"capacity","embeddable":true,"href":"https:\/\/booklapland.ngmprojektit.fi\/fr\/wp-json\/wp\/v2\/capacity?post=5991"},{"taxonomy":"features","embeddable":true,"href":"https:\/\/booklapland.ngmprojektit.fi\/fr\/wp-json\/wp\/v2\/features?post=5991"},{"taxonomy":"view","embeddable":true,"href":"https:\/\/booklapland.ngmprojektit.fi\/fr\/wp-json\/wp\/v2\/view?post=5991"},{"taxonomy":"tour-type","embeddable":true,"href":"https:\/\/booklapland.ngmprojektit.fi\/fr\/wp-json\/wp\/v2\/tour-type?post=5991"},{"taxonomy":"product_brand","embeddable":true,"href":"https:\/\/booklapland.ngmprojektit.fi\/fr\/wp-json\/wp\/v2\/product_brand?post=5991"},{"taxonomy":"product_cat","embeddable":true,"href":"https:\/\/booklapland.ngmprojektit.fi\/fr\/wp-json\/wp\/v2\/product_cat?post=5991"},{"taxonomy":"product_tag","embeddable":true,"href":"https:\/\/booklapland.ngmprojektit.fi\/fr\/wp-json\/wp\/v2\/product_tag?post=5991"}],"curies":[{"name":"wp","href":"https:\/\/api.w.org\/{rel}","templated":true}]}}