{"id":6023,"date":"2025-07-24T22:04:00","date_gmt":"2025-07-24T22:04:00","guid":{"rendered":"https:\/\/booklapland.ngmprojektit.fi\/?post_type=product&#038;p=6023"},"modified":"2025-09-07T09:13:25","modified_gmt":"2025-09-07T09:13:25","slug":"aurora-suite-sivutie-sivutie-7-a-26-328209","status":"publish","type":"product","link":"https:\/\/booklapland.ngmprojektit.fi\/fr\/produit\/aurora-suite-sivutie-sivutie-7-a-26-328209\/","title":{"rendered":"Aurora Suite Sivutie"},"content":{"rendered":"<p data-start=\"548\" data-end=\"856\">Description<\/p>\n<p data-start=\"858\" data-end=\"1201\">Amusez-vous et profitez de vos vacances dans un appartement \u00e0 la d\u00e9coration moderne, dot\u00e9 d'\u00e9quipements de qualit\u00e9 et offrant une vue imprenable sur la ville. Prenez votre petit d\u00e9jeuner dans le confort ou sirotez votre caf\u00e9 du matin sur le balcon. Situ\u00e9 \u00e0 proximit\u00e9 du centre-ville, avec un supermarch\u00e9 juste \u00e0 c\u00f4t\u00e9, tout est \u00e0 port\u00e9e de main. Des restaurants, des magasins et des attractions vous attendent \u00e0 proximit\u00e9 !<\/p>","protected":false},"excerpt":{"rendered":"<p data-start=\"548\" data-end=\"856\">Profitez d'un appartement moderne et \u00e9l\u00e9gamment meubl\u00e9, dot\u00e9 d'\u00e9quipements de qualit\u00e9 et offrant une vue imprenable sur la ville. Commencez votre journ\u00e9e par un petit d\u00e9jeuner dans votre propre cuisine ou par un caf\u00e9 sur le balcon. Excellent emplacement pr\u00e8s du centre-ville et juste \u00e0 c\u00f4t\u00e9 d'un supermarch\u00e9. Tout ce dont vous avez besoin pour des vacances parfaites est \u00e0 port\u00e9e de main.<\/p>","protected":false},"featured_media":6040,"comment_status":"closed","ping_status":"closed","template":"","meta":{"_acf_changed":false,"ub_ctt_via":"","site-sidebar-layout":"default","site-content-layout":"","ast-site-content-layout":"default","site-content-style":"default","site-sidebar-style":"default","ast-global-header-display":"","ast-banner-title-visibility":"","ast-main-header-display":"","ast-hfb-above-header-display":"","ast-hfb-below-header-display":"","ast-hfb-mobile-header-display":"","site-post-title":"","ast-breadcrumbs-content":"","ast-featured-img":"","footer-sml-layout":"","theme-transparent-header-meta":"default","adv-header-id-meta":"","stick-header-meta":"","header-above-stick-meta":"","header-main-stick-meta":"","header-below-stick-meta":"","astra-migrate-meta-layouts":"set","ast-page-background-enabled":"default","ast-page-background-meta":{"desktop":{"background-color":"var(--ast-global-color-4)","background-image":"","background-repeat":"repeat","background-position":"center center","background-size":"auto","background-attachment":"scroll","background-type":"","background-media":"","overlay-type":"","overlay-color":"","overlay-opacity":"","overlay-gradient":""},"tablet":{"background-color":"","background-image":"","background-repeat":"repeat","background-position":"center center","background-size":"auto","background-attachment":"scroll","background-type":"","background-media":"","overlay-type":"","overlay-color":"","overlay-opacity":"","overlay-gradient":""},"mobile":{"background-color":"","background-image":"","background-repeat":"repeat","background-position":"center center","background-size":"auto","background-attachment":"scroll","background-type":"","background-media":"","overlay-type":"","overlay-color":"","overlay-opacity":"","overlay-gradient":""}},"ast-content-background-meta":{"desktop":{"background-color":"var(--ast-global-color-5)","background-image":"","background-repeat":"repeat","background-position":"center center","background-size":"auto","background-attachment":"scroll","background-type":"","background-media":"","overlay-type":"","overlay-color":"","overlay-opacity":"","overlay-gradient":""},"tablet":{"background-color":"var(--ast-global-color-5)","background-image":"","background-repeat":"repeat","background-position":"center center","background-size":"auto","background-attachment":"scroll","background-type":"","background-media":"","overlay-type":"","overlay-color":"","overlay-opacity":"","overlay-gradient":""},"mobile":{"background-color":"var(--ast-global-color-5)","background-image":"","background-repeat":"repeat","background-position":"center center","background-size":"auto","background-attachment":"scroll","background-type":"","background-media":"","overlay-type":"","overlay-color":"","overlay-opacity":"","overlay-gradient":""}},"_joinchat":[]},"badge":[59],"bed-type":[72],"capacity":[44],"features":[],"view":[85],"tour-type":[71],"product_brand":[],"product_cat":[37],"product_tag":[],"class_list":{"0":"post-6023","1":"product","2":"type-product","3":"status-publish","4":"has-post-thumbnail","6":"badge-new","7":"bed-type-72","8":"capacity-1-2","9":"view-near-city-center","10":"tour-type-city-apartments","11":"product_cat-accommodation","12":"desktop-align-left","13":"tablet-align-left","14":"mobile-align-left","16":"first","17":"instock","18":"shipping-taxable","19":"product-type-external"},"acf":[],"yoast_head":"<!-- This site is optimized with the Yoast SEO Premium plugin v25.9 (Yoast SEO v25.9) - https:\/\/yoast.com\/wordpress\/plugins\/seo\/ -->\n<title>Aurora Suite Sivutie - Book Lapland<\/title>\n<meta name=\"description\" content=\"Stay at Aurora Suite Sivutie! Modern, cozy city-center accommodation ideal for exploring Arctic attractions and enjoying the Northern Lights.\" \/>\n<meta name=\"robots\" content=\"index, follow, max-snippet:-1, max-image-preview:large, max-video-preview:-1\" \/>\n<link rel=\"canonical\" href=\"https:\/\/booklapland.ngmprojektit.fi\/fr\/produit\/aurora-suite-sivutie-sivutie-7-a-26-328209\/\" \/>\n<meta property=\"og:locale\" content=\"fr_FR\" \/>\n<meta property=\"og:type\" content=\"article\" \/>\n<meta property=\"og:title\" content=\"Aurora Suite Sivutie\" \/>\n<meta property=\"og:description\" content=\"Stay at Aurora Suite Sivutie! Modern, cozy city-center accommodation ideal for exploring Arctic attractions and enjoying the Northern Lights.\" \/>\n<meta property=\"og:url\" content=\"https:\/\/booklapland.ngmprojektit.fi\/fr\/produit\/aurora-suite-sivutie-sivutie-7-a-26-328209\/\" \/>\n<meta property=\"og:site_name\" content=\"Book Lapland\" \/>\n<meta property=\"article:modified_time\" content=\"2025-09-07T09:13:25+00:00\" \/>\n<meta property=\"og:image\" content=\"https:\/\/booklapland.ngmprojektit.fi\/wp-content\/uploads\/2025\/07\/75211-328209-R5eRMWS-Ne1aC9bmdXDroL3TaR4GbVgtXuv3PExkoXk-6734cb4bde3cd-small.jpeg\" \/>\n\t<meta property=\"og:image:width\" content=\"600\" \/>\n\t<meta property=\"og:image:height\" content=\"400\" \/>\n\t<meta property=\"og:image:type\" content=\"image\/jpeg\" \/>\n<meta name=\"twitter:card\" content=\"summary_large_image\" \/>\n<meta name=\"twitter:label1\" content=\"Dur\u00e9e de lecture estim\u00e9e\" \/>\n\t<meta name=\"twitter:data1\" content=\"1 minute\" \/>\n<script type=\"application\/ld+json\" class=\"yoast-schema-graph\">{\"@context\":\"https:\/\/schema.org\",\"@graph\":[{\"@type\":\"WebPage\",\"@id\":\"https:\/\/booklapland.ngmprojektit.fi\/product\/aurora-suite-sivutie-sivutie-7-a-26-328209\/\",\"url\":\"https:\/\/booklapland.ngmprojektit.fi\/product\/aurora-suite-sivutie-sivutie-7-a-26-328209\/\",\"name\":\"Aurora Suite Sivutie - Book Lapland\",\"isPartOf\":{\"@id\":\"https:\/\/booklapland.ngmprojektit.fi\/#website\"},\"primaryImageOfPage\":{\"@id\":\"https:\/\/booklapland.ngmprojektit.fi\/product\/aurora-suite-sivutie-sivutie-7-a-26-328209\/#primaryimage\"},\"image\":{\"@id\":\"https:\/\/booklapland.ngmprojektit.fi\/product\/aurora-suite-sivutie-sivutie-7-a-26-328209\/#primaryimage\"},\"thumbnailUrl\":\"https:\/\/booklapland.ngmprojektit.fi\/wp-content\/uploads\/2025\/07\/75211-328209-R5eRMWS-Ne1aC9bmdXDroL3TaR4GbVgtXuv3PExkoXk-6734cb4bde3cd-small.jpeg\",\"datePublished\":\"2025-07-24T22:04:00+00:00\",\"dateModified\":\"2025-09-07T09:13:25+00:00\",\"description\":\"Stay at Aurora Suite Sivutie! Modern, cozy city-center accommodation ideal for exploring Arctic attractions and enjoying the Northern Lights.\",\"breadcrumb\":{\"@id\":\"https:\/\/booklapland.ngmprojektit.fi\/product\/aurora-suite-sivutie-sivutie-7-a-26-328209\/#breadcrumb\"},\"inLanguage\":\"fr-FR\",\"potentialAction\":[{\"@type\":\"ReadAction\",\"target\":[\"https:\/\/booklapland.ngmprojektit.fi\/product\/aurora-suite-sivutie-sivutie-7-a-26-328209\/\"]}]},{\"@type\":\"ImageObject\",\"inLanguage\":\"fr-FR\",\"@id\":\"https:\/\/booklapland.ngmprojektit.fi\/product\/aurora-suite-sivutie-sivutie-7-a-26-328209\/#primaryimage\",\"url\":\"https:\/\/booklapland.ngmprojektit.fi\/wp-content\/uploads\/2025\/07\/75211-328209-R5eRMWS-Ne1aC9bmdXDroL3TaR4GbVgtXuv3PExkoXk-6734cb4bde3cd-small.jpeg\",\"contentUrl\":\"https:\/\/booklapland.ngmprojektit.fi\/wp-content\/uploads\/2025\/07\/75211-328209-R5eRMWS-Ne1aC9bmdXDroL3TaR4GbVgtXuv3PExkoXk-6734cb4bde3cd-small.jpeg\",\"width\":600,\"height\":400},{\"@type\":\"BreadcrumbList\",\"@id\":\"https:\/\/booklapland.ngmprojektit.fi\/product\/aurora-suite-sivutie-sivutie-7-a-26-328209\/#breadcrumb\",\"itemListElement\":[{\"@type\":\"ListItem\",\"position\":1,\"name\":\"Home\",\"item\":\"https:\/\/booklapland.ngmprojektit.fi\/\"},{\"@type\":\"ListItem\",\"position\":2,\"name\":\"Apartments\",\"item\":\"https:\/\/booklapland.ngmprojektit.fi\/apartments\/\"},{\"@type\":\"ListItem\",\"position\":3,\"name\":\"Aurora Suite Sivutie\"}]},{\"@type\":\"WebSite\",\"@id\":\"https:\/\/booklapland.ngmprojektit.fi\/#website\",\"url\":\"https:\/\/booklapland.ngmprojektit.fi\/\",\"name\":\"Book Lapland\",\"description\":\"\",\"potentialAction\":[{\"@type\":\"SearchAction\",\"target\":{\"@type\":\"EntryPoint\",\"urlTemplate\":\"https:\/\/booklapland.ngmprojektit.fi\/?s={search_term_string}\"},\"query-input\":{\"@type\":\"PropertyValueSpecification\",\"valueRequired\":true,\"valueName\":\"search_term_string\"}}],\"inLanguage\":\"fr-FR\"}]}<\/script>\n<!-- \/ Yoast SEO Premium plugin. -->","yoast_head_json":{"title":"Aurora Suite Sivutie - Book Lapland","description":"Stay at Aurora Suite Sivutie! Modern, cozy city-center accommodation ideal for exploring Arctic attractions and enjoying the Northern Lights.","robots":{"index":"index","follow":"follow","max-snippet":"max-snippet:-1","max-image-preview":"max-image-preview:large","max-video-preview":"max-video-preview:-1"},"canonical":"https:\/\/booklapland.ngmprojektit.fi\/fr\/produit\/aurora-suite-sivutie-sivutie-7-a-26-328209\/","og_locale":"fr_FR","og_type":"article","og_title":"Aurora Suite Sivutie","og_description":"Stay at Aurora Suite Sivutie! Modern, cozy city-center accommodation ideal for exploring Arctic attractions and enjoying the Northern Lights.","og_url":"https:\/\/booklapland.ngmprojektit.fi\/fr\/produit\/aurora-suite-sivutie-sivutie-7-a-26-328209\/","og_site_name":"Book Lapland","article_modified_time":"2025-09-07T09:13:25+00:00","og_image":[{"width":600,"height":400,"url":"https:\/\/booklapland.ngmprojektit.fi\/wp-content\/uploads\/2025\/07\/75211-328209-R5eRMWS-Ne1aC9bmdXDroL3TaR4GbVgtXuv3PExkoXk-6734cb4bde3cd-small.jpeg","type":"image\/jpeg"}],"twitter_card":"summary_large_image","twitter_misc":{"Dur\u00e9e de lecture estim\u00e9e":"1 minute"},"schema":{"@context":"https:\/\/schema.org","@graph":[{"@type":"WebPage","@id":"https:\/\/booklapland.ngmprojektit.fi\/product\/aurora-suite-sivutie-sivutie-7-a-26-328209\/","url":"https:\/\/booklapland.ngmprojektit.fi\/product\/aurora-suite-sivutie-sivutie-7-a-26-328209\/","name":"Aurora Suite Sivutie - Book Lapland","isPartOf":{"@id":"https:\/\/booklapland.ngmprojektit.fi\/#website"},"primaryImageOfPage":{"@id":"https:\/\/booklapland.ngmprojektit.fi\/product\/aurora-suite-sivutie-sivutie-7-a-26-328209\/#primaryimage"},"image":{"@id":"https:\/\/booklapland.ngmprojektit.fi\/product\/aurora-suite-sivutie-sivutie-7-a-26-328209\/#primaryimage"},"thumbnailUrl":"https:\/\/booklapland.ngmprojektit.fi\/wp-content\/uploads\/2025\/07\/75211-328209-R5eRMWS-Ne1aC9bmdXDroL3TaR4GbVgtXuv3PExkoXk-6734cb4bde3cd-small.jpeg","datePublished":"2025-07-24T22:04:00+00:00","dateModified":"2025-09-07T09:13:25+00:00","description":"Stay at Aurora Suite Sivutie! Modern, cozy city-center accommodation ideal for exploring Arctic attractions and enjoying the Northern Lights.","breadcrumb":{"@id":"https:\/\/booklapland.ngmprojektit.fi\/product\/aurora-suite-sivutie-sivutie-7-a-26-328209\/#breadcrumb"},"inLanguage":"fr-FR","potentialAction":[{"@type":"ReadAction","target":["https:\/\/booklapland.ngmprojektit.fi\/product\/aurora-suite-sivutie-sivutie-7-a-26-328209\/"]}]},{"@type":"ImageObject","inLanguage":"fr-FR","@id":"https:\/\/booklapland.ngmprojektit.fi\/product\/aurora-suite-sivutie-sivutie-7-a-26-328209\/#primaryimage","url":"https:\/\/booklapland.ngmprojektit.fi\/wp-content\/uploads\/2025\/07\/75211-328209-R5eRMWS-Ne1aC9bmdXDroL3TaR4GbVgtXuv3PExkoXk-6734cb4bde3cd-small.jpeg","contentUrl":"https:\/\/booklapland.ngmprojektit.fi\/wp-content\/uploads\/2025\/07\/75211-328209-R5eRMWS-Ne1aC9bmdXDroL3TaR4GbVgtXuv3PExkoXk-6734cb4bde3cd-small.jpeg","width":600,"height":400},{"@type":"BreadcrumbList","@id":"https:\/\/booklapland.ngmprojektit.fi\/product\/aurora-suite-sivutie-sivutie-7-a-26-328209\/#breadcrumb","itemListElement":[{"@type":"ListItem","position":1,"name":"Home","item":"https:\/\/booklapland.ngmprojektit.fi\/"},{"@type":"ListItem","position":2,"name":"Apartments","item":"https:\/\/booklapland.ngmprojektit.fi\/apartments\/"},{"@type":"ListItem","position":3,"name":"Aurora Suite Sivutie"}]},{"@type":"WebSite","@id":"https:\/\/booklapland.ngmprojektit.fi\/#website","url":"https:\/\/booklapland.ngmprojektit.fi\/","name":"R\u00e9server la Laponie","description":"","potentialAction":[{"@type":"SearchAction","target":{"@type":"EntryPoint","urlTemplate":"https:\/\/booklapland.ngmprojektit.fi\/?s={search_term_string}"},"query-input":{"@type":"PropertyValueSpecification","valueRequired":true,"valueName":"search_term_string"}}],"inLanguage":"fr-FR"}]}},"_links":{"self":[{"href":"https:\/\/booklapland.ngmprojektit.fi\/fr\/wp-json\/wp\/v2\/product\/6023","targetHints":{"allow":["GET"]}}],"collection":[{"href":"https:\/\/booklapland.ngmprojektit.fi\/fr\/wp-json\/wp\/v2\/product"}],"about":[{"href":"https:\/\/booklapland.ngmprojektit.fi\/fr\/wp-json\/wp\/v2\/types\/product"}],"replies":[{"embeddable":true,"href":"https:\/\/booklapland.ngmprojektit.fi\/fr\/wp-json\/wp\/v2\/comments?post=6023"}],"wp:featuredmedia":[{"embeddable":true,"href":"https:\/\/booklapland.ngmprojektit.fi\/fr\/wp-json\/wp\/v2\/media\/6040"}],"wp:attachment":[{"href":"https:\/\/booklapland.ngmprojektit.fi\/fr\/wp-json\/wp\/v2\/media?parent=6023"}],"wp:term":[{"taxonomy":"badge","embeddable":true,"href":"https:\/\/booklapland.ngmprojektit.fi\/fr\/wp-json\/wp\/v2\/badge?post=6023"},{"taxonomy":"bed-type","embeddable":true,"href":"https:\/\/booklapland.ngmprojektit.fi\/fr\/wp-json\/wp\/v2\/bed-type?post=6023"},{"taxonomy":"capacity","embeddable":true,"href":"https:\/\/booklapland.ngmprojektit.fi\/fr\/wp-json\/wp\/v2\/capacity?post=6023"},{"taxonomy":"features","embeddable":true,"href":"https:\/\/booklapland.ngmprojektit.fi\/fr\/wp-json\/wp\/v2\/features?post=6023"},{"taxonomy":"view","embeddable":true,"href":"https:\/\/booklapland.ngmprojektit.fi\/fr\/wp-json\/wp\/v2\/view?post=6023"},{"taxonomy":"tour-type","embeddable":true,"href":"https:\/\/booklapland.ngmprojektit.fi\/fr\/wp-json\/wp\/v2\/tour-type?post=6023"},{"taxonomy":"product_brand","embeddable":true,"href":"https:\/\/booklapland.ngmprojektit.fi\/fr\/wp-json\/wp\/v2\/product_brand?post=6023"},{"taxonomy":"product_cat","embeddable":true,"href":"https:\/\/booklapland.ngmprojektit.fi\/fr\/wp-json\/wp\/v2\/product_cat?post=6023"},{"taxonomy":"product_tag","embeddable":true,"href":"https:\/\/booklapland.ngmprojektit.fi\/fr\/wp-json\/wp\/v2\/product_tag?post=6023"}],"curies":[{"name":"wp","href":"https:\/\/api.w.org\/{rel}","templated":true}]}}