{"id":6198,"date":"2025-07-24T22:53:56","date_gmt":"2025-07-24T22:53:56","guid":{"rendered":"https:\/\/booklapland.ngmprojektit.fi\/?post_type=product&#038;p=6198"},"modified":"2025-09-07T10:16:14","modified_gmt":"2025-09-07T10:16:14","slug":"snowberry-city-apartment-evakkotie-13-15-a4-338310","status":"publish","type":"product","link":"https:\/\/booklapland.ngmprojektit.fi\/fr\/produit\/snowberry-city-apartment-evakkotie-13-15-a4-338310\/","title":{"rendered":"Appartement de la ville de Snowberry"},"content":{"rendered":"<p data-start=\"432\" data-end=\"926\">Desription<\/p>\n<p data-start=\"432\" data-end=\"926\">Bienvenue \u00e0 l'appartement Snowberry City ! Cet appartement spacieux et confortable de 36 m\u00b2, situ\u00e9 au c\u0153ur de Rovaniemi, dispose de tout ce dont vous avez besoin pour un s\u00e9jour confortable. L'appartement dispose d'une cuisine enti\u00e8rement \u00e9quip\u00e9e, d'une t\u00e9l\u00e9vision \u00e0 \u00e9cran plat, d'une connexion Wi-Fi rapide et d'une place de parking priv\u00e9e. La chambre dispose d'un lit king-size, tandis que le salon est \u00e9quip\u00e9 d'un canap\u00e9-lit de haute qualit\u00e9 qui se transforme en un lit double de 140 cm de large. Profitez de votre balcon priv\u00e9 pour vous d\u00e9tendre. Parfait pour les familles ou les groupes d'amis !<\/p>","protected":false},"excerpt":{"rendered":"<p data-start=\"432\" data-end=\"926\">Bienvenue \u00e0 l'appartement Snowberry City ! Cet appartement spacieux et confortable de 36 m\u00b2, situ\u00e9 au c\u0153ur de Rovaniemi, dispose de tout ce dont vous avez besoin pour un s\u00e9jour confortable. L'appartement dispose d'une cuisine enti\u00e8rement \u00e9quip\u00e9e, d'une t\u00e9l\u00e9vision \u00e0 \u00e9cran plat, d'une connexion Wi-Fi rapide et d'une place de parking priv\u00e9e. La chambre dispose d'un lit king-size, tandis que le salon est \u00e9quip\u00e9 d'un canap\u00e9-lit de haute qualit\u00e9 qui se transforme en un lit double de 140 cm de large. Profitez de votre balcon priv\u00e9 pour vous d\u00e9tendre. Parfait pour les familles ou les groupes d'amis !<\/p>","protected":false},"featured_media":6217,"comment_status":"closed","ping_status":"closed","template":"","meta":{"_acf_changed":false,"ub_ctt_via":"","site-sidebar-layout":"default","site-content-layout":"","ast-site-content-layout":"default","site-content-style":"default","site-sidebar-style":"default","ast-global-header-display":"","ast-banner-title-visibility":"","ast-main-header-display":"","ast-hfb-above-header-display":"","ast-hfb-below-header-display":"","ast-hfb-mobile-header-display":"","site-post-title":"","ast-breadcrumbs-content":"","ast-featured-img":"","footer-sml-layout":"","theme-transparent-header-meta":"default","adv-header-id-meta":"","stick-header-meta":"","header-above-stick-meta":"","header-main-stick-meta":"","header-below-stick-meta":"","astra-migrate-meta-layouts":"set","ast-page-background-enabled":"default","ast-page-background-meta":{"desktop":{"background-color":"var(--ast-global-color-4)","background-image":"","background-repeat":"repeat","background-position":"center center","background-size":"auto","background-attachment":"scroll","background-type":"","background-media":"","overlay-type":"","overlay-color":"","overlay-opacity":"","overlay-gradient":""},"tablet":{"background-color":"","background-image":"","background-repeat":"repeat","background-position":"center center","background-size":"auto","background-attachment":"scroll","background-type":"","background-media":"","overlay-type":"","overlay-color":"","overlay-opacity":"","overlay-gradient":""},"mobile":{"background-color":"","background-image":"","background-repeat":"repeat","background-position":"center center","background-size":"auto","background-attachment":"scroll","background-type":"","background-media":"","overlay-type":"","overlay-color":"","overlay-opacity":"","overlay-gradient":""}},"ast-content-background-meta":{"desktop":{"background-color":"var(--ast-global-color-5)","background-image":"","background-repeat":"repeat","background-position":"center center","background-size":"auto","background-attachment":"scroll","background-type":"","background-media":"","overlay-type":"","overlay-color":"","overlay-opacity":"","overlay-gradient":""},"tablet":{"background-color":"var(--ast-global-color-5)","background-image":"","background-repeat":"repeat","background-position":"center center","background-size":"auto","background-attachment":"scroll","background-type":"","background-media":"","overlay-type":"","overlay-color":"","overlay-opacity":"","overlay-gradient":""},"mobile":{"background-color":"var(--ast-global-color-5)","background-image":"","background-repeat":"repeat","background-position":"center center","background-size":"auto","background-attachment":"scroll","background-type":"","background-media":"","overlay-type":"","overlay-color":"","overlay-opacity":"","overlay-gradient":""}},"_joinchat":[]},"badge":[58],"bed-type":[72],"capacity":[45],"features":[80],"view":[81],"tour-type":[71],"product_brand":[],"product_cat":[37],"product_tag":[],"class_list":{"0":"post-6198","1":"product","2":"type-product","3":"status-publish","4":"has-post-thumbnail","6":"badge-for-families","7":"bed-type-72","8":"capacity-3-4","9":"features-free-parking","10":"view-city-center","11":"tour-type-city-apartments","12":"product_cat-accommodation","13":"desktop-align-left","14":"tablet-align-left","15":"mobile-align-left","17":"first","18":"instock","19":"shipping-taxable","20":"product-type-external"},"acf":[],"yoast_head":"<!-- This site is optimized with the Yoast SEO Premium plugin v25.9 (Yoast SEO v25.9) - https:\/\/yoast.com\/wordpress\/plugins\/seo\/ -->\n<title>Snowberry City Apartment - Book Lapland<\/title>\n<meta name=\"description\" content=\"Stay at Snowberry City Apartment! Modern, cozy city-center accommodation ideal for Arctic adventures and exploring Rovaniemi attractions.\" \/>\n<meta name=\"robots\" content=\"index, follow, max-snippet:-1, max-image-preview:large, max-video-preview:-1\" \/>\n<link rel=\"canonical\" href=\"https:\/\/booklapland.ngmprojektit.fi\/fr\/produit\/snowberry-city-apartment-evakkotie-13-15-a4-338310\/\" \/>\n<meta property=\"og:locale\" content=\"fr_FR\" \/>\n<meta property=\"og:type\" content=\"article\" \/>\n<meta property=\"og:title\" content=\"Snowberry City Apartment\" \/>\n<meta property=\"og:description\" content=\"Stay at Snowberry City Apartment! Modern, cozy city-center accommodation ideal for Arctic adventures and exploring Rovaniemi attractions.\" \/>\n<meta property=\"og:url\" content=\"https:\/\/booklapland.ngmprojektit.fi\/fr\/produit\/snowberry-city-apartment-evakkotie-13-15-a4-338310\/\" \/>\n<meta property=\"og:site_name\" content=\"Book Lapland\" \/>\n<meta property=\"article:modified_time\" content=\"2025-09-07T10:16:14+00:00\" \/>\n<meta property=\"og:image\" content=\"https:\/\/booklapland.ngmprojektit.fi\/wp-content\/uploads\/2025\/07\/75211-338310-rBv8OAwSPYGr8PJ8GIGPkTIjcZW0naXqzm8blvoOR-I-6756316b88dde-small-2-1.jpeg\" \/>\n\t<meta property=\"og:image:width\" content=\"675\" \/>\n\t<meta property=\"og:image:height\" content=\"450\" \/>\n\t<meta property=\"og:image:type\" content=\"image\/jpeg\" \/>\n<meta name=\"twitter:card\" content=\"summary_large_image\" \/>\n<meta name=\"twitter:label1\" content=\"Dur\u00e9e de lecture estim\u00e9e\" \/>\n\t<meta name=\"twitter:data1\" content=\"1 minute\" \/>\n<script type=\"application\/ld+json\" class=\"yoast-schema-graph\">{\"@context\":\"https:\/\/schema.org\",\"@graph\":[{\"@type\":\"WebPage\",\"@id\":\"https:\/\/booklapland.ngmprojektit.fi\/product\/snowberry-city-apartment-evakkotie-13-15-a4-338310\/\",\"url\":\"https:\/\/booklapland.ngmprojektit.fi\/product\/snowberry-city-apartment-evakkotie-13-15-a4-338310\/\",\"name\":\"Snowberry City Apartment - Book Lapland\",\"isPartOf\":{\"@id\":\"https:\/\/booklapland.ngmprojektit.fi\/#website\"},\"primaryImageOfPage\":{\"@id\":\"https:\/\/booklapland.ngmprojektit.fi\/product\/snowberry-city-apartment-evakkotie-13-15-a4-338310\/#primaryimage\"},\"image\":{\"@id\":\"https:\/\/booklapland.ngmprojektit.fi\/product\/snowberry-city-apartment-evakkotie-13-15-a4-338310\/#primaryimage\"},\"thumbnailUrl\":\"https:\/\/booklapland.ngmprojektit.fi\/wp-content\/uploads\/2025\/07\/75211-338310-rBv8OAwSPYGr8PJ8GIGPkTIjcZW0naXqzm8blvoOR-I-6756316b88dde-small-2-1.jpeg\",\"datePublished\":\"2025-07-24T22:53:56+00:00\",\"dateModified\":\"2025-09-07T10:16:14+00:00\",\"description\":\"Stay at Snowberry City Apartment! Modern, cozy city-center accommodation ideal for Arctic adventures and exploring Rovaniemi attractions.\",\"breadcrumb\":{\"@id\":\"https:\/\/booklapland.ngmprojektit.fi\/product\/snowberry-city-apartment-evakkotie-13-15-a4-338310\/#breadcrumb\"},\"inLanguage\":\"fr-FR\",\"potentialAction\":[{\"@type\":\"ReadAction\",\"target\":[\"https:\/\/booklapland.ngmprojektit.fi\/product\/snowberry-city-apartment-evakkotie-13-15-a4-338310\/\"]}]},{\"@type\":\"ImageObject\",\"inLanguage\":\"fr-FR\",\"@id\":\"https:\/\/booklapland.ngmprojektit.fi\/product\/snowberry-city-apartment-evakkotie-13-15-a4-338310\/#primaryimage\",\"url\":\"https:\/\/booklapland.ngmprojektit.fi\/wp-content\/uploads\/2025\/07\/75211-338310-rBv8OAwSPYGr8PJ8GIGPkTIjcZW0naXqzm8blvoOR-I-6756316b88dde-small-2-1.jpeg\",\"contentUrl\":\"https:\/\/booklapland.ngmprojektit.fi\/wp-content\/uploads\/2025\/07\/75211-338310-rBv8OAwSPYGr8PJ8GIGPkTIjcZW0naXqzm8blvoOR-I-6756316b88dde-small-2-1.jpeg\",\"width\":675,\"height\":450},{\"@type\":\"BreadcrumbList\",\"@id\":\"https:\/\/booklapland.ngmprojektit.fi\/product\/snowberry-city-apartment-evakkotie-13-15-a4-338310\/#breadcrumb\",\"itemListElement\":[{\"@type\":\"ListItem\",\"position\":1,\"name\":\"Home\",\"item\":\"https:\/\/booklapland.ngmprojektit.fi\/\"},{\"@type\":\"ListItem\",\"position\":2,\"name\":\"Apartments\",\"item\":\"https:\/\/booklapland.ngmprojektit.fi\/apartments\/\"},{\"@type\":\"ListItem\",\"position\":3,\"name\":\"Snowberry City Apartment\"}]},{\"@type\":\"WebSite\",\"@id\":\"https:\/\/booklapland.ngmprojektit.fi\/#website\",\"url\":\"https:\/\/booklapland.ngmprojektit.fi\/\",\"name\":\"Book Lapland\",\"description\":\"\",\"potentialAction\":[{\"@type\":\"SearchAction\",\"target\":{\"@type\":\"EntryPoint\",\"urlTemplate\":\"https:\/\/booklapland.ngmprojektit.fi\/?s={search_term_string}\"},\"query-input\":{\"@type\":\"PropertyValueSpecification\",\"valueRequired\":true,\"valueName\":\"search_term_string\"}}],\"inLanguage\":\"fr-FR\"}]}<\/script>\n<!-- \/ Yoast SEO Premium plugin. -->","yoast_head_json":{"title":"Snowberry City Apartment - Book Lapland","description":"Stay at Snowberry City Apartment! Modern, cozy city-center accommodation ideal for Arctic adventures and exploring Rovaniemi attractions.","robots":{"index":"index","follow":"follow","max-snippet":"max-snippet:-1","max-image-preview":"max-image-preview:large","max-video-preview":"max-video-preview:-1"},"canonical":"https:\/\/booklapland.ngmprojektit.fi\/fr\/produit\/snowberry-city-apartment-evakkotie-13-15-a4-338310\/","og_locale":"fr_FR","og_type":"article","og_title":"Snowberry City Apartment","og_description":"Stay at Snowberry City Apartment! Modern, cozy city-center accommodation ideal for Arctic adventures and exploring Rovaniemi attractions.","og_url":"https:\/\/booklapland.ngmprojektit.fi\/fr\/produit\/snowberry-city-apartment-evakkotie-13-15-a4-338310\/","og_site_name":"Book Lapland","article_modified_time":"2025-09-07T10:16:14+00:00","og_image":[{"width":675,"height":450,"url":"https:\/\/booklapland.ngmprojektit.fi\/wp-content\/uploads\/2025\/07\/75211-338310-rBv8OAwSPYGr8PJ8GIGPkTIjcZW0naXqzm8blvoOR-I-6756316b88dde-small-2-1.jpeg","type":"image\/jpeg"}],"twitter_card":"summary_large_image","twitter_misc":{"Dur\u00e9e de lecture estim\u00e9e":"1 minute"},"schema":{"@context":"https:\/\/schema.org","@graph":[{"@type":"WebPage","@id":"https:\/\/booklapland.ngmprojektit.fi\/product\/snowberry-city-apartment-evakkotie-13-15-a4-338310\/","url":"https:\/\/booklapland.ngmprojektit.fi\/product\/snowberry-city-apartment-evakkotie-13-15-a4-338310\/","name":"Snowberry City Apartment - Book Lapland","isPartOf":{"@id":"https:\/\/booklapland.ngmprojektit.fi\/#website"},"primaryImageOfPage":{"@id":"https:\/\/booklapland.ngmprojektit.fi\/product\/snowberry-city-apartment-evakkotie-13-15-a4-338310\/#primaryimage"},"image":{"@id":"https:\/\/booklapland.ngmprojektit.fi\/product\/snowberry-city-apartment-evakkotie-13-15-a4-338310\/#primaryimage"},"thumbnailUrl":"https:\/\/booklapland.ngmprojektit.fi\/wp-content\/uploads\/2025\/07\/75211-338310-rBv8OAwSPYGr8PJ8GIGPkTIjcZW0naXqzm8blvoOR-I-6756316b88dde-small-2-1.jpeg","datePublished":"2025-07-24T22:53:56+00:00","dateModified":"2025-09-07T10:16:14+00:00","description":"Stay at Snowberry City Apartment! Modern, cozy city-center accommodation ideal for Arctic adventures and exploring Rovaniemi attractions.","breadcrumb":{"@id":"https:\/\/booklapland.ngmprojektit.fi\/product\/snowberry-city-apartment-evakkotie-13-15-a4-338310\/#breadcrumb"},"inLanguage":"fr-FR","potentialAction":[{"@type":"ReadAction","target":["https:\/\/booklapland.ngmprojektit.fi\/product\/snowberry-city-apartment-evakkotie-13-15-a4-338310\/"]}]},{"@type":"ImageObject","inLanguage":"fr-FR","@id":"https:\/\/booklapland.ngmprojektit.fi\/product\/snowberry-city-apartment-evakkotie-13-15-a4-338310\/#primaryimage","url":"https:\/\/booklapland.ngmprojektit.fi\/wp-content\/uploads\/2025\/07\/75211-338310-rBv8OAwSPYGr8PJ8GIGPkTIjcZW0naXqzm8blvoOR-I-6756316b88dde-small-2-1.jpeg","contentUrl":"https:\/\/booklapland.ngmprojektit.fi\/wp-content\/uploads\/2025\/07\/75211-338310-rBv8OAwSPYGr8PJ8GIGPkTIjcZW0naXqzm8blvoOR-I-6756316b88dde-small-2-1.jpeg","width":675,"height":450},{"@type":"BreadcrumbList","@id":"https:\/\/booklapland.ngmprojektit.fi\/product\/snowberry-city-apartment-evakkotie-13-15-a4-338310\/#breadcrumb","itemListElement":[{"@type":"ListItem","position":1,"name":"Home","item":"https:\/\/booklapland.ngmprojektit.fi\/"},{"@type":"ListItem","position":2,"name":"Apartments","item":"https:\/\/booklapland.ngmprojektit.fi\/apartments\/"},{"@type":"ListItem","position":3,"name":"Snowberry City Apartment"}]},{"@type":"WebSite","@id":"https:\/\/booklapland.ngmprojektit.fi\/#website","url":"https:\/\/booklapland.ngmprojektit.fi\/","name":"R\u00e9server la Laponie","description":"","potentialAction":[{"@type":"SearchAction","target":{"@type":"EntryPoint","urlTemplate":"https:\/\/booklapland.ngmprojektit.fi\/?s={search_term_string}"},"query-input":{"@type":"PropertyValueSpecification","valueRequired":true,"valueName":"search_term_string"}}],"inLanguage":"fr-FR"}]}},"_links":{"self":[{"href":"https:\/\/booklapland.ngmprojektit.fi\/fr\/wp-json\/wp\/v2\/product\/6198","targetHints":{"allow":["GET"]}}],"collection":[{"href":"https:\/\/booklapland.ngmprojektit.fi\/fr\/wp-json\/wp\/v2\/product"}],"about":[{"href":"https:\/\/booklapland.ngmprojektit.fi\/fr\/wp-json\/wp\/v2\/types\/product"}],"replies":[{"embeddable":true,"href":"https:\/\/booklapland.ngmprojektit.fi\/fr\/wp-json\/wp\/v2\/comments?post=6198"}],"wp:featuredmedia":[{"embeddable":true,"href":"https:\/\/booklapland.ngmprojektit.fi\/fr\/wp-json\/wp\/v2\/media\/6217"}],"wp:attachment":[{"href":"https:\/\/booklapland.ngmprojektit.fi\/fr\/wp-json\/wp\/v2\/media?parent=6198"}],"wp:term":[{"taxonomy":"badge","embeddable":true,"href":"https:\/\/booklapland.ngmprojektit.fi\/fr\/wp-json\/wp\/v2\/badge?post=6198"},{"taxonomy":"bed-type","embeddable":true,"href":"https:\/\/booklapland.ngmprojektit.fi\/fr\/wp-json\/wp\/v2\/bed-type?post=6198"},{"taxonomy":"capacity","embeddable":true,"href":"https:\/\/booklapland.ngmprojektit.fi\/fr\/wp-json\/wp\/v2\/capacity?post=6198"},{"taxonomy":"features","embeddable":true,"href":"https:\/\/booklapland.ngmprojektit.fi\/fr\/wp-json\/wp\/v2\/features?post=6198"},{"taxonomy":"view","embeddable":true,"href":"https:\/\/booklapland.ngmprojektit.fi\/fr\/wp-json\/wp\/v2\/view?post=6198"},{"taxonomy":"tour-type","embeddable":true,"href":"https:\/\/booklapland.ngmprojektit.fi\/fr\/wp-json\/wp\/v2\/tour-type?post=6198"},{"taxonomy":"product_brand","embeddable":true,"href":"https:\/\/booklapland.ngmprojektit.fi\/fr\/wp-json\/wp\/v2\/product_brand?post=6198"},{"taxonomy":"product_cat","embeddable":true,"href":"https:\/\/booklapland.ngmprojektit.fi\/fr\/wp-json\/wp\/v2\/product_cat?post=6198"},{"taxonomy":"product_tag","embeddable":true,"href":"https:\/\/booklapland.ngmprojektit.fi\/fr\/wp-json\/wp\/v2\/product_tag?post=6198"}],"curies":[{"name":"wp","href":"https:\/\/api.w.org\/{rel}","templated":true}]}}