{"id":6218,"date":"2025-07-24T23:00:41","date_gmt":"2025-07-24T23:00:41","guid":{"rendered":"https:\/\/booklapland.ngmprojektit.fi\/?post_type=product&#038;p=6218"},"modified":"2025-09-07T10:14:54","modified_gmt":"2025-09-07T10:14:54","slug":"santas-winter-suite-heinamiehentie-8-a-30-339691","status":"publish","type":"product","link":"https:\/\/booklapland.ngmprojektit.fi\/fr\/produit\/santas-winter-suite-heinamiehentie-8-a-30-339691\/","title":{"rendered":"La suite hivernale du P\u00e8re No\u00ebl"},"content":{"rendered":"<p>Description<\/p>\n<p>Bienvenue dans notre appartement confortable et enti\u00e8rement \u00e9quip\u00e9 de 42 m\u00b2 ! L'appartement comprend une chambre spacieuse avec un grand lit double et un salon avec un canap\u00e9-lit de haute qualit\u00e9 qui se transforme en lit double. D\u00e9tendez-vous dans votre sauna priv\u00e9 et profitez de votre propre balcon. Le Wi-Fi et le parking sont gratuits pour votre confort. L'\u00e9tablissement se trouve \u00e0 moins de 10 minutes de route du centre-ville. Il y a \u00e9galement une aire de jeux pour enfants juste \u00e0 c\u00f4t\u00e9, ce qui en fait un choix id\u00e9al pour les familles et les couples !<\/p>","protected":false},"excerpt":{"rendered":"<p>Bienvenue dans notre appartement confortable et enti\u00e8rement \u00e9quip\u00e9 de 42 m\u00b2 ! L'appartement comprend une chambre spacieuse avec un grand lit double et un salon avec un canap\u00e9-lit de haute qualit\u00e9 qui se transforme en lit double. D\u00e9tendez-vous dans votre sauna priv\u00e9 et profitez de votre propre balcon. Le Wi-Fi et le parking sont gratuits pour votre confort. L'\u00e9tablissement se trouve \u00e0 moins de 10 minutes de route du centre-ville. Il y a \u00e9galement une aire de jeux pour enfants juste \u00e0 c\u00f4t\u00e9, ce qui en fait un choix id\u00e9al pour les familles et les couples !<\/p>","protected":false},"featured_media":6237,"comment_status":"closed","ping_status":"closed","template":"","meta":{"_acf_changed":false,"ub_ctt_via":"","site-sidebar-layout":"default","site-content-layout":"","ast-site-content-layout":"default","site-content-style":"default","site-sidebar-style":"default","ast-global-header-display":"","ast-banner-title-visibility":"","ast-main-header-display":"","ast-hfb-above-header-display":"","ast-hfb-below-header-display":"","ast-hfb-mobile-header-display":"","site-post-title":"","ast-breadcrumbs-content":"","ast-featured-img":"","footer-sml-layout":"","theme-transparent-header-meta":"default","adv-header-id-meta":"","stick-header-meta":"","header-above-stick-meta":"","header-main-stick-meta":"","header-below-stick-meta":"","astra-migrate-meta-layouts":"set","ast-page-background-enabled":"default","ast-page-background-meta":{"desktop":{"background-color":"var(--ast-global-color-4)","background-image":"","background-repeat":"repeat","background-position":"center center","background-size":"auto","background-attachment":"scroll","background-type":"","background-media":"","overlay-type":"","overlay-color":"","overlay-opacity":"","overlay-gradient":""},"tablet":{"background-color":"","background-image":"","background-repeat":"repeat","background-position":"center center","background-size":"auto","background-attachment":"scroll","background-type":"","background-media":"","overlay-type":"","overlay-color":"","overlay-opacity":"","overlay-gradient":""},"mobile":{"background-color":"","background-image":"","background-repeat":"repeat","background-position":"center center","background-size":"auto","background-attachment":"scroll","background-type":"","background-media":"","overlay-type":"","overlay-color":"","overlay-opacity":"","overlay-gradient":""}},"ast-content-background-meta":{"desktop":{"background-color":"var(--ast-global-color-5)","background-image":"","background-repeat":"repeat","background-position":"center center","background-size":"auto","background-attachment":"scroll","background-type":"","background-media":"","overlay-type":"","overlay-color":"","overlay-opacity":"","overlay-gradient":""},"tablet":{"background-color":"var(--ast-global-color-5)","background-image":"","background-repeat":"repeat","background-position":"center center","background-size":"auto","background-attachment":"scroll","background-type":"","background-media":"","overlay-type":"","overlay-color":"","overlay-opacity":"","overlay-gradient":""},"mobile":{"background-color":"var(--ast-global-color-5)","background-image":"","background-repeat":"repeat","background-position":"center center","background-size":"auto","background-attachment":"scroll","background-type":"","background-media":"","overlay-type":"","overlay-color":"","overlay-opacity":"","overlay-gradient":""}},"_joinchat":[]},"badge":[],"bed-type":[72],"capacity":[45],"features":[80,49],"view":[85],"tour-type":[71],"product_brand":[],"product_cat":[37],"product_tag":[],"class_list":{"0":"post-6218","1":"product","2":"type-product","3":"status-publish","4":"has-post-thumbnail","6":"bed-type-72","7":"capacity-3-4","8":"features-free-parking","9":"features-sauna","10":"view-near-city-center","11":"tour-type-city-apartments","12":"product_cat-accommodation","13":"desktop-align-left","14":"tablet-align-left","15":"mobile-align-left","17":"first","18":"instock","19":"shipping-taxable","20":"product-type-external"},"acf":[],"yoast_head":"<!-- This site is optimized with the Yoast SEO Premium plugin v25.9 (Yoast SEO v25.9) - https:\/\/yoast.com\/wordpress\/plugins\/seo\/ -->\n<title>Santa&#039;s Winter Suite - Book Lapland<\/title>\n<meta name=\"description\" content=\"Stay at Santa\u2019s Winter Suite! Cozy, modern city-center accommodation perfect for Arctic adventures and experiencing magical Rovaniemi.\" \/>\n<meta name=\"robots\" content=\"index, follow, max-snippet:-1, max-image-preview:large, max-video-preview:-1\" \/>\n<link rel=\"canonical\" href=\"https:\/\/booklapland.ngmprojektit.fi\/fr\/produit\/santas-winter-suite-heinamiehentie-8-a-30-339691\/\" \/>\n<meta property=\"og:locale\" content=\"fr_FR\" \/>\n<meta property=\"og:type\" content=\"article\" \/>\n<meta property=\"og:title\" content=\"Santa&#039;s Winter Suite\" \/>\n<meta property=\"og:description\" content=\"Stay at Santa\u2019s Winter Suite! Cozy, modern city-center accommodation perfect for Arctic adventures and experiencing magical Rovaniemi.\" \/>\n<meta property=\"og:url\" content=\"https:\/\/booklapland.ngmprojektit.fi\/fr\/produit\/santas-winter-suite-heinamiehentie-8-a-30-339691\/\" \/>\n<meta property=\"og:site_name\" content=\"Book Lapland\" \/>\n<meta property=\"article:modified_time\" content=\"2025-09-07T10:14:54+00:00\" \/>\n<meta property=\"og:image\" content=\"https:\/\/booklapland.ngmprojektit.fi\/wp-content\/uploads\/2025\/07\/75211-339691-eBb7zaweyUTJp-e3eskw4yaC-gaxgqA4ue1XPerw3Wc-675ffa2b64a78-small.jpeg\" \/>\n\t<meta property=\"og:image:width\" content=\"675\" \/>\n\t<meta property=\"og:image:height\" content=\"450\" \/>\n\t<meta property=\"og:image:type\" content=\"image\/jpeg\" \/>\n<meta name=\"twitter:card\" content=\"summary_large_image\" \/>\n<meta name=\"twitter:label1\" content=\"Dur\u00e9e de lecture estim\u00e9e\" \/>\n\t<meta name=\"twitter:data1\" content=\"1 minute\" \/>\n<script type=\"application\/ld+json\" class=\"yoast-schema-graph\">{\"@context\":\"https:\/\/schema.org\",\"@graph\":[{\"@type\":\"WebPage\",\"@id\":\"https:\/\/booklapland.ngmprojektit.fi\/product\/santas-winter-suite-heinamiehentie-8-a-30-339691\/\",\"url\":\"https:\/\/booklapland.ngmprojektit.fi\/product\/santas-winter-suite-heinamiehentie-8-a-30-339691\/\",\"name\":\"Santa's Winter Suite - Book Lapland\",\"isPartOf\":{\"@id\":\"https:\/\/booklapland.ngmprojektit.fi\/#website\"},\"primaryImageOfPage\":{\"@id\":\"https:\/\/booklapland.ngmprojektit.fi\/product\/santas-winter-suite-heinamiehentie-8-a-30-339691\/#primaryimage\"},\"image\":{\"@id\":\"https:\/\/booklapland.ngmprojektit.fi\/product\/santas-winter-suite-heinamiehentie-8-a-30-339691\/#primaryimage\"},\"thumbnailUrl\":\"https:\/\/booklapland.ngmprojektit.fi\/wp-content\/uploads\/2025\/07\/75211-339691-eBb7zaweyUTJp-e3eskw4yaC-gaxgqA4ue1XPerw3Wc-675ffa2b64a78-small.jpeg\",\"datePublished\":\"2025-07-24T23:00:41+00:00\",\"dateModified\":\"2025-09-07T10:14:54+00:00\",\"description\":\"Stay at Santa\u2019s Winter Suite! Cozy, modern city-center accommodation perfect for Arctic adventures and experiencing magical Rovaniemi.\",\"breadcrumb\":{\"@id\":\"https:\/\/booklapland.ngmprojektit.fi\/product\/santas-winter-suite-heinamiehentie-8-a-30-339691\/#breadcrumb\"},\"inLanguage\":\"fr-FR\",\"potentialAction\":[{\"@type\":\"ReadAction\",\"target\":[\"https:\/\/booklapland.ngmprojektit.fi\/product\/santas-winter-suite-heinamiehentie-8-a-30-339691\/\"]}]},{\"@type\":\"ImageObject\",\"inLanguage\":\"fr-FR\",\"@id\":\"https:\/\/booklapland.ngmprojektit.fi\/product\/santas-winter-suite-heinamiehentie-8-a-30-339691\/#primaryimage\",\"url\":\"https:\/\/booklapland.ngmprojektit.fi\/wp-content\/uploads\/2025\/07\/75211-339691-eBb7zaweyUTJp-e3eskw4yaC-gaxgqA4ue1XPerw3Wc-675ffa2b64a78-small.jpeg\",\"contentUrl\":\"https:\/\/booklapland.ngmprojektit.fi\/wp-content\/uploads\/2025\/07\/75211-339691-eBb7zaweyUTJp-e3eskw4yaC-gaxgqA4ue1XPerw3Wc-675ffa2b64a78-small.jpeg\",\"width\":675,\"height\":450},{\"@type\":\"BreadcrumbList\",\"@id\":\"https:\/\/booklapland.ngmprojektit.fi\/product\/santas-winter-suite-heinamiehentie-8-a-30-339691\/#breadcrumb\",\"itemListElement\":[{\"@type\":\"ListItem\",\"position\":1,\"name\":\"Home\",\"item\":\"https:\/\/booklapland.ngmprojektit.fi\/\"},{\"@type\":\"ListItem\",\"position\":2,\"name\":\"Apartments\",\"item\":\"https:\/\/booklapland.ngmprojektit.fi\/apartments\/\"},{\"@type\":\"ListItem\",\"position\":3,\"name\":\"Santa&#8217;s Winter Suite\"}]},{\"@type\":\"WebSite\",\"@id\":\"https:\/\/booklapland.ngmprojektit.fi\/#website\",\"url\":\"https:\/\/booklapland.ngmprojektit.fi\/\",\"name\":\"Book Lapland\",\"description\":\"\",\"potentialAction\":[{\"@type\":\"SearchAction\",\"target\":{\"@type\":\"EntryPoint\",\"urlTemplate\":\"https:\/\/booklapland.ngmprojektit.fi\/?s={search_term_string}\"},\"query-input\":{\"@type\":\"PropertyValueSpecification\",\"valueRequired\":true,\"valueName\":\"search_term_string\"}}],\"inLanguage\":\"fr-FR\"}]}<\/script>\n<!-- \/ Yoast SEO Premium plugin. -->","yoast_head_json":{"title":"Santa's Winter Suite - Book Lapland","description":"Stay at Santa\u2019s Winter Suite! Cozy, modern city-center accommodation perfect for Arctic adventures and experiencing magical Rovaniemi.","robots":{"index":"index","follow":"follow","max-snippet":"max-snippet:-1","max-image-preview":"max-image-preview:large","max-video-preview":"max-video-preview:-1"},"canonical":"https:\/\/booklapland.ngmprojektit.fi\/fr\/produit\/santas-winter-suite-heinamiehentie-8-a-30-339691\/","og_locale":"fr_FR","og_type":"article","og_title":"Santa's Winter Suite","og_description":"Stay at Santa\u2019s Winter Suite! Cozy, modern city-center accommodation perfect for Arctic adventures and experiencing magical Rovaniemi.","og_url":"https:\/\/booklapland.ngmprojektit.fi\/fr\/produit\/santas-winter-suite-heinamiehentie-8-a-30-339691\/","og_site_name":"Book Lapland","article_modified_time":"2025-09-07T10:14:54+00:00","og_image":[{"width":675,"height":450,"url":"https:\/\/booklapland.ngmprojektit.fi\/wp-content\/uploads\/2025\/07\/75211-339691-eBb7zaweyUTJp-e3eskw4yaC-gaxgqA4ue1XPerw3Wc-675ffa2b64a78-small.jpeg","type":"image\/jpeg"}],"twitter_card":"summary_large_image","twitter_misc":{"Dur\u00e9e de lecture estim\u00e9e":"1 minute"},"schema":{"@context":"https:\/\/schema.org","@graph":[{"@type":"WebPage","@id":"https:\/\/booklapland.ngmprojektit.fi\/product\/santas-winter-suite-heinamiehentie-8-a-30-339691\/","url":"https:\/\/booklapland.ngmprojektit.fi\/product\/santas-winter-suite-heinamiehentie-8-a-30-339691\/","name":"Santa's Winter Suite - Book Lapland","isPartOf":{"@id":"https:\/\/booklapland.ngmprojektit.fi\/#website"},"primaryImageOfPage":{"@id":"https:\/\/booklapland.ngmprojektit.fi\/product\/santas-winter-suite-heinamiehentie-8-a-30-339691\/#primaryimage"},"image":{"@id":"https:\/\/booklapland.ngmprojektit.fi\/product\/santas-winter-suite-heinamiehentie-8-a-30-339691\/#primaryimage"},"thumbnailUrl":"https:\/\/booklapland.ngmprojektit.fi\/wp-content\/uploads\/2025\/07\/75211-339691-eBb7zaweyUTJp-e3eskw4yaC-gaxgqA4ue1XPerw3Wc-675ffa2b64a78-small.jpeg","datePublished":"2025-07-24T23:00:41+00:00","dateModified":"2025-09-07T10:14:54+00:00","description":"Stay at Santa\u2019s Winter Suite! Cozy, modern city-center accommodation perfect for Arctic adventures and experiencing magical Rovaniemi.","breadcrumb":{"@id":"https:\/\/booklapland.ngmprojektit.fi\/product\/santas-winter-suite-heinamiehentie-8-a-30-339691\/#breadcrumb"},"inLanguage":"fr-FR","potentialAction":[{"@type":"ReadAction","target":["https:\/\/booklapland.ngmprojektit.fi\/product\/santas-winter-suite-heinamiehentie-8-a-30-339691\/"]}]},{"@type":"ImageObject","inLanguage":"fr-FR","@id":"https:\/\/booklapland.ngmprojektit.fi\/product\/santas-winter-suite-heinamiehentie-8-a-30-339691\/#primaryimage","url":"https:\/\/booklapland.ngmprojektit.fi\/wp-content\/uploads\/2025\/07\/75211-339691-eBb7zaweyUTJp-e3eskw4yaC-gaxgqA4ue1XPerw3Wc-675ffa2b64a78-small.jpeg","contentUrl":"https:\/\/booklapland.ngmprojektit.fi\/wp-content\/uploads\/2025\/07\/75211-339691-eBb7zaweyUTJp-e3eskw4yaC-gaxgqA4ue1XPerw3Wc-675ffa2b64a78-small.jpeg","width":675,"height":450},{"@type":"BreadcrumbList","@id":"https:\/\/booklapland.ngmprojektit.fi\/product\/santas-winter-suite-heinamiehentie-8-a-30-339691\/#breadcrumb","itemListElement":[{"@type":"ListItem","position":1,"name":"Home","item":"https:\/\/booklapland.ngmprojektit.fi\/"},{"@type":"ListItem","position":2,"name":"Apartments","item":"https:\/\/booklapland.ngmprojektit.fi\/apartments\/"},{"@type":"ListItem","position":3,"name":"Santa&#8217;s Winter Suite"}]},{"@type":"WebSite","@id":"https:\/\/booklapland.ngmprojektit.fi\/#website","url":"https:\/\/booklapland.ngmprojektit.fi\/","name":"R\u00e9server la Laponie","description":"","potentialAction":[{"@type":"SearchAction","target":{"@type":"EntryPoint","urlTemplate":"https:\/\/booklapland.ngmprojektit.fi\/?s={search_term_string}"},"query-input":{"@type":"PropertyValueSpecification","valueRequired":true,"valueName":"search_term_string"}}],"inLanguage":"fr-FR"}]}},"_links":{"self":[{"href":"https:\/\/booklapland.ngmprojektit.fi\/fr\/wp-json\/wp\/v2\/product\/6218","targetHints":{"allow":["GET"]}}],"collection":[{"href":"https:\/\/booklapland.ngmprojektit.fi\/fr\/wp-json\/wp\/v2\/product"}],"about":[{"href":"https:\/\/booklapland.ngmprojektit.fi\/fr\/wp-json\/wp\/v2\/types\/product"}],"replies":[{"embeddable":true,"href":"https:\/\/booklapland.ngmprojektit.fi\/fr\/wp-json\/wp\/v2\/comments?post=6218"}],"wp:featuredmedia":[{"embeddable":true,"href":"https:\/\/booklapland.ngmprojektit.fi\/fr\/wp-json\/wp\/v2\/media\/6237"}],"wp:attachment":[{"href":"https:\/\/booklapland.ngmprojektit.fi\/fr\/wp-json\/wp\/v2\/media?parent=6218"}],"wp:term":[{"taxonomy":"badge","embeddable":true,"href":"https:\/\/booklapland.ngmprojektit.fi\/fr\/wp-json\/wp\/v2\/badge?post=6218"},{"taxonomy":"bed-type","embeddable":true,"href":"https:\/\/booklapland.ngmprojektit.fi\/fr\/wp-json\/wp\/v2\/bed-type?post=6218"},{"taxonomy":"capacity","embeddable":true,"href":"https:\/\/booklapland.ngmprojektit.fi\/fr\/wp-json\/wp\/v2\/capacity?post=6218"},{"taxonomy":"features","embeddable":true,"href":"https:\/\/booklapland.ngmprojektit.fi\/fr\/wp-json\/wp\/v2\/features?post=6218"},{"taxonomy":"view","embeddable":true,"href":"https:\/\/booklapland.ngmprojektit.fi\/fr\/wp-json\/wp\/v2\/view?post=6218"},{"taxonomy":"tour-type","embeddable":true,"href":"https:\/\/booklapland.ngmprojektit.fi\/fr\/wp-json\/wp\/v2\/tour-type?post=6218"},{"taxonomy":"product_brand","embeddable":true,"href":"https:\/\/booklapland.ngmprojektit.fi\/fr\/wp-json\/wp\/v2\/product_brand?post=6218"},{"taxonomy":"product_cat","embeddable":true,"href":"https:\/\/booklapland.ngmprojektit.fi\/fr\/wp-json\/wp\/v2\/product_cat?post=6218"},{"taxonomy":"product_tag","embeddable":true,"href":"https:\/\/booklapland.ngmprojektit.fi\/fr\/wp-json\/wp\/v2\/product_tag?post=6218"}],"curies":[{"name":"wp","href":"https:\/\/api.w.org\/{rel}","templated":true}]}}