{"id":6253,"date":"2025-07-24T23:12:04","date_gmt":"2025-07-24T23:12:04","guid":{"rendered":"https:\/\/booklapland.ngmprojektit.fi\/?post_type=product&#038;p=6253"},"modified":"2025-09-07T10:21:26","modified_gmt":"2025-09-07T10:21:26","slug":"villa-raikka-3bdr-sauna-leukumutka-7-368392","status":"publish","type":"product","link":"https:\/\/booklapland.ngmprojektit.fi\/fr\/produit\/villa-raikka-3bdr-sauna-leukumutka-7-368392\/","title":{"rendered":"Villa Raikka - 3BDR - Sauna"},"content":{"rendered":"<p data-start=\"398\" data-end=\"651\">Description<\/p>\n<p data-start=\"653\" data-end=\"954\">Oubliez vos soucis dans cette propri\u00e9t\u00e9 spacieuse et paisible. Avec 3 chambres et des lits pouvant accueillir jusqu'\u00e0 8 personnes, elle est id\u00e9ale pour les familles et les grands groupes. Profitez de votre sauna priv\u00e9, d'une connexion Wi-Fi rapide et d'un parking gratuit. Le linge de lit et les serviettes sont inclus. Cette villa dispose de tout ce dont vous avez besoin pour passer des vacances sans souci.<\/p>","protected":false},"excerpt":{"rendered":"<p data-start=\"653\" data-end=\"954\">Oubliez vos soucis dans cette propri\u00e9t\u00e9 spacieuse et paisible. Avec 3 chambres et des lits pouvant accueillir jusqu'\u00e0 8 personnes, elle est id\u00e9ale pour les familles et les grands groupes. Profitez de votre sauna priv\u00e9, d'une connexion Wi-Fi rapide et d'un parking gratuit. Le linge de lit et les serviettes sont inclus. Cette villa dispose de tout ce dont vous avez besoin pour passer des vacances sans souci.<\/p>","protected":false},"featured_media":6615,"comment_status":"closed","ping_status":"closed","template":"","meta":{"_acf_changed":false,"ub_ctt_via":"","site-sidebar-layout":"default","site-content-layout":"","ast-site-content-layout":"default","site-content-style":"default","site-sidebar-style":"default","ast-global-header-display":"","ast-banner-title-visibility":"","ast-main-header-display":"","ast-hfb-above-header-display":"","ast-hfb-below-header-display":"","ast-hfb-mobile-header-display":"","site-post-title":"","ast-breadcrumbs-content":"","ast-featured-img":"","footer-sml-layout":"","theme-transparent-header-meta":"default","adv-header-id-meta":"","stick-header-meta":"","header-above-stick-meta":"","header-main-stick-meta":"","header-below-stick-meta":"","astra-migrate-meta-layouts":"set","ast-page-background-enabled":"default","ast-page-background-meta":{"desktop":{"background-color":"var(--ast-global-color-4)","background-image":"","background-repeat":"repeat","background-position":"center center","background-size":"auto","background-attachment":"scroll","background-type":"","background-media":"","overlay-type":"","overlay-color":"","overlay-opacity":"","overlay-gradient":""},"tablet":{"background-color":"","background-image":"","background-repeat":"repeat","background-position":"center center","background-size":"auto","background-attachment":"scroll","background-type":"","background-media":"","overlay-type":"","overlay-color":"","overlay-opacity":"","overlay-gradient":""},"mobile":{"background-color":"","background-image":"","background-repeat":"repeat","background-position":"center center","background-size":"auto","background-attachment":"scroll","background-type":"","background-media":"","overlay-type":"","overlay-color":"","overlay-opacity":"","overlay-gradient":""}},"ast-content-background-meta":{"desktop":{"background-color":"var(--ast-global-color-5)","background-image":"","background-repeat":"repeat","background-position":"center center","background-size":"auto","background-attachment":"scroll","background-type":"","background-media":"","overlay-type":"","overlay-color":"","overlay-opacity":"","overlay-gradient":""},"tablet":{"background-color":"var(--ast-global-color-5)","background-image":"","background-repeat":"repeat","background-position":"center center","background-size":"auto","background-attachment":"scroll","background-type":"","background-media":"","overlay-type":"","overlay-color":"","overlay-opacity":"","overlay-gradient":""},"mobile":{"background-color":"var(--ast-global-color-5)","background-image":"","background-repeat":"repeat","background-position":"center center","background-size":"auto","background-attachment":"scroll","background-type":"","background-media":"","overlay-type":"","overlay-color":"","overlay-opacity":"","overlay-gradient":""}},"_joinchat":[]},"badge":[58,59],"bed-type":[74],"capacity":[47],"features":[80,49],"view":[84],"tour-type":[70],"product_brand":[],"product_cat":[37],"product_tag":[],"class_list":{"0":"post-6253","1":"product","2":"type-product","3":"status-publish","4":"has-post-thumbnail","6":"badge-for-families","7":"badge-new","8":"bed-type-74","9":"capacity-47","10":"features-free-parking","11":"features-sauna","12":"view-near-nature","13":"tour-type-villas","14":"product_cat-accommodation","15":"desktop-align-left","16":"tablet-align-left","17":"mobile-align-left","19":"first","20":"instock","21":"shipping-taxable","22":"product-type-external"},"acf":[],"yoast_head":"<!-- This site is optimized with the Yoast SEO Premium plugin v25.9 (Yoast SEO v25.9) - https:\/\/yoast.com\/wordpress\/plugins\/seo\/ -->\n<title>Villa Raikka - 3BDR - Sauna - Book Lapland<\/title>\n<meta name=\"description\" content=\"Stay at Villa Raikka \u2013 3BDR \u2013 Sauna! Spacious, modern villa with private sauna, perfect for families and Arctic adventures in comfort.\" \/>\n<meta name=\"robots\" content=\"index, follow, max-snippet:-1, max-image-preview:large, max-video-preview:-1\" \/>\n<link rel=\"canonical\" href=\"https:\/\/booklapland.ngmprojektit.fi\/fr\/produit\/villa-raikka-3bdr-sauna-leukumutka-7-368392\/\" \/>\n<meta property=\"og:locale\" content=\"fr_FR\" \/>\n<meta property=\"og:type\" content=\"article\" \/>\n<meta property=\"og:title\" content=\"Villa Raikka - 3BDR - Sauna\" \/>\n<meta property=\"og:description\" content=\"Stay at Villa Raikka \u2013 3BDR \u2013 Sauna! Spacious, modern villa with private sauna, perfect for families and Arctic adventures in comfort.\" \/>\n<meta property=\"og:url\" content=\"https:\/\/booklapland.ngmprojektit.fi\/fr\/produit\/villa-raikka-3bdr-sauna-leukumutka-7-368392\/\" \/>\n<meta property=\"og:site_name\" content=\"Book Lapland\" \/>\n<meta property=\"article:modified_time\" content=\"2025-09-07T10:21:26+00:00\" \/>\n<meta property=\"og:image\" content=\"https:\/\/booklapland.ngmprojektit.fi\/wp-content\/uploads\/2025\/07\/75211-368392-c8lJei-ni0PFK9tMawxifQIjyputD7gR3AcMd4KzUWo-67c9c04dc0b45.webp\" \/>\n\t<meta property=\"og:image:width\" content=\"1280\" \/>\n\t<meta property=\"og:image:height\" content=\"853\" \/>\n\t<meta property=\"og:image:type\" content=\"image\/webp\" \/>\n<meta name=\"twitter:card\" content=\"summary_large_image\" \/>\n<meta name=\"twitter:label1\" content=\"Dur\u00e9e de lecture estim\u00e9e\" \/>\n\t<meta name=\"twitter:data1\" content=\"1 minute\" \/>\n<script type=\"application\/ld+json\" class=\"yoast-schema-graph\">{\"@context\":\"https:\/\/schema.org\",\"@graph\":[{\"@type\":\"WebPage\",\"@id\":\"https:\/\/booklapland.ngmprojektit.fi\/product\/villa-raikka-3bdr-sauna-leukumutka-7-368392\/\",\"url\":\"https:\/\/booklapland.ngmprojektit.fi\/product\/villa-raikka-3bdr-sauna-leukumutka-7-368392\/\",\"name\":\"Villa Raikka - 3BDR - Sauna - Book Lapland\",\"isPartOf\":{\"@id\":\"https:\/\/booklapland.ngmprojektit.fi\/#website\"},\"primaryImageOfPage\":{\"@id\":\"https:\/\/booklapland.ngmprojektit.fi\/product\/villa-raikka-3bdr-sauna-leukumutka-7-368392\/#primaryimage\"},\"image\":{\"@id\":\"https:\/\/booklapland.ngmprojektit.fi\/product\/villa-raikka-3bdr-sauna-leukumutka-7-368392\/#primaryimage\"},\"thumbnailUrl\":\"https:\/\/booklapland.ngmprojektit.fi\/wp-content\/uploads\/2025\/07\/75211-368392-c8lJei-ni0PFK9tMawxifQIjyputD7gR3AcMd4KzUWo-67c9c04dc0b45.webp\",\"datePublished\":\"2025-07-24T23:12:04+00:00\",\"dateModified\":\"2025-09-07T10:21:26+00:00\",\"description\":\"Stay at Villa Raikka \u2013 3BDR \u2013 Sauna! Spacious, modern villa with private sauna, perfect for families and Arctic adventures in comfort.\",\"breadcrumb\":{\"@id\":\"https:\/\/booklapland.ngmprojektit.fi\/product\/villa-raikka-3bdr-sauna-leukumutka-7-368392\/#breadcrumb\"},\"inLanguage\":\"fr-FR\",\"potentialAction\":[{\"@type\":\"ReadAction\",\"target\":[\"https:\/\/booklapland.ngmprojektit.fi\/product\/villa-raikka-3bdr-sauna-leukumutka-7-368392\/\"]}]},{\"@type\":\"ImageObject\",\"inLanguage\":\"fr-FR\",\"@id\":\"https:\/\/booklapland.ngmprojektit.fi\/product\/villa-raikka-3bdr-sauna-leukumutka-7-368392\/#primaryimage\",\"url\":\"https:\/\/booklapland.ngmprojektit.fi\/wp-content\/uploads\/2025\/07\/75211-368392-c8lJei-ni0PFK9tMawxifQIjyputD7gR3AcMd4KzUWo-67c9c04dc0b45.webp\",\"contentUrl\":\"https:\/\/booklapland.ngmprojektit.fi\/wp-content\/uploads\/2025\/07\/75211-368392-c8lJei-ni0PFK9tMawxifQIjyputD7gR3AcMd4KzUWo-67c9c04dc0b45.webp\",\"width\":1280,\"height\":853},{\"@type\":\"BreadcrumbList\",\"@id\":\"https:\/\/booklapland.ngmprojektit.fi\/product\/villa-raikka-3bdr-sauna-leukumutka-7-368392\/#breadcrumb\",\"itemListElement\":[{\"@type\":\"ListItem\",\"position\":1,\"name\":\"Home\",\"item\":\"https:\/\/booklapland.ngmprojektit.fi\/\"},{\"@type\":\"ListItem\",\"position\":2,\"name\":\"Apartments\",\"item\":\"https:\/\/booklapland.ngmprojektit.fi\/apartments\/\"},{\"@type\":\"ListItem\",\"position\":3,\"name\":\"Villa Raikka &#8211; 3BDR &#8211; Sauna\"}]},{\"@type\":\"WebSite\",\"@id\":\"https:\/\/booklapland.ngmprojektit.fi\/#website\",\"url\":\"https:\/\/booklapland.ngmprojektit.fi\/\",\"name\":\"Book Lapland\",\"description\":\"\",\"potentialAction\":[{\"@type\":\"SearchAction\",\"target\":{\"@type\":\"EntryPoint\",\"urlTemplate\":\"https:\/\/booklapland.ngmprojektit.fi\/?s={search_term_string}\"},\"query-input\":{\"@type\":\"PropertyValueSpecification\",\"valueRequired\":true,\"valueName\":\"search_term_string\"}}],\"inLanguage\":\"fr-FR\"}]}<\/script>\n<!-- \/ Yoast SEO Premium plugin. -->","yoast_head_json":{"title":"Villa Raikka - 3BDR - Sauna - Book Lapland","description":"Stay at Villa Raikka \u2013 3BDR \u2013 Sauna! Spacious, modern villa with private sauna, perfect for families and Arctic adventures in comfort.","robots":{"index":"index","follow":"follow","max-snippet":"max-snippet:-1","max-image-preview":"max-image-preview:large","max-video-preview":"max-video-preview:-1"},"canonical":"https:\/\/booklapland.ngmprojektit.fi\/fr\/produit\/villa-raikka-3bdr-sauna-leukumutka-7-368392\/","og_locale":"fr_FR","og_type":"article","og_title":"Villa Raikka - 3BDR - Sauna","og_description":"Stay at Villa Raikka \u2013 3BDR \u2013 Sauna! Spacious, modern villa with private sauna, perfect for families and Arctic adventures in comfort.","og_url":"https:\/\/booklapland.ngmprojektit.fi\/fr\/produit\/villa-raikka-3bdr-sauna-leukumutka-7-368392\/","og_site_name":"Book Lapland","article_modified_time":"2025-09-07T10:21:26+00:00","og_image":[{"width":1280,"height":853,"url":"https:\/\/booklapland.ngmprojektit.fi\/wp-content\/uploads\/2025\/07\/75211-368392-c8lJei-ni0PFK9tMawxifQIjyputD7gR3AcMd4KzUWo-67c9c04dc0b45.webp","type":"image\/webp"}],"twitter_card":"summary_large_image","twitter_misc":{"Dur\u00e9e de lecture estim\u00e9e":"1 minute"},"schema":{"@context":"https:\/\/schema.org","@graph":[{"@type":"WebPage","@id":"https:\/\/booklapland.ngmprojektit.fi\/product\/villa-raikka-3bdr-sauna-leukumutka-7-368392\/","url":"https:\/\/booklapland.ngmprojektit.fi\/product\/villa-raikka-3bdr-sauna-leukumutka-7-368392\/","name":"Villa Raikka - 3BDR - Sauna - Book Lapland","isPartOf":{"@id":"https:\/\/booklapland.ngmprojektit.fi\/#website"},"primaryImageOfPage":{"@id":"https:\/\/booklapland.ngmprojektit.fi\/product\/villa-raikka-3bdr-sauna-leukumutka-7-368392\/#primaryimage"},"image":{"@id":"https:\/\/booklapland.ngmprojektit.fi\/product\/villa-raikka-3bdr-sauna-leukumutka-7-368392\/#primaryimage"},"thumbnailUrl":"https:\/\/booklapland.ngmprojektit.fi\/wp-content\/uploads\/2025\/07\/75211-368392-c8lJei-ni0PFK9tMawxifQIjyputD7gR3AcMd4KzUWo-67c9c04dc0b45.webp","datePublished":"2025-07-24T23:12:04+00:00","dateModified":"2025-09-07T10:21:26+00:00","description":"Stay at Villa Raikka \u2013 3BDR \u2013 Sauna! Spacious, modern villa with private sauna, perfect for families and Arctic adventures in comfort.","breadcrumb":{"@id":"https:\/\/booklapland.ngmprojektit.fi\/product\/villa-raikka-3bdr-sauna-leukumutka-7-368392\/#breadcrumb"},"inLanguage":"fr-FR","potentialAction":[{"@type":"ReadAction","target":["https:\/\/booklapland.ngmprojektit.fi\/product\/villa-raikka-3bdr-sauna-leukumutka-7-368392\/"]}]},{"@type":"ImageObject","inLanguage":"fr-FR","@id":"https:\/\/booklapland.ngmprojektit.fi\/product\/villa-raikka-3bdr-sauna-leukumutka-7-368392\/#primaryimage","url":"https:\/\/booklapland.ngmprojektit.fi\/wp-content\/uploads\/2025\/07\/75211-368392-c8lJei-ni0PFK9tMawxifQIjyputD7gR3AcMd4KzUWo-67c9c04dc0b45.webp","contentUrl":"https:\/\/booklapland.ngmprojektit.fi\/wp-content\/uploads\/2025\/07\/75211-368392-c8lJei-ni0PFK9tMawxifQIjyputD7gR3AcMd4KzUWo-67c9c04dc0b45.webp","width":1280,"height":853},{"@type":"BreadcrumbList","@id":"https:\/\/booklapland.ngmprojektit.fi\/product\/villa-raikka-3bdr-sauna-leukumutka-7-368392\/#breadcrumb","itemListElement":[{"@type":"ListItem","position":1,"name":"Home","item":"https:\/\/booklapland.ngmprojektit.fi\/"},{"@type":"ListItem","position":2,"name":"Apartments","item":"https:\/\/booklapland.ngmprojektit.fi\/apartments\/"},{"@type":"ListItem","position":3,"name":"Villa Raikka &#8211; 3BDR &#8211; Sauna"}]},{"@type":"WebSite","@id":"https:\/\/booklapland.ngmprojektit.fi\/#website","url":"https:\/\/booklapland.ngmprojektit.fi\/","name":"R\u00e9server la Laponie","description":"","potentialAction":[{"@type":"SearchAction","target":{"@type":"EntryPoint","urlTemplate":"https:\/\/booklapland.ngmprojektit.fi\/?s={search_term_string}"},"query-input":{"@type":"PropertyValueSpecification","valueRequired":true,"valueName":"search_term_string"}}],"inLanguage":"fr-FR"}]}},"_links":{"self":[{"href":"https:\/\/booklapland.ngmprojektit.fi\/fr\/wp-json\/wp\/v2\/product\/6253","targetHints":{"allow":["GET"]}}],"collection":[{"href":"https:\/\/booklapland.ngmprojektit.fi\/fr\/wp-json\/wp\/v2\/product"}],"about":[{"href":"https:\/\/booklapland.ngmprojektit.fi\/fr\/wp-json\/wp\/v2\/types\/product"}],"replies":[{"embeddable":true,"href":"https:\/\/booklapland.ngmprojektit.fi\/fr\/wp-json\/wp\/v2\/comments?post=6253"}],"wp:featuredmedia":[{"embeddable":true,"href":"https:\/\/booklapland.ngmprojektit.fi\/fr\/wp-json\/wp\/v2\/media\/6615"}],"wp:attachment":[{"href":"https:\/\/booklapland.ngmprojektit.fi\/fr\/wp-json\/wp\/v2\/media?parent=6253"}],"wp:term":[{"taxonomy":"badge","embeddable":true,"href":"https:\/\/booklapland.ngmprojektit.fi\/fr\/wp-json\/wp\/v2\/badge?post=6253"},{"taxonomy":"bed-type","embeddable":true,"href":"https:\/\/booklapland.ngmprojektit.fi\/fr\/wp-json\/wp\/v2\/bed-type?post=6253"},{"taxonomy":"capacity","embeddable":true,"href":"https:\/\/booklapland.ngmprojektit.fi\/fr\/wp-json\/wp\/v2\/capacity?post=6253"},{"taxonomy":"features","embeddable":true,"href":"https:\/\/booklapland.ngmprojektit.fi\/fr\/wp-json\/wp\/v2\/features?post=6253"},{"taxonomy":"view","embeddable":true,"href":"https:\/\/booklapland.ngmprojektit.fi\/fr\/wp-json\/wp\/v2\/view?post=6253"},{"taxonomy":"tour-type","embeddable":true,"href":"https:\/\/booklapland.ngmprojektit.fi\/fr\/wp-json\/wp\/v2\/tour-type?post=6253"},{"taxonomy":"product_brand","embeddable":true,"href":"https:\/\/booklapland.ngmprojektit.fi\/fr\/wp-json\/wp\/v2\/product_brand?post=6253"},{"taxonomy":"product_cat","embeddable":true,"href":"https:\/\/booklapland.ngmprojektit.fi\/fr\/wp-json\/wp\/v2\/product_cat?post=6253"},{"taxonomy":"product_tag","embeddable":true,"href":"https:\/\/booklapland.ngmprojektit.fi\/fr\/wp-json\/wp\/v2\/product_tag?post=6253"}],"curies":[{"name":"wp","href":"https:\/\/api.w.org\/{rel}","templated":true}]}}