{"id":6283,"date":"2025-07-24T23:18:14","date_gmt":"2025-07-24T23:18:14","guid":{"rendered":"https:\/\/booklapland.ngmprojektit.fi\/?post_type=product&#038;p=6283"},"modified":"2025-09-07T13:11:14","modified_gmt":"2025-09-07T13:11:14","slug":"lehtikatu-2-b-81-aurora-central-suite-vi-sauna-371641","status":"publish","type":"product","link":"https:\/\/booklapland.ngmprojektit.fi\/fr\/produit\/lehtikatu-2-b-81-aurora-central-suite-vi-sauna-371641\/","title":{"rendered":"Aurora Central Suite VI - Sauna"},"content":{"rendered":"<p data-start=\"413\" data-end=\"684\">Description<\/p>\n<p data-start=\"686\" data-end=\"983\">Profitez d'un s\u00e9jour \u00e9l\u00e9gant dans cette suite situ\u00e9e au centre de Rovaniemi. L'appartement est enti\u00e8rement \u00e9quip\u00e9 pour des vacances reposantes, avec une connexion Wi-Fi, un sauna priv\u00e9 et un parking r\u00e9serv\u00e9. Le linge de lit et les serviettes sont inclus. Cet appartement est id\u00e9al pour les couples ou les petites familles \u00e0 la recherche d'un lieu de s\u00e9jour confortable et bien desservi.<\/p>","protected":false},"excerpt":{"rendered":"<p data-start=\"413\" data-end=\"684\">Profitez d'un s\u00e9jour \u00e9l\u00e9gant dans cette propri\u00e9t\u00e9 situ\u00e9e dans le centre. L'appartement est enti\u00e8rement \u00e9quip\u00e9 et comprend tout ce dont vous avez besoin pour passer des vacances sans souci. Une connexion Wi-Fi, un sauna et un parking priv\u00e9 sont mis \u00e0 votre disposition. Le linge de lit et les serviettes sont inclus dans l'h\u00e9bergement.<\/p>","protected":false},"featured_media":6302,"comment_status":"closed","ping_status":"closed","template":"","meta":{"_acf_changed":false,"ub_ctt_via":"","site-sidebar-layout":"default","site-content-layout":"","ast-site-content-layout":"default","site-content-style":"default","site-sidebar-style":"default","ast-global-header-display":"","ast-banner-title-visibility":"","ast-main-header-display":"","ast-hfb-above-header-display":"","ast-hfb-below-header-display":"","ast-hfb-mobile-header-display":"","site-post-title":"","ast-breadcrumbs-content":"","ast-featured-img":"","footer-sml-layout":"","theme-transparent-header-meta":"default","adv-header-id-meta":"","stick-header-meta":"","header-above-stick-meta":"","header-main-stick-meta":"","header-below-stick-meta":"","astra-migrate-meta-layouts":"set","ast-page-background-enabled":"default","ast-page-background-meta":{"desktop":{"background-color":"var(--ast-global-color-4)","background-image":"","background-repeat":"repeat","background-position":"center center","background-size":"auto","background-attachment":"scroll","background-type":"","background-media":"","overlay-type":"","overlay-color":"","overlay-opacity":"","overlay-gradient":""},"tablet":{"background-color":"","background-image":"","background-repeat":"repeat","background-position":"center center","background-size":"auto","background-attachment":"scroll","background-type":"","background-media":"","overlay-type":"","overlay-color":"","overlay-opacity":"","overlay-gradient":""},"mobile":{"background-color":"","background-image":"","background-repeat":"repeat","background-position":"center center","background-size":"auto","background-attachment":"scroll","background-type":"","background-media":"","overlay-type":"","overlay-color":"","overlay-opacity":"","overlay-gradient":""}},"ast-content-background-meta":{"desktop":{"background-color":"var(--ast-global-color-5)","background-image":"","background-repeat":"repeat","background-position":"center center","background-size":"auto","background-attachment":"scroll","background-type":"","background-media":"","overlay-type":"","overlay-color":"","overlay-opacity":"","overlay-gradient":""},"tablet":{"background-color":"var(--ast-global-color-5)","background-image":"","background-repeat":"repeat","background-position":"center center","background-size":"auto","background-attachment":"scroll","background-type":"","background-media":"","overlay-type":"","overlay-color":"","overlay-opacity":"","overlay-gradient":""},"mobile":{"background-color":"var(--ast-global-color-5)","background-image":"","background-repeat":"repeat","background-position":"center center","background-size":"auto","background-attachment":"scroll","background-type":"","background-media":"","overlay-type":"","overlay-color":"","overlay-opacity":"","overlay-gradient":""}},"_joinchat":[]},"badge":[58,59],"bed-type":[72],"capacity":[45],"features":[49],"view":[81],"tour-type":[71],"product_brand":[],"product_cat":[37],"product_tag":[],"class_list":{"0":"post-6283","1":"product","2":"type-product","3":"status-publish","4":"has-post-thumbnail","6":"badge-for-families","7":"badge-new","8":"bed-type-72","9":"capacity-3-4","10":"features-sauna","11":"view-city-center","12":"tour-type-city-apartments","13":"product_cat-accommodation","14":"desktop-align-left","15":"tablet-align-left","16":"mobile-align-left","18":"first","19":"instock","20":"shipping-taxable","21":"product-type-external"},"acf":[],"yoast_head":"<!-- This site is optimized with the Yoast SEO Premium plugin v25.9 (Yoast SEO v25.9) - https:\/\/yoast.com\/wordpress\/plugins\/seo\/ -->\n<title>Aurora Central Suite VI - Sauna - Book Lapland<\/title>\n<meta name=\"description\" content=\"Stay at Aurora Central Suite VI with Sauna! Cozy, modern city-center accommodation perfect for Arctic adventures and relaxing Northern Lights views.\" \/>\n<meta name=\"robots\" content=\"index, follow, max-snippet:-1, max-image-preview:large, max-video-preview:-1\" \/>\n<link rel=\"canonical\" href=\"https:\/\/booklapland.ngmprojektit.fi\/fr\/produit\/lehtikatu-2-b-81-aurora-central-suite-vi-sauna-371641\/\" \/>\n<meta property=\"og:locale\" content=\"fr_FR\" \/>\n<meta property=\"og:type\" content=\"article\" \/>\n<meta property=\"og:title\" content=\"Aurora Central Suite VI - Sauna\" \/>\n<meta property=\"og:description\" content=\"Stay at Aurora Central Suite VI with Sauna! Cozy, modern city-center accommodation perfect for Arctic adventures and relaxing Northern Lights views.\" \/>\n<meta property=\"og:url\" content=\"https:\/\/booklapland.ngmprojektit.fi\/fr\/produit\/lehtikatu-2-b-81-aurora-central-suite-vi-sauna-371641\/\" \/>\n<meta property=\"og:site_name\" content=\"Book Lapland\" \/>\n<meta property=\"article:modified_time\" content=\"2025-09-07T13:11:14+00:00\" \/>\n<meta property=\"og:image\" content=\"https:\/\/booklapland.ngmprojektit.fi\/wp-content\/uploads\/2025\/07\/75211-371641-tuKhBU4WwOty003JxXGmQdbG9ohleUX7vttIGTX481g-68664dd09733f-small-1.jpeg\" \/>\n\t<meta property=\"og:image:width\" content=\"675\" \/>\n\t<meta property=\"og:image:height\" content=\"450\" \/>\n\t<meta property=\"og:image:type\" content=\"image\/jpeg\" \/>\n<meta name=\"twitter:card\" content=\"summary_large_image\" \/>\n<meta name=\"twitter:label1\" content=\"Dur\u00e9e de lecture estim\u00e9e\" \/>\n\t<meta name=\"twitter:data1\" content=\"1 minute\" \/>\n<script type=\"application\/ld+json\" class=\"yoast-schema-graph\">{\"@context\":\"https:\/\/schema.org\",\"@graph\":[{\"@type\":\"WebPage\",\"@id\":\"https:\/\/booklapland.ngmprojektit.fi\/product\/lehtikatu-2-b-81-aurora-central-suite-vi-sauna-371641\/\",\"url\":\"https:\/\/booklapland.ngmprojektit.fi\/product\/lehtikatu-2-b-81-aurora-central-suite-vi-sauna-371641\/\",\"name\":\"Aurora Central Suite VI - Sauna - Book Lapland\",\"isPartOf\":{\"@id\":\"https:\/\/booklapland.ngmprojektit.fi\/#website\"},\"primaryImageOfPage\":{\"@id\":\"https:\/\/booklapland.ngmprojektit.fi\/product\/lehtikatu-2-b-81-aurora-central-suite-vi-sauna-371641\/#primaryimage\"},\"image\":{\"@id\":\"https:\/\/booklapland.ngmprojektit.fi\/product\/lehtikatu-2-b-81-aurora-central-suite-vi-sauna-371641\/#primaryimage\"},\"thumbnailUrl\":\"https:\/\/booklapland.ngmprojektit.fi\/wp-content\/uploads\/2025\/07\/75211-371641-tuKhBU4WwOty003JxXGmQdbG9ohleUX7vttIGTX481g-68664dd09733f-small-1.jpeg\",\"datePublished\":\"2025-07-24T23:18:14+00:00\",\"dateModified\":\"2025-09-07T13:11:14+00:00\",\"description\":\"Stay at Aurora Central Suite VI with Sauna! Cozy, modern city-center accommodation perfect for Arctic adventures and relaxing Northern Lights views.\",\"breadcrumb\":{\"@id\":\"https:\/\/booklapland.ngmprojektit.fi\/product\/lehtikatu-2-b-81-aurora-central-suite-vi-sauna-371641\/#breadcrumb\"},\"inLanguage\":\"fr-FR\",\"potentialAction\":[{\"@type\":\"ReadAction\",\"target\":[\"https:\/\/booklapland.ngmprojektit.fi\/product\/lehtikatu-2-b-81-aurora-central-suite-vi-sauna-371641\/\"]}]},{\"@type\":\"ImageObject\",\"inLanguage\":\"fr-FR\",\"@id\":\"https:\/\/booklapland.ngmprojektit.fi\/product\/lehtikatu-2-b-81-aurora-central-suite-vi-sauna-371641\/#primaryimage\",\"url\":\"https:\/\/booklapland.ngmprojektit.fi\/wp-content\/uploads\/2025\/07\/75211-371641-tuKhBU4WwOty003JxXGmQdbG9ohleUX7vttIGTX481g-68664dd09733f-small-1.jpeg\",\"contentUrl\":\"https:\/\/booklapland.ngmprojektit.fi\/wp-content\/uploads\/2025\/07\/75211-371641-tuKhBU4WwOty003JxXGmQdbG9ohleUX7vttIGTX481g-68664dd09733f-small-1.jpeg\",\"width\":675,\"height\":450},{\"@type\":\"BreadcrumbList\",\"@id\":\"https:\/\/booklapland.ngmprojektit.fi\/product\/lehtikatu-2-b-81-aurora-central-suite-vi-sauna-371641\/#breadcrumb\",\"itemListElement\":[{\"@type\":\"ListItem\",\"position\":1,\"name\":\"Home\",\"item\":\"https:\/\/booklapland.ngmprojektit.fi\/\"},{\"@type\":\"ListItem\",\"position\":2,\"name\":\"Apartments\",\"item\":\"https:\/\/booklapland.ngmprojektit.fi\/apartments\/\"},{\"@type\":\"ListItem\",\"position\":3,\"name\":\"Aurora Central Suite VI &#8211; Sauna\"}]},{\"@type\":\"WebSite\",\"@id\":\"https:\/\/booklapland.ngmprojektit.fi\/#website\",\"url\":\"https:\/\/booklapland.ngmprojektit.fi\/\",\"name\":\"Book Lapland\",\"description\":\"\",\"potentialAction\":[{\"@type\":\"SearchAction\",\"target\":{\"@type\":\"EntryPoint\",\"urlTemplate\":\"https:\/\/booklapland.ngmprojektit.fi\/?s={search_term_string}\"},\"query-input\":{\"@type\":\"PropertyValueSpecification\",\"valueRequired\":true,\"valueName\":\"search_term_string\"}}],\"inLanguage\":\"fr-FR\"}]}<\/script>\n<!-- \/ Yoast SEO Premium plugin. -->","yoast_head_json":{"title":"Aurora Central Suite VI - Sauna - Book Lapland","description":"Stay at Aurora Central Suite VI with Sauna! Cozy, modern city-center accommodation perfect for Arctic adventures and relaxing Northern Lights views.","robots":{"index":"index","follow":"follow","max-snippet":"max-snippet:-1","max-image-preview":"max-image-preview:large","max-video-preview":"max-video-preview:-1"},"canonical":"https:\/\/booklapland.ngmprojektit.fi\/fr\/produit\/lehtikatu-2-b-81-aurora-central-suite-vi-sauna-371641\/","og_locale":"fr_FR","og_type":"article","og_title":"Aurora Central Suite VI - Sauna","og_description":"Stay at Aurora Central Suite VI with Sauna! Cozy, modern city-center accommodation perfect for Arctic adventures and relaxing Northern Lights views.","og_url":"https:\/\/booklapland.ngmprojektit.fi\/fr\/produit\/lehtikatu-2-b-81-aurora-central-suite-vi-sauna-371641\/","og_site_name":"Book Lapland","article_modified_time":"2025-09-07T13:11:14+00:00","og_image":[{"width":675,"height":450,"url":"https:\/\/booklapland.ngmprojektit.fi\/wp-content\/uploads\/2025\/07\/75211-371641-tuKhBU4WwOty003JxXGmQdbG9ohleUX7vttIGTX481g-68664dd09733f-small-1.jpeg","type":"image\/jpeg"}],"twitter_card":"summary_large_image","twitter_misc":{"Dur\u00e9e de lecture estim\u00e9e":"1 minute"},"schema":{"@context":"https:\/\/schema.org","@graph":[{"@type":"WebPage","@id":"https:\/\/booklapland.ngmprojektit.fi\/product\/lehtikatu-2-b-81-aurora-central-suite-vi-sauna-371641\/","url":"https:\/\/booklapland.ngmprojektit.fi\/product\/lehtikatu-2-b-81-aurora-central-suite-vi-sauna-371641\/","name":"Aurora Central Suite VI - Sauna - Book Lapland","isPartOf":{"@id":"https:\/\/booklapland.ngmprojektit.fi\/#website"},"primaryImageOfPage":{"@id":"https:\/\/booklapland.ngmprojektit.fi\/product\/lehtikatu-2-b-81-aurora-central-suite-vi-sauna-371641\/#primaryimage"},"image":{"@id":"https:\/\/booklapland.ngmprojektit.fi\/product\/lehtikatu-2-b-81-aurora-central-suite-vi-sauna-371641\/#primaryimage"},"thumbnailUrl":"https:\/\/booklapland.ngmprojektit.fi\/wp-content\/uploads\/2025\/07\/75211-371641-tuKhBU4WwOty003JxXGmQdbG9ohleUX7vttIGTX481g-68664dd09733f-small-1.jpeg","datePublished":"2025-07-24T23:18:14+00:00","dateModified":"2025-09-07T13:11:14+00:00","description":"Stay at Aurora Central Suite VI with Sauna! Cozy, modern city-center accommodation perfect for Arctic adventures and relaxing Northern Lights views.","breadcrumb":{"@id":"https:\/\/booklapland.ngmprojektit.fi\/product\/lehtikatu-2-b-81-aurora-central-suite-vi-sauna-371641\/#breadcrumb"},"inLanguage":"fr-FR","potentialAction":[{"@type":"ReadAction","target":["https:\/\/booklapland.ngmprojektit.fi\/product\/lehtikatu-2-b-81-aurora-central-suite-vi-sauna-371641\/"]}]},{"@type":"ImageObject","inLanguage":"fr-FR","@id":"https:\/\/booklapland.ngmprojektit.fi\/product\/lehtikatu-2-b-81-aurora-central-suite-vi-sauna-371641\/#primaryimage","url":"https:\/\/booklapland.ngmprojektit.fi\/wp-content\/uploads\/2025\/07\/75211-371641-tuKhBU4WwOty003JxXGmQdbG9ohleUX7vttIGTX481g-68664dd09733f-small-1.jpeg","contentUrl":"https:\/\/booklapland.ngmprojektit.fi\/wp-content\/uploads\/2025\/07\/75211-371641-tuKhBU4WwOty003JxXGmQdbG9ohleUX7vttIGTX481g-68664dd09733f-small-1.jpeg","width":675,"height":450},{"@type":"BreadcrumbList","@id":"https:\/\/booklapland.ngmprojektit.fi\/product\/lehtikatu-2-b-81-aurora-central-suite-vi-sauna-371641\/#breadcrumb","itemListElement":[{"@type":"ListItem","position":1,"name":"Home","item":"https:\/\/booklapland.ngmprojektit.fi\/"},{"@type":"ListItem","position":2,"name":"Apartments","item":"https:\/\/booklapland.ngmprojektit.fi\/apartments\/"},{"@type":"ListItem","position":3,"name":"Aurora Central Suite VI &#8211; Sauna"}]},{"@type":"WebSite","@id":"https:\/\/booklapland.ngmprojektit.fi\/#website","url":"https:\/\/booklapland.ngmprojektit.fi\/","name":"R\u00e9server la Laponie","description":"","potentialAction":[{"@type":"SearchAction","target":{"@type":"EntryPoint","urlTemplate":"https:\/\/booklapland.ngmprojektit.fi\/?s={search_term_string}"},"query-input":{"@type":"PropertyValueSpecification","valueRequired":true,"valueName":"search_term_string"}}],"inLanguage":"fr-FR"}]}},"_links":{"self":[{"href":"https:\/\/booklapland.ngmprojektit.fi\/fr\/wp-json\/wp\/v2\/product\/6283","targetHints":{"allow":["GET"]}}],"collection":[{"href":"https:\/\/booklapland.ngmprojektit.fi\/fr\/wp-json\/wp\/v2\/product"}],"about":[{"href":"https:\/\/booklapland.ngmprojektit.fi\/fr\/wp-json\/wp\/v2\/types\/product"}],"replies":[{"embeddable":true,"href":"https:\/\/booklapland.ngmprojektit.fi\/fr\/wp-json\/wp\/v2\/comments?post=6283"}],"wp:featuredmedia":[{"embeddable":true,"href":"https:\/\/booklapland.ngmprojektit.fi\/fr\/wp-json\/wp\/v2\/media\/6302"}],"wp:attachment":[{"href":"https:\/\/booklapland.ngmprojektit.fi\/fr\/wp-json\/wp\/v2\/media?parent=6283"}],"wp:term":[{"taxonomy":"badge","embeddable":true,"href":"https:\/\/booklapland.ngmprojektit.fi\/fr\/wp-json\/wp\/v2\/badge?post=6283"},{"taxonomy":"bed-type","embeddable":true,"href":"https:\/\/booklapland.ngmprojektit.fi\/fr\/wp-json\/wp\/v2\/bed-type?post=6283"},{"taxonomy":"capacity","embeddable":true,"href":"https:\/\/booklapland.ngmprojektit.fi\/fr\/wp-json\/wp\/v2\/capacity?post=6283"},{"taxonomy":"features","embeddable":true,"href":"https:\/\/booklapland.ngmprojektit.fi\/fr\/wp-json\/wp\/v2\/features?post=6283"},{"taxonomy":"view","embeddable":true,"href":"https:\/\/booklapland.ngmprojektit.fi\/fr\/wp-json\/wp\/v2\/view?post=6283"},{"taxonomy":"tour-type","embeddable":true,"href":"https:\/\/booklapland.ngmprojektit.fi\/fr\/wp-json\/wp\/v2\/tour-type?post=6283"},{"taxonomy":"product_brand","embeddable":true,"href":"https:\/\/booklapland.ngmprojektit.fi\/fr\/wp-json\/wp\/v2\/product_brand?post=6283"},{"taxonomy":"product_cat","embeddable":true,"href":"https:\/\/booklapland.ngmprojektit.fi\/fr\/wp-json\/wp\/v2\/product_cat?post=6283"},{"taxonomy":"product_tag","embeddable":true,"href":"https:\/\/booklapland.ngmprojektit.fi\/fr\/wp-json\/wp\/v2\/product_tag?post=6283"}],"curies":[{"name":"wp","href":"https:\/\/api.w.org\/{rel}","templated":true}]}}