{"id":6303,"date":"2025-07-24T23:38:43","date_gmt":"2025-07-24T23:38:43","guid":{"rendered":"https:\/\/booklapland.ngmprojektit.fi\/?post_type=product&#038;p=6303"},"modified":"2025-09-07T09:37:57","modified_gmt":"2025-09-07T09:37:57","slug":"hostit-arctic-apartments-b8-valtakatu-35-b-8-378098","status":"publish","type":"product","link":"https:\/\/booklapland.ngmprojektit.fi\/fr\/produit\/hostit-arctic-apartments-b8-valtakatu-35-b-8-378098\/","title":{"rendered":"Hostit Arctic Apartments VII"},"content":{"rendered":"<p data-start=\"416\" data-end=\"510\">Description<\/p>\n<p data-start=\"416\" data-end=\"510\">Profitez d'un s\u00e9jour \u00e9l\u00e9gant et moderne dans ce studio situ\u00e9 au c\u0153ur de Rovaniemi. Id\u00e9al pour les petits groupes ou les couples, cet appartement dispose des \u00e9quipements essentiels pour une visite relaxante. Vous serez \u00e0 quelques pas des restaurants, des caf\u00e9s, des boutiques et des principales attractions. Que vous soyez en ville pour les loisirs ou les affaires, cet appartement bien am\u00e9nag\u00e9 est un point de d\u00e9part id\u00e9al pour votre aventure dans l'Arctique.<\/p>","protected":false},"excerpt":{"rendered":"<p data-start=\"512\" data-end=\"920\">Profitez d'un s\u00e9jour \u00e9l\u00e9gant et moderne dans ce studio situ\u00e9 au c\u0153ur de Rovaniemi. Id\u00e9al pour les petits groupes ou les couples, cet appartement dispose des \u00e9quipements essentiels pour une visite relaxante. Vous serez \u00e0 quelques pas des restaurants, des caf\u00e9s, des boutiques et des principales attractions. Que vous soyez en ville pour les loisirs ou les affaires, cet appartement bien am\u00e9nag\u00e9 est un point de d\u00e9part id\u00e9al pour votre aventure dans l'Arctique.<\/p>","protected":false},"featured_media":6319,"comment_status":"closed","ping_status":"closed","template":"","meta":{"_acf_changed":false,"ub_ctt_via":"","site-sidebar-layout":"default","site-content-layout":"","ast-site-content-layout":"default","site-content-style":"default","site-sidebar-style":"default","ast-global-header-display":"","ast-banner-title-visibility":"","ast-main-header-display":"","ast-hfb-above-header-display":"","ast-hfb-below-header-display":"","ast-hfb-mobile-header-display":"","site-post-title":"","ast-breadcrumbs-content":"","ast-featured-img":"","footer-sml-layout":"","theme-transparent-header-meta":"default","adv-header-id-meta":"","stick-header-meta":"","header-above-stick-meta":"","header-main-stick-meta":"","header-below-stick-meta":"","astra-migrate-meta-layouts":"set","ast-page-background-enabled":"default","ast-page-background-meta":{"desktop":{"background-color":"var(--ast-global-color-4)","background-image":"","background-repeat":"repeat","background-position":"center center","background-size":"auto","background-attachment":"scroll","background-type":"","background-media":"","overlay-type":"","overlay-color":"","overlay-opacity":"","overlay-gradient":""},"tablet":{"background-color":"","background-image":"","background-repeat":"repeat","background-position":"center center","background-size":"auto","background-attachment":"scroll","background-type":"","background-media":"","overlay-type":"","overlay-color":"","overlay-opacity":"","overlay-gradient":""},"mobile":{"background-color":"","background-image":"","background-repeat":"repeat","background-position":"center center","background-size":"auto","background-attachment":"scroll","background-type":"","background-media":"","overlay-type":"","overlay-color":"","overlay-opacity":"","overlay-gradient":""}},"ast-content-background-meta":{"desktop":{"background-color":"var(--ast-global-color-5)","background-image":"","background-repeat":"repeat","background-position":"center center","background-size":"auto","background-attachment":"scroll","background-type":"","background-media":"","overlay-type":"","overlay-color":"","overlay-opacity":"","overlay-gradient":""},"tablet":{"background-color":"var(--ast-global-color-5)","background-image":"","background-repeat":"repeat","background-position":"center center","background-size":"auto","background-attachment":"scroll","background-type":"","background-media":"","overlay-type":"","overlay-color":"","overlay-opacity":"","overlay-gradient":""},"mobile":{"background-color":"var(--ast-global-color-5)","background-image":"","background-repeat":"repeat","background-position":"center center","background-size":"auto","background-attachment":"scroll","background-type":"","background-media":"","overlay-type":"","overlay-color":"","overlay-opacity":"","overlay-gradient":""}},"_joinchat":[]},"badge":[59],"bed-type":[72],"capacity":[45],"features":[],"view":[81],"tour-type":[71],"product_brand":[],"product_cat":[37],"product_tag":[],"class_list":{"0":"post-6303","1":"product","2":"type-product","3":"status-publish","4":"has-post-thumbnail","6":"badge-new","7":"bed-type-72","8":"capacity-3-4","9":"view-city-center","10":"tour-type-city-apartments","11":"product_cat-accommodation","12":"desktop-align-left","13":"tablet-align-left","14":"mobile-align-left","16":"first","17":"instock","18":"shipping-taxable","19":"product-type-external"},"acf":[],"yoast_head":"<!-- This site is optimized with the Yoast SEO Premium plugin v25.9 (Yoast SEO v25.9) - https:\/\/yoast.com\/wordpress\/plugins\/seo\/ -->\n<title>Hostit Arctic Apartments VII - Book Lapland<\/title>\n<meta name=\"description\" content=\"Stay at Hostit Arctic Apartments VII! Modern, cozy city-center accommodation ideal for Arctic adventures and exploring local attractions.\" \/>\n<meta name=\"robots\" content=\"index, follow, max-snippet:-1, max-image-preview:large, max-video-preview:-1\" \/>\n<link rel=\"canonical\" href=\"https:\/\/booklapland.ngmprojektit.fi\/fr\/produit\/hostit-arctic-apartments-b8-valtakatu-35-b-8-378098\/\" \/>\n<meta property=\"og:locale\" content=\"fr_FR\" \/>\n<meta property=\"og:type\" content=\"article\" \/>\n<meta property=\"og:title\" content=\"Hostit Arctic Apartments VII\" \/>\n<meta property=\"og:description\" content=\"Stay at Hostit Arctic Apartments VII! Modern, cozy city-center accommodation ideal for Arctic adventures and exploring local attractions.\" \/>\n<meta property=\"og:url\" content=\"https:\/\/booklapland.ngmprojektit.fi\/fr\/produit\/hostit-arctic-apartments-b8-valtakatu-35-b-8-378098\/\" \/>\n<meta property=\"og:site_name\" content=\"Book Lapland\" \/>\n<meta property=\"article:modified_time\" content=\"2025-09-07T09:37:57+00:00\" \/>\n<meta property=\"og:image\" content=\"https:\/\/booklapland.ngmprojektit.fi\/wp-content\/uploads\/2025\/07\/75211-378098-R-4gMBZM7X-o2CV-6lB1mhFM7axV82YWOElhsuMmdN0-68244b35d6825-small.jpeg\" \/>\n\t<meta property=\"og:image:width\" content=\"675\" \/>\n\t<meta property=\"og:image:height\" content=\"450\" \/>\n\t<meta property=\"og:image:type\" content=\"image\/jpeg\" \/>\n<meta name=\"twitter:card\" content=\"summary_large_image\" \/>\n<meta name=\"twitter:label1\" content=\"Dur\u00e9e de lecture estim\u00e9e\" \/>\n\t<meta name=\"twitter:data1\" content=\"1 minute\" \/>\n<script type=\"application\/ld+json\" class=\"yoast-schema-graph\">{\"@context\":\"https:\/\/schema.org\",\"@graph\":[{\"@type\":\"WebPage\",\"@id\":\"https:\/\/booklapland.ngmprojektit.fi\/product\/hostit-arctic-apartments-b8-valtakatu-35-b-8-378098\/\",\"url\":\"https:\/\/booklapland.ngmprojektit.fi\/product\/hostit-arctic-apartments-b8-valtakatu-35-b-8-378098\/\",\"name\":\"Hostit Arctic Apartments VII - Book Lapland\",\"isPartOf\":{\"@id\":\"https:\/\/booklapland.ngmprojektit.fi\/#website\"},\"primaryImageOfPage\":{\"@id\":\"https:\/\/booklapland.ngmprojektit.fi\/product\/hostit-arctic-apartments-b8-valtakatu-35-b-8-378098\/#primaryimage\"},\"image\":{\"@id\":\"https:\/\/booklapland.ngmprojektit.fi\/product\/hostit-arctic-apartments-b8-valtakatu-35-b-8-378098\/#primaryimage\"},\"thumbnailUrl\":\"https:\/\/booklapland.ngmprojektit.fi\/wp-content\/uploads\/2025\/07\/75211-378098-R-4gMBZM7X-o2CV-6lB1mhFM7axV82YWOElhsuMmdN0-68244b35d6825-small.jpeg\",\"datePublished\":\"2025-07-24T23:38:43+00:00\",\"dateModified\":\"2025-09-07T09:37:57+00:00\",\"description\":\"Stay at Hostit Arctic Apartments VII! Modern, cozy city-center accommodation ideal for Arctic adventures and exploring local attractions.\",\"breadcrumb\":{\"@id\":\"https:\/\/booklapland.ngmprojektit.fi\/product\/hostit-arctic-apartments-b8-valtakatu-35-b-8-378098\/#breadcrumb\"},\"inLanguage\":\"fr-FR\",\"potentialAction\":[{\"@type\":\"ReadAction\",\"target\":[\"https:\/\/booklapland.ngmprojektit.fi\/product\/hostit-arctic-apartments-b8-valtakatu-35-b-8-378098\/\"]}]},{\"@type\":\"ImageObject\",\"inLanguage\":\"fr-FR\",\"@id\":\"https:\/\/booklapland.ngmprojektit.fi\/product\/hostit-arctic-apartments-b8-valtakatu-35-b-8-378098\/#primaryimage\",\"url\":\"https:\/\/booklapland.ngmprojektit.fi\/wp-content\/uploads\/2025\/07\/75211-378098-R-4gMBZM7X-o2CV-6lB1mhFM7axV82YWOElhsuMmdN0-68244b35d6825-small.jpeg\",\"contentUrl\":\"https:\/\/booklapland.ngmprojektit.fi\/wp-content\/uploads\/2025\/07\/75211-378098-R-4gMBZM7X-o2CV-6lB1mhFM7axV82YWOElhsuMmdN0-68244b35d6825-small.jpeg\",\"width\":675,\"height\":450},{\"@type\":\"BreadcrumbList\",\"@id\":\"https:\/\/booklapland.ngmprojektit.fi\/product\/hostit-arctic-apartments-b8-valtakatu-35-b-8-378098\/#breadcrumb\",\"itemListElement\":[{\"@type\":\"ListItem\",\"position\":1,\"name\":\"Home\",\"item\":\"https:\/\/booklapland.ngmprojektit.fi\/\"},{\"@type\":\"ListItem\",\"position\":2,\"name\":\"Apartments\",\"item\":\"https:\/\/booklapland.ngmprojektit.fi\/apartments\/\"},{\"@type\":\"ListItem\",\"position\":3,\"name\":\"Hostit Arctic Apartments VII\"}]},{\"@type\":\"WebSite\",\"@id\":\"https:\/\/booklapland.ngmprojektit.fi\/#website\",\"url\":\"https:\/\/booklapland.ngmprojektit.fi\/\",\"name\":\"Book Lapland\",\"description\":\"\",\"potentialAction\":[{\"@type\":\"SearchAction\",\"target\":{\"@type\":\"EntryPoint\",\"urlTemplate\":\"https:\/\/booklapland.ngmprojektit.fi\/?s={search_term_string}\"},\"query-input\":{\"@type\":\"PropertyValueSpecification\",\"valueRequired\":true,\"valueName\":\"search_term_string\"}}],\"inLanguage\":\"fr-FR\"}]}<\/script>\n<!-- \/ Yoast SEO Premium plugin. -->","yoast_head_json":{"title":"Hostit Arctic Apartments VII - Book Lapland","description":"Stay at Hostit Arctic Apartments VII! Modern, cozy city-center accommodation ideal for Arctic adventures and exploring local attractions.","robots":{"index":"index","follow":"follow","max-snippet":"max-snippet:-1","max-image-preview":"max-image-preview:large","max-video-preview":"max-video-preview:-1"},"canonical":"https:\/\/booklapland.ngmprojektit.fi\/fr\/produit\/hostit-arctic-apartments-b8-valtakatu-35-b-8-378098\/","og_locale":"fr_FR","og_type":"article","og_title":"Hostit Arctic Apartments VII","og_description":"Stay at Hostit Arctic Apartments VII! Modern, cozy city-center accommodation ideal for Arctic adventures and exploring local attractions.","og_url":"https:\/\/booklapland.ngmprojektit.fi\/fr\/produit\/hostit-arctic-apartments-b8-valtakatu-35-b-8-378098\/","og_site_name":"Book Lapland","article_modified_time":"2025-09-07T09:37:57+00:00","og_image":[{"width":675,"height":450,"url":"https:\/\/booklapland.ngmprojektit.fi\/wp-content\/uploads\/2025\/07\/75211-378098-R-4gMBZM7X-o2CV-6lB1mhFM7axV82YWOElhsuMmdN0-68244b35d6825-small.jpeg","type":"image\/jpeg"}],"twitter_card":"summary_large_image","twitter_misc":{"Dur\u00e9e de lecture estim\u00e9e":"1 minute"},"schema":{"@context":"https:\/\/schema.org","@graph":[{"@type":"WebPage","@id":"https:\/\/booklapland.ngmprojektit.fi\/product\/hostit-arctic-apartments-b8-valtakatu-35-b-8-378098\/","url":"https:\/\/booklapland.ngmprojektit.fi\/product\/hostit-arctic-apartments-b8-valtakatu-35-b-8-378098\/","name":"Hostit Arctic Apartments VII - Book Lapland","isPartOf":{"@id":"https:\/\/booklapland.ngmprojektit.fi\/#website"},"primaryImageOfPage":{"@id":"https:\/\/booklapland.ngmprojektit.fi\/product\/hostit-arctic-apartments-b8-valtakatu-35-b-8-378098\/#primaryimage"},"image":{"@id":"https:\/\/booklapland.ngmprojektit.fi\/product\/hostit-arctic-apartments-b8-valtakatu-35-b-8-378098\/#primaryimage"},"thumbnailUrl":"https:\/\/booklapland.ngmprojektit.fi\/wp-content\/uploads\/2025\/07\/75211-378098-R-4gMBZM7X-o2CV-6lB1mhFM7axV82YWOElhsuMmdN0-68244b35d6825-small.jpeg","datePublished":"2025-07-24T23:38:43+00:00","dateModified":"2025-09-07T09:37:57+00:00","description":"Stay at Hostit Arctic Apartments VII! Modern, cozy city-center accommodation ideal for Arctic adventures and exploring local attractions.","breadcrumb":{"@id":"https:\/\/booklapland.ngmprojektit.fi\/product\/hostit-arctic-apartments-b8-valtakatu-35-b-8-378098\/#breadcrumb"},"inLanguage":"fr-FR","potentialAction":[{"@type":"ReadAction","target":["https:\/\/booklapland.ngmprojektit.fi\/product\/hostit-arctic-apartments-b8-valtakatu-35-b-8-378098\/"]}]},{"@type":"ImageObject","inLanguage":"fr-FR","@id":"https:\/\/booklapland.ngmprojektit.fi\/product\/hostit-arctic-apartments-b8-valtakatu-35-b-8-378098\/#primaryimage","url":"https:\/\/booklapland.ngmprojektit.fi\/wp-content\/uploads\/2025\/07\/75211-378098-R-4gMBZM7X-o2CV-6lB1mhFM7axV82YWOElhsuMmdN0-68244b35d6825-small.jpeg","contentUrl":"https:\/\/booklapland.ngmprojektit.fi\/wp-content\/uploads\/2025\/07\/75211-378098-R-4gMBZM7X-o2CV-6lB1mhFM7axV82YWOElhsuMmdN0-68244b35d6825-small.jpeg","width":675,"height":450},{"@type":"BreadcrumbList","@id":"https:\/\/booklapland.ngmprojektit.fi\/product\/hostit-arctic-apartments-b8-valtakatu-35-b-8-378098\/#breadcrumb","itemListElement":[{"@type":"ListItem","position":1,"name":"Home","item":"https:\/\/booklapland.ngmprojektit.fi\/"},{"@type":"ListItem","position":2,"name":"Apartments","item":"https:\/\/booklapland.ngmprojektit.fi\/apartments\/"},{"@type":"ListItem","position":3,"name":"Hostit Arctic Apartments VII"}]},{"@type":"WebSite","@id":"https:\/\/booklapland.ngmprojektit.fi\/#website","url":"https:\/\/booklapland.ngmprojektit.fi\/","name":"R\u00e9server la Laponie","description":"","potentialAction":[{"@type":"SearchAction","target":{"@type":"EntryPoint","urlTemplate":"https:\/\/booklapland.ngmprojektit.fi\/?s={search_term_string}"},"query-input":{"@type":"PropertyValueSpecification","valueRequired":true,"valueName":"search_term_string"}}],"inLanguage":"fr-FR"}]}},"_links":{"self":[{"href":"https:\/\/booklapland.ngmprojektit.fi\/fr\/wp-json\/wp\/v2\/product\/6303","targetHints":{"allow":["GET"]}}],"collection":[{"href":"https:\/\/booklapland.ngmprojektit.fi\/fr\/wp-json\/wp\/v2\/product"}],"about":[{"href":"https:\/\/booklapland.ngmprojektit.fi\/fr\/wp-json\/wp\/v2\/types\/product"}],"replies":[{"embeddable":true,"href":"https:\/\/booklapland.ngmprojektit.fi\/fr\/wp-json\/wp\/v2\/comments?post=6303"}],"wp:featuredmedia":[{"embeddable":true,"href":"https:\/\/booklapland.ngmprojektit.fi\/fr\/wp-json\/wp\/v2\/media\/6319"}],"wp:attachment":[{"href":"https:\/\/booklapland.ngmprojektit.fi\/fr\/wp-json\/wp\/v2\/media?parent=6303"}],"wp:term":[{"taxonomy":"badge","embeddable":true,"href":"https:\/\/booklapland.ngmprojektit.fi\/fr\/wp-json\/wp\/v2\/badge?post=6303"},{"taxonomy":"bed-type","embeddable":true,"href":"https:\/\/booklapland.ngmprojektit.fi\/fr\/wp-json\/wp\/v2\/bed-type?post=6303"},{"taxonomy":"capacity","embeddable":true,"href":"https:\/\/booklapland.ngmprojektit.fi\/fr\/wp-json\/wp\/v2\/capacity?post=6303"},{"taxonomy":"features","embeddable":true,"href":"https:\/\/booklapland.ngmprojektit.fi\/fr\/wp-json\/wp\/v2\/features?post=6303"},{"taxonomy":"view","embeddable":true,"href":"https:\/\/booklapland.ngmprojektit.fi\/fr\/wp-json\/wp\/v2\/view?post=6303"},{"taxonomy":"tour-type","embeddable":true,"href":"https:\/\/booklapland.ngmprojektit.fi\/fr\/wp-json\/wp\/v2\/tour-type?post=6303"},{"taxonomy":"product_brand","embeddable":true,"href":"https:\/\/booklapland.ngmprojektit.fi\/fr\/wp-json\/wp\/v2\/product_brand?post=6303"},{"taxonomy":"product_cat","embeddable":true,"href":"https:\/\/booklapland.ngmprojektit.fi\/fr\/wp-json\/wp\/v2\/product_cat?post=6303"},{"taxonomy":"product_tag","embeddable":true,"href":"https:\/\/booklapland.ngmprojektit.fi\/fr\/wp-json\/wp\/v2\/product_tag?post=6303"}],"curies":[{"name":"wp","href":"https:\/\/api.w.org\/{rel}","templated":true}]}}