{"id":6320,"date":"2025-07-24T23:43:07","date_gmt":"2025-07-24T23:43:07","guid":{"rendered":"https:\/\/booklapland.ngmprojektit.fi\/?post_type=product&#038;p=6320"},"modified":"2025-09-07T09:54:06","modified_gmt":"2025-09-07T09:54:06","slug":"master-suites-city-centre-5-jaakonkatu-8-c-25-386494","status":"publish","type":"product","link":"https:\/\/booklapland.ngmprojektit.fi\/fr\/produit\/master-suites-city-centre-5-jaakonkatu-8-c-25-386494\/","title":{"rendered":"Master Suites City Centre 5"},"content":{"rendered":"<p data-start=\"397\" data-end=\"491\">Description<\/p>\n<p data-start=\"493\" data-end=\"882\">D\u00e9couvrez le meilleur de Rovaniemi dans cet appartement moderne et central. Le Master Suites City Centre 5 offre confort, intimit\u00e9 et commodit\u00e9, avec un sauna priv\u00e9, une connexion Wi-Fi \u00e0 haut d\u00e9bit, un balcon et une cuisine enti\u00e8rement \u00e9quip\u00e9e. Que vous soyez en visite pour explorer le cercle arctique, vous d\u00e9tendre ou travailler \u00e0 distance, cet appartement dispose de tous les \u00e9quipements n\u00e9cessaires pour rendre votre s\u00e9jour exceptionnel.<\/p>","protected":false},"excerpt":{"rendered":"<p data-start=\"493\" data-end=\"882\">D\u00e9couvrez le meilleur de Rovaniemi dans cet appartement moderne et central. Le Master Suites City Centre 5 offre confort, intimit\u00e9 et commodit\u00e9, avec un sauna priv\u00e9, une connexion Wi-Fi \u00e0 haut d\u00e9bit, un balcon et une cuisine enti\u00e8rement \u00e9quip\u00e9e. Que vous soyez en visite pour explorer le cercle arctique, vous d\u00e9tendre ou travailler \u00e0 distance, cet appartement dispose de tous les \u00e9quipements n\u00e9cessaires pour rendre votre s\u00e9jour exceptionnel.<\/p>","protected":false},"featured_media":6335,"comment_status":"closed","ping_status":"closed","template":"","meta":{"_acf_changed":false,"ub_ctt_via":"","site-sidebar-layout":"default","site-content-layout":"","ast-site-content-layout":"default","site-content-style":"default","site-sidebar-style":"default","ast-global-header-display":"","ast-banner-title-visibility":"","ast-main-header-display":"","ast-hfb-above-header-display":"","ast-hfb-below-header-display":"","ast-hfb-mobile-header-display":"","site-post-title":"","ast-breadcrumbs-content":"","ast-featured-img":"","footer-sml-layout":"","theme-transparent-header-meta":"default","adv-header-id-meta":"","stick-header-meta":"","header-above-stick-meta":"","header-main-stick-meta":"","header-below-stick-meta":"","astra-migrate-meta-layouts":"set","ast-page-background-enabled":"default","ast-page-background-meta":{"desktop":{"background-color":"var(--ast-global-color-4)","background-image":"","background-repeat":"repeat","background-position":"center center","background-size":"auto","background-attachment":"scroll","background-type":"","background-media":"","overlay-type":"","overlay-color":"","overlay-opacity":"","overlay-gradient":""},"tablet":{"background-color":"","background-image":"","background-repeat":"repeat","background-position":"center center","background-size":"auto","background-attachment":"scroll","background-type":"","background-media":"","overlay-type":"","overlay-color":"","overlay-opacity":"","overlay-gradient":""},"mobile":{"background-color":"","background-image":"","background-repeat":"repeat","background-position":"center center","background-size":"auto","background-attachment":"scroll","background-type":"","background-media":"","overlay-type":"","overlay-color":"","overlay-opacity":"","overlay-gradient":""}},"ast-content-background-meta":{"desktop":{"background-color":"var(--ast-global-color-5)","background-image":"","background-repeat":"repeat","background-position":"center center","background-size":"auto","background-attachment":"scroll","background-type":"","background-media":"","overlay-type":"","overlay-color":"","overlay-opacity":"","overlay-gradient":""},"tablet":{"background-color":"var(--ast-global-color-5)","background-image":"","background-repeat":"repeat","background-position":"center center","background-size":"auto","background-attachment":"scroll","background-type":"","background-media":"","overlay-type":"","overlay-color":"","overlay-opacity":"","overlay-gradient":""},"mobile":{"background-color":"var(--ast-global-color-5)","background-image":"","background-repeat":"repeat","background-position":"center center","background-size":"auto","background-attachment":"scroll","background-type":"","background-media":"","overlay-type":"","overlay-color":"","overlay-opacity":"","overlay-gradient":""}},"_joinchat":[]},"badge":[],"bed-type":[72],"capacity":[45],"features":[49],"view":[81],"tour-type":[71],"product_brand":[],"product_cat":[37],"product_tag":[],"class_list":{"0":"post-6320","1":"product","2":"type-product","3":"status-publish","4":"has-post-thumbnail","6":"bed-type-72","7":"capacity-3-4","8":"features-sauna","9":"view-city-center","10":"tour-type-city-apartments","11":"product_cat-accommodation","12":"desktop-align-left","13":"tablet-align-left","14":"mobile-align-left","16":"first","17":"instock","18":"shipping-taxable","19":"product-type-external"},"acf":[],"yoast_head":"<!-- This site is optimized with the Yoast SEO Premium plugin v25.9 (Yoast SEO v25.9) - https:\/\/yoast.com\/wordpress\/plugins\/seo\/ -->\n<title>Master Suites City Centre 5 - Book Lapland<\/title>\n<meta name=\"description\" content=\"Stay at Master Suites City Centre 5! Modern, cozy city-center accommodation perfect for exploring Arctic attractions and enjoying local adventures.\" \/>\n<meta name=\"robots\" content=\"index, follow, max-snippet:-1, max-image-preview:large, max-video-preview:-1\" \/>\n<link rel=\"canonical\" href=\"https:\/\/booklapland.ngmprojektit.fi\/fr\/produit\/master-suites-city-centre-5-jaakonkatu-8-c-25-386494\/\" \/>\n<meta property=\"og:locale\" content=\"fr_FR\" \/>\n<meta property=\"og:type\" content=\"article\" \/>\n<meta property=\"og:title\" content=\"Master Suites City Centre 5\" \/>\n<meta property=\"og:description\" content=\"Stay at Master Suites City Centre 5! Modern, cozy city-center accommodation perfect for exploring Arctic attractions and enjoying local adventures.\" \/>\n<meta property=\"og:url\" content=\"https:\/\/booklapland.ngmprojektit.fi\/fr\/produit\/master-suites-city-centre-5-jaakonkatu-8-c-25-386494\/\" \/>\n<meta property=\"og:site_name\" content=\"Book Lapland\" \/>\n<meta property=\"article:modified_time\" content=\"2025-09-07T09:54:06+00:00\" \/>\n<meta property=\"og:image\" content=\"https:\/\/booklapland.ngmprojektit.fi\/wp-content\/uploads\/2025\/07\/75211-386494-claNyGHhCGIDGWSpXbU2ljfmDDKRXYEuSiinRWNDtn4-6812191835e04-small-1-1.jpeg\" \/>\n\t<meta property=\"og:image:width\" content=\"675\" \/>\n\t<meta property=\"og:image:height\" content=\"450\" \/>\n\t<meta property=\"og:image:type\" content=\"image\/jpeg\" \/>\n<meta name=\"twitter:card\" content=\"summary_large_image\" \/>\n<meta name=\"twitter:label1\" content=\"Dur\u00e9e de lecture estim\u00e9e\" \/>\n\t<meta name=\"twitter:data1\" content=\"1 minute\" \/>\n<script type=\"application\/ld+json\" class=\"yoast-schema-graph\">{\"@context\":\"https:\/\/schema.org\",\"@graph\":[{\"@type\":\"WebPage\",\"@id\":\"https:\/\/booklapland.ngmprojektit.fi\/product\/master-suites-city-centre-5-jaakonkatu-8-c-25-386494\/\",\"url\":\"https:\/\/booklapland.ngmprojektit.fi\/product\/master-suites-city-centre-5-jaakonkatu-8-c-25-386494\/\",\"name\":\"Master Suites City Centre 5 - Book Lapland\",\"isPartOf\":{\"@id\":\"https:\/\/booklapland.ngmprojektit.fi\/#website\"},\"primaryImageOfPage\":{\"@id\":\"https:\/\/booklapland.ngmprojektit.fi\/product\/master-suites-city-centre-5-jaakonkatu-8-c-25-386494\/#primaryimage\"},\"image\":{\"@id\":\"https:\/\/booklapland.ngmprojektit.fi\/product\/master-suites-city-centre-5-jaakonkatu-8-c-25-386494\/#primaryimage\"},\"thumbnailUrl\":\"https:\/\/booklapland.ngmprojektit.fi\/wp-content\/uploads\/2025\/07\/75211-386494-claNyGHhCGIDGWSpXbU2ljfmDDKRXYEuSiinRWNDtn4-6812191835e04-small-1-1.jpeg\",\"datePublished\":\"2025-07-24T23:43:07+00:00\",\"dateModified\":\"2025-09-07T09:54:06+00:00\",\"description\":\"Stay at Master Suites City Centre 5! Modern, cozy city-center accommodation perfect for exploring Arctic attractions and enjoying local adventures.\",\"breadcrumb\":{\"@id\":\"https:\/\/booklapland.ngmprojektit.fi\/product\/master-suites-city-centre-5-jaakonkatu-8-c-25-386494\/#breadcrumb\"},\"inLanguage\":\"fr-FR\",\"potentialAction\":[{\"@type\":\"ReadAction\",\"target\":[\"https:\/\/booklapland.ngmprojektit.fi\/product\/master-suites-city-centre-5-jaakonkatu-8-c-25-386494\/\"]}]},{\"@type\":\"ImageObject\",\"inLanguage\":\"fr-FR\",\"@id\":\"https:\/\/booklapland.ngmprojektit.fi\/product\/master-suites-city-centre-5-jaakonkatu-8-c-25-386494\/#primaryimage\",\"url\":\"https:\/\/booklapland.ngmprojektit.fi\/wp-content\/uploads\/2025\/07\/75211-386494-claNyGHhCGIDGWSpXbU2ljfmDDKRXYEuSiinRWNDtn4-6812191835e04-small-1-1.jpeg\",\"contentUrl\":\"https:\/\/booklapland.ngmprojektit.fi\/wp-content\/uploads\/2025\/07\/75211-386494-claNyGHhCGIDGWSpXbU2ljfmDDKRXYEuSiinRWNDtn4-6812191835e04-small-1-1.jpeg\",\"width\":675,\"height\":450},{\"@type\":\"BreadcrumbList\",\"@id\":\"https:\/\/booklapland.ngmprojektit.fi\/product\/master-suites-city-centre-5-jaakonkatu-8-c-25-386494\/#breadcrumb\",\"itemListElement\":[{\"@type\":\"ListItem\",\"position\":1,\"name\":\"Home\",\"item\":\"https:\/\/booklapland.ngmprojektit.fi\/\"},{\"@type\":\"ListItem\",\"position\":2,\"name\":\"Apartments\",\"item\":\"https:\/\/booklapland.ngmprojektit.fi\/apartments\/\"},{\"@type\":\"ListItem\",\"position\":3,\"name\":\"Master Suites City Centre 5\"}]},{\"@type\":\"WebSite\",\"@id\":\"https:\/\/booklapland.ngmprojektit.fi\/#website\",\"url\":\"https:\/\/booklapland.ngmprojektit.fi\/\",\"name\":\"Book Lapland\",\"description\":\"\",\"potentialAction\":[{\"@type\":\"SearchAction\",\"target\":{\"@type\":\"EntryPoint\",\"urlTemplate\":\"https:\/\/booklapland.ngmprojektit.fi\/?s={search_term_string}\"},\"query-input\":{\"@type\":\"PropertyValueSpecification\",\"valueRequired\":true,\"valueName\":\"search_term_string\"}}],\"inLanguage\":\"fr-FR\"}]}<\/script>\n<!-- \/ Yoast SEO Premium plugin. -->","yoast_head_json":{"title":"Master Suites City Centre 5 - Book Lapland","description":"Stay at Master Suites City Centre 5! Modern, cozy city-center accommodation perfect for exploring Arctic attractions and enjoying local adventures.","robots":{"index":"index","follow":"follow","max-snippet":"max-snippet:-1","max-image-preview":"max-image-preview:large","max-video-preview":"max-video-preview:-1"},"canonical":"https:\/\/booklapland.ngmprojektit.fi\/fr\/produit\/master-suites-city-centre-5-jaakonkatu-8-c-25-386494\/","og_locale":"fr_FR","og_type":"article","og_title":"Master Suites City Centre 5","og_description":"Stay at Master Suites City Centre 5! Modern, cozy city-center accommodation perfect for exploring Arctic attractions and enjoying local adventures.","og_url":"https:\/\/booklapland.ngmprojektit.fi\/fr\/produit\/master-suites-city-centre-5-jaakonkatu-8-c-25-386494\/","og_site_name":"Book Lapland","article_modified_time":"2025-09-07T09:54:06+00:00","og_image":[{"width":675,"height":450,"url":"https:\/\/booklapland.ngmprojektit.fi\/wp-content\/uploads\/2025\/07\/75211-386494-claNyGHhCGIDGWSpXbU2ljfmDDKRXYEuSiinRWNDtn4-6812191835e04-small-1-1.jpeg","type":"image\/jpeg"}],"twitter_card":"summary_large_image","twitter_misc":{"Dur\u00e9e de lecture estim\u00e9e":"1 minute"},"schema":{"@context":"https:\/\/schema.org","@graph":[{"@type":"WebPage","@id":"https:\/\/booklapland.ngmprojektit.fi\/product\/master-suites-city-centre-5-jaakonkatu-8-c-25-386494\/","url":"https:\/\/booklapland.ngmprojektit.fi\/product\/master-suites-city-centre-5-jaakonkatu-8-c-25-386494\/","name":"Master Suites City Centre 5 - Book Lapland","isPartOf":{"@id":"https:\/\/booklapland.ngmprojektit.fi\/#website"},"primaryImageOfPage":{"@id":"https:\/\/booklapland.ngmprojektit.fi\/product\/master-suites-city-centre-5-jaakonkatu-8-c-25-386494\/#primaryimage"},"image":{"@id":"https:\/\/booklapland.ngmprojektit.fi\/product\/master-suites-city-centre-5-jaakonkatu-8-c-25-386494\/#primaryimage"},"thumbnailUrl":"https:\/\/booklapland.ngmprojektit.fi\/wp-content\/uploads\/2025\/07\/75211-386494-claNyGHhCGIDGWSpXbU2ljfmDDKRXYEuSiinRWNDtn4-6812191835e04-small-1-1.jpeg","datePublished":"2025-07-24T23:43:07+00:00","dateModified":"2025-09-07T09:54:06+00:00","description":"Stay at Master Suites City Centre 5! Modern, cozy city-center accommodation perfect for exploring Arctic attractions and enjoying local adventures.","breadcrumb":{"@id":"https:\/\/booklapland.ngmprojektit.fi\/product\/master-suites-city-centre-5-jaakonkatu-8-c-25-386494\/#breadcrumb"},"inLanguage":"fr-FR","potentialAction":[{"@type":"ReadAction","target":["https:\/\/booklapland.ngmprojektit.fi\/product\/master-suites-city-centre-5-jaakonkatu-8-c-25-386494\/"]}]},{"@type":"ImageObject","inLanguage":"fr-FR","@id":"https:\/\/booklapland.ngmprojektit.fi\/product\/master-suites-city-centre-5-jaakonkatu-8-c-25-386494\/#primaryimage","url":"https:\/\/booklapland.ngmprojektit.fi\/wp-content\/uploads\/2025\/07\/75211-386494-claNyGHhCGIDGWSpXbU2ljfmDDKRXYEuSiinRWNDtn4-6812191835e04-small-1-1.jpeg","contentUrl":"https:\/\/booklapland.ngmprojektit.fi\/wp-content\/uploads\/2025\/07\/75211-386494-claNyGHhCGIDGWSpXbU2ljfmDDKRXYEuSiinRWNDtn4-6812191835e04-small-1-1.jpeg","width":675,"height":450},{"@type":"BreadcrumbList","@id":"https:\/\/booklapland.ngmprojektit.fi\/product\/master-suites-city-centre-5-jaakonkatu-8-c-25-386494\/#breadcrumb","itemListElement":[{"@type":"ListItem","position":1,"name":"Home","item":"https:\/\/booklapland.ngmprojektit.fi\/"},{"@type":"ListItem","position":2,"name":"Apartments","item":"https:\/\/booklapland.ngmprojektit.fi\/apartments\/"},{"@type":"ListItem","position":3,"name":"Master Suites City Centre 5"}]},{"@type":"WebSite","@id":"https:\/\/booklapland.ngmprojektit.fi\/#website","url":"https:\/\/booklapland.ngmprojektit.fi\/","name":"R\u00e9server la Laponie","description":"","potentialAction":[{"@type":"SearchAction","target":{"@type":"EntryPoint","urlTemplate":"https:\/\/booklapland.ngmprojektit.fi\/?s={search_term_string}"},"query-input":{"@type":"PropertyValueSpecification","valueRequired":true,"valueName":"search_term_string"}}],"inLanguage":"fr-FR"}]}},"_links":{"self":[{"href":"https:\/\/booklapland.ngmprojektit.fi\/fr\/wp-json\/wp\/v2\/product\/6320","targetHints":{"allow":["GET"]}}],"collection":[{"href":"https:\/\/booklapland.ngmprojektit.fi\/fr\/wp-json\/wp\/v2\/product"}],"about":[{"href":"https:\/\/booklapland.ngmprojektit.fi\/fr\/wp-json\/wp\/v2\/types\/product"}],"replies":[{"embeddable":true,"href":"https:\/\/booklapland.ngmprojektit.fi\/fr\/wp-json\/wp\/v2\/comments?post=6320"}],"wp:featuredmedia":[{"embeddable":true,"href":"https:\/\/booklapland.ngmprojektit.fi\/fr\/wp-json\/wp\/v2\/media\/6335"}],"wp:attachment":[{"href":"https:\/\/booklapland.ngmprojektit.fi\/fr\/wp-json\/wp\/v2\/media?parent=6320"}],"wp:term":[{"taxonomy":"badge","embeddable":true,"href":"https:\/\/booklapland.ngmprojektit.fi\/fr\/wp-json\/wp\/v2\/badge?post=6320"},{"taxonomy":"bed-type","embeddable":true,"href":"https:\/\/booklapland.ngmprojektit.fi\/fr\/wp-json\/wp\/v2\/bed-type?post=6320"},{"taxonomy":"capacity","embeddable":true,"href":"https:\/\/booklapland.ngmprojektit.fi\/fr\/wp-json\/wp\/v2\/capacity?post=6320"},{"taxonomy":"features","embeddable":true,"href":"https:\/\/booklapland.ngmprojektit.fi\/fr\/wp-json\/wp\/v2\/features?post=6320"},{"taxonomy":"view","embeddable":true,"href":"https:\/\/booklapland.ngmprojektit.fi\/fr\/wp-json\/wp\/v2\/view?post=6320"},{"taxonomy":"tour-type","embeddable":true,"href":"https:\/\/booklapland.ngmprojektit.fi\/fr\/wp-json\/wp\/v2\/tour-type?post=6320"},{"taxonomy":"product_brand","embeddable":true,"href":"https:\/\/booklapland.ngmprojektit.fi\/fr\/wp-json\/wp\/v2\/product_brand?post=6320"},{"taxonomy":"product_cat","embeddable":true,"href":"https:\/\/booklapland.ngmprojektit.fi\/fr\/wp-json\/wp\/v2\/product_cat?post=6320"},{"taxonomy":"product_tag","embeddable":true,"href":"https:\/\/booklapland.ngmprojektit.fi\/fr\/wp-json\/wp\/v2\/product_tag?post=6320"}],"curies":[{"name":"wp","href":"https:\/\/api.w.org\/{rel}","templated":true}]}}