{"id":6367,"date":"2025-07-24T23:53:35","date_gmt":"2025-07-24T23:53:35","guid":{"rendered":"https:\/\/booklapland.ngmprojektit.fi\/?post_type=product&#038;p=6367"},"modified":"2025-09-07T08:43:45","modified_gmt":"2025-09-07T08:43:45","slug":"arctic-city-center-apartment-rovakatu-11-a-45-397073","status":"publish","type":"product","link":"https:\/\/booklapland.ngmprojektit.fi\/fr\/produit\/arctic-city-center-apartment-rovakatu-11-a-45-397073\/","title":{"rendered":"Appartement du centre ville de l'Arctique"},"content":{"rendered":"<p>Profitez d'un s\u00e9jour \u00e9l\u00e9gant dans cet appartement situ\u00e9 au c\u0153ur de Rovaniemi. Pouvant accueillir jusqu'\u00e0 4 personnes, cet appartement moderne du centre-ville est parfait pour les couples, les amis ou les petites familles. Vous acc\u00e9derez facilement aux principales attractions de la ville et b\u00e9n\u00e9ficierez d'\u00e9quipements tels qu'une connexion Wi-Fi haut d\u00e9bit, une cuisine enti\u00e8rement \u00e9quip\u00e9e et un syst\u00e8me d'enregistrement en libre-service.<\/p>","protected":false},"excerpt":{"rendered":"<p>Profitez d'un s\u00e9jour \u00e9l\u00e9gant dans cet appartement situ\u00e9 au c\u0153ur de Rovaniemi. Pouvant accueillir jusqu'\u00e0 4 personnes, cet appartement moderne du centre-ville est parfait pour les couples, les amis ou les petites familles. Vous acc\u00e9derez facilement aux principales attractions de la ville et b\u00e9n\u00e9ficierez d'\u00e9quipements tels qu'une connexion Wi-Fi haut d\u00e9bit, une cuisine enti\u00e8rement \u00e9quip\u00e9e et un syst\u00e8me d'enregistrement en libre-service.<\/p>","protected":false},"featured_media":6382,"comment_status":"closed","ping_status":"closed","template":"","meta":{"_acf_changed":false,"ub_ctt_via":"","site-sidebar-layout":"default","site-content-layout":"","ast-site-content-layout":"default","site-content-style":"default","site-sidebar-style":"default","ast-global-header-display":"","ast-banner-title-visibility":"","ast-main-header-display":"","ast-hfb-above-header-display":"","ast-hfb-below-header-display":"","ast-hfb-mobile-header-display":"","site-post-title":"","ast-breadcrumbs-content":"","ast-featured-img":"","footer-sml-layout":"","theme-transparent-header-meta":"default","adv-header-id-meta":"","stick-header-meta":"","header-above-stick-meta":"","header-main-stick-meta":"","header-below-stick-meta":"","astra-migrate-meta-layouts":"set","ast-page-background-enabled":"default","ast-page-background-meta":{"desktop":{"background-color":"var(--ast-global-color-4)","background-image":"","background-repeat":"repeat","background-position":"center center","background-size":"auto","background-attachment":"scroll","background-type":"","background-media":"","overlay-type":"","overlay-color":"","overlay-opacity":"","overlay-gradient":""},"tablet":{"background-color":"","background-image":"","background-repeat":"repeat","background-position":"center center","background-size":"auto","background-attachment":"scroll","background-type":"","background-media":"","overlay-type":"","overlay-color":"","overlay-opacity":"","overlay-gradient":""},"mobile":{"background-color":"","background-image":"","background-repeat":"repeat","background-position":"center center","background-size":"auto","background-attachment":"scroll","background-type":"","background-media":"","overlay-type":"","overlay-color":"","overlay-opacity":"","overlay-gradient":""}},"ast-content-background-meta":{"desktop":{"background-color":"var(--ast-global-color-5)","background-image":"","background-repeat":"repeat","background-position":"center center","background-size":"auto","background-attachment":"scroll","background-type":"","background-media":"","overlay-type":"","overlay-color":"","overlay-opacity":"","overlay-gradient":""},"tablet":{"background-color":"var(--ast-global-color-5)","background-image":"","background-repeat":"repeat","background-position":"center center","background-size":"auto","background-attachment":"scroll","background-type":"","background-media":"","overlay-type":"","overlay-color":"","overlay-opacity":"","overlay-gradient":""},"mobile":{"background-color":"var(--ast-global-color-5)","background-image":"","background-repeat":"repeat","background-position":"center center","background-size":"auto","background-attachment":"scroll","background-type":"","background-media":"","overlay-type":"","overlay-color":"","overlay-opacity":"","overlay-gradient":""}},"_joinchat":[]},"badge":[59],"bed-type":[72],"capacity":[45],"features":[],"view":[81],"tour-type":[71],"product_brand":[],"product_cat":[37],"product_tag":[],"class_list":{"0":"post-6367","1":"product","2":"type-product","3":"status-publish","4":"has-post-thumbnail","6":"badge-new","7":"bed-type-72","8":"capacity-3-4","9":"view-city-center","10":"tour-type-city-apartments","11":"product_cat-accommodation","12":"desktop-align-left","13":"tablet-align-left","14":"mobile-align-left","16":"first","17":"instock","18":"shipping-taxable","19":"product-type-external"},"acf":[],"yoast_head":"<!-- This site is optimized with the Yoast SEO Premium plugin v25.9 (Yoast SEO v25.9) - https:\/\/yoast.com\/wordpress\/plugins\/seo\/ -->\n<title>Arctic City Center Apartment - Book Lapland<\/title>\n<meta name=\"description\" content=\"Stay at Arctic City Center Apartment! Comfortable, modern lodging in the heart of the city, ideal for exploring local attractions.\" \/>\n<meta name=\"robots\" content=\"index, follow, max-snippet:-1, max-image-preview:large, max-video-preview:-1\" \/>\n<link rel=\"canonical\" href=\"https:\/\/booklapland.ngmprojektit.fi\/fr\/produit\/arctic-city-center-apartment-rovakatu-11-a-45-397073\/\" \/>\n<meta property=\"og:locale\" content=\"fr_FR\" \/>\n<meta property=\"og:type\" content=\"article\" \/>\n<meta property=\"og:title\" content=\"Arctic City Center Apartment\" \/>\n<meta property=\"og:description\" content=\"Stay at Arctic City Center Apartment! Comfortable, modern lodging in the heart of the city, ideal for exploring local attractions.\" \/>\n<meta property=\"og:url\" content=\"https:\/\/booklapland.ngmprojektit.fi\/fr\/produit\/arctic-city-center-apartment-rovakatu-11-a-45-397073\/\" \/>\n<meta property=\"og:site_name\" content=\"Book Lapland\" \/>\n<meta property=\"article:modified_time\" content=\"2025-09-07T08:43:45+00:00\" \/>\n<meta property=\"og:image\" content=\"https:\/\/booklapland.ngmprojektit.fi\/wp-content\/uploads\/2025\/07\/75211-397073-z0HHc2wKlrSIcEqMmUZROJvW3-h7-6TQwtks1i6rifs-6839823742509-small-2-1.jpeg\" \/>\n\t<meta property=\"og:image:width\" content=\"675\" \/>\n\t<meta property=\"og:image:height\" content=\"450\" \/>\n\t<meta property=\"og:image:type\" content=\"image\/jpeg\" \/>\n<meta name=\"twitter:card\" content=\"summary_large_image\" \/>\n<meta name=\"twitter:label1\" content=\"Dur\u00e9e de lecture estim\u00e9e\" \/>\n\t<meta name=\"twitter:data1\" content=\"1 minute\" \/>\n<script type=\"application\/ld+json\" class=\"yoast-schema-graph\">{\"@context\":\"https:\/\/schema.org\",\"@graph\":[{\"@type\":\"WebPage\",\"@id\":\"https:\/\/booklapland.ngmprojektit.fi\/product\/arctic-city-center-apartment-rovakatu-11-a-45-397073\/\",\"url\":\"https:\/\/booklapland.ngmprojektit.fi\/product\/arctic-city-center-apartment-rovakatu-11-a-45-397073\/\",\"name\":\"Arctic City Center Apartment - Book Lapland\",\"isPartOf\":{\"@id\":\"https:\/\/booklapland.ngmprojektit.fi\/#website\"},\"primaryImageOfPage\":{\"@id\":\"https:\/\/booklapland.ngmprojektit.fi\/product\/arctic-city-center-apartment-rovakatu-11-a-45-397073\/#primaryimage\"},\"image\":{\"@id\":\"https:\/\/booklapland.ngmprojektit.fi\/product\/arctic-city-center-apartment-rovakatu-11-a-45-397073\/#primaryimage\"},\"thumbnailUrl\":\"https:\/\/booklapland.ngmprojektit.fi\/wp-content\/uploads\/2025\/07\/75211-397073-z0HHc2wKlrSIcEqMmUZROJvW3-h7-6TQwtks1i6rifs-6839823742509-small-2-1.jpeg\",\"datePublished\":\"2025-07-24T23:53:35+00:00\",\"dateModified\":\"2025-09-07T08:43:45+00:00\",\"description\":\"Stay at Arctic City Center Apartment! Comfortable, modern lodging in the heart of the city, ideal for exploring local attractions.\",\"breadcrumb\":{\"@id\":\"https:\/\/booklapland.ngmprojektit.fi\/product\/arctic-city-center-apartment-rovakatu-11-a-45-397073\/#breadcrumb\"},\"inLanguage\":\"fr-FR\",\"potentialAction\":[{\"@type\":\"ReadAction\",\"target\":[\"https:\/\/booklapland.ngmprojektit.fi\/product\/arctic-city-center-apartment-rovakatu-11-a-45-397073\/\"]}]},{\"@type\":\"ImageObject\",\"inLanguage\":\"fr-FR\",\"@id\":\"https:\/\/booklapland.ngmprojektit.fi\/product\/arctic-city-center-apartment-rovakatu-11-a-45-397073\/#primaryimage\",\"url\":\"https:\/\/booklapland.ngmprojektit.fi\/wp-content\/uploads\/2025\/07\/75211-397073-z0HHc2wKlrSIcEqMmUZROJvW3-h7-6TQwtks1i6rifs-6839823742509-small-2-1.jpeg\",\"contentUrl\":\"https:\/\/booklapland.ngmprojektit.fi\/wp-content\/uploads\/2025\/07\/75211-397073-z0HHc2wKlrSIcEqMmUZROJvW3-h7-6TQwtks1i6rifs-6839823742509-small-2-1.jpeg\",\"width\":675,\"height\":450},{\"@type\":\"BreadcrumbList\",\"@id\":\"https:\/\/booklapland.ngmprojektit.fi\/product\/arctic-city-center-apartment-rovakatu-11-a-45-397073\/#breadcrumb\",\"itemListElement\":[{\"@type\":\"ListItem\",\"position\":1,\"name\":\"Home\",\"item\":\"https:\/\/booklapland.ngmprojektit.fi\/\"},{\"@type\":\"ListItem\",\"position\":2,\"name\":\"Apartments\",\"item\":\"https:\/\/booklapland.ngmprojektit.fi\/apartments\/\"},{\"@type\":\"ListItem\",\"position\":3,\"name\":\"Arctic City Center Apartment\"}]},{\"@type\":\"WebSite\",\"@id\":\"https:\/\/booklapland.ngmprojektit.fi\/#website\",\"url\":\"https:\/\/booklapland.ngmprojektit.fi\/\",\"name\":\"Book Lapland\",\"description\":\"\",\"potentialAction\":[{\"@type\":\"SearchAction\",\"target\":{\"@type\":\"EntryPoint\",\"urlTemplate\":\"https:\/\/booklapland.ngmprojektit.fi\/?s={search_term_string}\"},\"query-input\":{\"@type\":\"PropertyValueSpecification\",\"valueRequired\":true,\"valueName\":\"search_term_string\"}}],\"inLanguage\":\"fr-FR\"}]}<\/script>\n<!-- \/ Yoast SEO Premium plugin. -->","yoast_head_json":{"title":"Arctic City Center Apartment - R\u00e9servez en Laponie","description":"Stay at Arctic City Center Apartment! Comfortable, modern lodging in the heart of the city, ideal for exploring local attractions.","robots":{"index":"index","follow":"follow","max-snippet":"max-snippet:-1","max-image-preview":"max-image-preview:large","max-video-preview":"max-video-preview:-1"},"canonical":"https:\/\/booklapland.ngmprojektit.fi\/fr\/produit\/arctic-city-center-apartment-rovakatu-11-a-45-397073\/","og_locale":"fr_FR","og_type":"article","og_title":"Arctic City Center Apartment","og_description":"Stay at Arctic City Center Apartment! Comfortable, modern lodging in the heart of the city, ideal for exploring local attractions.","og_url":"https:\/\/booklapland.ngmprojektit.fi\/fr\/produit\/arctic-city-center-apartment-rovakatu-11-a-45-397073\/","og_site_name":"Book Lapland","article_modified_time":"2025-09-07T08:43:45+00:00","og_image":[{"width":675,"height":450,"url":"https:\/\/booklapland.ngmprojektit.fi\/wp-content\/uploads\/2025\/07\/75211-397073-z0HHc2wKlrSIcEqMmUZROJvW3-h7-6TQwtks1i6rifs-6839823742509-small-2-1.jpeg","type":"image\/jpeg"}],"twitter_card":"summary_large_image","twitter_misc":{"Dur\u00e9e de lecture estim\u00e9e":"1 minute"},"schema":{"@context":"https:\/\/schema.org","@graph":[{"@type":"WebPage","@id":"https:\/\/booklapland.ngmprojektit.fi\/product\/arctic-city-center-apartment-rovakatu-11-a-45-397073\/","url":"https:\/\/booklapland.ngmprojektit.fi\/product\/arctic-city-center-apartment-rovakatu-11-a-45-397073\/","name":"Arctic City Center Apartment - R\u00e9servez en Laponie","isPartOf":{"@id":"https:\/\/booklapland.ngmprojektit.fi\/#website"},"primaryImageOfPage":{"@id":"https:\/\/booklapland.ngmprojektit.fi\/product\/arctic-city-center-apartment-rovakatu-11-a-45-397073\/#primaryimage"},"image":{"@id":"https:\/\/booklapland.ngmprojektit.fi\/product\/arctic-city-center-apartment-rovakatu-11-a-45-397073\/#primaryimage"},"thumbnailUrl":"https:\/\/booklapland.ngmprojektit.fi\/wp-content\/uploads\/2025\/07\/75211-397073-z0HHc2wKlrSIcEqMmUZROJvW3-h7-6TQwtks1i6rifs-6839823742509-small-2-1.jpeg","datePublished":"2025-07-24T23:53:35+00:00","dateModified":"2025-09-07T08:43:45+00:00","description":"Stay at Arctic City Center Apartment! Comfortable, modern lodging in the heart of the city, ideal for exploring local attractions.","breadcrumb":{"@id":"https:\/\/booklapland.ngmprojektit.fi\/product\/arctic-city-center-apartment-rovakatu-11-a-45-397073\/#breadcrumb"},"inLanguage":"fr-FR","potentialAction":[{"@type":"ReadAction","target":["https:\/\/booklapland.ngmprojektit.fi\/product\/arctic-city-center-apartment-rovakatu-11-a-45-397073\/"]}]},{"@type":"ImageObject","inLanguage":"fr-FR","@id":"https:\/\/booklapland.ngmprojektit.fi\/product\/arctic-city-center-apartment-rovakatu-11-a-45-397073\/#primaryimage","url":"https:\/\/booklapland.ngmprojektit.fi\/wp-content\/uploads\/2025\/07\/75211-397073-z0HHc2wKlrSIcEqMmUZROJvW3-h7-6TQwtks1i6rifs-6839823742509-small-2-1.jpeg","contentUrl":"https:\/\/booklapland.ngmprojektit.fi\/wp-content\/uploads\/2025\/07\/75211-397073-z0HHc2wKlrSIcEqMmUZROJvW3-h7-6TQwtks1i6rifs-6839823742509-small-2-1.jpeg","width":675,"height":450},{"@type":"BreadcrumbList","@id":"https:\/\/booklapland.ngmprojektit.fi\/product\/arctic-city-center-apartment-rovakatu-11-a-45-397073\/#breadcrumb","itemListElement":[{"@type":"ListItem","position":1,"name":"Home","item":"https:\/\/booklapland.ngmprojektit.fi\/"},{"@type":"ListItem","position":2,"name":"Apartments","item":"https:\/\/booklapland.ngmprojektit.fi\/apartments\/"},{"@type":"ListItem","position":3,"name":"Arctic City Center Apartment"}]},{"@type":"WebSite","@id":"https:\/\/booklapland.ngmprojektit.fi\/#website","url":"https:\/\/booklapland.ngmprojektit.fi\/","name":"R\u00e9server la Laponie","description":"","potentialAction":[{"@type":"SearchAction","target":{"@type":"EntryPoint","urlTemplate":"https:\/\/booklapland.ngmprojektit.fi\/?s={search_term_string}"},"query-input":{"@type":"PropertyValueSpecification","valueRequired":true,"valueName":"search_term_string"}}],"inLanguage":"fr-FR"}]}},"_links":{"self":[{"href":"https:\/\/booklapland.ngmprojektit.fi\/fr\/wp-json\/wp\/v2\/product\/6367","targetHints":{"allow":["GET"]}}],"collection":[{"href":"https:\/\/booklapland.ngmprojektit.fi\/fr\/wp-json\/wp\/v2\/product"}],"about":[{"href":"https:\/\/booklapland.ngmprojektit.fi\/fr\/wp-json\/wp\/v2\/types\/product"}],"replies":[{"embeddable":true,"href":"https:\/\/booklapland.ngmprojektit.fi\/fr\/wp-json\/wp\/v2\/comments?post=6367"}],"wp:featuredmedia":[{"embeddable":true,"href":"https:\/\/booklapland.ngmprojektit.fi\/fr\/wp-json\/wp\/v2\/media\/6382"}],"wp:attachment":[{"href":"https:\/\/booklapland.ngmprojektit.fi\/fr\/wp-json\/wp\/v2\/media?parent=6367"}],"wp:term":[{"taxonomy":"badge","embeddable":true,"href":"https:\/\/booklapland.ngmprojektit.fi\/fr\/wp-json\/wp\/v2\/badge?post=6367"},{"taxonomy":"bed-type","embeddable":true,"href":"https:\/\/booklapland.ngmprojektit.fi\/fr\/wp-json\/wp\/v2\/bed-type?post=6367"},{"taxonomy":"capacity","embeddable":true,"href":"https:\/\/booklapland.ngmprojektit.fi\/fr\/wp-json\/wp\/v2\/capacity?post=6367"},{"taxonomy":"features","embeddable":true,"href":"https:\/\/booklapland.ngmprojektit.fi\/fr\/wp-json\/wp\/v2\/features?post=6367"},{"taxonomy":"view","embeddable":true,"href":"https:\/\/booklapland.ngmprojektit.fi\/fr\/wp-json\/wp\/v2\/view?post=6367"},{"taxonomy":"tour-type","embeddable":true,"href":"https:\/\/booklapland.ngmprojektit.fi\/fr\/wp-json\/wp\/v2\/tour-type?post=6367"},{"taxonomy":"product_brand","embeddable":true,"href":"https:\/\/booklapland.ngmprojektit.fi\/fr\/wp-json\/wp\/v2\/product_brand?post=6367"},{"taxonomy":"product_cat","embeddable":true,"href":"https:\/\/booklapland.ngmprojektit.fi\/fr\/wp-json\/wp\/v2\/product_cat?post=6367"},{"taxonomy":"product_tag","embeddable":true,"href":"https:\/\/booklapland.ngmprojektit.fi\/fr\/wp-json\/wp\/v2\/product_tag?post=6367"}],"curies":[{"name":"wp","href":"https:\/\/api.w.org\/{rel}","templated":true}]}}