{"id":6383,"date":"2025-07-24T23:58:24","date_gmt":"2025-07-24T23:58:24","guid":{"rendered":"https:\/\/booklapland.ngmprojektit.fi\/?post_type=product&#038;p=6383"},"modified":"2025-09-07T09:47:28","modified_gmt":"2025-09-07T09:47:28","slug":"lappi-loft-cozy-townhouse-kuusistontie-2-a-1-408169","status":"publish","type":"product","link":"https:\/\/booklapland.ngmprojektit.fi\/fr\/produit\/lappi-loft-cozy-townhouse-kuusistontie-2-a-1-408169\/","title":{"rendered":"Lappi Loft - Maison de ville confortable"},"content":{"rendered":"<p>Description<\/p>\n<p>Maison paisible et spacieuse pouvant accueillir jusqu'\u00e0 4 personnes, enti\u00e8rement \u00e9quip\u00e9e pour un s\u00e9jour confortable. Situ\u00e9e dans un quartier calme, \u00e0 une courte distance en voiture du centre-ville de Rovaniemi et du village du P\u00e8re No\u00ebl. Id\u00e9al pour les familles, les couples ou les amis qui souhaitent se d\u00e9tendre et explorer la Laponie. Profitez de la commodit\u00e9 d'une maison de ville bien \u00e9quip\u00e9e \u00e0 proximit\u00e9 de toutes les attractions principales.<\/p>","protected":false},"excerpt":{"rendered":"<p>Maison paisible et spacieuse pouvant accueillir jusqu'\u00e0 4 personnes, enti\u00e8rement \u00e9quip\u00e9e pour un s\u00e9jour confortable. Situ\u00e9e dans un quartier calme, \u00e0 une courte distance en voiture du centre-ville de Rovaniemi et du village du P\u00e8re No\u00ebl. Id\u00e9al pour les familles, les couples ou les amis qui souhaitent se d\u00e9tendre et explorer la Laponie. Profitez de la commodit\u00e9 d'une maison de ville bien \u00e9quip\u00e9e \u00e0 proximit\u00e9 de toutes les attractions principales.<\/p>","protected":false},"featured_media":6409,"comment_status":"closed","ping_status":"closed","template":"","meta":{"_acf_changed":false,"ub_ctt_via":"","site-sidebar-layout":"default","site-content-layout":"","ast-site-content-layout":"default","site-content-style":"default","site-sidebar-style":"default","ast-global-header-display":"","ast-banner-title-visibility":"","ast-main-header-display":"","ast-hfb-above-header-display":"","ast-hfb-below-header-display":"","ast-hfb-mobile-header-display":"","site-post-title":"","ast-breadcrumbs-content":"","ast-featured-img":"","footer-sml-layout":"","theme-transparent-header-meta":"default","adv-header-id-meta":"","stick-header-meta":"","header-above-stick-meta":"","header-main-stick-meta":"","header-below-stick-meta":"","astra-migrate-meta-layouts":"set","ast-page-background-enabled":"default","ast-page-background-meta":{"desktop":{"background-color":"var(--ast-global-color-4)","background-image":"","background-repeat":"repeat","background-position":"center center","background-size":"auto","background-attachment":"scroll","background-type":"","background-media":"","overlay-type":"","overlay-color":"","overlay-opacity":"","overlay-gradient":""},"tablet":{"background-color":"","background-image":"","background-repeat":"repeat","background-position":"center center","background-size":"auto","background-attachment":"scroll","background-type":"","background-media":"","overlay-type":"","overlay-color":"","overlay-opacity":"","overlay-gradient":""},"mobile":{"background-color":"","background-image":"","background-repeat":"repeat","background-position":"center center","background-size":"auto","background-attachment":"scroll","background-type":"","background-media":"","overlay-type":"","overlay-color":"","overlay-opacity":"","overlay-gradient":""}},"ast-content-background-meta":{"desktop":{"background-color":"var(--ast-global-color-5)","background-image":"","background-repeat":"repeat","background-position":"center center","background-size":"auto","background-attachment":"scroll","background-type":"","background-media":"","overlay-type":"","overlay-color":"","overlay-opacity":"","overlay-gradient":""},"tablet":{"background-color":"var(--ast-global-color-5)","background-image":"","background-repeat":"repeat","background-position":"center center","background-size":"auto","background-attachment":"scroll","background-type":"","background-media":"","overlay-type":"","overlay-color":"","overlay-opacity":"","overlay-gradient":""},"mobile":{"background-color":"var(--ast-global-color-5)","background-image":"","background-repeat":"repeat","background-position":"center center","background-size":"auto","background-attachment":"scroll","background-type":"","background-media":"","overlay-type":"","overlay-color":"","overlay-opacity":"","overlay-gradient":""}},"_joinchat":[]},"badge":[59],"bed-type":[72],"capacity":[45],"features":[80,49],"view":[82],"tour-type":[71],"product_brand":[],"product_cat":[37],"product_tag":[],"class_list":{"0":"post-6383","1":"product","2":"type-product","3":"status-publish","4":"has-post-thumbnail","6":"badge-new","7":"bed-type-72","8":"capacity-3-4","9":"features-free-parking","10":"features-sauna","11":"view-near-santaclaus-village","12":"tour-type-city-apartments","13":"product_cat-accommodation","14":"desktop-align-left","15":"tablet-align-left","16":"mobile-align-left","18":"first","19":"instock","20":"shipping-taxable","21":"product-type-external"},"acf":[],"yoast_head":"<!-- This site is optimized with the Yoast SEO Premium plugin v25.9 (Yoast SEO v25.9) - https:\/\/yoast.com\/wordpress\/plugins\/seo\/ -->\n<title>Lappi Loft \u2013 Cozy Townhouse - Book Lapland<\/title>\n<meta name=\"description\" content=\"Stay at Lappi Loft \u2013 Cozy Townhouse! Modern, comfortable accommodation perfect for Arctic adventures and exploring local attractions.\" \/>\n<meta name=\"robots\" content=\"index, follow, max-snippet:-1, max-image-preview:large, max-video-preview:-1\" \/>\n<link rel=\"canonical\" href=\"https:\/\/booklapland.ngmprojektit.fi\/fr\/produit\/lappi-loft-cozy-townhouse-kuusistontie-2-a-1-408169\/\" \/>\n<meta property=\"og:locale\" content=\"fr_FR\" \/>\n<meta property=\"og:type\" content=\"article\" \/>\n<meta property=\"og:title\" content=\"Lappi Loft \u2013 Cozy Townhouse\" \/>\n<meta property=\"og:description\" content=\"Stay at Lappi Loft \u2013 Cozy Townhouse! Modern, comfortable accommodation perfect for Arctic adventures and exploring local attractions.\" \/>\n<meta property=\"og:url\" content=\"https:\/\/booklapland.ngmprojektit.fi\/fr\/produit\/lappi-loft-cozy-townhouse-kuusistontie-2-a-1-408169\/\" \/>\n<meta property=\"og:site_name\" content=\"Book Lapland\" \/>\n<meta property=\"article:modified_time\" content=\"2025-09-07T09:47:28+00:00\" \/>\n<meta property=\"og:image\" content=\"https:\/\/booklapland.ngmprojektit.fi\/wp-content\/uploads\/2025\/07\/75211-408169-YfzIEIT9SW4upBEhhNkYQ1D2GfV8B6WnzqUxgJ3XYGw-6863d2c7eb6ea-small-2.jpeg\" \/>\n\t<meta property=\"og:image:width\" content=\"600\" \/>\n\t<meta property=\"og:image:height\" content=\"900\" \/>\n\t<meta property=\"og:image:type\" content=\"image\/jpeg\" \/>\n<meta name=\"twitter:card\" content=\"summary_large_image\" \/>\n<meta name=\"twitter:label1\" content=\"Dur\u00e9e de lecture estim\u00e9e\" \/>\n\t<meta name=\"twitter:data1\" content=\"1 minute\" \/>\n<script type=\"application\/ld+json\" class=\"yoast-schema-graph\">{\"@context\":\"https:\/\/schema.org\",\"@graph\":[{\"@type\":\"WebPage\",\"@id\":\"https:\/\/booklapland.ngmprojektit.fi\/product\/lappi-loft-cozy-townhouse-kuusistontie-2-a-1-408169\/\",\"url\":\"https:\/\/booklapland.ngmprojektit.fi\/product\/lappi-loft-cozy-townhouse-kuusistontie-2-a-1-408169\/\",\"name\":\"Lappi Loft \u2013 Cozy Townhouse - Book Lapland\",\"isPartOf\":{\"@id\":\"https:\/\/booklapland.ngmprojektit.fi\/#website\"},\"primaryImageOfPage\":{\"@id\":\"https:\/\/booklapland.ngmprojektit.fi\/product\/lappi-loft-cozy-townhouse-kuusistontie-2-a-1-408169\/#primaryimage\"},\"image\":{\"@id\":\"https:\/\/booklapland.ngmprojektit.fi\/product\/lappi-loft-cozy-townhouse-kuusistontie-2-a-1-408169\/#primaryimage\"},\"thumbnailUrl\":\"https:\/\/booklapland.ngmprojektit.fi\/wp-content\/uploads\/2025\/07\/75211-408169-YfzIEIT9SW4upBEhhNkYQ1D2GfV8B6WnzqUxgJ3XYGw-6863d2c7eb6ea-small-2.jpeg\",\"datePublished\":\"2025-07-24T23:58:24+00:00\",\"dateModified\":\"2025-09-07T09:47:28+00:00\",\"description\":\"Stay at Lappi Loft \u2013 Cozy Townhouse! Modern, comfortable accommodation perfect for Arctic adventures and exploring local attractions.\",\"breadcrumb\":{\"@id\":\"https:\/\/booklapland.ngmprojektit.fi\/product\/lappi-loft-cozy-townhouse-kuusistontie-2-a-1-408169\/#breadcrumb\"},\"inLanguage\":\"fr-FR\",\"potentialAction\":[{\"@type\":\"ReadAction\",\"target\":[\"https:\/\/booklapland.ngmprojektit.fi\/product\/lappi-loft-cozy-townhouse-kuusistontie-2-a-1-408169\/\"]}]},{\"@type\":\"ImageObject\",\"inLanguage\":\"fr-FR\",\"@id\":\"https:\/\/booklapland.ngmprojektit.fi\/product\/lappi-loft-cozy-townhouse-kuusistontie-2-a-1-408169\/#primaryimage\",\"url\":\"https:\/\/booklapland.ngmprojektit.fi\/wp-content\/uploads\/2025\/07\/75211-408169-YfzIEIT9SW4upBEhhNkYQ1D2GfV8B6WnzqUxgJ3XYGw-6863d2c7eb6ea-small-2.jpeg\",\"contentUrl\":\"https:\/\/booklapland.ngmprojektit.fi\/wp-content\/uploads\/2025\/07\/75211-408169-YfzIEIT9SW4upBEhhNkYQ1D2GfV8B6WnzqUxgJ3XYGw-6863d2c7eb6ea-small-2.jpeg\",\"width\":600,\"height\":900},{\"@type\":\"BreadcrumbList\",\"@id\":\"https:\/\/booklapland.ngmprojektit.fi\/product\/lappi-loft-cozy-townhouse-kuusistontie-2-a-1-408169\/#breadcrumb\",\"itemListElement\":[{\"@type\":\"ListItem\",\"position\":1,\"name\":\"Home\",\"item\":\"https:\/\/booklapland.ngmprojektit.fi\/\"},{\"@type\":\"ListItem\",\"position\":2,\"name\":\"Apartments\",\"item\":\"https:\/\/booklapland.ngmprojektit.fi\/apartments\/\"},{\"@type\":\"ListItem\",\"position\":3,\"name\":\"Lappi Loft \u2013 Cozy Townhouse\"}]},{\"@type\":\"WebSite\",\"@id\":\"https:\/\/booklapland.ngmprojektit.fi\/#website\",\"url\":\"https:\/\/booklapland.ngmprojektit.fi\/\",\"name\":\"Book Lapland\",\"description\":\"\",\"potentialAction\":[{\"@type\":\"SearchAction\",\"target\":{\"@type\":\"EntryPoint\",\"urlTemplate\":\"https:\/\/booklapland.ngmprojektit.fi\/?s={search_term_string}\"},\"query-input\":{\"@type\":\"PropertyValueSpecification\",\"valueRequired\":true,\"valueName\":\"search_term_string\"}}],\"inLanguage\":\"fr-FR\"}]}<\/script>\n<!-- \/ Yoast SEO Premium plugin. -->","yoast_head_json":{"title":"Lappi Loft \u2013 Cozy Townhouse - Book Lapland","description":"Stay at Lappi Loft \u2013 Cozy Townhouse! Modern, comfortable accommodation perfect for Arctic adventures and exploring local attractions.","robots":{"index":"index","follow":"follow","max-snippet":"max-snippet:-1","max-image-preview":"max-image-preview:large","max-video-preview":"max-video-preview:-1"},"canonical":"https:\/\/booklapland.ngmprojektit.fi\/fr\/produit\/lappi-loft-cozy-townhouse-kuusistontie-2-a-1-408169\/","og_locale":"fr_FR","og_type":"article","og_title":"Lappi Loft \u2013 Cozy Townhouse","og_description":"Stay at Lappi Loft \u2013 Cozy Townhouse! Modern, comfortable accommodation perfect for Arctic adventures and exploring local attractions.","og_url":"https:\/\/booklapland.ngmprojektit.fi\/fr\/produit\/lappi-loft-cozy-townhouse-kuusistontie-2-a-1-408169\/","og_site_name":"Book Lapland","article_modified_time":"2025-09-07T09:47:28+00:00","og_image":[{"width":600,"height":900,"url":"https:\/\/booklapland.ngmprojektit.fi\/wp-content\/uploads\/2025\/07\/75211-408169-YfzIEIT9SW4upBEhhNkYQ1D2GfV8B6WnzqUxgJ3XYGw-6863d2c7eb6ea-small-2.jpeg","type":"image\/jpeg"}],"twitter_card":"summary_large_image","twitter_misc":{"Dur\u00e9e de lecture estim\u00e9e":"1 minute"},"schema":{"@context":"https:\/\/schema.org","@graph":[{"@type":"WebPage","@id":"https:\/\/booklapland.ngmprojektit.fi\/product\/lappi-loft-cozy-townhouse-kuusistontie-2-a-1-408169\/","url":"https:\/\/booklapland.ngmprojektit.fi\/product\/lappi-loft-cozy-townhouse-kuusistontie-2-a-1-408169\/","name":"Lappi Loft \u2013 Cozy Townhouse - Book Lapland","isPartOf":{"@id":"https:\/\/booklapland.ngmprojektit.fi\/#website"},"primaryImageOfPage":{"@id":"https:\/\/booklapland.ngmprojektit.fi\/product\/lappi-loft-cozy-townhouse-kuusistontie-2-a-1-408169\/#primaryimage"},"image":{"@id":"https:\/\/booklapland.ngmprojektit.fi\/product\/lappi-loft-cozy-townhouse-kuusistontie-2-a-1-408169\/#primaryimage"},"thumbnailUrl":"https:\/\/booklapland.ngmprojektit.fi\/wp-content\/uploads\/2025\/07\/75211-408169-YfzIEIT9SW4upBEhhNkYQ1D2GfV8B6WnzqUxgJ3XYGw-6863d2c7eb6ea-small-2.jpeg","datePublished":"2025-07-24T23:58:24+00:00","dateModified":"2025-09-07T09:47:28+00:00","description":"Stay at Lappi Loft \u2013 Cozy Townhouse! Modern, comfortable accommodation perfect for Arctic adventures and exploring local attractions.","breadcrumb":{"@id":"https:\/\/booklapland.ngmprojektit.fi\/product\/lappi-loft-cozy-townhouse-kuusistontie-2-a-1-408169\/#breadcrumb"},"inLanguage":"fr-FR","potentialAction":[{"@type":"ReadAction","target":["https:\/\/booklapland.ngmprojektit.fi\/product\/lappi-loft-cozy-townhouse-kuusistontie-2-a-1-408169\/"]}]},{"@type":"ImageObject","inLanguage":"fr-FR","@id":"https:\/\/booklapland.ngmprojektit.fi\/product\/lappi-loft-cozy-townhouse-kuusistontie-2-a-1-408169\/#primaryimage","url":"https:\/\/booklapland.ngmprojektit.fi\/wp-content\/uploads\/2025\/07\/75211-408169-YfzIEIT9SW4upBEhhNkYQ1D2GfV8B6WnzqUxgJ3XYGw-6863d2c7eb6ea-small-2.jpeg","contentUrl":"https:\/\/booklapland.ngmprojektit.fi\/wp-content\/uploads\/2025\/07\/75211-408169-YfzIEIT9SW4upBEhhNkYQ1D2GfV8B6WnzqUxgJ3XYGw-6863d2c7eb6ea-small-2.jpeg","width":600,"height":900},{"@type":"BreadcrumbList","@id":"https:\/\/booklapland.ngmprojektit.fi\/product\/lappi-loft-cozy-townhouse-kuusistontie-2-a-1-408169\/#breadcrumb","itemListElement":[{"@type":"ListItem","position":1,"name":"Home","item":"https:\/\/booklapland.ngmprojektit.fi\/"},{"@type":"ListItem","position":2,"name":"Apartments","item":"https:\/\/booklapland.ngmprojektit.fi\/apartments\/"},{"@type":"ListItem","position":3,"name":"Lappi Loft \u2013 Cozy Townhouse"}]},{"@type":"WebSite","@id":"https:\/\/booklapland.ngmprojektit.fi\/#website","url":"https:\/\/booklapland.ngmprojektit.fi\/","name":"R\u00e9server la Laponie","description":"","potentialAction":[{"@type":"SearchAction","target":{"@type":"EntryPoint","urlTemplate":"https:\/\/booklapland.ngmprojektit.fi\/?s={search_term_string}"},"query-input":{"@type":"PropertyValueSpecification","valueRequired":true,"valueName":"search_term_string"}}],"inLanguage":"fr-FR"}]}},"_links":{"self":[{"href":"https:\/\/booklapland.ngmprojektit.fi\/fr\/wp-json\/wp\/v2\/product\/6383","targetHints":{"allow":["GET"]}}],"collection":[{"href":"https:\/\/booklapland.ngmprojektit.fi\/fr\/wp-json\/wp\/v2\/product"}],"about":[{"href":"https:\/\/booklapland.ngmprojektit.fi\/fr\/wp-json\/wp\/v2\/types\/product"}],"replies":[{"embeddable":true,"href":"https:\/\/booklapland.ngmprojektit.fi\/fr\/wp-json\/wp\/v2\/comments?post=6383"}],"wp:featuredmedia":[{"embeddable":true,"href":"https:\/\/booklapland.ngmprojektit.fi\/fr\/wp-json\/wp\/v2\/media\/6409"}],"wp:attachment":[{"href":"https:\/\/booklapland.ngmprojektit.fi\/fr\/wp-json\/wp\/v2\/media?parent=6383"}],"wp:term":[{"taxonomy":"badge","embeddable":true,"href":"https:\/\/booklapland.ngmprojektit.fi\/fr\/wp-json\/wp\/v2\/badge?post=6383"},{"taxonomy":"bed-type","embeddable":true,"href":"https:\/\/booklapland.ngmprojektit.fi\/fr\/wp-json\/wp\/v2\/bed-type?post=6383"},{"taxonomy":"capacity","embeddable":true,"href":"https:\/\/booklapland.ngmprojektit.fi\/fr\/wp-json\/wp\/v2\/capacity?post=6383"},{"taxonomy":"features","embeddable":true,"href":"https:\/\/booklapland.ngmprojektit.fi\/fr\/wp-json\/wp\/v2\/features?post=6383"},{"taxonomy":"view","embeddable":true,"href":"https:\/\/booklapland.ngmprojektit.fi\/fr\/wp-json\/wp\/v2\/view?post=6383"},{"taxonomy":"tour-type","embeddable":true,"href":"https:\/\/booklapland.ngmprojektit.fi\/fr\/wp-json\/wp\/v2\/tour-type?post=6383"},{"taxonomy":"product_brand","embeddable":true,"href":"https:\/\/booklapland.ngmprojektit.fi\/fr\/wp-json\/wp\/v2\/product_brand?post=6383"},{"taxonomy":"product_cat","embeddable":true,"href":"https:\/\/booklapland.ngmprojektit.fi\/fr\/wp-json\/wp\/v2\/product_cat?post=6383"},{"taxonomy":"product_tag","embeddable":true,"href":"https:\/\/booklapland.ngmprojektit.fi\/fr\/wp-json\/wp\/v2\/product_tag?post=6383"}],"curies":[{"name":"wp","href":"https:\/\/api.w.org\/{rel}","templated":true}]}}