{"id":5727,"date":"2025-07-24T20:37:17","date_gmt":"2025-07-24T20:37:17","guid":{"rendered":"https:\/\/booklapland.ngmprojektit.fi\/?post_type=product&#038;p=5727"},"modified":"2025-09-07T10:02:49","modified_gmt":"2025-09-07T10:02:49","slug":"nordic-apartment-kivikatu-by-booklapland-kivikatu-27-a5-318656","status":"publish","type":"product","link":"https:\/\/booklapland.ngmprojektit.fi\/it\/prodotto\/nordic-apartment-kivikatu-by-booklapland-kivikatu-27-a5-318656\/","title":{"rendered":"Appartamento Nordic Kivikatu by BookLapland"},"content":{"rendered":"<p data-start=\"146\" data-end=\"257\">Descrizione<\/p>\n<p data-start=\"674\" data-end=\"995\">This modern and clean apartment offers a comfortable setting for a holiday or business trip. The kitchen is fully equipped, the living area is spacious for relaxing, and fast WiFi ensures smooth connectivity. Great location close to the city center and good transport links. A perfect choice for a small family or couple.<\/p>","protected":false},"excerpt":{"rendered":"<p>Rilassatevi in questo spazio tranquillo ed elegante, dotato di tutto il necessario per un soggiorno spensierato.<\/p>\n<p>Questo appartamento moderno e ordinato offre un ambiente confortevole sia per le vacanze che per i viaggi di lavoro. La cucina \u00e8 completamente attrezzata, il soggiorno offre spazio per rilassarsi e la connessione Wi-Fi veloce vi terr\u00e0 connessi. Ottima posizione vicino al centro citt\u00e0 con ottimi collegamenti. Una scelta perfetta per una piccola famiglia o una coppia.<\/p>","protected":false},"featured_media":5753,"comment_status":"closed","ping_status":"closed","template":"","meta":{"_acf_changed":false,"ub_ctt_via":"","site-sidebar-layout":"default","site-content-layout":"","ast-site-content-layout":"default","site-content-style":"default","site-sidebar-style":"default","ast-global-header-display":"","ast-banner-title-visibility":"","ast-main-header-display":"","ast-hfb-above-header-display":"","ast-hfb-below-header-display":"","ast-hfb-mobile-header-display":"","site-post-title":"","ast-breadcrumbs-content":"","ast-featured-img":"","footer-sml-layout":"","theme-transparent-header-meta":"default","adv-header-id-meta":"","stick-header-meta":"","header-above-stick-meta":"","header-main-stick-meta":"","header-below-stick-meta":"","astra-migrate-meta-layouts":"set","ast-page-background-enabled":"default","ast-page-background-meta":{"desktop":{"background-color":"var(--ast-global-color-4)","background-image":"","background-repeat":"repeat","background-position":"center center","background-size":"auto","background-attachment":"scroll","background-type":"","background-media":"","overlay-type":"","overlay-color":"","overlay-opacity":"","overlay-gradient":""},"tablet":{"background-color":"","background-image":"","background-repeat":"repeat","background-position":"center center","background-size":"auto","background-attachment":"scroll","background-type":"","background-media":"","overlay-type":"","overlay-color":"","overlay-opacity":"","overlay-gradient":""},"mobile":{"background-color":"","background-image":"","background-repeat":"repeat","background-position":"center center","background-size":"auto","background-attachment":"scroll","background-type":"","background-media":"","overlay-type":"","overlay-color":"","overlay-opacity":"","overlay-gradient":""}},"ast-content-background-meta":{"desktop":{"background-color":"var(--ast-global-color-5)","background-image":"","background-repeat":"repeat","background-position":"center center","background-size":"auto","background-attachment":"scroll","background-type":"","background-media":"","overlay-type":"","overlay-color":"","overlay-opacity":"","overlay-gradient":""},"tablet":{"background-color":"var(--ast-global-color-5)","background-image":"","background-repeat":"repeat","background-position":"center center","background-size":"auto","background-attachment":"scroll","background-type":"","background-media":"","overlay-type":"","overlay-color":"","overlay-opacity":"","overlay-gradient":""},"mobile":{"background-color":"var(--ast-global-color-5)","background-image":"","background-repeat":"repeat","background-position":"center center","background-size":"auto","background-attachment":"scroll","background-type":"","background-media":"","overlay-type":"","overlay-color":"","overlay-opacity":"","overlay-gradient":""}},"_joinchat":[]},"badge":[],"bed-type":[72],"capacity":[45],"features":[80],"view":[85],"tour-type":[71],"product_brand":[],"product_cat":[37],"product_tag":[],"class_list":{"0":"post-5727","1":"product","2":"type-product","3":"status-publish","4":"has-post-thumbnail","6":"bed-type-72","7":"capacity-3-4","8":"features-free-parking","9":"view-near-city-center","10":"tour-type-city-apartments","11":"product_cat-accommodation","12":"desktop-align-left","13":"tablet-align-left","14":"mobile-align-left","16":"first","17":"instock","18":"shipping-taxable","19":"product-type-external"},"acf":[],"yoast_head":"<!-- This site is optimized with the Yoast SEO Premium plugin v25.9 (Yoast SEO v25.9) - https:\/\/yoast.com\/wordpress\/plugins\/seo\/ -->\n<title>Nordic Apartment Kivikatu by BookLapland - Book Lapland<\/title>\n<meta name=\"description\" content=\"Stay at Nordic Apartment Kivikatu by BookLapland! Modern, cozy city-center accommodation ideal for exploring Arctic attractions and local experiences.\" \/>\n<meta name=\"robots\" content=\"index, follow, max-snippet:-1, max-image-preview:large, max-video-preview:-1\" \/>\n<link rel=\"canonical\" href=\"https:\/\/booklapland.ngmprojektit.fi\/it\/prodotto\/nordic-apartment-kivikatu-by-booklapland-kivikatu-27-a5-318656\/\" \/>\n<meta property=\"og:locale\" content=\"it_IT\" \/>\n<meta property=\"og:type\" content=\"article\" \/>\n<meta property=\"og:title\" content=\"Nordic Apartment Kivikatu by BookLapland\" \/>\n<meta property=\"og:description\" content=\"Stay at Nordic Apartment Kivikatu by BookLapland! Modern, cozy city-center accommodation ideal for exploring Arctic attractions and local experiences.\" \/>\n<meta property=\"og:url\" content=\"https:\/\/booklapland.ngmprojektit.fi\/it\/prodotto\/nordic-apartment-kivikatu-by-booklapland-kivikatu-27-a5-318656\/\" \/>\n<meta property=\"og:site_name\" content=\"Book Lapland\" \/>\n<meta property=\"article:modified_time\" content=\"2025-09-07T10:02:49+00:00\" \/>\n<meta property=\"og:image\" content=\"https:\/\/booklapland.ngmprojektit.fi\/wp-content\/uploads\/2025\/07\/75211-318656-SOCqkAYdrbv-f2Pf5AL356H3ulmviV-gn3pwwI3cpbk-6710f6939c077-small-1.jpeg\" \/>\n\t<meta property=\"og:image:width\" content=\"600\" \/>\n\t<meta property=\"og:image:height\" content=\"400\" \/>\n\t<meta property=\"og:image:type\" content=\"image\/jpeg\" \/>\n<meta name=\"twitter:card\" content=\"summary_large_image\" \/>\n<meta name=\"twitter:label1\" content=\"Tempo di lettura stimato\" \/>\n\t<meta name=\"twitter:data1\" content=\"1 minuto\" \/>\n<script type=\"application\/ld+json\" class=\"yoast-schema-graph\">{\"@context\":\"https:\/\/schema.org\",\"@graph\":[{\"@type\":\"WebPage\",\"@id\":\"https:\/\/booklapland.ngmprojektit.fi\/product\/nordic-apartment-kivikatu-by-booklapland-kivikatu-27-a5-318656\/\",\"url\":\"https:\/\/booklapland.ngmprojektit.fi\/product\/nordic-apartment-kivikatu-by-booklapland-kivikatu-27-a5-318656\/\",\"name\":\"Nordic Apartment Kivikatu by BookLapland - Book Lapland\",\"isPartOf\":{\"@id\":\"https:\/\/booklapland.ngmprojektit.fi\/#website\"},\"primaryImageOfPage\":{\"@id\":\"https:\/\/booklapland.ngmprojektit.fi\/product\/nordic-apartment-kivikatu-by-booklapland-kivikatu-27-a5-318656\/#primaryimage\"},\"image\":{\"@id\":\"https:\/\/booklapland.ngmprojektit.fi\/product\/nordic-apartment-kivikatu-by-booklapland-kivikatu-27-a5-318656\/#primaryimage\"},\"thumbnailUrl\":\"https:\/\/booklapland.ngmprojektit.fi\/wp-content\/uploads\/2025\/07\/75211-318656-SOCqkAYdrbv-f2Pf5AL356H3ulmviV-gn3pwwI3cpbk-6710f6939c077-small-1.jpeg\",\"datePublished\":\"2025-07-24T20:37:17+00:00\",\"dateModified\":\"2025-09-07T10:02:49+00:00\",\"description\":\"Stay at Nordic Apartment Kivikatu by BookLapland! Modern, cozy city-center accommodation ideal for exploring Arctic attractions and local experiences.\",\"breadcrumb\":{\"@id\":\"https:\/\/booklapland.ngmprojektit.fi\/product\/nordic-apartment-kivikatu-by-booklapland-kivikatu-27-a5-318656\/#breadcrumb\"},\"inLanguage\":\"it-IT\",\"potentialAction\":[{\"@type\":\"ReadAction\",\"target\":[\"https:\/\/booklapland.ngmprojektit.fi\/product\/nordic-apartment-kivikatu-by-booklapland-kivikatu-27-a5-318656\/\"]}]},{\"@type\":\"ImageObject\",\"inLanguage\":\"it-IT\",\"@id\":\"https:\/\/booklapland.ngmprojektit.fi\/product\/nordic-apartment-kivikatu-by-booklapland-kivikatu-27-a5-318656\/#primaryimage\",\"url\":\"https:\/\/booklapland.ngmprojektit.fi\/wp-content\/uploads\/2025\/07\/75211-318656-SOCqkAYdrbv-f2Pf5AL356H3ulmviV-gn3pwwI3cpbk-6710f6939c077-small-1.jpeg\",\"contentUrl\":\"https:\/\/booklapland.ngmprojektit.fi\/wp-content\/uploads\/2025\/07\/75211-318656-SOCqkAYdrbv-f2Pf5AL356H3ulmviV-gn3pwwI3cpbk-6710f6939c077-small-1.jpeg\",\"width\":600,\"height\":400},{\"@type\":\"BreadcrumbList\",\"@id\":\"https:\/\/booklapland.ngmprojektit.fi\/product\/nordic-apartment-kivikatu-by-booklapland-kivikatu-27-a5-318656\/#breadcrumb\",\"itemListElement\":[{\"@type\":\"ListItem\",\"position\":1,\"name\":\"Home\",\"item\":\"https:\/\/booklapland.ngmprojektit.fi\/\"},{\"@type\":\"ListItem\",\"position\":2,\"name\":\"Apartments\",\"item\":\"https:\/\/booklapland.ngmprojektit.fi\/apartments\/\"},{\"@type\":\"ListItem\",\"position\":3,\"name\":\"Nordic Apartment Kivikatu by BookLapland\"}]},{\"@type\":\"WebSite\",\"@id\":\"https:\/\/booklapland.ngmprojektit.fi\/#website\",\"url\":\"https:\/\/booklapland.ngmprojektit.fi\/\",\"name\":\"Book Lapland\",\"description\":\"\",\"potentialAction\":[{\"@type\":\"SearchAction\",\"target\":{\"@type\":\"EntryPoint\",\"urlTemplate\":\"https:\/\/booklapland.ngmprojektit.fi\/?s={search_term_string}\"},\"query-input\":{\"@type\":\"PropertyValueSpecification\",\"valueRequired\":true,\"valueName\":\"search_term_string\"}}],\"inLanguage\":\"it-IT\"}]}<\/script>\n<!-- \/ Yoast SEO Premium plugin. -->","yoast_head_json":{"title":"Nordic Apartment Kivikatu by BookLapland - Book Lapland","description":"Stay at Nordic Apartment Kivikatu by BookLapland! Modern, cozy city-center accommodation ideal for exploring Arctic attractions and local experiences.","robots":{"index":"index","follow":"follow","max-snippet":"max-snippet:-1","max-image-preview":"max-image-preview:large","max-video-preview":"max-video-preview:-1"},"canonical":"https:\/\/booklapland.ngmprojektit.fi\/it\/prodotto\/nordic-apartment-kivikatu-by-booklapland-kivikatu-27-a5-318656\/","og_locale":"it_IT","og_type":"article","og_title":"Nordic Apartment Kivikatu by BookLapland","og_description":"Stay at Nordic Apartment Kivikatu by BookLapland! Modern, cozy city-center accommodation ideal for exploring Arctic attractions and local experiences.","og_url":"https:\/\/booklapland.ngmprojektit.fi\/it\/prodotto\/nordic-apartment-kivikatu-by-booklapland-kivikatu-27-a5-318656\/","og_site_name":"Book Lapland","article_modified_time":"2025-09-07T10:02:49+00:00","og_image":[{"width":600,"height":400,"url":"https:\/\/booklapland.ngmprojektit.fi\/wp-content\/uploads\/2025\/07\/75211-318656-SOCqkAYdrbv-f2Pf5AL356H3ulmviV-gn3pwwI3cpbk-6710f6939c077-small-1.jpeg","type":"image\/jpeg"}],"twitter_card":"summary_large_image","twitter_misc":{"Tempo di lettura stimato":"1 minuto"},"schema":{"@context":"https:\/\/schema.org","@graph":[{"@type":"WebPage","@id":"https:\/\/booklapland.ngmprojektit.fi\/product\/nordic-apartment-kivikatu-by-booklapland-kivikatu-27-a5-318656\/","url":"https:\/\/booklapland.ngmprojektit.fi\/product\/nordic-apartment-kivikatu-by-booklapland-kivikatu-27-a5-318656\/","name":"Nordic Apartment Kivikatu by BookLapland - Book Lapland","isPartOf":{"@id":"https:\/\/booklapland.ngmprojektit.fi\/#website"},"primaryImageOfPage":{"@id":"https:\/\/booklapland.ngmprojektit.fi\/product\/nordic-apartment-kivikatu-by-booklapland-kivikatu-27-a5-318656\/#primaryimage"},"image":{"@id":"https:\/\/booklapland.ngmprojektit.fi\/product\/nordic-apartment-kivikatu-by-booklapland-kivikatu-27-a5-318656\/#primaryimage"},"thumbnailUrl":"https:\/\/booklapland.ngmprojektit.fi\/wp-content\/uploads\/2025\/07\/75211-318656-SOCqkAYdrbv-f2Pf5AL356H3ulmviV-gn3pwwI3cpbk-6710f6939c077-small-1.jpeg","datePublished":"2025-07-24T20:37:17+00:00","dateModified":"2025-09-07T10:02:49+00:00","description":"Stay at Nordic Apartment Kivikatu by BookLapland! Modern, cozy city-center accommodation ideal for exploring Arctic attractions and local experiences.","breadcrumb":{"@id":"https:\/\/booklapland.ngmprojektit.fi\/product\/nordic-apartment-kivikatu-by-booklapland-kivikatu-27-a5-318656\/#breadcrumb"},"inLanguage":"it-IT","potentialAction":[{"@type":"ReadAction","target":["https:\/\/booklapland.ngmprojektit.fi\/product\/nordic-apartment-kivikatu-by-booklapland-kivikatu-27-a5-318656\/"]}]},{"@type":"ImageObject","inLanguage":"it-IT","@id":"https:\/\/booklapland.ngmprojektit.fi\/product\/nordic-apartment-kivikatu-by-booklapland-kivikatu-27-a5-318656\/#primaryimage","url":"https:\/\/booklapland.ngmprojektit.fi\/wp-content\/uploads\/2025\/07\/75211-318656-SOCqkAYdrbv-f2Pf5AL356H3ulmviV-gn3pwwI3cpbk-6710f6939c077-small-1.jpeg","contentUrl":"https:\/\/booklapland.ngmprojektit.fi\/wp-content\/uploads\/2025\/07\/75211-318656-SOCqkAYdrbv-f2Pf5AL356H3ulmviV-gn3pwwI3cpbk-6710f6939c077-small-1.jpeg","width":600,"height":400},{"@type":"BreadcrumbList","@id":"https:\/\/booklapland.ngmprojektit.fi\/product\/nordic-apartment-kivikatu-by-booklapland-kivikatu-27-a5-318656\/#breadcrumb","itemListElement":[{"@type":"ListItem","position":1,"name":"Home","item":"https:\/\/booklapland.ngmprojektit.fi\/"},{"@type":"ListItem","position":2,"name":"Apartments","item":"https:\/\/booklapland.ngmprojektit.fi\/apartments\/"},{"@type":"ListItem","position":3,"name":"Nordic Apartment Kivikatu by BookLapland"}]},{"@type":"WebSite","@id":"https:\/\/booklapland.ngmprojektit.fi\/#website","url":"https:\/\/booklapland.ngmprojektit.fi\/","name":"Prenota Lapponia","description":"","potentialAction":[{"@type":"SearchAction","target":{"@type":"EntryPoint","urlTemplate":"https:\/\/booklapland.ngmprojektit.fi\/?s={search_term_string}"},"query-input":{"@type":"PropertyValueSpecification","valueRequired":true,"valueName":"search_term_string"}}],"inLanguage":"it-IT"}]}},"_links":{"self":[{"href":"https:\/\/booklapland.ngmprojektit.fi\/it\/wp-json\/wp\/v2\/product\/5727","targetHints":{"allow":["GET"]}}],"collection":[{"href":"https:\/\/booklapland.ngmprojektit.fi\/it\/wp-json\/wp\/v2\/product"}],"about":[{"href":"https:\/\/booklapland.ngmprojektit.fi\/it\/wp-json\/wp\/v2\/types\/product"}],"replies":[{"embeddable":true,"href":"https:\/\/booklapland.ngmprojektit.fi\/it\/wp-json\/wp\/v2\/comments?post=5727"}],"wp:featuredmedia":[{"embeddable":true,"href":"https:\/\/booklapland.ngmprojektit.fi\/it\/wp-json\/wp\/v2\/media\/5753"}],"wp:attachment":[{"href":"https:\/\/booklapland.ngmprojektit.fi\/it\/wp-json\/wp\/v2\/media?parent=5727"}],"wp:term":[{"taxonomy":"badge","embeddable":true,"href":"https:\/\/booklapland.ngmprojektit.fi\/it\/wp-json\/wp\/v2\/badge?post=5727"},{"taxonomy":"bed-type","embeddable":true,"href":"https:\/\/booklapland.ngmprojektit.fi\/it\/wp-json\/wp\/v2\/bed-type?post=5727"},{"taxonomy":"capacity","embeddable":true,"href":"https:\/\/booklapland.ngmprojektit.fi\/it\/wp-json\/wp\/v2\/capacity?post=5727"},{"taxonomy":"features","embeddable":true,"href":"https:\/\/booklapland.ngmprojektit.fi\/it\/wp-json\/wp\/v2\/features?post=5727"},{"taxonomy":"view","embeddable":true,"href":"https:\/\/booklapland.ngmprojektit.fi\/it\/wp-json\/wp\/v2\/view?post=5727"},{"taxonomy":"tour-type","embeddable":true,"href":"https:\/\/booklapland.ngmprojektit.fi\/it\/wp-json\/wp\/v2\/tour-type?post=5727"},{"taxonomy":"product_brand","embeddable":true,"href":"https:\/\/booklapland.ngmprojektit.fi\/it\/wp-json\/wp\/v2\/product_brand?post=5727"},{"taxonomy":"product_cat","embeddable":true,"href":"https:\/\/booklapland.ngmprojektit.fi\/it\/wp-json\/wp\/v2\/product_cat?post=5727"},{"taxonomy":"product_tag","embeddable":true,"href":"https:\/\/booklapland.ngmprojektit.fi\/it\/wp-json\/wp\/v2\/product_tag?post=5727"}],"curies":[{"name":"wp","href":"https:\/\/api.w.org\/{rel}","templated":true}]}}